{"id":4621,"date":"2023-06-27T16:26:35","date_gmt":"2023-06-27T08:26:35","guid":{"rendered":"http:\/\/shihan.vihsu.com\/?post_type=product&#038;p=4621"},"modified":"2023-09-24T14:27:42","modified_gmt":"2023-09-24T06:27:42","slug":"o-tecido-de-nailon-mais-fino-com-3-camadas","status":"publish","type":"product","link":"https:\/\/www.sikortex.com\/pt\/produtos\/o-tecido-de-nailon-mais-fino-com-3-camadas\/","title":{"rendered":"O mais fino tecido de nylon el\u00e1stico de 3 camadas"},"content":{"rendered":"<p>Apresentando o tecido el\u00e1stico de 3 camadas de n\u00e1ilon mais fino \u2013 a escolha perfeita para quem exige moda e funcionalidade em suas roupas para atividades ao ar livre. Este tecido \u00e9 feito envolvendo fibras de n\u00e1ilon 20 denier e spandex 20 denier e laminando-as com tecido de malha e filme de PU, resultando no tecido de 3 camadas mais fino dispon\u00edvel atualmente. Seu design leve facilita o uso e a embalagem, enquanto suas propriedades de alta resist\u00eancia e resist\u00eancia \u00e0 abras\u00e3o o tornam dur\u00e1vel o suficiente para suportar uso pesado. O tecido \u00e9 \u00e0 prova d\u2019\u00e1gua at\u00e9 10.000 mm de press\u00e3o de \u00e1gua e respir\u00e1vel at\u00e9 10.000 g\/m\u00b2\/24 horas para garantir que voc\u00ea permane\u00e7a seco e confort\u00e1vel em qualquer clima.<br \/>\nSIKOR-TEX este tecido \u00e9 ideal para jaquetas softshell, jaquetas, loungewear e roupas esportivas ao ar livre. Sua combina\u00e7\u00e3o \u00fanica de leveza, elasticidade, durabilidade e respirabilidade \u00e0 prova d&#039;\u00e1gua o torna ideal para uma variedade de atividades ao ar livre, desde roupas casuais at\u00e9 esportes motorizados.<br \/>\nExperimente o conforto e a funcionalidade do tecido de 3 camadas el\u00e1stico de nylon mais fino hoje e leve suas aventuras ao ar livre para o pr\u00f3ximo n\u00edvel.<\/p>\n<p><a href=\"https:\/\/www.sikortex.com\/pt\/localizador-de-tecidos\/\">PESQUISADOR DE TECIDO<\/a> Imperme\u00e1vel e respir\u00e1vel, Gore tex 20000 mm, 28000 mm, tecido Softshell<\/p>","protected":false},"excerpt":{"rendered":"<p>600 metros (Pedido m\u00edn.)<\/p>","protected":false},"featured_media":4602,"comment_status":"closed","ping_status":"closed","template":"","meta":{"_uag_custom_page_level_css":"","site-sidebar-layout":"default","site-content-layout":"default","ast-site-content-layout":"","site-content-style":"default","site-sidebar-style":"default","ast-global-header-display":"","ast-banner-title-visibility":"","ast-main-header-display":"","ast-hfb-above-header-display":"","ast-hfb-below-header-display":"","ast-hfb-mobile-header-display":"","site-post-title":"","ast-breadcrumbs-content":"","ast-featured-img":"","footer-sml-layout":"","theme-transparent-header-meta":"default","adv-header-id-meta":"","stick-header-meta":"default","header-above-stick-meta":"","header-main-stick-meta":"","header-below-stick-meta":"","astra-migrate-meta-layouts":"default","ast-page-background-enabled":"default","ast-page-background-meta":{"desktop":{"background-color":"","background-image":"","background-repeat":"repeat","background-position":"center center","background-size":"auto","background-attachment":"scroll","background-type":"","background-media":"","overlay-type":"","overlay-color":"","overlay-opacity":"","overlay-gradient":""},"tablet":{"background-color":"","background-image":"","background-repeat":"repeat","background-position":"center center","background-size":"auto","background-attachment":"scroll","background-type":"","background-media":"","overlay-type":"","overlay-color":"","overlay-opacity":"","overlay-gradient":""},"mobile":{"background-color":"","background-image":"","background-repeat":"repeat","background-position":"center center","background-size":"auto","background-attachment":"scroll","background-type":"","background-media":"","overlay-type":"","overlay-color":"","overlay-opacity":"","overlay-gradient":""}},"ast-content-background-meta":{"desktop":{"background-color":"var(--ast-global-color-5)","background-image":"","background-repeat":"repeat","background-position":"center center","background-size":"auto","background-attachment":"scroll","background-type":"","background-media":"","overlay-type":"","overlay-color":"","overlay-opacity":"","overlay-gradient":""},"tablet":{"background-color":"var(--ast-global-color-5)","background-image":"","background-repeat":"repeat","background-position":"center center","background-size":"auto","background-attachment":"scroll","background-type":"","background-media":"","overlay-type":"","overlay-color":"","overlay-opacity":"","overlay-gradient":""},"mobile":{"background-color":"var(--ast-global-color-5)","background-image":"","background-repeat":"repeat","background-position":"center center","background-size":"auto","background-attachment":"scroll","background-type":"","background-media":"","overlay-type":"","overlay-color":"","overlay-opacity":"","overlay-gradient":""}}},"product_brand":[],"product_cat":[431,428,421,404,415,414],"product_tag":[],"class_list":{"0":"post-4621","1":"product","2":"type-product","3":"status-publish","4":"has-post-thumbnail","6":"product_cat-fabric-for-commuting-clothing","7":"product_cat-fabric-for-outdoor-sports","8":"product_cat-foul-weather-fabrics","9":"product_cat-nylon-fabrics","10":"product_cat-oil-repellent-fabric","11":"product_cat-waterproof-fabrics","12":"pa_available_colors-911052-spc","13":"desktop-align-left","14":"tablet-align-left","15":"mobile-align-left","16":"ast-product-gallery-layout-vertical-slider","17":"ast-product-tabs-layout-horizontal","19":"first","20":"instock","21":"shipping-taxable","22":"product-type-simple"},"uagb_featured_image_src":{"full":["https:\/\/www.sikortex.com\/wp-content\/uploads\/2023\/06\/DSC02841-e1693107037461.jpg",800,800,false],"thumbnail":["https:\/\/www.sikortex.com\/wp-content\/uploads\/2023\/06\/DSC02841-e1693107037461-150x150.jpg",150,150,true],"medium":["https:\/\/www.sikortex.com\/wp-content\/uploads\/2023\/06\/DSC02841-e1693107037461-300x300.jpg",300,300,true],"medium_large":["https:\/\/www.sikortex.com\/wp-content\/uploads\/2023\/06\/DSC02841-e1693107037461-768x768.jpg",768,768,true],"large":["https:\/\/www.sikortex.com\/wp-content\/uploads\/2023\/06\/DSC02841-e1693107037461.jpg",800,800,false],"1536x1536":["https:\/\/www.sikortex.com\/wp-content\/uploads\/2023\/06\/DSC02841-e1693107037461.jpg",800,800,false],"2048x2048":["https:\/\/www.sikortex.com\/wp-content\/uploads\/2023\/06\/DSC02841-e1693107037461.jpg",800,800,false],"trp-custom-language-flag":["https:\/\/www.sikortex.com\/wp-content\/uploads\/2023\/06\/DSC02841-e1693107037461-12x12.jpg",12,12,true],"woocommerce_thumbnail":["https:\/\/www.sikortex.com\/wp-content\/uploads\/2023\/06\/DSC02841-e1693107037461-300x300.jpg",300,300,true],"woocommerce_single":["https:\/\/www.sikortex.com\/wp-content\/uploads\/2023\/06\/DSC02841-e1693107037461-600x600.jpg",600,600,true],"woocommerce_gallery_thumbnail":["https:\/\/www.sikortex.com\/wp-content\/uploads\/2023\/06\/DSC02841-e1693107037461-100x100.jpg",100,100,true]},"uagb_author_info":{"display_name":"Perry","author_link":"https:\/\/www.sikortex.com\/pt\/author\/"},"uagb_comment_info":0,"uagb_excerpt":"600 Meters(Min.Order)","_links":{"self":[{"href":"https:\/\/www.sikortex.com\/pt\/wp-json\/wp\/v2\/product\/4621","targetHints":{"allow":["GET"]}}],"collection":[{"href":"https:\/\/www.sikortex.com\/pt\/wp-json\/wp\/v2\/product"}],"about":[{"href":"https:\/\/www.sikortex.com\/pt\/wp-json\/wp\/v2\/types\/product"}],"replies":[{"embeddable":true,"href":"https:\/\/www.sikortex.com\/pt\/wp-json\/wp\/v2\/comments?post=4621"}],"wp:featuredmedia":[{"embeddable":true,"href":"https:\/\/www.sikortex.com\/pt\/wp-json\/wp\/v2\/media\/4602"}],"wp:attachment":[{"href":"https:\/\/www.sikortex.com\/pt\/wp-json\/wp\/v2\/media?parent=4621"}],"wp:term":[{"taxonomy":"product_brand","embeddable":true,"href":"https:\/\/www.sikortex.com\/pt\/wp-json\/wp\/v2\/product_brand?post=4621"},{"taxonomy":"product_cat","embeddable":true,"href":"https:\/\/www.sikortex.com\/pt\/wp-json\/wp\/v2\/product_cat?post=4621"},{"taxonomy":"product_tag","embeddable":true,"href":"https:\/\/www.sikortex.com\/pt\/wp-json\/wp\/v2\/product_tag?post=4621"}],"curies":[{"name":"wp","href":"https:\/\/api.w.org\/{rel}","templated":true}]}}