{"id":4308,"date":"2023-06-26T16:47:44","date_gmt":"2023-06-26T08:47:44","guid":{"rendered":"http:\/\/shihan.vihsu.com\/?post_type=product&#038;p=4308"},"modified":"2025-01-18T14:13:08","modified_gmt":"2025-01-18T06:13:08","slug":"tecido-40d-nylon-66-super-elastico","status":"publish","type":"product","link":"https:\/\/www.sikortex.com\/pt\/produtos\/tecido-40d-nylon-66-super-elastico\/","title":{"rendered":"Tecido el\u00e1stico super alto 40D Nylon 66"},"content":{"rendered":"<p><a href=\"https:\/\/www.sikortex.com\/pt\/perfil-de-companhia\/\"><span style=\"color: #3366ff;\">SIKOR-TEX<\/span><\/a> 40D <a href=\"https:\/\/www.sikortex.com\/pt\/fabricante-de-tecido-de-nylon\/\"><span style=\"color: #3366ff;\">Nylon<\/span><\/a> Sarja 66 Cavalry \u2013 um material de alta resist\u00eancia e durabilidade, ideal para jaquetas, cal\u00e7as, jaquetas acolchoadas e de plumas. Diferente das comuns <a href=\"https:\/\/www.sikortex.com\/pt\/fabricante-de-tecido-de-nylon\/\"><span style=\"color: #3366ff;\">nylon<\/span><\/a> fibras, o fio de trama <a href=\"https:\/\/www.sikortex.com\/pt\/fabricante-de-tecido-de-nylon\/\"><span style=\"color: #3366ff;\">nylon<\/span><\/a> 66 fibras neste tecido s\u00e3o altamente el\u00e1sticas, portanto, este tecido \u00e9 um tecido el\u00e1stico de trama, com elasticidade pr\u00f3xima \u00e0 do elastano e muito dur\u00e1vel. Sua trama exclusiva de sarja cavalaria adiciona interesse visual e textura, al\u00e9m de proporcionar excelente abras\u00e3o e <a href=\"\/pt\/fornecedor-de-tecido-ripstop\/\"><span style=\"color: #3366ff;\">resist\u00eancia ao rasgo<\/span><\/a>. Isso o torna ideal para atividades ao ar livre e uso casual.<br \/>\nA alta resist\u00eancia e durabilidade do tecido garantem que ele resista aos rigores do uso ao ar livre, tornando-o uma escolha s\u00f3lida para quem gosta de passar tempo na natureza. Com sua aplica\u00e7\u00e3o vers\u00e1til e propriedades de alto desempenho, <a href=\"https:\/\/www.sikortex.com\/pt\/perfil-de-companhia\/\"><span style=\"color: #3366ff;\">SIKOR-TEX<\/span><\/a> Magro <a href=\"https:\/\/www.sikortex.com\/pt\/fabricante-de-tecido-de-nylon\/\"><span style=\"color: #3366ff;\">Nylon<\/span><\/a> Os tecidos el\u00e1sticos da s\u00e9rie 6.6 s\u00e3o essenciais para quem procura um tecido dur\u00e1vel e confi\u00e1vel para seu pr\u00f3ximo projeto.<\/p>","protected":false},"excerpt":{"rendered":"<p>600 metros (Pedido m\u00edn.)<\/p>","protected":false},"featured_media":4310,"comment_status":"closed","ping_status":"closed","template":"","meta":{"_uag_custom_page_level_css":"","site-sidebar-layout":"default","site-content-layout":"default","ast-site-content-layout":"","site-content-style":"default","site-sidebar-style":"default","ast-global-header-display":"","ast-banner-title-visibility":"","ast-main-header-display":"","ast-hfb-above-header-display":"","ast-hfb-below-header-display":"","ast-hfb-mobile-header-display":"","site-post-title":"","ast-breadcrumbs-content":"","ast-featured-img":"","footer-sml-layout":"","theme-transparent-header-meta":"default","adv-header-id-meta":"","stick-header-meta":"default","header-above-stick-meta":"","header-main-stick-meta":"","header-below-stick-meta":"","astra-migrate-meta-layouts":"set","ast-page-background-enabled":"default","ast-page-background-meta":{"desktop":{"background-color":"","background-image":"","background-repeat":"repeat","background-position":"center center","background-size":"auto","background-attachment":"scroll","background-type":"","background-media":"","overlay-type":"","overlay-color":"","overlay-opacity":"","overlay-gradient":""},"tablet":{"background-color":"","background-image":"","background-repeat":"repeat","background-position":"center center","background-size":"auto","background-attachment":"scroll","background-type":"","background-media":"","overlay-type":"","overlay-color":"","overlay-opacity":"","overlay-gradient":""},"mobile":{"background-color":"","background-image":"","background-repeat":"repeat","background-position":"center center","background-size":"auto","background-attachment":"scroll","background-type":"","background-media":"","overlay-type":"","overlay-color":"","overlay-opacity":"","overlay-gradient":""}},"ast-content-background-meta":{"desktop":{"background-color":"var(--ast-global-color-5)","background-image":"","background-repeat":"repeat","background-position":"center center","background-size":"auto","background-attachment":"scroll","background-type":"","background-media":"","overlay-type":"","overlay-color":"","overlay-opacity":"","overlay-gradient":""},"tablet":{"background-color":"var(--ast-global-color-5)","background-image":"","background-repeat":"repeat","background-position":"center center","background-size":"auto","background-attachment":"scroll","background-type":"","background-media":"","overlay-type":"","overlay-color":"","overlay-opacity":"","overlay-gradient":""},"mobile":{"background-color":"var(--ast-global-color-5)","background-image":"","background-repeat":"repeat","background-position":"center center","background-size":"auto","background-attachment":"scroll","background-type":"","background-media":"","overlay-type":"","overlay-color":"","overlay-opacity":"","overlay-gradient":""}}},"product_brand":[],"product_cat":[431,428,1145,404,420],"product_tag":[],"class_list":{"0":"post-4308","1":"product","2":"type-product","3":"status-publish","4":"has-post-thumbnail","6":"product_cat-fabric-for-commuting-clothing","7":"product_cat-fabric-for-outdoor-sports","8":"product_cat-lightweight-fabric","9":"product_cat-nylon-fabrics","10":"product_cat-stretch-fabrics","11":"pa_available_colors-911052-spc","12":"desktop-align-left","13":"tablet-align-left","14":"mobile-align-left","15":"ast-product-gallery-layout-vertical-slider","16":"ast-product-tabs-layout-horizontal","18":"first","19":"instock","20":"shipping-taxable","21":"product-type-simple"},"uagb_featured_image_src":{"full":["https:\/\/www.sikortex.com\/wp-content\/uploads\/2023\/06\/O1CN01TSy2Vs2IhEwOYaSW3_2213990669317-0-cib.jpg",1024,1024,false],"thumbnail":["https:\/\/www.sikortex.com\/wp-content\/uploads\/2023\/06\/O1CN01TSy2Vs2IhEwOYaSW3_2213990669317-0-cib-150x150.jpg",150,150,true],"medium":["https:\/\/www.sikortex.com\/wp-content\/uploads\/2023\/06\/O1CN01TSy2Vs2IhEwOYaSW3_2213990669317-0-cib-300x300.jpg",300,300,true],"medium_large":["https:\/\/www.sikortex.com\/wp-content\/uploads\/2023\/06\/O1CN01TSy2Vs2IhEwOYaSW3_2213990669317-0-cib-768x768.jpg",768,768,true],"large":["https:\/\/www.sikortex.com\/wp-content\/uploads\/2023\/06\/O1CN01TSy2Vs2IhEwOYaSW3_2213990669317-0-cib.jpg",1024,1024,false],"1536x1536":["https:\/\/www.sikortex.com\/wp-content\/uploads\/2023\/06\/O1CN01TSy2Vs2IhEwOYaSW3_2213990669317-0-cib.jpg",1024,1024,false],"2048x2048":["https:\/\/www.sikortex.com\/wp-content\/uploads\/2023\/06\/O1CN01TSy2Vs2IhEwOYaSW3_2213990669317-0-cib.jpg",1024,1024,false],"trp-custom-language-flag":["https:\/\/www.sikortex.com\/wp-content\/uploads\/2023\/06\/O1CN01TSy2Vs2IhEwOYaSW3_2213990669317-0-cib.jpg",12,12,false],"woocommerce_thumbnail":["https:\/\/www.sikortex.com\/wp-content\/uploads\/2023\/06\/O1CN01TSy2Vs2IhEwOYaSW3_2213990669317-0-cib-300x300.jpg",300,300,true],"woocommerce_single":["https:\/\/www.sikortex.com\/wp-content\/uploads\/2023\/06\/O1CN01TSy2Vs2IhEwOYaSW3_2213990669317-0-cib-600x600.jpg",600,600,true],"woocommerce_gallery_thumbnail":["https:\/\/www.sikortex.com\/wp-content\/uploads\/2023\/06\/O1CN01TSy2Vs2IhEwOYaSW3_2213990669317-0-cib-100x100.jpg",100,100,true]},"uagb_author_info":{"display_name":"Perry","author_link":"https:\/\/www.sikortex.com\/pt\/author\/"},"uagb_comment_info":0,"uagb_excerpt":"600 Meters(Min.Order)","_links":{"self":[{"href":"https:\/\/www.sikortex.com\/pt\/wp-json\/wp\/v2\/product\/4308","targetHints":{"allow":["GET"]}}],"collection":[{"href":"https:\/\/www.sikortex.com\/pt\/wp-json\/wp\/v2\/product"}],"about":[{"href":"https:\/\/www.sikortex.com\/pt\/wp-json\/wp\/v2\/types\/product"}],"replies":[{"embeddable":true,"href":"https:\/\/www.sikortex.com\/pt\/wp-json\/wp\/v2\/comments?post=4308"}],"wp:featuredmedia":[{"embeddable":true,"href":"https:\/\/www.sikortex.com\/pt\/wp-json\/wp\/v2\/media\/4310"}],"wp:attachment":[{"href":"https:\/\/www.sikortex.com\/pt\/wp-json\/wp\/v2\/media?parent=4308"}],"wp:term":[{"taxonomy":"product_brand","embeddable":true,"href":"https:\/\/www.sikortex.com\/pt\/wp-json\/wp\/v2\/product_brand?post=4308"},{"taxonomy":"product_cat","embeddable":true,"href":"https:\/\/www.sikortex.com\/pt\/wp-json\/wp\/v2\/product_cat?post=4308"},{"taxonomy":"product_tag","embeddable":true,"href":"https:\/\/www.sikortex.com\/pt\/wp-json\/wp\/v2\/product_tag?post=4308"}],"curies":[{"name":"wp","href":"https:\/\/api.w.org\/{rel}","templated":true}]}}