{"id":4303,"date":"2023-06-26T16:40:12","date_gmt":"2023-06-26T08:40:12","guid":{"rendered":"http:\/\/shihan.vihsu.com\/?post_type=product&#038;p=4303"},"modified":"2024-12-31T13:55:45","modified_gmt":"2024-12-31T05:55:45","slug":"coolmax-tecido-t400-absorcao-de-umidade","status":"publish","type":"product","link":"https:\/\/www.sikortex.com\/pt\/produtos\/coolmax-tecido-t400-absorcao-de-umidade\/","title":{"rendered":"T400 Algod\u00e3o Absor\u00e7\u00e3o de Umidade COOLMAX Tecido Lona El\u00e1stica"},"content":{"rendered":"<p>SIKOR-TEX T400 Algod\u00e3o Absorvente de Umidade Stretch COOLMAX Fabric Canvas \u00e9 um tecido de secagem r\u00e1pida, que \u00e9 feito de poli\u00e9ster T400 spandex e algod\u00e3o entrela\u00e7ado, que tem excelentes propriedades de absor\u00e7\u00e3o de umidade e elasticidade. O tecido tamb\u00e9m \u00e9 dur\u00e1vel o suficiente para suportar os rigores dos ambientes de trabalho ao ar livre.<\/p>\n<p>O entrela\u00e7amento exclusivo do tecido oferece respirabilidade m\u00e1xima, al\u00e9m de excelentes propriedades de elasticidade. O tecido \u00e9 projetado para absorver o suor e a umidade do corpo e transferi-los para a superf\u00edcie do tecido, onde podem evaporar rapidamente, mantendo o usu\u00e1rio fresco e seco.<\/p>\n<p>Este tecido \u00e9 tratado com o conhecido processo de acabamento t\u00eaxtil COOLMAX e pode ser lavado e seco v\u00e1rias vezes sem perder suas propriedades de absor\u00e7\u00e3o de umidade. O tecido tamb\u00e9m oferece etiquetas de pendurar COOLMAX para agregar valor \u00e0s roupas.<\/p>\n<p>No geral, o COOLMAX Stretch Canvas \u00e9 um tecido vers\u00e1til de alto desempenho, ideal para uniformes policiais, roupas de trabalho e roupas ao ar livre. Suas propriedades \u00fanicas o tornam ideal para uso em ambientes hostis, al\u00e9m de proporcionar o m\u00e1ximo de conforto e respirabilidade.<\/p>","protected":false},"excerpt":{"rendered":"<p>600 metros (Pedido m\u00edn.)<\/p>","protected":false},"featured_media":4304,"comment_status":"closed","ping_status":"closed","template":"","meta":{"_uag_custom_page_level_css":"","site-sidebar-layout":"default","site-content-layout":"default","ast-site-content-layout":"","site-content-style":"default","site-sidebar-style":"default","ast-global-header-display":"","ast-banner-title-visibility":"","ast-main-header-display":"","ast-hfb-above-header-display":"","ast-hfb-below-header-display":"","ast-hfb-mobile-header-display":"","site-post-title":"","ast-breadcrumbs-content":"","ast-featured-img":"","footer-sml-layout":"","theme-transparent-header-meta":"default","adv-header-id-meta":"","stick-header-meta":"default","header-above-stick-meta":"","header-main-stick-meta":"","header-below-stick-meta":"","astra-migrate-meta-layouts":"default","ast-page-background-enabled":"default","ast-page-background-meta":{"desktop":{"background-color":"","background-image":"","background-repeat":"repeat","background-position":"center center","background-size":"auto","background-attachment":"scroll","background-type":"","background-media":"","overlay-type":"","overlay-color":"","overlay-opacity":"","overlay-gradient":""},"tablet":{"background-color":"","background-image":"","background-repeat":"repeat","background-position":"center center","background-size":"auto","background-attachment":"scroll","background-type":"","background-media":"","overlay-type":"","overlay-color":"","overlay-opacity":"","overlay-gradient":""},"mobile":{"background-color":"","background-image":"","background-repeat":"repeat","background-position":"center center","background-size":"auto","background-attachment":"scroll","background-type":"","background-media":"","overlay-type":"","overlay-color":"","overlay-opacity":"","overlay-gradient":""}},"ast-content-background-meta":{"desktop":{"background-color":"var(--ast-global-color-5)","background-image":"","background-repeat":"repeat","background-position":"center center","background-size":"auto","background-attachment":"scroll","background-type":"","background-media":"","overlay-type":"","overlay-color":"","overlay-opacity":"","overlay-gradient":""},"tablet":{"background-color":"var(--ast-global-color-5)","background-image":"","background-repeat":"repeat","background-position":"center center","background-size":"auto","background-attachment":"scroll","background-type":"","background-media":"","overlay-type":"","overlay-color":"","overlay-opacity":"","overlay-gradient":""},"mobile":{"background-color":"var(--ast-global-color-5)","background-image":"","background-repeat":"repeat","background-position":"center center","background-size":"auto","background-attachment":"scroll","background-type":"","background-media":"","overlay-type":"","overlay-color":"","overlay-opacity":"","overlay-gradient":""}}},"product_brand":[],"product_cat":[431,428,403,425,420],"product_tag":[],"class_list":{"0":"post-4303","1":"product","2":"type-product","3":"status-publish","4":"has-post-thumbnail","6":"product_cat-fabric-for-commuting-clothing","7":"product_cat-fabric-for-outdoor-sports","8":"product_cat-polyester-fabrics","9":"product_cat-security-emergencies-road-services","10":"product_cat-stretch-fabrics","11":"pa_available_colors-911052-spc","12":"desktop-align-left","13":"tablet-align-left","14":"mobile-align-left","15":"ast-product-gallery-layout-vertical-slider","16":"ast-product-tabs-layout-horizontal","18":"first","19":"instock","20":"shipping-taxable","21":"product-type-simple"},"uagb_featured_image_src":{"full":["https:\/\/www.sikortex.com\/wp-content\/uploads\/2023\/06\/O1CN011YQEqT1Y80Ad1ihab_2215595343013-0-cib.jpg",1024,1024,false],"thumbnail":["https:\/\/www.sikortex.com\/wp-content\/uploads\/2023\/06\/O1CN011YQEqT1Y80Ad1ihab_2215595343013-0-cib-150x150.jpg",150,150,true],"medium":["https:\/\/www.sikortex.com\/wp-content\/uploads\/2023\/06\/O1CN011YQEqT1Y80Ad1ihab_2215595343013-0-cib-300x300.jpg",300,300,true],"medium_large":["https:\/\/www.sikortex.com\/wp-content\/uploads\/2023\/06\/O1CN011YQEqT1Y80Ad1ihab_2215595343013-0-cib-768x768.jpg",768,768,true],"large":["https:\/\/www.sikortex.com\/wp-content\/uploads\/2023\/06\/O1CN011YQEqT1Y80Ad1ihab_2215595343013-0-cib.jpg",1024,1024,false],"1536x1536":["https:\/\/www.sikortex.com\/wp-content\/uploads\/2023\/06\/O1CN011YQEqT1Y80Ad1ihab_2215595343013-0-cib.jpg",1024,1024,false],"2048x2048":["https:\/\/www.sikortex.com\/wp-content\/uploads\/2023\/06\/O1CN011YQEqT1Y80Ad1ihab_2215595343013-0-cib.jpg",1024,1024,false],"trp-custom-language-flag":["https:\/\/www.sikortex.com\/wp-content\/uploads\/2023\/06\/O1CN011YQEqT1Y80Ad1ihab_2215595343013-0-cib.jpg",12,12,false],"woocommerce_thumbnail":["https:\/\/www.sikortex.com\/wp-content\/uploads\/2023\/06\/O1CN011YQEqT1Y80Ad1ihab_2215595343013-0-cib-300x300.jpg",300,300,true],"woocommerce_single":["https:\/\/www.sikortex.com\/wp-content\/uploads\/2023\/06\/O1CN011YQEqT1Y80Ad1ihab_2215595343013-0-cib-600x600.jpg",600,600,true],"woocommerce_gallery_thumbnail":["https:\/\/www.sikortex.com\/wp-content\/uploads\/2023\/06\/O1CN011YQEqT1Y80Ad1ihab_2215595343013-0-cib-100x100.jpg",100,100,true]},"uagb_author_info":{"display_name":"Perry","author_link":"https:\/\/www.sikortex.com\/pt\/author\/"},"uagb_comment_info":0,"uagb_excerpt":"600 Meters(Min.Order)","_links":{"self":[{"href":"https:\/\/www.sikortex.com\/pt\/wp-json\/wp\/v2\/product\/4303","targetHints":{"allow":["GET"]}}],"collection":[{"href":"https:\/\/www.sikortex.com\/pt\/wp-json\/wp\/v2\/product"}],"about":[{"href":"https:\/\/www.sikortex.com\/pt\/wp-json\/wp\/v2\/types\/product"}],"replies":[{"embeddable":true,"href":"https:\/\/www.sikortex.com\/pt\/wp-json\/wp\/v2\/comments?post=4303"}],"wp:featuredmedia":[{"embeddable":true,"href":"https:\/\/www.sikortex.com\/pt\/wp-json\/wp\/v2\/media\/4304"}],"wp:attachment":[{"href":"https:\/\/www.sikortex.com\/pt\/wp-json\/wp\/v2\/media?parent=4303"}],"wp:term":[{"taxonomy":"product_brand","embeddable":true,"href":"https:\/\/www.sikortex.com\/pt\/wp-json\/wp\/v2\/product_brand?post=4303"},{"taxonomy":"product_cat","embeddable":true,"href":"https:\/\/www.sikortex.com\/pt\/wp-json\/wp\/v2\/product_cat?post=4303"},{"taxonomy":"product_tag","embeddable":true,"href":"https:\/\/www.sikortex.com\/pt\/wp-json\/wp\/v2\/product_tag?post=4303"}],"curies":[{"name":"wp","href":"https:\/\/api.w.org\/{rel}","templated":true}]}}