{"id":4168,"date":"2023-06-25T15:08:36","date_gmt":"2023-06-25T07:08:36","guid":{"rendered":"http:\/\/shihan.vihsu.com\/?post_type=product&#038;p=4168"},"modified":"2025-02-17T17:44:50","modified_gmt":"2025-02-17T09:44:50","slug":"poliester-600d750d-listra-jacquard-oxford","status":"publish","type":"product","link":"https:\/\/www.sikortex.com\/pt\/produtos\/poliester-600d750d-listra-jacquard-oxford\/","title":{"rendered":"Tecido Oxford listrado de poli\u00e9ster 600D*750D Jacquard para manta de cavalo"},"content":{"rendered":"<p>SIKOR-TEX Poli\u00e9ster 600D*750D Listrado Jacquard Oxford Tecido Para Cobertor de Cavalo \u00e9 um tecido de alta qualidade, adequado para roupas de motociclista, uniformes de patrulha, roupas de trabalho ao ar livre e outros campos. \u00c9 dur\u00e1vel, \u00e0 prova d&#039;\u00e1gua e respir\u00e1vel, e pode ser usado em v\u00e1rios ambientes hostis.<\/p>\n<p>Para trajes de motociclista e uniformes de patrulha, a durabilidade e o desempenho \u00e0 prova d&#039;\u00e1gua do Poli\u00e9ster Jacquard Oxford s\u00e3o essenciais. Os trajes para motociclistas e os uniformes policiais exigem materiais que possam suportar uma variedade de desafios ambientais e f\u00edsicos, ao mesmo tempo que sejam \u00e0 prova d&#039;\u00e1gua e \u00e0 prova de vento. Polyeste Jacquard Oxford n\u00e3o \u00e9 apenas forte e dur\u00e1vel, mas tamb\u00e9m \u00e0 prova d&#039;\u00e1gua e respir\u00e1vel para garantir que o usu\u00e1rio permane\u00e7a seco e confort\u00e1vel.<\/p>\n<p>Na \u00e1rea de roupas de trabalho para atividades ao ar livre, o tecido Oxford de poli\u00e9ster tamb\u00e9m \u00e9 um material ideal. O vestu\u00e1rio de trabalho para atividades ao ar livre precisa ser dur\u00e1vel, imperme\u00e1vel e respir\u00e1vel para proteger a seguran\u00e7a e a sa\u00fade dos trabalhadores. Al\u00e9m disso, o material tamb\u00e9m pode ser revestido de acordo com diferentes necessidades para aumentar sua impermeabilidade e durabilidade.<\/p>\n<p><span style=\"color: #3366ff;\"><a style=\"color: #3366ff;\" href=\"https:\/\/www.sikortex.com\/pt\/localizador-de-tecidos\/\">localizador de tecidos<\/a><\/span><\/p>","protected":false},"excerpt":{"rendered":"<p>600 metros (Pedido m\u00edn.)<\/p>","protected":false},"featured_media":4169,"comment_status":"closed","ping_status":"closed","template":"","meta":{"_uag_custom_page_level_css":"","site-sidebar-layout":"default","site-content-layout":"default","ast-site-content-layout":"","site-content-style":"default","site-sidebar-style":"default","ast-global-header-display":"","ast-banner-title-visibility":"","ast-main-header-display":"","ast-hfb-above-header-display":"","ast-hfb-below-header-display":"","ast-hfb-mobile-header-display":"","site-post-title":"","ast-breadcrumbs-content":"","ast-featured-img":"","footer-sml-layout":"","theme-transparent-header-meta":"default","adv-header-id-meta":"","stick-header-meta":"default","header-above-stick-meta":"","header-main-stick-meta":"","header-below-stick-meta":"","astra-migrate-meta-layouts":"default","ast-page-background-enabled":"default","ast-page-background-meta":{"desktop":{"background-color":"","background-image":"","background-repeat":"repeat","background-position":"center center","background-size":"auto","background-attachment":"scroll","background-type":"","background-media":"","overlay-type":"","overlay-color":"","overlay-opacity":"","overlay-gradient":""},"tablet":{"background-color":"","background-image":"","background-repeat":"repeat","background-position":"center center","background-size":"auto","background-attachment":"scroll","background-type":"","background-media":"","overlay-type":"","overlay-color":"","overlay-opacity":"","overlay-gradient":""},"mobile":{"background-color":"","background-image":"","background-repeat":"repeat","background-position":"center center","background-size":"auto","background-attachment":"scroll","background-type":"","background-media":"","overlay-type":"","overlay-color":"","overlay-opacity":"","overlay-gradient":""}},"ast-content-background-meta":{"desktop":{"background-color":"var(--ast-global-color-5)","background-image":"","background-repeat":"repeat","background-position":"center center","background-size":"auto","background-attachment":"scroll","background-type":"","background-media":"","overlay-type":"","overlay-color":"","overlay-opacity":"","overlay-gradient":""},"tablet":{"background-color":"var(--ast-global-color-5)","background-image":"","background-repeat":"repeat","background-position":"center center","background-size":"auto","background-attachment":"scroll","background-type":"","background-media":"","overlay-type":"","overlay-color":"","overlay-opacity":"","overlay-gradient":""},"mobile":{"background-color":"var(--ast-global-color-5)","background-image":"","background-repeat":"repeat","background-position":"center center","background-size":"auto","background-attachment":"scroll","background-type":"","background-media":"","overlay-type":"","overlay-color":"","overlay-opacity":"","overlay-gradient":""}}},"product_brand":[],"product_cat":[1206,1183,430,432,1184,403,433,414],"product_tag":[],"class_list":{"0":"post-4168","1":"product","2":"type-product","3":"status-publish","4":"has-post-thumbnail","6":"product_cat-fabric-for-bag","7":"product_cat-fabric-for-horse-blankets","8":"product_cat-fabric-for-motorwear","9":"product_cat-fabric-for-tent","10":"product_cat-oxford-fabric","11":"product_cat-polyester-fabrics","12":"product_cat-textile-for-industrial","13":"product_cat-waterproof-fabrics","14":"pa_available_colors-1526-05","15":"pa_available_colors-1526-07","16":"pa_available_colors-1526-08","17":"pa_available_colors-8236-2","18":"pa_available_colors-8236-9","19":"pa_available_colors-911052-spc","20":"desktop-align-left","21":"tablet-align-left","22":"mobile-align-left","23":"ast-product-gallery-layout-vertical-slider","24":"ast-product-tabs-layout-horizontal","26":"first","27":"instock","28":"shipping-taxable","29":"product-type-simple"},"uagb_featured_image_src":{"full":["https:\/\/www.sikortex.com\/wp-content\/uploads\/2023\/06\/O1CN01zpS3xR1zLH7zaG7xW_956506697-0-cib.jpg",1024,1024,false],"thumbnail":["https:\/\/www.sikortex.com\/wp-content\/uploads\/2023\/06\/O1CN01zpS3xR1zLH7zaG7xW_956506697-0-cib-150x150.jpg",150,150,true],"medium":["https:\/\/www.sikortex.com\/wp-content\/uploads\/2023\/06\/O1CN01zpS3xR1zLH7zaG7xW_956506697-0-cib-300x300.jpg",300,300,true],"medium_large":["https:\/\/www.sikortex.com\/wp-content\/uploads\/2023\/06\/O1CN01zpS3xR1zLH7zaG7xW_956506697-0-cib-768x768.jpg",768,768,true],"large":["https:\/\/www.sikortex.com\/wp-content\/uploads\/2023\/06\/O1CN01zpS3xR1zLH7zaG7xW_956506697-0-cib.jpg",1024,1024,false],"1536x1536":["https:\/\/www.sikortex.com\/wp-content\/uploads\/2023\/06\/O1CN01zpS3xR1zLH7zaG7xW_956506697-0-cib.jpg",1024,1024,false],"2048x2048":["https:\/\/www.sikortex.com\/wp-content\/uploads\/2023\/06\/O1CN01zpS3xR1zLH7zaG7xW_956506697-0-cib.jpg",1024,1024,false],"trp-custom-language-flag":["https:\/\/www.sikortex.com\/wp-content\/uploads\/2023\/06\/O1CN01zpS3xR1zLH7zaG7xW_956506697-0-cib.jpg",12,12,false],"woocommerce_thumbnail":["https:\/\/www.sikortex.com\/wp-content\/uploads\/2023\/06\/O1CN01zpS3xR1zLH7zaG7xW_956506697-0-cib-300x300.jpg",300,300,true],"woocommerce_single":["https:\/\/www.sikortex.com\/wp-content\/uploads\/2023\/06\/O1CN01zpS3xR1zLH7zaG7xW_956506697-0-cib-600x600.jpg",600,600,true],"woocommerce_gallery_thumbnail":["https:\/\/www.sikortex.com\/wp-content\/uploads\/2023\/06\/O1CN01zpS3xR1zLH7zaG7xW_956506697-0-cib-100x100.jpg",100,100,true]},"uagb_author_info":{"display_name":"Perry","author_link":"https:\/\/www.sikortex.com\/pt\/author\/"},"uagb_comment_info":0,"uagb_excerpt":"600 Meters(Min.Order)","_links":{"self":[{"href":"https:\/\/www.sikortex.com\/pt\/wp-json\/wp\/v2\/product\/4168","targetHints":{"allow":["GET"]}}],"collection":[{"href":"https:\/\/www.sikortex.com\/pt\/wp-json\/wp\/v2\/product"}],"about":[{"href":"https:\/\/www.sikortex.com\/pt\/wp-json\/wp\/v2\/types\/product"}],"replies":[{"embeddable":true,"href":"https:\/\/www.sikortex.com\/pt\/wp-json\/wp\/v2\/comments?post=4168"}],"wp:featuredmedia":[{"embeddable":true,"href":"https:\/\/www.sikortex.com\/pt\/wp-json\/wp\/v2\/media\/4169"}],"wp:attachment":[{"href":"https:\/\/www.sikortex.com\/pt\/wp-json\/wp\/v2\/media?parent=4168"}],"wp:term":[{"taxonomy":"product_brand","embeddable":true,"href":"https:\/\/www.sikortex.com\/pt\/wp-json\/wp\/v2\/product_brand?post=4168"},{"taxonomy":"product_cat","embeddable":true,"href":"https:\/\/www.sikortex.com\/pt\/wp-json\/wp\/v2\/product_cat?post=4168"},{"taxonomy":"product_tag","embeddable":true,"href":"https:\/\/www.sikortex.com\/pt\/wp-json\/wp\/v2\/product_tag?post=4168"}],"curies":[{"name":"wp","href":"https:\/\/api.w.org\/{rel}","templated":true}]}}