{"id":4148,"date":"2023-06-25T10:39:52","date_gmt":"2023-06-25T02:39:52","guid":{"rendered":"http:\/\/shihan.vihsu.com\/?post_type=product&#038;p=4148"},"modified":"2025-02-17T17:44:57","modified_gmt":"2025-02-17T09:44:57","slug":"nylon-500d-taslon-laminado-tpu-3-layer-tecido","status":"publish","type":"product","link":"https:\/\/www.sikortex.com\/pt\/produtos\/nylon-500d-taslon-laminado-tpu-3-layer-tecido\/","title":{"rendered":"Tecido laminado de nylon 500D Taslon Oxford TPU"},"content":{"rendered":"<h6>SIKOR-TEX <span style=\"color: #3366ff;\"><a style=\"color: #3366ff;\" href=\"https:\/\/www.sikortex.com\/pt\/tecido-nylon-algodao-tecido-corta-vento-ripstop-5\/\">Tecido oxford<\/a><\/span> fabricante<\/h6>\n<p><a href=\"https:\/\/www.sikortex.com\/pt\/perfil-de-companhia\/\"><span style=\"color: #3366ff;\">SIKOR-TEX<\/span><\/a> \u00e9 um fabricante de tecidos que oferece tecido softshell de 3 camadas <a href=\"https:\/\/www.sikortex.com\/pt\/tecido-respiravel-impermeavel\/\"><span style=\"color: #3366ff;\">tecido imperme\u00e1vel e respir\u00e1vel<\/span><\/a> com op\u00e7\u00f5es de intercamadas incluindo PU, TPU ou membrana PTFE de alto desempenho. A membrana respir\u00e1vel PTFE \u00e9 uma estrutura de micro-malha que pode suportar mais de 20.000 mm de press\u00e3o de \u00e1gua no tecido, mantendo uma permeabilidade ao ar de 20.000 g\/\u33a1\/24 h.<\/p>\n<p>Isto significa que o <a href=\"https:\/\/www.sikortex.com\/pt\/fabricante-de-tecido-de-nylon\/\"><span style=\"color: #3366ff;\">Nylon<\/span><\/a> 500D Taslon <a href=\"https:\/\/www.sikortex.com\/pt\/tecido-nylon-algodao-tecido-corta-vento-ripstop-5\/\"><span style=\"color: #3366ff;\">Oxford<\/span><\/a> O tecido softshell laminado TPU pode proteg\u00ea-lo contra tempestades, permitindo que a transpira\u00e7\u00e3o evapore, mantendo-o seco e confort\u00e1vel durante esportes ao ar livre em mau tempo. Quer voc\u00ea esteja caminhando, escalando, correndo ou praticando qualquer outra atividade ao ar livre, o tecido de 3 camadas da SIKOR-TEX \u00e9 projetado para fornecer prote\u00e7\u00e3o superior contra \u00e1gua e vento, permitindo que a umidade escape.<\/p>\n<p>&nbsp;<\/p>","protected":false},"excerpt":{"rendered":"<p>600 metros (Pedido m\u00edn.)<\/p>","protected":false},"featured_media":4149,"comment_status":"closed","ping_status":"closed","template":"","meta":{"_uag_custom_page_level_css":"","site-sidebar-layout":"default","site-content-layout":"default","ast-site-content-layout":"","site-content-style":"default","site-sidebar-style":"default","ast-global-header-display":"","ast-banner-title-visibility":"","ast-main-header-display":"","ast-hfb-above-header-display":"","ast-hfb-below-header-display":"","ast-hfb-mobile-header-display":"","site-post-title":"","ast-breadcrumbs-content":"","ast-featured-img":"","footer-sml-layout":"","theme-transparent-header-meta":"default","adv-header-id-meta":"","stick-header-meta":"default","header-above-stick-meta":"","header-main-stick-meta":"","header-below-stick-meta":"","astra-migrate-meta-layouts":"default","ast-page-background-enabled":"default","ast-page-background-meta":{"desktop":{"background-color":"","background-image":"","background-repeat":"repeat","background-position":"center center","background-size":"auto","background-attachment":"scroll","background-type":"","background-media":"","overlay-type":"","overlay-color":"","overlay-opacity":"","overlay-gradient":""},"tablet":{"background-color":"","background-image":"","background-repeat":"repeat","background-position":"center center","background-size":"auto","background-attachment":"scroll","background-type":"","background-media":"","overlay-type":"","overlay-color":"","overlay-opacity":"","overlay-gradient":""},"mobile":{"background-color":"","background-image":"","background-repeat":"repeat","background-position":"center center","background-size":"auto","background-attachment":"scroll","background-type":"","background-media":"","overlay-type":"","overlay-color":"","overlay-opacity":"","overlay-gradient":""}},"ast-content-background-meta":{"desktop":{"background-color":"var(--ast-global-color-5)","background-image":"","background-repeat":"repeat","background-position":"center center","background-size":"auto","background-attachment":"scroll","background-type":"","background-media":"","overlay-type":"","overlay-color":"","overlay-opacity":"","overlay-gradient":""},"tablet":{"background-color":"var(--ast-global-color-5)","background-image":"","background-repeat":"repeat","background-position":"center center","background-size":"auto","background-attachment":"scroll","background-type":"","background-media":"","overlay-type":"","overlay-color":"","overlay-opacity":"","overlay-gradient":""},"mobile":{"background-color":"var(--ast-global-color-5)","background-image":"","background-repeat":"repeat","background-position":"center center","background-size":"auto","background-attachment":"scroll","background-type":"","background-media":"","overlay-type":"","overlay-color":"","overlay-opacity":"","overlay-gradient":""}}},"product_brand":[],"product_cat":[426,1206,423,430,421,404,1184,414],"product_tag":[],"class_list":{"0":"post-4148","1":"product","2":"type-product","3":"status-publish","4":"has-post-thumbnail","6":"product_cat-constructionmining","7":"product_cat-fabric-for-bag","8":"product_cat-fabric-for-military-police","9":"product_cat-fabric-for-motorwear","10":"product_cat-foul-weather-fabrics","11":"product_cat-nylon-fabrics","12":"product_cat-oxford-fabric","13":"product_cat-waterproof-fabrics","14":"pa_available_colors-1526-04","15":"desktop-align-left","16":"tablet-align-left","17":"mobile-align-left","18":"ast-product-gallery-layout-vertical-slider","19":"ast-product-tabs-layout-horizontal","21":"first","22":"instock","23":"shipping-taxable","24":"product-type-simple"},"uagb_featured_image_src":{"full":["https:\/\/www.sikortex.com\/wp-content\/uploads\/2023\/06\/14250321161_1202519561.jpg",1024,1024,false],"thumbnail":["https:\/\/www.sikortex.com\/wp-content\/uploads\/2023\/06\/14250321161_1202519561-150x150.jpg",150,150,true],"medium":["https:\/\/www.sikortex.com\/wp-content\/uploads\/2023\/06\/14250321161_1202519561-300x300.jpg",300,300,true],"medium_large":["https:\/\/www.sikortex.com\/wp-content\/uploads\/2023\/06\/14250321161_1202519561-768x768.jpg",768,768,true],"large":["https:\/\/www.sikortex.com\/wp-content\/uploads\/2023\/06\/14250321161_1202519561.jpg",1024,1024,false],"1536x1536":["https:\/\/www.sikortex.com\/wp-content\/uploads\/2023\/06\/14250321161_1202519561.jpg",1024,1024,false],"2048x2048":["https:\/\/www.sikortex.com\/wp-content\/uploads\/2023\/06\/14250321161_1202519561.jpg",1024,1024,false],"trp-custom-language-flag":["https:\/\/www.sikortex.com\/wp-content\/uploads\/2023\/06\/14250321161_1202519561.jpg",12,12,false],"woocommerce_thumbnail":["https:\/\/www.sikortex.com\/wp-content\/uploads\/2023\/06\/14250321161_1202519561-300x300.jpg",300,300,true],"woocommerce_single":["https:\/\/www.sikortex.com\/wp-content\/uploads\/2023\/06\/14250321161_1202519561-600x600.jpg",600,600,true],"woocommerce_gallery_thumbnail":["https:\/\/www.sikortex.com\/wp-content\/uploads\/2023\/06\/14250321161_1202519561-100x100.jpg",100,100,true]},"uagb_author_info":{"display_name":"Perry","author_link":"https:\/\/www.sikortex.com\/pt\/author\/"},"uagb_comment_info":0,"uagb_excerpt":"600 Meters(Min.Order)","_links":{"self":[{"href":"https:\/\/www.sikortex.com\/pt\/wp-json\/wp\/v2\/product\/4148","targetHints":{"allow":["GET"]}}],"collection":[{"href":"https:\/\/www.sikortex.com\/pt\/wp-json\/wp\/v2\/product"}],"about":[{"href":"https:\/\/www.sikortex.com\/pt\/wp-json\/wp\/v2\/types\/product"}],"replies":[{"embeddable":true,"href":"https:\/\/www.sikortex.com\/pt\/wp-json\/wp\/v2\/comments?post=4148"}],"wp:featuredmedia":[{"embeddable":true,"href":"https:\/\/www.sikortex.com\/pt\/wp-json\/wp\/v2\/media\/4149"}],"wp:attachment":[{"href":"https:\/\/www.sikortex.com\/pt\/wp-json\/wp\/v2\/media?parent=4148"}],"wp:term":[{"taxonomy":"product_brand","embeddable":true,"href":"https:\/\/www.sikortex.com\/pt\/wp-json\/wp\/v2\/product_brand?post=4148"},{"taxonomy":"product_cat","embeddable":true,"href":"https:\/\/www.sikortex.com\/pt\/wp-json\/wp\/v2\/product_cat?post=4148"},{"taxonomy":"product_tag","embeddable":true,"href":"https:\/\/www.sikortex.com\/pt\/wp-json\/wp\/v2\/product_tag?post=4148"}],"curies":[{"name":"wp","href":"https:\/\/api.w.org\/{rel}","templated":true}]}}