{"id":4112,"date":"2023-06-25T09:57:21","date_gmt":"2023-06-25T01:57:21","guid":{"rendered":"http:\/\/shihan.vihsu.com\/?post_type=product&#038;p=4112"},"modified":"2025-01-02T13:14:56","modified_gmt":"2025-01-02T05:14:56","slug":"tecido-retardador-de-chamas","status":"publish","type":"product","link":"https:\/\/www.sikortex.com\/pt\/produtos\/tecido-retardador-de-chamas\/","title":{"rendered":"Tecido Oxford retardante de chamas Nylon 550D EN ISO 11612"},"content":{"rendered":"<h6>SIKOR-TEX <span style=\"color: #3366ff;\"><a style=\"color: #3366ff;\" href=\"https:\/\/www.sikortex.com\/pt\/tecido-nylon-algodao-tecido-corta-vento-ripstop-5\/\">Tecido oxford<\/a><\/span> fabricante<\/h6>\n<p>Nylon PU revestido SIKOR-TEX 550D <a href=\"https:\/\/www.sikortex.com\/pt\/flame-retardant-fabrics\/\"><span style=\"color: #3366ff;\">retardador de chama<\/span><\/a> Oxford Fabric \u00e9 um material retardante de chamas de alto desempenho com excelente resist\u00eancia ao fogo, durabilidade, respirabilidade, peso leve e facilidade de limpeza. Isso o torna um material ideal que pode ser amplamente utilizado em v\u00e1rios cen\u00e1rios.<\/p>\n<p>No campo militar, as caracter\u00edsticas do tecido revestido de PU retardador de chamas de nylon 550D o tornam amplamente utilizado em uniformes militares e equipamentos militares. Quando os soldados est\u00e3o em miss\u00e3o, eles enfrentam v\u00e1rios ambientes e perigos. Portanto, eles precisam de um material de alto desempenho para proteger sua seguran\u00e7a. O tecido revestido de PU retardador de chama Nylon 550D n\u00e3o apenas possui propriedades resistentes ao fogo que podem evitar riscos de inc\u00eandio, mas tamb\u00e9m possui excelente resist\u00eancia \u00e0 abras\u00e3o e resist\u00eancia ao rasgo para resistir a v\u00e1rios desafios ambientais e f\u00edsicos.<\/p>\n<p>Al\u00e9m disso, o material possui boa respirabilidade, o que pode manter os soldados secos e confort\u00e1veis. Sua caracter\u00edstica leve tamb\u00e9m pode reduzir a carga do equipamento, tornando mais f\u00e1cil para os soldados completarem suas tarefas. Finalmente, o tecido revestido de PU retardador de chamas de nylon 550D \u00e9 f\u00e1cil de limpar, o que pode garantir a limpeza e higiene do equipamento, reduzindo o risco de bact\u00e9rias e infec\u00e7\u00f5es.<\/p>\n<p><a href=\"https:\/\/www.sikortex.com\/pt\/tecidos-de-nylon\/\"><span style=\"color: #3366ff;\">Nylon<\/span><\/a> Tecido revestido de PU retardante de chamas tamb\u00e9m pode ser usado para fazer mochilas, tendas, sacos de dormir e outros equipamentos, bem como assentos e portas de ve\u00edculos militares. Esses equipamentos precisam ter caracter\u00edsticas de alto desempenho para se adaptar a diferentes ambientes e tarefas, e tamb\u00e9m precisam ter resist\u00eancia ao fogo, durabilidade, respirabilidade, peso leve e facilidade de limpeza para proteger a seguran\u00e7a e a sa\u00fade dos soldados.<\/p>","protected":false},"excerpt":{"rendered":"<p>2.000 metros (pedido m\u00ednimo)<\/p>","protected":false},"featured_media":4113,"comment_status":"closed","ping_status":"closed","template":"","meta":{"_uag_custom_page_level_css":"","site-sidebar-layout":"default","site-content-layout":"default","ast-site-content-layout":"","site-content-style":"default","site-sidebar-style":"default","ast-global-header-display":"","ast-banner-title-visibility":"","ast-main-header-display":"","ast-hfb-above-header-display":"","ast-hfb-below-header-display":"","ast-hfb-mobile-header-display":"","site-post-title":"","ast-breadcrumbs-content":"","ast-featured-img":"","footer-sml-layout":"","theme-transparent-header-meta":"default","adv-header-id-meta":"","stick-header-meta":"default","header-above-stick-meta":"","header-main-stick-meta":"","header-below-stick-meta":"","astra-migrate-meta-layouts":"default","ast-page-background-enabled":"default","ast-page-background-meta":{"desktop":{"background-color":"","background-image":"","background-repeat":"repeat","background-position":"center center","background-size":"auto","background-attachment":"scroll","background-type":"","background-media":"","overlay-type":"","overlay-color":"","overlay-opacity":"","overlay-gradient":""},"tablet":{"background-color":"","background-image":"","background-repeat":"repeat","background-position":"center center","background-size":"auto","background-attachment":"scroll","background-type":"","background-media":"","overlay-type":"","overlay-color":"","overlay-opacity":"","overlay-gradient":""},"mobile":{"background-color":"","background-image":"","background-repeat":"repeat","background-position":"center center","background-size":"auto","background-attachment":"scroll","background-type":"","background-media":"","overlay-type":"","overlay-color":"","overlay-opacity":"","overlay-gradient":""}},"ast-content-background-meta":{"desktop":{"background-color":"var(--ast-global-color-5)","background-image":"","background-repeat":"repeat","background-position":"center center","background-size":"auto","background-attachment":"scroll","background-type":"","background-media":"","overlay-type":"","overlay-color":"","overlay-opacity":"","overlay-gradient":""},"tablet":{"background-color":"var(--ast-global-color-5)","background-image":"","background-repeat":"repeat","background-position":"center center","background-size":"auto","background-attachment":"scroll","background-type":"","background-media":"","overlay-type":"","overlay-color":"","overlay-opacity":"","overlay-gradient":""},"mobile":{"background-color":"var(--ast-global-color-5)","background-image":"","background-repeat":"repeat","background-position":"center center","background-size":"auto","background-attachment":"scroll","background-type":"","background-media":"","overlay-type":"","overlay-color":"","overlay-opacity":"","overlay-gradient":""}}},"product_brand":[],"product_cat":[426,430,432,416,404,1184,427,414],"product_tag":[],"class_list":{"0":"post-4112","1":"product","2":"type-product","3":"status-publish","4":"has-post-thumbnail","6":"product_cat-constructionmining","7":"product_cat-fabric-for-motorwear","8":"product_cat-fabric-for-tent","9":"product_cat-fire-retardant-fabrics","10":"product_cat-nylon-fabrics","11":"product_cat-oxford-fabric","12":"product_cat-petroleum-and-petrochemical","13":"product_cat-waterproof-fabrics","14":"pa_available_colors-1526-35","15":"desktop-align-left","16":"tablet-align-left","17":"mobile-align-left","18":"ast-product-gallery-layout-vertical-slider","19":"ast-product-tabs-layout-horizontal","21":"first","22":"instock","23":"shipping-taxable","24":"product-type-simple"},"uagb_featured_image_src":{"full":["https:\/\/www.sikortex.com\/wp-content\/uploads\/2023\/06\/O1CN01tpTTOp1JA5g2HW6m4_3828250987-0-cib.jpg",1024,1024,false],"thumbnail":["https:\/\/www.sikortex.com\/wp-content\/uploads\/2023\/06\/O1CN01tpTTOp1JA5g2HW6m4_3828250987-0-cib-150x150.jpg",150,150,true],"medium":["https:\/\/www.sikortex.com\/wp-content\/uploads\/2023\/06\/O1CN01tpTTOp1JA5g2HW6m4_3828250987-0-cib-300x300.jpg",300,300,true],"medium_large":["https:\/\/www.sikortex.com\/wp-content\/uploads\/2023\/06\/O1CN01tpTTOp1JA5g2HW6m4_3828250987-0-cib-768x768.jpg",768,768,true],"large":["https:\/\/www.sikortex.com\/wp-content\/uploads\/2023\/06\/O1CN01tpTTOp1JA5g2HW6m4_3828250987-0-cib.jpg",1024,1024,false],"1536x1536":["https:\/\/www.sikortex.com\/wp-content\/uploads\/2023\/06\/O1CN01tpTTOp1JA5g2HW6m4_3828250987-0-cib.jpg",1024,1024,false],"2048x2048":["https:\/\/www.sikortex.com\/wp-content\/uploads\/2023\/06\/O1CN01tpTTOp1JA5g2HW6m4_3828250987-0-cib.jpg",1024,1024,false],"trp-custom-language-flag":["https:\/\/www.sikortex.com\/wp-content\/uploads\/2023\/06\/O1CN01tpTTOp1JA5g2HW6m4_3828250987-0-cib.jpg",12,12,false],"woocommerce_thumbnail":["https:\/\/www.sikortex.com\/wp-content\/uploads\/2023\/06\/O1CN01tpTTOp1JA5g2HW6m4_3828250987-0-cib-300x300.jpg",300,300,true],"woocommerce_single":["https:\/\/www.sikortex.com\/wp-content\/uploads\/2023\/06\/O1CN01tpTTOp1JA5g2HW6m4_3828250987-0-cib-600x600.jpg",600,600,true],"woocommerce_gallery_thumbnail":["https:\/\/www.sikortex.com\/wp-content\/uploads\/2023\/06\/O1CN01tpTTOp1JA5g2HW6m4_3828250987-0-cib-100x100.jpg",100,100,true]},"uagb_author_info":{"display_name":"Perry","author_link":"https:\/\/www.sikortex.com\/pt\/author\/"},"uagb_comment_info":0,"uagb_excerpt":"2000 Meters(Min.Order)","_links":{"self":[{"href":"https:\/\/www.sikortex.com\/pt\/wp-json\/wp\/v2\/product\/4112","targetHints":{"allow":["GET"]}}],"collection":[{"href":"https:\/\/www.sikortex.com\/pt\/wp-json\/wp\/v2\/product"}],"about":[{"href":"https:\/\/www.sikortex.com\/pt\/wp-json\/wp\/v2\/types\/product"}],"replies":[{"embeddable":true,"href":"https:\/\/www.sikortex.com\/pt\/wp-json\/wp\/v2\/comments?post=4112"}],"wp:featuredmedia":[{"embeddable":true,"href":"https:\/\/www.sikortex.com\/pt\/wp-json\/wp\/v2\/media\/4113"}],"wp:attachment":[{"href":"https:\/\/www.sikortex.com\/pt\/wp-json\/wp\/v2\/media?parent=4112"}],"wp:term":[{"taxonomy":"product_brand","embeddable":true,"href":"https:\/\/www.sikortex.com\/pt\/wp-json\/wp\/v2\/product_brand?post=4112"},{"taxonomy":"product_cat","embeddable":true,"href":"https:\/\/www.sikortex.com\/pt\/wp-json\/wp\/v2\/product_cat?post=4112"},{"taxonomy":"product_tag","embeddable":true,"href":"https:\/\/www.sikortex.com\/pt\/wp-json\/wp\/v2\/product_tag?post=4112"}],"curies":[{"name":"wp","href":"https:\/\/api.w.org\/{rel}","templated":true}]}}