{"id":3943,"date":"2023-06-21T16:57:58","date_gmt":"2023-06-21T08:57:58","guid":{"rendered":"http:\/\/shihan.vihsu.com\/?post_type=product&#038;p=3943"},"modified":"2023-10-20T13:47:54","modified_gmt":"2023-10-20T05:47:54","slug":"nylon-20d-tecido-xadrez","status":"publish","type":"product","link":"https:\/\/www.sikortex.com\/pt\/produtos\/nylon-20d-tecido-xadrez\/","title":{"rendered":"tela leve da xadrez de nylon do tafet\u00e1 20D para o revestimento para baixo"},"content":{"rendered":"<h5>S\u00e9rie de tecidos mais leves SIKOR-TEX<\/h5>\n<p>O tecido xadrez de tafet\u00e1 de nylon 20D mais leve para jaqueta \u00e9 um tecido ultrafino e el\u00e1stico perfeito para fazer jaquetas e roupas de prote\u00e7\u00e3o solar. Com o seu revestimento imperme\u00e1vel, este tecido \u00e9 ideal para atividades ao ar livre. Feito com n\u00e1ilon de alta qualidade, este tecido \u00e9 dur\u00e1vel e duradouro. Sua elasticidade permite um ajuste confort\u00e1vel, tornando-o perfeito para roupas esportivas. Use este tecido para criar jaquetas elegantes e funcionais. Encomende agora e experimente voc\u00ea mesmo os benef\u00edcios deste tecido de alta qualidade!<\/p>\n<p>Tamb\u00e9m temos outros tecidos ultrafinos de nylon 100. A melhor contagem de fios tem apenas 10 deniers, o que quebra a nossa imagina\u00e7\u00e3o e proporciona uma incr\u00edvel sensa\u00e7\u00e3o de gravidade \u201c0\u201d.<\/p>","protected":false},"excerpt":{"rendered":"<p>1200 metros (pedido m\u00ednimo)<\/p>","protected":false},"featured_media":3944,"comment_status":"closed","ping_status":"closed","template":"","meta":{"_uag_custom_page_level_css":"","site-sidebar-layout":"default","site-content-layout":"default","ast-site-content-layout":"","site-content-style":"default","site-sidebar-style":"default","ast-global-header-display":"","ast-banner-title-visibility":"","ast-main-header-display":"","ast-hfb-above-header-display":"","ast-hfb-below-header-display":"","ast-hfb-mobile-header-display":"","site-post-title":"","ast-breadcrumbs-content":"","ast-featured-img":"","footer-sml-layout":"","theme-transparent-header-meta":"default","adv-header-id-meta":"","stick-header-meta":"default","header-above-stick-meta":"","header-main-stick-meta":"","header-below-stick-meta":"","astra-migrate-meta-layouts":"default","ast-page-background-enabled":"default","ast-page-background-meta":{"desktop":{"background-color":"","background-image":"","background-repeat":"repeat","background-position":"center center","background-size":"auto","background-attachment":"scroll","background-type":"","background-media":"","overlay-type":"","overlay-color":"","overlay-opacity":"","overlay-gradient":""},"tablet":{"background-color":"","background-image":"","background-repeat":"repeat","background-position":"center center","background-size":"auto","background-attachment":"scroll","background-type":"","background-media":"","overlay-type":"","overlay-color":"","overlay-opacity":"","overlay-gradient":""},"mobile":{"background-color":"","background-image":"","background-repeat":"repeat","background-position":"center center","background-size":"auto","background-attachment":"scroll","background-type":"","background-media":"","overlay-type":"","overlay-color":"","overlay-opacity":"","overlay-gradient":""}},"ast-content-background-meta":{"desktop":{"background-color":"var(--ast-global-color-5)","background-image":"","background-repeat":"repeat","background-position":"center center","background-size":"auto","background-attachment":"scroll","background-type":"","background-media":"","overlay-type":"","overlay-color":"","overlay-opacity":"","overlay-gradient":""},"tablet":{"background-color":"var(--ast-global-color-5)","background-image":"","background-repeat":"repeat","background-position":"center center","background-size":"auto","background-attachment":"scroll","background-type":"","background-media":"","overlay-type":"","overlay-color":"","overlay-opacity":"","overlay-gradient":""},"mobile":{"background-color":"var(--ast-global-color-5)","background-image":"","background-repeat":"repeat","background-position":"center center","background-size":"auto","background-attachment":"scroll","background-type":"","background-media":"","overlay-type":"","overlay-color":"","overlay-opacity":"","overlay-gradient":""}}},"product_brand":[],"product_cat":[431,428,432,1145,404,415,407,433,414],"product_tag":[],"class_list":{"0":"post-3943","1":"product","2":"type-product","3":"status-publish","4":"has-post-thumbnail","6":"product_cat-fabric-for-commuting-clothing","7":"product_cat-fabric-for-outdoor-sports","8":"product_cat-fabric-for-tent","9":"product_cat-lightweight-fabric","10":"product_cat-nylon-fabrics","11":"product_cat-oil-repellent-fabric","12":"product_cat-recycled-fabric","13":"product_cat-textile-for-industrial","14":"product_cat-waterproof-fabrics","15":"pa_available_colors-1526-25","16":"desktop-align-left","17":"tablet-align-left","18":"mobile-align-left","19":"ast-product-gallery-layout-vertical-slider","20":"ast-product-tabs-layout-horizontal","22":"first","23":"instock","24":"shipping-taxable","25":"product-type-simple"},"uagb_featured_image_src":{"full":["https:\/\/www.sikortex.com\/wp-content\/uploads\/2023\/06\/O1CN01jL9IdM1g9OD14mkyH_2207443834099-0-cib.jpg",1024,1024,false],"thumbnail":["https:\/\/www.sikortex.com\/wp-content\/uploads\/2023\/06\/O1CN01jL9IdM1g9OD14mkyH_2207443834099-0-cib-150x150.jpg",150,150,true],"medium":["https:\/\/www.sikortex.com\/wp-content\/uploads\/2023\/06\/O1CN01jL9IdM1g9OD14mkyH_2207443834099-0-cib-300x300.jpg",300,300,true],"medium_large":["https:\/\/www.sikortex.com\/wp-content\/uploads\/2023\/06\/O1CN01jL9IdM1g9OD14mkyH_2207443834099-0-cib-768x768.jpg",768,768,true],"large":["https:\/\/www.sikortex.com\/wp-content\/uploads\/2023\/06\/O1CN01jL9IdM1g9OD14mkyH_2207443834099-0-cib.jpg",1024,1024,false],"1536x1536":["https:\/\/www.sikortex.com\/wp-content\/uploads\/2023\/06\/O1CN01jL9IdM1g9OD14mkyH_2207443834099-0-cib.jpg",1024,1024,false],"2048x2048":["https:\/\/www.sikortex.com\/wp-content\/uploads\/2023\/06\/O1CN01jL9IdM1g9OD14mkyH_2207443834099-0-cib.jpg",1024,1024,false],"trp-custom-language-flag":["https:\/\/www.sikortex.com\/wp-content\/uploads\/2023\/06\/O1CN01jL9IdM1g9OD14mkyH_2207443834099-0-cib.jpg",12,12,false],"woocommerce_thumbnail":["https:\/\/www.sikortex.com\/wp-content\/uploads\/2023\/06\/O1CN01jL9IdM1g9OD14mkyH_2207443834099-0-cib-300x300.jpg",300,300,true],"woocommerce_single":["https:\/\/www.sikortex.com\/wp-content\/uploads\/2023\/06\/O1CN01jL9IdM1g9OD14mkyH_2207443834099-0-cib-600x600.jpg",600,600,true],"woocommerce_gallery_thumbnail":["https:\/\/www.sikortex.com\/wp-content\/uploads\/2023\/06\/O1CN01jL9IdM1g9OD14mkyH_2207443834099-0-cib-100x100.jpg",100,100,true]},"uagb_author_info":{"display_name":"Perry","author_link":"https:\/\/www.sikortex.com\/pt\/author\/"},"uagb_comment_info":0,"uagb_excerpt":"1200 Meters(Min.Order)","_links":{"self":[{"href":"https:\/\/www.sikortex.com\/pt\/wp-json\/wp\/v2\/product\/3943","targetHints":{"allow":["GET"]}}],"collection":[{"href":"https:\/\/www.sikortex.com\/pt\/wp-json\/wp\/v2\/product"}],"about":[{"href":"https:\/\/www.sikortex.com\/pt\/wp-json\/wp\/v2\/types\/product"}],"replies":[{"embeddable":true,"href":"https:\/\/www.sikortex.com\/pt\/wp-json\/wp\/v2\/comments?post=3943"}],"wp:featuredmedia":[{"embeddable":true,"href":"https:\/\/www.sikortex.com\/pt\/wp-json\/wp\/v2\/media\/3944"}],"wp:attachment":[{"href":"https:\/\/www.sikortex.com\/pt\/wp-json\/wp\/v2\/media?parent=3943"}],"wp:term":[{"taxonomy":"product_brand","embeddable":true,"href":"https:\/\/www.sikortex.com\/pt\/wp-json\/wp\/v2\/product_brand?post=3943"},{"taxonomy":"product_cat","embeddable":true,"href":"https:\/\/www.sikortex.com\/pt\/wp-json\/wp\/v2\/product_cat?post=3943"},{"taxonomy":"product_tag","embeddable":true,"href":"https:\/\/www.sikortex.com\/pt\/wp-json\/wp\/v2\/product_tag?post=3943"}],"curies":[{"name":"wp","href":"https:\/\/api.w.org\/{rel}","templated":true}]}}