{"id":2345,"date":"2023-06-02T16:23:57","date_gmt":"2023-06-02T08:23:57","guid":{"rendered":"http:\/\/203.196.10.64:3021\/?post_type=product&#038;p=2345"},"modified":"2023-11-01T15:04:09","modified_gmt":"2023-11-01T07:04:09","slug":"sk8277-pongee-tecido","status":"publish","type":"product","link":"https:\/\/www.sikortex.com\/pt\/produtos\/sk8277-pongee-tecido\/","title":{"rendered":"Tela Downproof da tela do Pongee da sensa\u00e7\u00e3o do velo do poli\u00e9ster 50D"},"content":{"rendered":"<p>O tecido downproof de tecido pongee de l\u00e3 de poli\u00e9ster 50D \u00e9 um tipo de tecido feito com a nova tecnologia de microfibra de poli\u00e9ster. A microfibra \u00e9 menor que o cabelo e tem uma textura muito macia, o que a torna muito confort\u00e1vel de usar. Al\u00e9m da textura macia, esse tecido tamb\u00e9m possui certo grau de elasticidade, o que o torna perfeito para a confec\u00e7\u00e3o de roupas esportivas, jaquetas e produtos esportivos ao ar livre.<\/p>\n<p>As min\u00fasculas fibras deste tecido conferem-lhe uma textura e apar\u00eancia \u00fanicas, atraentes e funcionais. Sua elasticidade permite que ela se estique e se mova com o usu\u00e1rio, tornando-a ideal para roupas esportivas. Isso o torna uma escolha popular entre atletas e entusiastas do ar livre que precisam de roupas que possam suportar os rigores de suas atividades.<\/p>\n<p>Uma das grandes vantagens do tecido pongee de l\u00e3 de poli\u00e9ster \u00e9 que ele \u00e9 altamente dur\u00e1vel e resistente ao desgaste. Isso o torna ideal para uso em ambientes externos dif\u00edceis, onde as roupas precisam resistir a condi\u00e7\u00f5es adversas e lavagens repetidas. O tecido tamb\u00e9m seca rapidamente, tornando-o perfeito para atividades ao ar livre onde a umidade pode ser um problema.<\/p>\n<p>Outra vantagem do tecido downproof de poli\u00e9ster \u00e9 que ele \u00e9 leve e f\u00e1cil de cuidar. Pode ser lavado e seco na m\u00e1quina sem perder a forma ou a textura. Tamb\u00e9m \u00e9 resistente a rugas, facilitando a embalagem e o transporte.<\/p>","protected":false},"excerpt":{"rendered":"<p>600 metros (Pedido m\u00edn.)<\/p>","protected":false},"featured_media":3912,"comment_status":"closed","ping_status":"closed","template":"","meta":{"_uag_custom_page_level_css":"","site-sidebar-layout":"default","site-content-layout":"default","ast-site-content-layout":"","site-content-style":"default","site-sidebar-style":"default","ast-global-header-display":"","ast-banner-title-visibility":"","ast-main-header-display":"","ast-hfb-above-header-display":"","ast-hfb-below-header-display":"","ast-hfb-mobile-header-display":"","site-post-title":"","ast-breadcrumbs-content":"","ast-featured-img":"","footer-sml-layout":"","theme-transparent-header-meta":"default","adv-header-id-meta":"","stick-header-meta":"default","header-above-stick-meta":"","header-main-stick-meta":"","header-below-stick-meta":"","astra-migrate-meta-layouts":"default","ast-page-background-enabled":"default","ast-page-background-meta":{"desktop":{"background-color":"","background-image":"","background-repeat":"repeat","background-position":"center center","background-size":"auto","background-attachment":"scroll","background-type":"","background-media":"","overlay-type":"","overlay-color":"","overlay-opacity":"","overlay-gradient":""},"tablet":{"background-color":"","background-image":"","background-repeat":"repeat","background-position":"center center","background-size":"auto","background-attachment":"scroll","background-type":"","background-media":"","overlay-type":"","overlay-color":"","overlay-opacity":"","overlay-gradient":""},"mobile":{"background-color":"","background-image":"","background-repeat":"repeat","background-position":"center center","background-size":"auto","background-attachment":"scroll","background-type":"","background-media":"","overlay-type":"","overlay-color":"","overlay-opacity":"","overlay-gradient":""}},"ast-content-background-meta":{"desktop":{"background-color":"var(--ast-global-color-5)","background-image":"","background-repeat":"repeat","background-position":"center center","background-size":"auto","background-attachment":"scroll","background-type":"","background-media":"","overlay-type":"","overlay-color":"","overlay-opacity":"","overlay-gradient":""},"tablet":{"background-color":"var(--ast-global-color-5)","background-image":"","background-repeat":"repeat","background-position":"center center","background-size":"auto","background-attachment":"scroll","background-type":"","background-media":"","overlay-type":"","overlay-color":"","overlay-opacity":"","overlay-gradient":""},"mobile":{"background-color":"var(--ast-global-color-5)","background-image":"","background-repeat":"repeat","background-position":"center center","background-size":"auto","background-attachment":"scroll","background-type":"","background-media":"","overlay-type":"","overlay-color":"","overlay-opacity":"","overlay-gradient":""}}},"product_brand":[],"product_cat":[431,428,1145,403,414],"product_tag":[],"class_list":{"0":"post-2345","1":"product","2":"type-product","3":"status-publish","4":"has-post-thumbnail","6":"product_cat-fabric-for-commuting-clothing","7":"product_cat-fabric-for-outdoor-sports","8":"product_cat-lightweight-fabric","9":"product_cat-polyester-fabrics","10":"product_cat-waterproof-fabrics","11":"pa_available_colors-911052-spc","12":"desktop-align-left","13":"tablet-align-left","14":"mobile-align-left","15":"ast-product-gallery-layout-vertical-slider","16":"ast-product-tabs-layout-horizontal","18":"first","19":"instock","20":"shipping-taxable","21":"product-type-simple"},"uagb_featured_image_src":{"full":["https:\/\/www.sikortex.com\/wp-content\/uploads\/2023\/06\/O1CN01tQmdgS1g9OGm7AKe7_2207443834099-0-cib-1.jpg",1024,1024,false],"thumbnail":["https:\/\/www.sikortex.com\/wp-content\/uploads\/2023\/06\/O1CN01tQmdgS1g9OGm7AKe7_2207443834099-0-cib-1-150x150.jpg",150,150,true],"medium":["https:\/\/www.sikortex.com\/wp-content\/uploads\/2023\/06\/O1CN01tQmdgS1g9OGm7AKe7_2207443834099-0-cib-1-300x300.jpg",300,300,true],"medium_large":["https:\/\/www.sikortex.com\/wp-content\/uploads\/2023\/06\/O1CN01tQmdgS1g9OGm7AKe7_2207443834099-0-cib-1-768x768.jpg",768,768,true],"large":["https:\/\/www.sikortex.com\/wp-content\/uploads\/2023\/06\/O1CN01tQmdgS1g9OGm7AKe7_2207443834099-0-cib-1.jpg",1024,1024,false],"1536x1536":["https:\/\/www.sikortex.com\/wp-content\/uploads\/2023\/06\/O1CN01tQmdgS1g9OGm7AKe7_2207443834099-0-cib-1.jpg",1024,1024,false],"2048x2048":["https:\/\/www.sikortex.com\/wp-content\/uploads\/2023\/06\/O1CN01tQmdgS1g9OGm7AKe7_2207443834099-0-cib-1.jpg",1024,1024,false],"trp-custom-language-flag":["https:\/\/www.sikortex.com\/wp-content\/uploads\/2023\/06\/O1CN01tQmdgS1g9OGm7AKe7_2207443834099-0-cib-1.jpg",12,12,false],"woocommerce_thumbnail":["https:\/\/www.sikortex.com\/wp-content\/uploads\/2023\/06\/O1CN01tQmdgS1g9OGm7AKe7_2207443834099-0-cib-1-300x300.jpg",300,300,true],"woocommerce_single":["https:\/\/www.sikortex.com\/wp-content\/uploads\/2023\/06\/O1CN01tQmdgS1g9OGm7AKe7_2207443834099-0-cib-1-600x600.jpg",600,600,true],"woocommerce_gallery_thumbnail":["https:\/\/www.sikortex.com\/wp-content\/uploads\/2023\/06\/O1CN01tQmdgS1g9OGm7AKe7_2207443834099-0-cib-1-100x100.jpg",100,100,true]},"uagb_author_info":{"display_name":"Perry","author_link":"https:\/\/www.sikortex.com\/pt\/author\/"},"uagb_comment_info":0,"uagb_excerpt":"600 Meters(Min.Order)","_links":{"self":[{"href":"https:\/\/www.sikortex.com\/pt\/wp-json\/wp\/v2\/product\/2345","targetHints":{"allow":["GET"]}}],"collection":[{"href":"https:\/\/www.sikortex.com\/pt\/wp-json\/wp\/v2\/product"}],"about":[{"href":"https:\/\/www.sikortex.com\/pt\/wp-json\/wp\/v2\/types\/product"}],"replies":[{"embeddable":true,"href":"https:\/\/www.sikortex.com\/pt\/wp-json\/wp\/v2\/comments?post=2345"}],"wp:featuredmedia":[{"embeddable":true,"href":"https:\/\/www.sikortex.com\/pt\/wp-json\/wp\/v2\/media\/3912"}],"wp:attachment":[{"href":"https:\/\/www.sikortex.com\/pt\/wp-json\/wp\/v2\/media?parent=2345"}],"wp:term":[{"taxonomy":"product_brand","embeddable":true,"href":"https:\/\/www.sikortex.com\/pt\/wp-json\/wp\/v2\/product_brand?post=2345"},{"taxonomy":"product_cat","embeddable":true,"href":"https:\/\/www.sikortex.com\/pt\/wp-json\/wp\/v2\/product_cat?post=2345"},{"taxonomy":"product_tag","embeddable":true,"href":"https:\/\/www.sikortex.com\/pt\/wp-json\/wp\/v2\/product_tag?post=2345"}],"curies":[{"name":"wp","href":"https:\/\/api.w.org\/{rel}","templated":true}]}}