{"id":2309,"date":"2023-06-02T16:07:43","date_gmt":"2023-06-02T08:07:43","guid":{"rendered":"http:\/\/203.196.10.64:3021\/?post_type=product&#038;p=2309"},"modified":"2024-09-13T17:29:48","modified_gmt":"2024-09-13T09:29:48","slug":"sk8271","status":"publish","type":"product","link":"https:\/\/www.sikortex.com\/pt\/produtos\/sk8271\/","title":{"rendered":"Sarja 420D 100 Nylon Tecido Oxford revestido com PU"},"content":{"rendered":"<p>Se voc\u00ea precisa de um tecido dur\u00e1vel e \u00e0 prova d&#039;\u00e1gua para o seu pr\u00f3ximo projeto, n\u00e3o procure mais, a sarja 420D de 230 g \/ m\u00b2 com tecido Oxford de nylon 100 revestido com PU. Este tecido \u00e9 feito de materiais densos e resistentes ao desgaste que proporcionam excelente prote\u00e7\u00e3o contra vento e chamas. \u00c9 perfeito para uso em bolsas, barracas, mochilas e bagagens.<\/p>\n<p>Com um peso de 230\u00b112gsm e uma largura de 150\u00b13cm, este tecido \u00e9 composto por nylon 100% e pode ser personalizado para atender \u00e0s suas necessidades espec\u00edficas. O mergulho de laborat\u00f3rio leva de 4 a 7 dias, enquanto o strike-off leva de 8 a 15 dias. A produ\u00e7\u00e3o em massa leva de 16 a 22 dias.<\/p>\n<p>Temos uma quantidade m\u00ednima de pedido de 1000 jardas, oferecemos amostras A4 gratuitamente, mas o frete deve ser pago pelo comprador.<\/p>","protected":false},"excerpt":{"rendered":"<p>800 metros (pedido m\u00ednimo)<\/p>","protected":false},"featured_media":3899,"comment_status":"closed","ping_status":"closed","template":"","meta":{"_uag_custom_page_level_css":"","site-sidebar-layout":"default","site-content-layout":"default","ast-site-content-layout":"","site-content-style":"default","site-sidebar-style":"default","ast-global-header-display":"","ast-banner-title-visibility":"","ast-main-header-display":"","ast-hfb-above-header-display":"","ast-hfb-below-header-display":"","ast-hfb-mobile-header-display":"","site-post-title":"","ast-breadcrumbs-content":"","ast-featured-img":"","footer-sml-layout":"","theme-transparent-header-meta":"default","adv-header-id-meta":"","stick-header-meta":"default","header-above-stick-meta":"","header-main-stick-meta":"","header-below-stick-meta":"","astra-migrate-meta-layouts":"default","ast-page-background-enabled":"default","ast-page-background-meta":{"desktop":{"background-color":"","background-image":"","background-repeat":"repeat","background-position":"center center","background-size":"auto","background-attachment":"scroll","background-type":"","background-media":"","overlay-type":"","overlay-color":"","overlay-opacity":"","overlay-gradient":""},"tablet":{"background-color":"","background-image":"","background-repeat":"repeat","background-position":"center center","background-size":"auto","background-attachment":"scroll","background-type":"","background-media":"","overlay-type":"","overlay-color":"","overlay-opacity":"","overlay-gradient":""},"mobile":{"background-color":"","background-image":"","background-repeat":"repeat","background-position":"center center","background-size":"auto","background-attachment":"scroll","background-type":"","background-media":"","overlay-type":"","overlay-color":"","overlay-opacity":"","overlay-gradient":""}},"ast-content-background-meta":{"desktop":{"background-color":"var(--ast-global-color-5)","background-image":"","background-repeat":"repeat","background-position":"center center","background-size":"auto","background-attachment":"scroll","background-type":"","background-media":"","overlay-type":"","overlay-color":"","overlay-opacity":"","overlay-gradient":""},"tablet":{"background-color":"var(--ast-global-color-5)","background-image":"","background-repeat":"repeat","background-position":"center center","background-size":"auto","background-attachment":"scroll","background-type":"","background-media":"","overlay-type":"","overlay-color":"","overlay-opacity":"","overlay-gradient":""},"mobile":{"background-color":"var(--ast-global-color-5)","background-image":"","background-repeat":"repeat","background-position":"center center","background-size":"auto","background-attachment":"scroll","background-type":"","background-media":"","overlay-type":"","overlay-color":"","overlay-opacity":"","overlay-gradient":""}}},"product_brand":[],"product_cat":[426,423,430,432,404,414],"product_tag":[],"class_list":{"0":"post-2309","1":"product","2":"type-product","3":"status-publish","4":"has-post-thumbnail","6":"product_cat-constructionmining","7":"product_cat-fabric-for-military-police","8":"product_cat-fabric-for-motorwear","9":"product_cat-fabric-for-tent","10":"product_cat-nylon-fabrics","11":"product_cat-waterproof-fabrics","12":"pa_available_colors-1526-41","13":"pa_available_colors-1526-45","14":"pa_available_colors-911052-spc","15":"pa_available_colors-000020-wht","16":"desktop-align-left","17":"tablet-align-left","18":"mobile-align-left","19":"ast-product-gallery-layout-vertical-slider","20":"ast-product-tabs-layout-horizontal","22":"first","23":"instock","24":"shipping-taxable","25":"product-type-simple"},"uagb_featured_image_src":{"full":["https:\/\/www.sikortex.com\/wp-content\/uploads\/2023\/06\/8907800767_496900300-1.jpg",1024,1024,false],"thumbnail":["https:\/\/www.sikortex.com\/wp-content\/uploads\/2023\/06\/8907800767_496900300-1-150x150.jpg",150,150,true],"medium":["https:\/\/www.sikortex.com\/wp-content\/uploads\/2023\/06\/8907800767_496900300-1-300x300.jpg",300,300,true],"medium_large":["https:\/\/www.sikortex.com\/wp-content\/uploads\/2023\/06\/8907800767_496900300-1-768x768.jpg",768,768,true],"large":["https:\/\/www.sikortex.com\/wp-content\/uploads\/2023\/06\/8907800767_496900300-1.jpg",1024,1024,false],"1536x1536":["https:\/\/www.sikortex.com\/wp-content\/uploads\/2023\/06\/8907800767_496900300-1.jpg",1024,1024,false],"2048x2048":["https:\/\/www.sikortex.com\/wp-content\/uploads\/2023\/06\/8907800767_496900300-1.jpg",1024,1024,false],"trp-custom-language-flag":["https:\/\/www.sikortex.com\/wp-content\/uploads\/2023\/06\/8907800767_496900300-1.jpg",12,12,false],"woocommerce_thumbnail":["https:\/\/www.sikortex.com\/wp-content\/uploads\/2023\/06\/8907800767_496900300-1-300x300.jpg",300,300,true],"woocommerce_single":["https:\/\/www.sikortex.com\/wp-content\/uploads\/2023\/06\/8907800767_496900300-1-600x600.jpg",600,600,true],"woocommerce_gallery_thumbnail":["https:\/\/www.sikortex.com\/wp-content\/uploads\/2023\/06\/8907800767_496900300-1-100x100.jpg",100,100,true]},"uagb_author_info":{"display_name":"Perry","author_link":"https:\/\/www.sikortex.com\/pt\/author\/"},"uagb_comment_info":0,"uagb_excerpt":"800 Meters(Min.Order)","_links":{"self":[{"href":"https:\/\/www.sikortex.com\/pt\/wp-json\/wp\/v2\/product\/2309","targetHints":{"allow":["GET"]}}],"collection":[{"href":"https:\/\/www.sikortex.com\/pt\/wp-json\/wp\/v2\/product"}],"about":[{"href":"https:\/\/www.sikortex.com\/pt\/wp-json\/wp\/v2\/types\/product"}],"replies":[{"embeddable":true,"href":"https:\/\/www.sikortex.com\/pt\/wp-json\/wp\/v2\/comments?post=2309"}],"wp:featuredmedia":[{"embeddable":true,"href":"https:\/\/www.sikortex.com\/pt\/wp-json\/wp\/v2\/media\/3899"}],"wp:attachment":[{"href":"https:\/\/www.sikortex.com\/pt\/wp-json\/wp\/v2\/media?parent=2309"}],"wp:term":[{"taxonomy":"product_brand","embeddable":true,"href":"https:\/\/www.sikortex.com\/pt\/wp-json\/wp\/v2\/product_brand?post=2309"},{"taxonomy":"product_cat","embeddable":true,"href":"https:\/\/www.sikortex.com\/pt\/wp-json\/wp\/v2\/product_cat?post=2309"},{"taxonomy":"product_tag","embeddable":true,"href":"https:\/\/www.sikortex.com\/pt\/wp-json\/wp\/v2\/product_tag?post=2309"}],"curies":[{"name":"wp","href":"https:\/\/api.w.org\/{rel}","templated":true}]}}