{"id":2288,"date":"2023-06-02T16:00:53","date_gmt":"2023-06-02T08:00:53","guid":{"rendered":"http:\/\/203.196.10.64:3021\/?post_type=product&#038;p=2288"},"modified":"2025-02-17T17:45:35","modified_gmt":"2025-02-17T09:45:35","slug":"tecido-de-nylon-420d-com-revestimento-de-pu-oxford","status":"publish","type":"product","link":"https:\/\/www.sikortex.com\/pt\/produtos\/tecido-de-nylon-420d-com-revestimento-de-pu-oxford\/","title":{"rendered":"Tecido de nylon 420D com revestimento de PU Oxford"},"content":{"rendered":"<h3 class=\"header-vfC6AV auto-hide-last-sibling-br\">Tecido de nylon 420D: uma escolha confi\u00e1vel para equipamentos para mau tempo<\/h3>\n<p>&nbsp;<\/p>\n<h4 class=\"header-vfC6AV auto-hide-last-sibling-br\">Artesanato meticuloso, estabelecendo a base da durabilidade<\/h4>\n<div class=\"auto-hide-last-sibling-br paragraph-JOTKXA paragraph-element br-paragraph-space\">Nosso tecido de nylon 420D se destaca desde o in\u00edcio com seu processo de tecelagem. Os fios s\u00e3o firmemente entrela\u00e7ados, construindo uma estrutura f\u00edsica est\u00e1vel para o tecido e estabelecendo uma base s\u00f3lida para sua durabilidade. Al\u00e9m disso, aplicamos um revestimento de PU de duas camadas. Esta n\u00e3o \u00e9 uma medida comum. O revestimento de duas camadas \u00e9 como colocar duas camadas de armadura s\u00f3lida no tecido. Ele n\u00e3o apenas aumenta a resist\u00eancia geral do tecido de forma abrangente, mas tamb\u00e9m melhora significativamente sua resist\u00eancia a rasgos. Imagine que durante uma aventura ao ar livre, o equipamento frequentemente entra em contato com pedras e galhos afiados. Tecidos comuns seriam facilmente arranhados, mas nosso tecido de nylon 420D com um revestimento de PU de duas camadas pode resistir a esses impactos tenazmente, garantindo a integridade do equipamento e fornecendo uma garantia confi\u00e1vel para suas viagens ao ar livre.<\/div>\n<div><\/div>\n<h4 class=\"header-vfC6AV auto-hide-last-sibling-br\">Dupla fun\u00e7\u00e3o de impermeabiliza\u00e7\u00e3o, garantindo a secura<\/h4>\n<div class=\"auto-hide-last-sibling-br paragraph-JOTKXA paragraph-element br-paragraph-space\">Al\u00e9m de sua excelente durabilidade, nosso tecido de nylon 420D vai al\u00e9m em termos de impermeabiliza\u00e7\u00e3o. Ele passou por tratamento DWR (Durable Water Repellent), formando uma estrutura microsc\u00f3pica especial na superf\u00edcie do tecido. Quando gotas de \u00e1gua o tocam, elas rapidamente se juntam em esferas e rolam para fora. Juntamente com o revestimento de PU de duas camadas, essas duas medidas trabalham juntas para atingir o melhor <a href=\"https:\/\/www.sikortex.com\/pt\/revista\/a-prova-dagua-e-repelente-de-agua\/\"><span style=\"color: #3366ff;\">\u00e0 prova d'\u00e1gua<\/span><\/a> efeito. Seja uma chuva forte ou uma n\u00e9voa espessa, o tecido pode bloquear completamente a umidade, mantendo os itens dentro do equipamento secos o tempo todo. Este desempenho \u00e0 prova d&#039;\u00e1gua m\u00e1ximo \u00e9 a prote\u00e7\u00e3o essencial que nosso tecido de nylon 420D fornece para equipamentos usados em condi\u00e7\u00f5es clim\u00e1ticas adversas.<\/div>\n<div><\/div>\n<h4 class=\"header-vfC6AV auto-hide-last-sibling-br\">Excelente resist\u00eancia \u00e0 abras\u00e3o, mantendo prote\u00e7\u00e3o duradoura<\/h4>\n<div class=\"auto-hide-last-sibling-br paragraph-JOTKXA paragraph-element br-paragraph-space\">No complexo ambiente externo, o atrito est\u00e1 em todo lugar. Nosso tecido de nylon 420D demonstra not\u00e1vel resist\u00eancia \u00e0 abras\u00e3o, gra\u00e7as \u00e0s suas propriedades \u00fanicas de material e estrutura de tecelagem apertada. Mesmo ap\u00f3s v\u00e1rios usos e caminhadas de longa dist\u00e2ncia, suportando atrito de alta intensidade por longos per\u00edodos, ele ainda pode manter boas propriedades f\u00edsicas sem reduzir seu efeito protetor no equipamento. Cada atrito \u00e9 um teste de sua qualidade, e nosso tecido de nylon 420D sempre se prova com desempenho excepcional.<\/div>\n<div><\/div>\n<h4 class=\"header-vfC6AV auto-hide-last-sibling-br\">Ampla aplicabilidade, confi\u00e1vel em todos os cen\u00e1rios<\/h4>\n<div class=\"auto-hide-last-sibling-br paragraph-JOTKXA paragraph-element br-paragraph-space\">Com as muitas vantagens excepcionais mencionadas acima, nosso tecido de nylon 420D tem uma ampla gama de aplica\u00e7\u00f5es, especialmente na fabrica\u00e7\u00e3o de equipamentos que precisam suportar condi\u00e7\u00f5es clim\u00e1ticas adversas. Seja uma mochila de montanhismo que tem que suportar vento, chuva e atrito de pedras durante escaladas de pico, ou uma barraca de campo que tem que resistir a v\u00e1rias condi\u00e7\u00f5es clim\u00e1ticas complexas, nosso tecido de nylon 420D pode fornecer prote\u00e7\u00e3o confi\u00e1vel para esses equipamentos com seu excelente desempenho. Isso permite que os usu\u00e1rios aproveitem atividades ao ar livre com tranquilidade, mesmo em condi\u00e7\u00f5es clim\u00e1ticas adversas.<\/div>\n<p>&nbsp;<\/p>\n<div class=\"auto-hide-last-sibling-br paragraph-JOTKXA paragraph-element br-paragraph-space\">Nosso tecido de nylon 420D, com sua durabilidade, resist\u00eancia a rasgos, impermeabiliza\u00e7\u00e3o de dupla fun\u00e7\u00e3o e excelente resist\u00eancia \u00e0 abras\u00e3o, elaborado por meio de um trabalho artesanal meticuloso, tornou-se uma escolha insubstitu\u00edvel de alta qualidade no campo de equipamentos para condi\u00e7\u00f5es clim\u00e1ticas adversas, acompanhando de forma abrangente as jornadas de aventura dos entusiastas de atividades ao ar livre.<\/div>","protected":false},"excerpt":{"rendered":"<p>1000 metros (pedido m\u00ednimo)<\/p>","protected":false},"featured_media":6451,"comment_status":"closed","ping_status":"closed","template":"","meta":{"_uag_custom_page_level_css":"","site-sidebar-layout":"default","site-content-layout":"default","ast-site-content-layout":"","site-content-style":"default","site-sidebar-style":"default","ast-global-header-display":"","ast-banner-title-visibility":"","ast-main-header-display":"","ast-hfb-above-header-display":"","ast-hfb-below-header-display":"","ast-hfb-mobile-header-display":"","site-post-title":"","ast-breadcrumbs-content":"","ast-featured-img":"","footer-sml-layout":"","theme-transparent-header-meta":"default","adv-header-id-meta":"","stick-header-meta":"default","header-above-stick-meta":"","header-main-stick-meta":"","header-below-stick-meta":"","astra-migrate-meta-layouts":"default","ast-page-background-enabled":"default","ast-page-background-meta":{"desktop":{"background-color":"","background-image":"","background-repeat":"repeat","background-position":"center center","background-size":"auto","background-attachment":"scroll","background-type":"","background-media":"","overlay-type":"","overlay-color":"","overlay-opacity":"","overlay-gradient":""},"tablet":{"background-color":"","background-image":"","background-repeat":"repeat","background-position":"center center","background-size":"auto","background-attachment":"scroll","background-type":"","background-media":"","overlay-type":"","overlay-color":"","overlay-opacity":"","overlay-gradient":""},"mobile":{"background-color":"","background-image":"","background-repeat":"repeat","background-position":"center center","background-size":"auto","background-attachment":"scroll","background-type":"","background-media":"","overlay-type":"","overlay-color":"","overlay-opacity":"","overlay-gradient":""}},"ast-content-background-meta":{"desktop":{"background-color":"var(--ast-global-color-5)","background-image":"","background-repeat":"repeat","background-position":"center center","background-size":"auto","background-attachment":"scroll","background-type":"","background-media":"","overlay-type":"","overlay-color":"","overlay-opacity":"","overlay-gradient":""},"tablet":{"background-color":"var(--ast-global-color-5)","background-image":"","background-repeat":"repeat","background-position":"center center","background-size":"auto","background-attachment":"scroll","background-type":"","background-media":"","overlay-type":"","overlay-color":"","overlay-opacity":"","overlay-gradient":""},"mobile":{"background-color":"var(--ast-global-color-5)","background-image":"","background-repeat":"repeat","background-position":"center center","background-size":"auto","background-attachment":"scroll","background-type":"","background-media":"","overlay-type":"","overlay-color":"","overlay-opacity":"","overlay-gradient":""}}},"product_brand":[],"product_cat":[426,1206,423,430,432,404,1184,433,414],"product_tag":[],"class_list":{"0":"post-2288","1":"product","2":"type-product","3":"status-publish","4":"has-post-thumbnail","6":"product_cat-constructionmining","7":"product_cat-fabric-for-bag","8":"product_cat-fabric-for-military-police","9":"product_cat-fabric-for-motorwear","10":"product_cat-fabric-for-tent","11":"product_cat-nylon-fabrics","12":"product_cat-oxford-fabric","13":"product_cat-textile-for-industrial","14":"product_cat-waterproof-fabrics","15":"pa_available_colors-911052-spc","16":"desktop-align-left","17":"tablet-align-left","18":"mobile-align-left","19":"ast-product-gallery-layout-vertical-slider","20":"ast-product-tabs-layout-horizontal","22":"first","23":"instock","24":"shipping-taxable","25":"product-type-simple"},"uagb_featured_image_src":{"full":["https:\/\/www.sikortex.com\/wp-content\/uploads\/2023\/06\/nylon-oxford.jpg",800,800,false],"thumbnail":["https:\/\/www.sikortex.com\/wp-content\/uploads\/2023\/06\/nylon-oxford-150x150.jpg",150,150,true],"medium":["https:\/\/www.sikortex.com\/wp-content\/uploads\/2023\/06\/nylon-oxford-300x300.jpg",300,300,true],"medium_large":["https:\/\/www.sikortex.com\/wp-content\/uploads\/2023\/06\/nylon-oxford-768x768.jpg",768,768,true],"large":["https:\/\/www.sikortex.com\/wp-content\/uploads\/2023\/06\/nylon-oxford.jpg",800,800,false],"1536x1536":["https:\/\/www.sikortex.com\/wp-content\/uploads\/2023\/06\/nylon-oxford.jpg",800,800,false],"2048x2048":["https:\/\/www.sikortex.com\/wp-content\/uploads\/2023\/06\/nylon-oxford.jpg",800,800,false],"trp-custom-language-flag":["https:\/\/www.sikortex.com\/wp-content\/uploads\/2023\/06\/nylon-oxford-12x12.jpg",12,12,true],"woocommerce_thumbnail":["https:\/\/www.sikortex.com\/wp-content\/uploads\/2023\/06\/nylon-oxford-300x300.jpg",300,300,true],"woocommerce_single":["https:\/\/www.sikortex.com\/wp-content\/uploads\/2023\/06\/nylon-oxford-600x600.jpg",600,600,true],"woocommerce_gallery_thumbnail":["https:\/\/www.sikortex.com\/wp-content\/uploads\/2023\/06\/nylon-oxford-100x100.jpg",100,100,true]},"uagb_author_info":{"display_name":"Perry","author_link":"https:\/\/www.sikortex.com\/pt\/author\/"},"uagb_comment_info":0,"uagb_excerpt":"1000 Meters(Min.Order)","_links":{"self":[{"href":"https:\/\/www.sikortex.com\/pt\/wp-json\/wp\/v2\/product\/2288","targetHints":{"allow":["GET"]}}],"collection":[{"href":"https:\/\/www.sikortex.com\/pt\/wp-json\/wp\/v2\/product"}],"about":[{"href":"https:\/\/www.sikortex.com\/pt\/wp-json\/wp\/v2\/types\/product"}],"replies":[{"embeddable":true,"href":"https:\/\/www.sikortex.com\/pt\/wp-json\/wp\/v2\/comments?post=2288"}],"wp:featuredmedia":[{"embeddable":true,"href":"https:\/\/www.sikortex.com\/pt\/wp-json\/wp\/v2\/media\/6451"}],"wp:attachment":[{"href":"https:\/\/www.sikortex.com\/pt\/wp-json\/wp\/v2\/media?parent=2288"}],"wp:term":[{"taxonomy":"product_brand","embeddable":true,"href":"https:\/\/www.sikortex.com\/pt\/wp-json\/wp\/v2\/product_brand?post=2288"},{"taxonomy":"product_cat","embeddable":true,"href":"https:\/\/www.sikortex.com\/pt\/wp-json\/wp\/v2\/product_cat?post=2288"},{"taxonomy":"product_tag","embeddable":true,"href":"https:\/\/www.sikortex.com\/pt\/wp-json\/wp\/v2\/product_tag?post=2288"}],"curies":[{"name":"wp","href":"https:\/\/api.w.org\/{rel}","templated":true}]}}