{"id":2246,"date":"2023-06-02T15:50:33","date_gmt":"2023-06-02T07:50:33","guid":{"rendered":"http:\/\/203.196.10.64:3021\/?post_type=product&#038;p=2246"},"modified":"2024-12-17T11:02:43","modified_gmt":"2024-12-17T03:02:43","slug":"sk8266-1680d-tecido-jacquard-sarja-nylon","status":"publish","type":"product","link":"https:\/\/www.sikortex.com\/pt\/produtos\/sk8266-1680d-tecido-jacquard-sarja-nylon\/","title":{"rendered":"Sarja de tecido Oxford 1680D Jacquard Nylon Oxford"},"content":{"rendered":"<p>Tecido premium conhecido por sua excepcional for\u00e7a, durabilidade e resist\u00eancia \u00e0 \u00e1gua. Esse tecido de trama simples com urdidura dupla e trama dupla foi projetado para atender aos mais altos padr\u00f5es de qualidade.<\/p>\n<p>Fabricado em n\u00e1ilon, nosso tecido Oxford 1680D utiliza um processo de fabrica\u00e7\u00e3o exclusivo. Dois filamentos de n\u00e1ilon 420D s\u00e3o firmemente enrolados e torcidos juntos para formar um filamento 840D robusto. Com o m\u00e9todo de tecelagem de urdidura dupla e trama dupla, o tecido resultante consiste em dois filamentos 840D, criando a resist\u00eancia e a densidade de um fio duplo 1680D.<\/p>\n<p>O tecido Oxford Twill Jacquard Nylon 1680D apresenta excelente resist\u00eancia \u00e0 tra\u00e7\u00e3o e resist\u00eancia ao desgaste, tornando-o ideal para aplica\u00e7\u00f5es de alto estresse. Sua estrutura de alta densidade oferece excelente resist\u00eancia \u00e0 \u00e1gua, atendendo frequentemente aos padr\u00f5es de impermeabilidade IPX3 ou IPX4. Al\u00e9m disso, o tecido apresenta brilho nobre, agregando um toque de eleg\u00e2ncia a produtos e bolsas de alta qualidade para atividades ao ar livre.<\/p>\n<p>Para melhorar ainda mais seu desempenho, nosso Tecido Oxford 1680D pode passar por diversos tratamentos p\u00f3s-acabamento. As op\u00e7\u00f5es incluem PVC calandrado, revestimento de PU, composto EVA, bem como impress\u00e3o por transfer\u00eancia, lamina\u00e7\u00e3o a quente e serigrafia, entre outros.<\/p>\n<p>Tamb\u00e9m oferecemos a op\u00e7\u00e3o de tecido Oxford de camada dupla 1680D com poli\u00e9ster, oferecendo op\u00e7\u00f5es adicionais para atender \u00e0s suas necessidades espec\u00edficas.<\/p>","protected":false},"excerpt":{"rendered":"<p>600 metros (Pedido m\u00edn.)<\/p>","protected":false},"featured_media":3839,"comment_status":"closed","ping_status":"closed","template":"","meta":{"_uag_custom_page_level_css":"","site-sidebar-layout":"default","site-content-layout":"default","ast-site-content-layout":"","site-content-style":"default","site-sidebar-style":"default","ast-global-header-display":"","ast-banner-title-visibility":"","ast-main-header-display":"","ast-hfb-above-header-display":"","ast-hfb-below-header-display":"","ast-hfb-mobile-header-display":"","site-post-title":"","ast-breadcrumbs-content":"","ast-featured-img":"","footer-sml-layout":"","theme-transparent-header-meta":"default","adv-header-id-meta":"","stick-header-meta":"default","header-above-stick-meta":"","header-main-stick-meta":"","header-below-stick-meta":"","astra-migrate-meta-layouts":"default","ast-page-background-enabled":"default","ast-page-background-meta":{"desktop":{"background-color":"","background-image":"","background-repeat":"repeat","background-position":"center center","background-size":"auto","background-attachment":"scroll","background-type":"","background-media":"","overlay-type":"","overlay-color":"","overlay-opacity":"","overlay-gradient":""},"tablet":{"background-color":"","background-image":"","background-repeat":"repeat","background-position":"center center","background-size":"auto","background-attachment":"scroll","background-type":"","background-media":"","overlay-type":"","overlay-color":"","overlay-opacity":"","overlay-gradient":""},"mobile":{"background-color":"","background-image":"","background-repeat":"repeat","background-position":"center center","background-size":"auto","background-attachment":"scroll","background-type":"","background-media":"","overlay-type":"","overlay-color":"","overlay-opacity":"","overlay-gradient":""}},"ast-content-background-meta":{"desktop":{"background-color":"var(--ast-global-color-5)","background-image":"","background-repeat":"repeat","background-position":"center center","background-size":"auto","background-attachment":"scroll","background-type":"","background-media":"","overlay-type":"","overlay-color":"","overlay-opacity":"","overlay-gradient":""},"tablet":{"background-color":"var(--ast-global-color-5)","background-image":"","background-repeat":"repeat","background-position":"center center","background-size":"auto","background-attachment":"scroll","background-type":"","background-media":"","overlay-type":"","overlay-color":"","overlay-opacity":"","overlay-gradient":""},"mobile":{"background-color":"var(--ast-global-color-5)","background-image":"","background-repeat":"repeat","background-position":"center center","background-size":"auto","background-attachment":"scroll","background-type":"","background-media":"","overlay-type":"","overlay-color":"","overlay-opacity":"","overlay-gradient":""}}},"product_brand":[],"product_cat":[432,404,433,414],"product_tag":[],"class_list":{"0":"post-2246","1":"product","2":"type-product","3":"status-publish","4":"has-post-thumbnail","6":"product_cat-fabric-for-tent","7":"product_cat-nylon-fabrics","8":"product_cat-textile-for-industrial","9":"product_cat-waterproof-fabrics","10":"pa_available_colors-8236-8","11":"pa_available_colors-000014-wht","12":"pa_available_colors-royal-blue","13":"pa_available_colors-911052-spc","14":"desktop-align-left","15":"tablet-align-left","16":"mobile-align-left","17":"ast-product-gallery-layout-vertical-slider","18":"ast-product-tabs-layout-horizontal","20":"first","21":"instock","22":"shipping-taxable","23":"product-type-simple"},"uagb_featured_image_src":{"full":["https:\/\/www.sikortex.com\/wp-content\/uploads\/2023\/06\/3984757527_496900300-1.jpg",1024,1024,false],"thumbnail":["https:\/\/www.sikortex.com\/wp-content\/uploads\/2023\/06\/3984757527_496900300-1-150x150.jpg",150,150,true],"medium":["https:\/\/www.sikortex.com\/wp-content\/uploads\/2023\/06\/3984757527_496900300-1-300x300.jpg",300,300,true],"medium_large":["https:\/\/www.sikortex.com\/wp-content\/uploads\/2023\/06\/3984757527_496900300-1-768x768.jpg",768,768,true],"large":["https:\/\/www.sikortex.com\/wp-content\/uploads\/2023\/06\/3984757527_496900300-1.jpg",1024,1024,false],"1536x1536":["https:\/\/www.sikortex.com\/wp-content\/uploads\/2023\/06\/3984757527_496900300-1.jpg",1024,1024,false],"2048x2048":["https:\/\/www.sikortex.com\/wp-content\/uploads\/2023\/06\/3984757527_496900300-1.jpg",1024,1024,false],"trp-custom-language-flag":["https:\/\/www.sikortex.com\/wp-content\/uploads\/2023\/06\/3984757527_496900300-1.jpg",12,12,false],"woocommerce_thumbnail":["https:\/\/www.sikortex.com\/wp-content\/uploads\/2023\/06\/3984757527_496900300-1-300x300.jpg",300,300,true],"woocommerce_single":["https:\/\/www.sikortex.com\/wp-content\/uploads\/2023\/06\/3984757527_496900300-1-600x600.jpg",600,600,true],"woocommerce_gallery_thumbnail":["https:\/\/www.sikortex.com\/wp-content\/uploads\/2023\/06\/3984757527_496900300-1-100x100.jpg",100,100,true]},"uagb_author_info":{"display_name":"Perry","author_link":"https:\/\/www.sikortex.com\/pt\/author\/"},"uagb_comment_info":0,"uagb_excerpt":"600 Meters(Min.Order)","_links":{"self":[{"href":"https:\/\/www.sikortex.com\/pt\/wp-json\/wp\/v2\/product\/2246","targetHints":{"allow":["GET"]}}],"collection":[{"href":"https:\/\/www.sikortex.com\/pt\/wp-json\/wp\/v2\/product"}],"about":[{"href":"https:\/\/www.sikortex.com\/pt\/wp-json\/wp\/v2\/types\/product"}],"replies":[{"embeddable":true,"href":"https:\/\/www.sikortex.com\/pt\/wp-json\/wp\/v2\/comments?post=2246"}],"wp:featuredmedia":[{"embeddable":true,"href":"https:\/\/www.sikortex.com\/pt\/wp-json\/wp\/v2\/media\/3839"}],"wp:attachment":[{"href":"https:\/\/www.sikortex.com\/pt\/wp-json\/wp\/v2\/media?parent=2246"}],"wp:term":[{"taxonomy":"product_brand","embeddable":true,"href":"https:\/\/www.sikortex.com\/pt\/wp-json\/wp\/v2\/product_brand?post=2246"},{"taxonomy":"product_cat","embeddable":true,"href":"https:\/\/www.sikortex.com\/pt\/wp-json\/wp\/v2\/product_cat?post=2246"},{"taxonomy":"product_tag","embeddable":true,"href":"https:\/\/www.sikortex.com\/pt\/wp-json\/wp\/v2\/product_tag?post=2246"}],"curies":[{"name":"wp","href":"https:\/\/api.w.org\/{rel}","templated":true}]}}