{"id":2245,"date":"2023-06-02T15:49:23","date_gmt":"2023-06-02T07:49:23","guid":{"rendered":"http:\/\/203.196.10.64:3021\/?post_type=product&#038;p=2245"},"modified":"2023-11-05T15:06:37","modified_gmt":"2023-11-05T07:06:37","slug":"sk8332-nc-50-50-tecido-de-algodao-cordura","status":"publish","type":"product","link":"https:\/\/www.sikortex.com\/pt\/produtos\/sk8332-nc-50-50-tecido-de-algodao-cordura\/","title":{"rendered":"N\/C 50\/50 Tecido Ripstop de Algod\u00e3o Cordura mesclado xadrez"},"content":{"rendered":"<h5>Melhores tecidos militares \u2013 misturas de algod\u00e3o e nylon Cordura<\/h5>\n<p>Voc\u00ea est\u00e1 em busca de um tecido de alta resist\u00eancia que resista a ambientes dif\u00edceis? N\u00e3o procure mais do que a mistura inovadora de tecido SIKOR-TEX de nylon 50% e algod\u00e3o 50%. Esta mistura inovadora combina o melhor dos dois mundos, combinando a respirabilidade do algod\u00e3o com a excepcional durabilidade e resist\u00eancia do nylon.<br \/>\nA adi\u00e7\u00e3o de um design de padr\u00e3o de verifica\u00e7\u00e3o n\u00e3o apenas exibe not\u00e1vel resist\u00eancia ao desgaste, mas tamb\u00e9m melhora muito a resist\u00eancia ao rasgo. Esse design exclusivo garante que o tecido resista at\u00e9 mesmo aos ambientes mais hostis, tornando-o a escolha perfeita para quem precisa que suas roupas resistam ao desgaste di\u00e1rio.<br \/>\nO tecido SIKOR-TEX Cordura Cotton \u00e9 mais do que apenas dur\u00e1vel. Sua resist\u00eancia ao desgaste \u00e9 mais de tr\u00eas vezes maior que a do algod\u00e3o poli\u00e9ster ou do tecido de algod\u00e3o 100%, tornando-o a escolha ideal para quem precisa de materiais de alto desempenho. Tamb\u00e9m est\u00e3o dispon\u00edveis op\u00e7\u00f5es de impress\u00e3o e acabamentos funcionais especiais, tornando-o um dos tecidos mais vers\u00e1teis do mercado.<br \/>\nQuer voc\u00ea esteja na ind\u00fastria militar, policial, de seguran\u00e7a ou de roupas de trabalho, nosso tecido \u00e9 a escolha perfeita para voc\u00ea. A sua mistura \u00fanica de materiais e design tornam-na uma escolha de topo para quem exige o melhor em qualidade e durabilidade. Escolha nossa mistura de tecido de nylon 50% e algod\u00e3o 50% para o seu pr\u00f3ximo projeto e experimente a diferen\u00e7a por si mesmo.<\/p>","protected":false},"excerpt":{"rendered":"<p>600 metros (Pedido m\u00edn.)<\/p>","protected":false},"featured_media":3875,"comment_status":"closed","ping_status":"closed","template":"","meta":{"_uag_custom_page_level_css":"","site-sidebar-layout":"default","site-content-layout":"default","ast-site-content-layout":"","site-content-style":"default","site-sidebar-style":"default","ast-global-header-display":"","ast-banner-title-visibility":"","ast-main-header-display":"","ast-hfb-above-header-display":"","ast-hfb-below-header-display":"","ast-hfb-mobile-header-display":"","site-post-title":"","ast-breadcrumbs-content":"","ast-featured-img":"","footer-sml-layout":"","theme-transparent-header-meta":"default","adv-header-id-meta":"","stick-header-meta":"default","header-above-stick-meta":"","header-main-stick-meta":"","header-below-stick-meta":"","astra-migrate-meta-layouts":"default","ast-page-background-enabled":"default","ast-page-background-meta":{"desktop":{"background-color":"","background-image":"","background-repeat":"repeat","background-position":"center center","background-size":"auto","background-attachment":"scroll","background-type":"","background-media":"","overlay-type":"","overlay-color":"","overlay-opacity":"","overlay-gradient":""},"tablet":{"background-color":"","background-image":"","background-repeat":"repeat","background-position":"center center","background-size":"auto","background-attachment":"scroll","background-type":"","background-media":"","overlay-type":"","overlay-color":"","overlay-opacity":"","overlay-gradient":""},"mobile":{"background-color":"","background-image":"","background-repeat":"repeat","background-position":"center center","background-size":"auto","background-attachment":"scroll","background-type":"","background-media":"","overlay-type":"","overlay-color":"","overlay-opacity":"","overlay-gradient":""}},"ast-content-background-meta":{"desktop":{"background-color":"var(--ast-global-color-5)","background-image":"","background-repeat":"repeat","background-position":"center center","background-size":"auto","background-attachment":"scroll","background-type":"","background-media":"","overlay-type":"","overlay-color":"","overlay-opacity":"","overlay-gradient":""},"tablet":{"background-color":"var(--ast-global-color-5)","background-image":"","background-repeat":"repeat","background-position":"center center","background-size":"auto","background-attachment":"scroll","background-type":"","background-media":"","overlay-type":"","overlay-color":"","overlay-opacity":"","overlay-gradient":""},"mobile":{"background-color":"var(--ast-global-color-5)","background-image":"","background-repeat":"repeat","background-position":"center center","background-size":"auto","background-attachment":"scroll","background-type":"","background-media":"","overlay-type":"","overlay-color":"","overlay-opacity":"","overlay-gradient":""}}},"product_brand":[],"product_cat":[419,426,423,406],"product_tag":[],"class_list":{"0":"post-2245","1":"product","2":"type-product","3":"status-publish","4":"has-post-thumbnail","6":"product_cat-anti-infrared-fabrics","7":"product_cat-constructionmining","8":"product_cat-fabric-for-military-police","9":"product_cat-nylon-cotton","10":"pa_available_colors-8236-19","11":"desktop-align-left","12":"tablet-align-left","13":"mobile-align-left","14":"ast-product-gallery-layout-vertical-slider","15":"ast-product-tabs-layout-horizontal","17":"first","18":"instock","19":"shipping-taxable","20":"product-type-simple"},"uagb_featured_image_src":{"full":["https:\/\/www.sikortex.com\/wp-content\/uploads\/2023\/06\/9049657368_731223358-2.jpg",1024,1024,false],"thumbnail":["https:\/\/www.sikortex.com\/wp-content\/uploads\/2023\/06\/9049657368_731223358-2-150x150.jpg",150,150,true],"medium":["https:\/\/www.sikortex.com\/wp-content\/uploads\/2023\/06\/9049657368_731223358-2-300x300.jpg",300,300,true],"medium_large":["https:\/\/www.sikortex.com\/wp-content\/uploads\/2023\/06\/9049657368_731223358-2-768x768.jpg",768,768,true],"large":["https:\/\/www.sikortex.com\/wp-content\/uploads\/2023\/06\/9049657368_731223358-2.jpg",1024,1024,false],"1536x1536":["https:\/\/www.sikortex.com\/wp-content\/uploads\/2023\/06\/9049657368_731223358-2.jpg",1024,1024,false],"2048x2048":["https:\/\/www.sikortex.com\/wp-content\/uploads\/2023\/06\/9049657368_731223358-2.jpg",1024,1024,false],"trp-custom-language-flag":["https:\/\/www.sikortex.com\/wp-content\/uploads\/2023\/06\/9049657368_731223358-2.jpg",12,12,false],"woocommerce_thumbnail":["https:\/\/www.sikortex.com\/wp-content\/uploads\/2023\/06\/9049657368_731223358-2-300x300.jpg",300,300,true],"woocommerce_single":["https:\/\/www.sikortex.com\/wp-content\/uploads\/2023\/06\/9049657368_731223358-2-600x600.jpg",600,600,true],"woocommerce_gallery_thumbnail":["https:\/\/www.sikortex.com\/wp-content\/uploads\/2023\/06\/9049657368_731223358-2-100x100.jpg",100,100,true]},"uagb_author_info":{"display_name":"Perry","author_link":"https:\/\/www.sikortex.com\/pt\/author\/"},"uagb_comment_info":0,"uagb_excerpt":"600 Meters(Min.Order)","_links":{"self":[{"href":"https:\/\/www.sikortex.com\/pt\/wp-json\/wp\/v2\/product\/2245","targetHints":{"allow":["GET"]}}],"collection":[{"href":"https:\/\/www.sikortex.com\/pt\/wp-json\/wp\/v2\/product"}],"about":[{"href":"https:\/\/www.sikortex.com\/pt\/wp-json\/wp\/v2\/types\/product"}],"replies":[{"embeddable":true,"href":"https:\/\/www.sikortex.com\/pt\/wp-json\/wp\/v2\/comments?post=2245"}],"wp:featuredmedia":[{"embeddable":true,"href":"https:\/\/www.sikortex.com\/pt\/wp-json\/wp\/v2\/media\/3875"}],"wp:attachment":[{"href":"https:\/\/www.sikortex.com\/pt\/wp-json\/wp\/v2\/media?parent=2245"}],"wp:term":[{"taxonomy":"product_brand","embeddable":true,"href":"https:\/\/www.sikortex.com\/pt\/wp-json\/wp\/v2\/product_brand?post=2245"},{"taxonomy":"product_cat","embeddable":true,"href":"https:\/\/www.sikortex.com\/pt\/wp-json\/wp\/v2\/product_cat?post=2245"},{"taxonomy":"product_tag","embeddable":true,"href":"https:\/\/www.sikortex.com\/pt\/wp-json\/wp\/v2\/product_tag?post=2245"}],"curies":[{"name":"wp","href":"https:\/\/api.w.org\/{rel}","templated":true}]}}