{"id":2206,"date":"2023-06-02T15:40:35","date_gmt":"2023-06-02T07:40:35","guid":{"rendered":"http:\/\/203.196.10.64:3021\/?post_type=product&#038;p=2206"},"modified":"2025-01-06T13:39:24","modified_gmt":"2025-01-06T05:39:24","slug":"sk8262","status":"publish","type":"product","link":"https:\/\/www.sikortex.com\/pt\/produtos\/sk8262\/","title":{"rendered":"Tecido Oxford Nylon 90D*200D"},"content":{"rendered":"<p>Tecido Oxford de nylon 90D * 200D, uma pot\u00eancia de resist\u00eancia, resist\u00eancia ao desgaste e desempenho \u00e0 prova d&#039;\u00e1gua. Projetado para se destacar em aplica\u00e7\u00f5es exigentes, este tecido \u00e9 a melhor escolha para bolsas, carrinhos e jaquetas.<\/p>\n<p>Fabricado com aten\u00e7\u00e3o meticulosa aos detalhes, nosso tecido apresenta uma constru\u00e7\u00e3o em nylon oxford 90D*200D, proporcionando durabilidade excepcional e resist\u00eancia ao desgaste de longa dura\u00e7\u00e3o. Ele foi constru\u00eddo para resistir \u00e0s condi\u00e7\u00f5es mais dif\u00edceis e ao teste do tempo.<\/p>\n<p>Com peso de 320 (g\/\u33a1), nosso tecido atinge o equil\u00edbrio perfeito entre resist\u00eancia e funcionalidade leve. Oferece uma estrutura robusta sem comprometer o conforto ou comodidade.<\/p>\n<p>Abrace a confian\u00e7a das capacidades superiores \u00e0 prova d\u2019\u00e1gua. Nosso tecido mant\u00e9m seus pertences, carrinhos e jaquetas protegidos da umidade, garantindo que permane\u00e7am secos e intactos mesmo em ambientes \u00famidos.<\/p>","protected":false},"excerpt":{"rendered":"<p>600 metros (Pedido m\u00edn.)<\/p>","protected":false},"featured_media":3833,"comment_status":"closed","ping_status":"closed","template":"","meta":{"_uag_custom_page_level_css":"","site-sidebar-layout":"default","site-content-layout":"default","ast-site-content-layout":"","site-content-style":"default","site-sidebar-style":"default","ast-global-header-display":"","ast-banner-title-visibility":"","ast-main-header-display":"","ast-hfb-above-header-display":"","ast-hfb-below-header-display":"","ast-hfb-mobile-header-display":"","site-post-title":"","ast-breadcrumbs-content":"","ast-featured-img":"","footer-sml-layout":"","theme-transparent-header-meta":"default","adv-header-id-meta":"","stick-header-meta":"default","header-above-stick-meta":"","header-main-stick-meta":"","header-below-stick-meta":"","astra-migrate-meta-layouts":"default","ast-page-background-enabled":"default","ast-page-background-meta":{"desktop":{"background-color":"","background-image":"","background-repeat":"repeat","background-position":"center center","background-size":"auto","background-attachment":"scroll","background-type":"","background-media":"","overlay-type":"","overlay-color":"","overlay-opacity":"","overlay-gradient":""},"tablet":{"background-color":"","background-image":"","background-repeat":"repeat","background-position":"center center","background-size":"auto","background-attachment":"scroll","background-type":"","background-media":"","overlay-type":"","overlay-color":"","overlay-opacity":"","overlay-gradient":""},"mobile":{"background-color":"","background-image":"","background-repeat":"repeat","background-position":"center center","background-size":"auto","background-attachment":"scroll","background-type":"","background-media":"","overlay-type":"","overlay-color":"","overlay-opacity":"","overlay-gradient":""}},"ast-content-background-meta":{"desktop":{"background-color":"var(--ast-global-color-5)","background-image":"","background-repeat":"repeat","background-position":"center center","background-size":"auto","background-attachment":"scroll","background-type":"","background-media":"","overlay-type":"","overlay-color":"","overlay-opacity":"","overlay-gradient":""},"tablet":{"background-color":"var(--ast-global-color-5)","background-image":"","background-repeat":"repeat","background-position":"center center","background-size":"auto","background-attachment":"scroll","background-type":"","background-media":"","overlay-type":"","overlay-color":"","overlay-opacity":"","overlay-gradient":""},"mobile":{"background-color":"var(--ast-global-color-5)","background-image":"","background-repeat":"repeat","background-position":"center center","background-size":"auto","background-attachment":"scroll","background-type":"","background-media":"","overlay-type":"","overlay-color":"","overlay-opacity":"","overlay-gradient":""}}},"product_brand":[],"product_cat":[404,433,414],"product_tag":[],"class_list":{"0":"post-2206","1":"product","2":"type-product","3":"status-publish","4":"has-post-thumbnail","6":"product_cat-nylon-fabrics","7":"product_cat-textile-for-industrial","8":"product_cat-waterproof-fabrics","9":"pa_available_colors-911052-spc","10":"desktop-align-left","11":"tablet-align-left","12":"mobile-align-left","13":"ast-product-gallery-layout-vertical-slider","14":"ast-product-tabs-layout-horizontal","16":"first","17":"instock","18":"shipping-taxable","19":"product-type-simple"},"uagb_featured_image_src":{"full":["https:\/\/www.sikortex.com\/wp-content\/uploads\/2023\/06\/O1CN01usiHOQ1MK769STn1M_2207532241415-0-cib-1.jpg",1024,1024,false],"thumbnail":["https:\/\/www.sikortex.com\/wp-content\/uploads\/2023\/06\/O1CN01usiHOQ1MK769STn1M_2207532241415-0-cib-1-150x150.jpg",150,150,true],"medium":["https:\/\/www.sikortex.com\/wp-content\/uploads\/2023\/06\/O1CN01usiHOQ1MK769STn1M_2207532241415-0-cib-1-300x300.jpg",300,300,true],"medium_large":["https:\/\/www.sikortex.com\/wp-content\/uploads\/2023\/06\/O1CN01usiHOQ1MK769STn1M_2207532241415-0-cib-1-768x768.jpg",768,768,true],"large":["https:\/\/www.sikortex.com\/wp-content\/uploads\/2023\/06\/O1CN01usiHOQ1MK769STn1M_2207532241415-0-cib-1.jpg",1024,1024,false],"1536x1536":["https:\/\/www.sikortex.com\/wp-content\/uploads\/2023\/06\/O1CN01usiHOQ1MK769STn1M_2207532241415-0-cib-1.jpg",1024,1024,false],"2048x2048":["https:\/\/www.sikortex.com\/wp-content\/uploads\/2023\/06\/O1CN01usiHOQ1MK769STn1M_2207532241415-0-cib-1.jpg",1024,1024,false],"trp-custom-language-flag":["https:\/\/www.sikortex.com\/wp-content\/uploads\/2023\/06\/O1CN01usiHOQ1MK769STn1M_2207532241415-0-cib-1.jpg",12,12,false],"woocommerce_thumbnail":["https:\/\/www.sikortex.com\/wp-content\/uploads\/2023\/06\/O1CN01usiHOQ1MK769STn1M_2207532241415-0-cib-1-300x300.jpg",300,300,true],"woocommerce_single":["https:\/\/www.sikortex.com\/wp-content\/uploads\/2023\/06\/O1CN01usiHOQ1MK769STn1M_2207532241415-0-cib-1-600x600.jpg",600,600,true],"woocommerce_gallery_thumbnail":["https:\/\/www.sikortex.com\/wp-content\/uploads\/2023\/06\/O1CN01usiHOQ1MK769STn1M_2207532241415-0-cib-1-100x100.jpg",100,100,true]},"uagb_author_info":{"display_name":"Perry","author_link":"https:\/\/www.sikortex.com\/pt\/author\/"},"uagb_comment_info":0,"uagb_excerpt":"600 Meters(Min.Order)","_links":{"self":[{"href":"https:\/\/www.sikortex.com\/pt\/wp-json\/wp\/v2\/product\/2206","targetHints":{"allow":["GET"]}}],"collection":[{"href":"https:\/\/www.sikortex.com\/pt\/wp-json\/wp\/v2\/product"}],"about":[{"href":"https:\/\/www.sikortex.com\/pt\/wp-json\/wp\/v2\/types\/product"}],"replies":[{"embeddable":true,"href":"https:\/\/www.sikortex.com\/pt\/wp-json\/wp\/v2\/comments?post=2206"}],"wp:featuredmedia":[{"embeddable":true,"href":"https:\/\/www.sikortex.com\/pt\/wp-json\/wp\/v2\/media\/3833"}],"wp:attachment":[{"href":"https:\/\/www.sikortex.com\/pt\/wp-json\/wp\/v2\/media?parent=2206"}],"wp:term":[{"taxonomy":"product_brand","embeddable":true,"href":"https:\/\/www.sikortex.com\/pt\/wp-json\/wp\/v2\/product_brand?post=2206"},{"taxonomy":"product_cat","embeddable":true,"href":"https:\/\/www.sikortex.com\/pt\/wp-json\/wp\/v2\/product_cat?post=2206"},{"taxonomy":"product_tag","embeddable":true,"href":"https:\/\/www.sikortex.com\/pt\/wp-json\/wp\/v2\/product_tag?post=2206"}],"curies":[{"name":"wp","href":"https:\/\/api.w.org\/{rel}","templated":true}]}}