{"id":2181,"date":"2023-06-02T15:33:57","date_gmt":"2023-06-02T07:33:57","guid":{"rendered":"http:\/\/203.196.10.64:3021\/?post_type=product&#038;p=2181"},"modified":"2024-12-16T14:43:16","modified_gmt":"2024-12-16T06:43:16","slug":"sk8260-300d-gabardine-poliester","status":"publish","type":"product","link":"https:\/\/www.sikortex.com\/pt\/produtos\/sk8260-300d-gabardine-poliester\/","title":{"rendered":"Tela do vestu\u00e1rio de trabalho do gabardine do poli\u00e9ster 300D"},"content":{"rendered":"<h6>SIKOR-TEX <span style=\"color: #3366ff;\"><a style=\"color: #3366ff;\" href=\"https:\/\/www.sikortex.com\/pt\/tecido-nylon-algodao-tecido-corta-vento-ripstop-5\/\">Tecido oxford<\/a><\/span> fabricante<\/h6>\n<p>Tecido de poli\u00e9ster 300D Gabardine Workwear, o ep\u00edtome da durabilidade e funcionalidade para suas necessidades profissionais. Projetado com aten\u00e7\u00e3o meticulosa aos detalhes, este tecido foi projetado para suportar com facilidade os ambientes de trabalho mais dif\u00edceis.<\/p>\n<p>Fabricado em poli\u00e9ster 300D de alta qualidade, nosso tecido apresenta resist\u00eancia e resili\u00eancia excepcionais, garantindo longevidade e uso prolongado. A trama de sarja 2\/2 acrescenta um toque de sofistica\u00e7\u00e3o ao mesmo tempo que aumenta a durabilidade e resist\u00eancia ao rasgo do tecido.<\/p>\n<p>Quer voc\u00ea esteja na constru\u00e7\u00e3o, na manufatura ou em qualquer outro setor exigente, nosso tecido Gabardine para vestu\u00e1rio de trabalho \u00e9 seu companheiro confi\u00e1vel. Oferece excelente prote\u00e7\u00e3o contra abras\u00f5es, tornando-o ideal para tarefas pesadas. Al\u00e9m disso, a composi\u00e7\u00e3o de poli\u00e9ster oferece resist\u00eancia \u00e0 \u00e1gua e manchas, mantendo sua apar\u00eancia elegante e profissional.<\/p>\n<p>Tecido de poli\u00e9ster 300D para roupas de trabalho tamb\u00e9m dispon\u00edvel em <span style=\"color: #3366ff;\"><a style=\"color: #3366ff;\" href=\"https:\/\/www.sikortex.com\/pt\/tecidos-de-alta-visibilidade\/\">OI VIS<\/a><\/span> cores<\/p>\n<p>&nbsp;<\/p>","protected":false},"excerpt":{"rendered":"<p>1000 metros (pedido m\u00ednimo)<\/p>","protected":false},"featured_media":3825,"comment_status":"closed","ping_status":"closed","template":"","meta":{"_uag_custom_page_level_css":"","site-sidebar-layout":"default","site-content-layout":"default","ast-site-content-layout":"","site-content-style":"default","site-sidebar-style":"default","ast-global-header-display":"","ast-banner-title-visibility":"","ast-main-header-display":"","ast-hfb-above-header-display":"","ast-hfb-below-header-display":"","ast-hfb-mobile-header-display":"","site-post-title":"","ast-breadcrumbs-content":"","ast-featured-img":"","footer-sml-layout":"","theme-transparent-header-meta":"default","adv-header-id-meta":"","stick-header-meta":"default","header-above-stick-meta":"","header-main-stick-meta":"","header-below-stick-meta":"","astra-migrate-meta-layouts":"default","ast-page-background-enabled":"default","ast-page-background-meta":{"desktop":{"background-color":"","background-image":"","background-repeat":"repeat","background-position":"center center","background-size":"auto","background-attachment":"scroll","background-type":"","background-media":"","overlay-type":"","overlay-color":"","overlay-opacity":"","overlay-gradient":""},"tablet":{"background-color":"","background-image":"","background-repeat":"repeat","background-position":"center center","background-size":"auto","background-attachment":"scroll","background-type":"","background-media":"","overlay-type":"","overlay-color":"","overlay-opacity":"","overlay-gradient":""},"mobile":{"background-color":"","background-image":"","background-repeat":"repeat","background-position":"center center","background-size":"auto","background-attachment":"scroll","background-type":"","background-media":"","overlay-type":"","overlay-color":"","overlay-opacity":"","overlay-gradient":""}},"ast-content-background-meta":{"desktop":{"background-color":"var(--ast-global-color-5)","background-image":"","background-repeat":"repeat","background-position":"center center","background-size":"auto","background-attachment":"scroll","background-type":"","background-media":"","overlay-type":"","overlay-color":"","overlay-opacity":"","overlay-gradient":""},"tablet":{"background-color":"var(--ast-global-color-5)","background-image":"","background-repeat":"repeat","background-position":"center center","background-size":"auto","background-attachment":"scroll","background-type":"","background-media":"","overlay-type":"","overlay-color":"","overlay-opacity":"","overlay-gradient":""},"mobile":{"background-color":"var(--ast-global-color-5)","background-image":"","background-repeat":"repeat","background-position":"center center","background-size":"auto","background-attachment":"scroll","background-type":"","background-media":"","overlay-type":"","overlay-color":"","overlay-opacity":"","overlay-gradient":""}}},"product_brand":[],"product_cat":[426,427,403,407,425],"product_tag":[],"class_list":{"0":"post-2181","1":"product","2":"type-product","3":"status-publish","4":"has-post-thumbnail","6":"product_cat-constructionmining","7":"product_cat-petroleum-and-petrochemical","8":"product_cat-polyester-fabrics","9":"product_cat-recycled-fabric","10":"product_cat-security-emergencies-road-services","11":"pa_available_colors-1526-03","12":"pa_available_colors-1526-05","13":"pa_available_colors-1526-07","14":"pa_available_colors-1526-13","15":"pa_available_colors-1526-48","16":"pa_available_colors-fluorescent-orange","17":"pa_available_colors-fluorescent-red","18":"pa_available_colors-fluorescent-yellow","19":"pa_available_colors-000020-wht","20":"desktop-align-left","21":"tablet-align-left","22":"mobile-align-left","23":"ast-product-gallery-layout-vertical-slider","24":"ast-product-tabs-layout-horizontal","26":"first","27":"instock","28":"shipping-taxable","29":"product-type-simple"},"uagb_featured_image_src":{"full":["https:\/\/www.sikortex.com\/wp-content\/uploads\/2023\/06\/O1CN01enrbwT1t4tLO6bPkc_2211895355849-0-cib-1.jpg",1024,1024,false],"thumbnail":["https:\/\/www.sikortex.com\/wp-content\/uploads\/2023\/06\/O1CN01enrbwT1t4tLO6bPkc_2211895355849-0-cib-1-150x150.jpg",150,150,true],"medium":["https:\/\/www.sikortex.com\/wp-content\/uploads\/2023\/06\/O1CN01enrbwT1t4tLO6bPkc_2211895355849-0-cib-1-300x300.jpg",300,300,true],"medium_large":["https:\/\/www.sikortex.com\/wp-content\/uploads\/2023\/06\/O1CN01enrbwT1t4tLO6bPkc_2211895355849-0-cib-1-768x768.jpg",768,768,true],"large":["https:\/\/www.sikortex.com\/wp-content\/uploads\/2023\/06\/O1CN01enrbwT1t4tLO6bPkc_2211895355849-0-cib-1.jpg",1024,1024,false],"1536x1536":["https:\/\/www.sikortex.com\/wp-content\/uploads\/2023\/06\/O1CN01enrbwT1t4tLO6bPkc_2211895355849-0-cib-1.jpg",1024,1024,false],"2048x2048":["https:\/\/www.sikortex.com\/wp-content\/uploads\/2023\/06\/O1CN01enrbwT1t4tLO6bPkc_2211895355849-0-cib-1.jpg",1024,1024,false],"trp-custom-language-flag":["https:\/\/www.sikortex.com\/wp-content\/uploads\/2023\/06\/O1CN01enrbwT1t4tLO6bPkc_2211895355849-0-cib-1.jpg",12,12,false],"woocommerce_thumbnail":["https:\/\/www.sikortex.com\/wp-content\/uploads\/2023\/06\/O1CN01enrbwT1t4tLO6bPkc_2211895355849-0-cib-1-300x300.jpg",300,300,true],"woocommerce_single":["https:\/\/www.sikortex.com\/wp-content\/uploads\/2023\/06\/O1CN01enrbwT1t4tLO6bPkc_2211895355849-0-cib-1-600x600.jpg",600,600,true],"woocommerce_gallery_thumbnail":["https:\/\/www.sikortex.com\/wp-content\/uploads\/2023\/06\/O1CN01enrbwT1t4tLO6bPkc_2211895355849-0-cib-1-100x100.jpg",100,100,true]},"uagb_author_info":{"display_name":"Perry","author_link":"https:\/\/www.sikortex.com\/pt\/author\/"},"uagb_comment_info":0,"uagb_excerpt":"1000 Meters(Min.Order)","_links":{"self":[{"href":"https:\/\/www.sikortex.com\/pt\/wp-json\/wp\/v2\/product\/2181","targetHints":{"allow":["GET"]}}],"collection":[{"href":"https:\/\/www.sikortex.com\/pt\/wp-json\/wp\/v2\/product"}],"about":[{"href":"https:\/\/www.sikortex.com\/pt\/wp-json\/wp\/v2\/types\/product"}],"replies":[{"embeddable":true,"href":"https:\/\/www.sikortex.com\/pt\/wp-json\/wp\/v2\/comments?post=2181"}],"wp:featuredmedia":[{"embeddable":true,"href":"https:\/\/www.sikortex.com\/pt\/wp-json\/wp\/v2\/media\/3825"}],"wp:attachment":[{"href":"https:\/\/www.sikortex.com\/pt\/wp-json\/wp\/v2\/media?parent=2181"}],"wp:term":[{"taxonomy":"product_brand","embeddable":true,"href":"https:\/\/www.sikortex.com\/pt\/wp-json\/wp\/v2\/product_brand?post=2181"},{"taxonomy":"product_cat","embeddable":true,"href":"https:\/\/www.sikortex.com\/pt\/wp-json\/wp\/v2\/product_cat?post=2181"},{"taxonomy":"product_tag","embeddable":true,"href":"https:\/\/www.sikortex.com\/pt\/wp-json\/wp\/v2\/product_tag?post=2181"}],"curies":[{"name":"wp","href":"https:\/\/api.w.org\/{rel}","templated":true}]}}