{"id":2146,"date":"2023-06-02T15:28:57","date_gmt":"2023-06-02T07:28:57","guid":{"rendered":"http:\/\/203.196.10.64:3021\/?post_type=product&#038;p=2146"},"modified":"2023-11-06T14:30:44","modified_gmt":"2023-11-06T06:30:44","slug":"sk8258-tecido-impermeavel-e-respiravel","status":"publish","type":"product","link":"https:\/\/www.sikortex.com\/pt\/produtos\/sk8258-tecido-impermeavel-e-respiravel\/","title":{"rendered":"75D T800 Tecido PTFE laminado imperme\u00e1vel e respir\u00e1vel"},"content":{"rendered":"<p>Apresentando nosso tecido respir\u00e1vel \u00e0 prova d&#039;\u00e1gua laminado PTFE 75D T800, um material de alto desempenho que combina propriedades imperme\u00e1veis e respir\u00e1veis para conforto ideal em atividades ao ar livre. Este tecido de 3 camadas foi projetado para suportar condi\u00e7\u00f5es clim\u00e1ticas desafiadoras, mantendo voc\u00ea seco e confort\u00e1vel.<\/p>\n<p>O tecido apresenta uma camada externa el\u00e1stica 75D T800, que proporciona durabilidade e flexibilidade para movimentos irrestritos. A membrana laminada de PTFE (politetrafluoretileno) na camada intermedi\u00e1ria atua como barreira imperme\u00e1vel, com alta resist\u00eancia \u00e0 \u00e1gua de 20.000 mm, garantindo excelente prote\u00e7\u00e3o contra chuva e umidade.<\/p>\n<p>Ao mesmo tempo, a membrana de PTFE tamb\u00e9m possui alta respirabilidade, permitindo a sa\u00edda do vapor de umidade e mantendo um microclima confort\u00e1vel dentro do tecido. Com uma classifica\u00e7\u00e3o de respirabilidade de 20.000g\/m\u00b2\/24h, voc\u00ea pode ficar seco e sem suor mesmo durante atividades f\u00edsicas intensas.<\/p>\n<p>Com suas excepcionais propriedades imperme\u00e1veis e respir\u00e1veis, este tecido \u00e9 ideal para uma variedade de aplica\u00e7\u00f5es ao ar livre, incluindo jaquetas, cal\u00e7as e outros agasalhos. Esteja voc\u00ea caminhando, acampando ou praticando diversas atividades esportivas, nosso tecido PTFE laminado el\u00e1stico fornecer\u00e1 prote\u00e7\u00e3o confi\u00e1vel contra chuva, neve e vento, mantendo voc\u00ea confort\u00e1vel e seco.<\/p>\n<p>Al\u00e9m de suas caracter\u00edsticas funcionais, o tecido oferece uma sensa\u00e7\u00e3o confort\u00e1vel na pele. A capacidade de estiramento permite facilidade de movimento, enquanto o toque suave aumenta o conforto geral durante o uso.<\/p>\n<p>Escolha nosso tecido PTFE laminado el\u00e1stico por suas excepcionais propriedades imperme\u00e1veis e respir\u00e1veis. Experimente a liberdade de movimento e mantenha-se seco e confort\u00e1vel em todas as atividades ao ar livre.<\/p>","protected":false},"excerpt":{"rendered":"<p>600 metros (Pedido m\u00edn.)<\/p>","protected":false},"featured_media":6005,"comment_status":"closed","ping_status":"closed","template":"","meta":{"_uag_custom_page_level_css":"","site-sidebar-layout":"default","site-content-layout":"default","ast-site-content-layout":"","site-content-style":"default","site-sidebar-style":"default","ast-global-header-display":"","ast-banner-title-visibility":"","ast-main-header-display":"","ast-hfb-above-header-display":"","ast-hfb-below-header-display":"","ast-hfb-mobile-header-display":"","site-post-title":"","ast-breadcrumbs-content":"","ast-featured-img":"","footer-sml-layout":"","theme-transparent-header-meta":"default","adv-header-id-meta":"","stick-header-meta":"default","header-above-stick-meta":"","header-main-stick-meta":"","header-below-stick-meta":"","astra-migrate-meta-layouts":"default","ast-page-background-enabled":"default","ast-page-background-meta":{"desktop":{"background-color":"","background-image":"","background-repeat":"repeat","background-position":"center center","background-size":"auto","background-attachment":"scroll","background-type":"","background-media":"","overlay-type":"","overlay-color":"","overlay-opacity":"","overlay-gradient":""},"tablet":{"background-color":"","background-image":"","background-repeat":"repeat","background-position":"center center","background-size":"auto","background-attachment":"scroll","background-type":"","background-media":"","overlay-type":"","overlay-color":"","overlay-opacity":"","overlay-gradient":""},"mobile":{"background-color":"","background-image":"","background-repeat":"repeat","background-position":"center center","background-size":"auto","background-attachment":"scroll","background-type":"","background-media":"","overlay-type":"","overlay-color":"","overlay-opacity":"","overlay-gradient":""}},"ast-content-background-meta":{"desktop":{"background-color":"var(--ast-global-color-5)","background-image":"","background-repeat":"repeat","background-position":"center center","background-size":"auto","background-attachment":"scroll","background-type":"","background-media":"","overlay-type":"","overlay-color":"","overlay-opacity":"","overlay-gradient":""},"tablet":{"background-color":"var(--ast-global-color-5)","background-image":"","background-repeat":"repeat","background-position":"center center","background-size":"auto","background-attachment":"scroll","background-type":"","background-media":"","overlay-type":"","overlay-color":"","overlay-opacity":"","overlay-gradient":""},"mobile":{"background-color":"var(--ast-global-color-5)","background-image":"","background-repeat":"repeat","background-position":"center center","background-size":"auto","background-attachment":"scroll","background-type":"","background-media":"","overlay-type":"","overlay-color":"","overlay-opacity":"","overlay-gradient":""}}},"product_brand":[],"product_cat":[431,430,428,421,415,403,414],"product_tag":[],"class_list":{"0":"post-2146","1":"product","2":"type-product","3":"status-publish","4":"has-post-thumbnail","6":"product_cat-fabric-for-commuting-clothing","7":"product_cat-fabric-for-motorwear","8":"product_cat-fabric-for-outdoor-sports","9":"product_cat-foul-weather-fabrics","10":"product_cat-oil-repellent-fabric","11":"product_cat-polyester-fabrics","12":"product_cat-waterproof-fabrics","13":"pa_available_colors-501001-spc","14":"pa_available_colors-h-black","15":"pa_available_colors-911052-spc","16":"pa_available_colors-000020-wht","17":"desktop-align-left","18":"tablet-align-left","19":"mobile-align-left","20":"ast-product-gallery-layout-vertical-slider","21":"ast-product-tabs-layout-horizontal","23":"first","24":"instock","25":"shipping-taxable","26":"product-type-simple"},"uagb_featured_image_src":{"full":["https:\/\/www.sikortex.com\/wp-content\/uploads\/2023\/06\/66-1.jpg",764,764,false],"thumbnail":["https:\/\/www.sikortex.com\/wp-content\/uploads\/2023\/06\/66-1-150x150.jpg",150,150,true],"medium":["https:\/\/www.sikortex.com\/wp-content\/uploads\/2023\/06\/66-1-300x300.jpg",300,300,true],"medium_large":["https:\/\/www.sikortex.com\/wp-content\/uploads\/2023\/06\/66-1.jpg",764,764,false],"large":["https:\/\/www.sikortex.com\/wp-content\/uploads\/2023\/06\/66-1.jpg",764,764,false],"1536x1536":["https:\/\/www.sikortex.com\/wp-content\/uploads\/2023\/06\/66-1.jpg",764,764,false],"2048x2048":["https:\/\/www.sikortex.com\/wp-content\/uploads\/2023\/06\/66-1.jpg",764,764,false],"trp-custom-language-flag":["https:\/\/www.sikortex.com\/wp-content\/uploads\/2023\/06\/66-1-12x12.jpg",12,12,true],"woocommerce_thumbnail":["https:\/\/www.sikortex.com\/wp-content\/uploads\/2023\/06\/66-1-300x300.jpg",300,300,true],"woocommerce_single":["https:\/\/www.sikortex.com\/wp-content\/uploads\/2023\/06\/66-1-600x600.jpg",600,600,true],"woocommerce_gallery_thumbnail":["https:\/\/www.sikortex.com\/wp-content\/uploads\/2023\/06\/66-1-100x100.jpg",100,100,true]},"uagb_author_info":{"display_name":"Perry","author_link":"https:\/\/www.sikortex.com\/pt\/author\/"},"uagb_comment_info":0,"uagb_excerpt":"600 Meters(Min.Order)","_links":{"self":[{"href":"https:\/\/www.sikortex.com\/pt\/wp-json\/wp\/v2\/product\/2146","targetHints":{"allow":["GET"]}}],"collection":[{"href":"https:\/\/www.sikortex.com\/pt\/wp-json\/wp\/v2\/product"}],"about":[{"href":"https:\/\/www.sikortex.com\/pt\/wp-json\/wp\/v2\/types\/product"}],"replies":[{"embeddable":true,"href":"https:\/\/www.sikortex.com\/pt\/wp-json\/wp\/v2\/comments?post=2146"}],"wp:featuredmedia":[{"embeddable":true,"href":"https:\/\/www.sikortex.com\/pt\/wp-json\/wp\/v2\/media\/6005"}],"wp:attachment":[{"href":"https:\/\/www.sikortex.com\/pt\/wp-json\/wp\/v2\/media?parent=2146"}],"wp:term":[{"taxonomy":"product_brand","embeddable":true,"href":"https:\/\/www.sikortex.com\/pt\/wp-json\/wp\/v2\/product_brand?post=2146"},{"taxonomy":"product_cat","embeddable":true,"href":"https:\/\/www.sikortex.com\/pt\/wp-json\/wp\/v2\/product_cat?post=2146"},{"taxonomy":"product_tag","embeddable":true,"href":"https:\/\/www.sikortex.com\/pt\/wp-json\/wp\/v2\/product_tag?post=2146"}],"curies":[{"name":"wp","href":"https:\/\/api.w.org\/{rel}","templated":true}]}}