{"id":2133,"date":"2023-06-02T15:24:28","date_gmt":"2023-06-02T07:24:28","guid":{"rendered":"http:\/\/203.196.10.64:3021\/?post_type=product&#038;p=2133"},"modified":"2024-12-16T14:36:36","modified_gmt":"2024-12-16T06:36:36","slug":"sk8345-ripstop-nylon-taslan","status":"publish","type":"product","link":"https:\/\/www.sikortex.com\/pt\/produtos\/sk8345-ripstop-nylon-taslan\/","title":{"rendered":"Tecido de nylon ma\u00e7ante Ripstop Taslan 5*6mm Check Etaproof"},"content":{"rendered":"<p>Fabricante de tecido de alto desempenho SIKOR-TEX<\/p>\n<p>O padr\u00e3o xadrez SIKOR-TEX Ripstop Nylon Taslan 5 * 6 mm no tecido adiciona interesse visual e textura, ao mesmo tempo que contribui para a durabilidade do tecido. O tecido tamb\u00e9m \u00e9 leve e respir\u00e1vel, o que o torna confort\u00e1vel de usar por longos per\u00edodos. Al\u00e9m disso, o tecido possui excelentes propriedades de absor\u00e7\u00e3o de umidade, o que ajuda a manter o corpo seco e fresco em ambientes quentes e \u00famidos.<br \/>\nO tecido Dull Ripstop Nylon Taslan 5 * 6mm Check Etaproof \u00e9 um material ideal para uniformes policiais e roupas de trabalho devido \u00e0 sua alta resist\u00eancia, resist\u00eancia \u00e0 abras\u00e3o e propriedades de absor\u00e7\u00e3o de umidade. Seu padr\u00e3o xadrez exclusivo acrescenta interesse visual ao mesmo tempo que contribui para a durabilidade do tecido, tornando-o a escolha ideal para condi\u00e7\u00f5es de trabalho adversas.<br \/>\nAl\u00e9m de uniformes policiais e roupas de trabalho, o tecido SIKOR-TEX taslan tamb\u00e9m pode ser utilizado na fabrica\u00e7\u00e3o de roupas para atividades ao ar livre e equipamentos esportivos, como roupas de caminhada, capas de chuva e mochilas. Sua durabilidade e propriedades de absor\u00e7\u00e3o de umidade o tornam adequado para uso em diversas atividades ao ar livre.<\/p>\n<p>Navegue em nosso <span style=\"color: #3366ff;\"><a style=\"color: #3366ff;\" href=\"https:\/\/www.sikortex.com\/pt\/military-fabric-ripstop-fabric\/\">tecidos militares<\/a><\/span><\/p>","protected":false},"excerpt":{"rendered":"<p>1200 metros (pedido m\u00ednimo)<\/p>","protected":false},"featured_media":4155,"comment_status":"closed","ping_status":"closed","template":"","meta":{"_uag_custom_page_level_css":"","site-sidebar-layout":"default","site-content-layout":"default","ast-site-content-layout":"","site-content-style":"default","site-sidebar-style":"default","ast-global-header-display":"","ast-banner-title-visibility":"","ast-main-header-display":"","ast-hfb-above-header-display":"","ast-hfb-below-header-display":"","ast-hfb-mobile-header-display":"","site-post-title":"","ast-breadcrumbs-content":"","ast-featured-img":"","footer-sml-layout":"","theme-transparent-header-meta":"default","adv-header-id-meta":"","stick-header-meta":"default","header-above-stick-meta":"","header-main-stick-meta":"","header-below-stick-meta":"","astra-migrate-meta-layouts":"default","ast-page-background-enabled":"default","ast-page-background-meta":{"desktop":{"background-color":"","background-image":"","background-repeat":"repeat","background-position":"center center","background-size":"auto","background-attachment":"scroll","background-type":"","background-media":"","overlay-type":"","overlay-color":"","overlay-opacity":"","overlay-gradient":""},"tablet":{"background-color":"","background-image":"","background-repeat":"repeat","background-position":"center center","background-size":"auto","background-attachment":"scroll","background-type":"","background-media":"","overlay-type":"","overlay-color":"","overlay-opacity":"","overlay-gradient":""},"mobile":{"background-color":"","background-image":"","background-repeat":"repeat","background-position":"center center","background-size":"auto","background-attachment":"scroll","background-type":"","background-media":"","overlay-type":"","overlay-color":"","overlay-opacity":"","overlay-gradient":""}},"ast-content-background-meta":{"desktop":{"background-color":"var(--ast-global-color-5)","background-image":"","background-repeat":"repeat","background-position":"center center","background-size":"auto","background-attachment":"scroll","background-type":"","background-media":"","overlay-type":"","overlay-color":"","overlay-opacity":"","overlay-gradient":""},"tablet":{"background-color":"var(--ast-global-color-5)","background-image":"","background-repeat":"repeat","background-position":"center center","background-size":"auto","background-attachment":"scroll","background-type":"","background-media":"","overlay-type":"","overlay-color":"","overlay-opacity":"","overlay-gradient":""},"mobile":{"background-color":"var(--ast-global-color-5)","background-image":"","background-repeat":"repeat","background-position":"center center","background-size":"auto","background-attachment":"scroll","background-type":"","background-media":"","overlay-type":"","overlay-color":"","overlay-opacity":"","overlay-gradient":""}}},"product_brand":[],"product_cat":[426,431,423,428,404,414],"product_tag":[],"class_list":{"0":"post-2133","1":"product","2":"type-product","3":"status-publish","4":"has-post-thumbnail","6":"product_cat-constructionmining","7":"product_cat-fabric-for-commuting-clothing","8":"product_cat-fabric-for-military-police","9":"product_cat-fabric-for-outdoor-sports","10":"product_cat-nylon-fabrics","11":"product_cat-waterproof-fabrics","12":"pa_available_colors-911052-spc","13":"desktop-align-left","14":"tablet-align-left","15":"mobile-align-left","16":"ast-product-gallery-layout-vertical-slider","17":"ast-product-tabs-layout-horizontal","19":"first","20":"instock","21":"shipping-taxable","22":"product-type-simple"},"uagb_featured_image_src":{"full":["https:\/\/www.sikortex.com\/wp-content\/uploads\/2023\/06\/20211166361_1202519561.jpg",754,500,false],"thumbnail":["https:\/\/www.sikortex.com\/wp-content\/uploads\/2023\/06\/20211166361_1202519561-150x150.jpg",150,150,true],"medium":["https:\/\/www.sikortex.com\/wp-content\/uploads\/2023\/06\/20211166361_1202519561-300x199.jpg",300,199,true],"medium_large":["https:\/\/www.sikortex.com\/wp-content\/uploads\/2023\/06\/20211166361_1202519561.jpg",754,500,false],"large":["https:\/\/www.sikortex.com\/wp-content\/uploads\/2023\/06\/20211166361_1202519561.jpg",754,500,false],"1536x1536":["https:\/\/www.sikortex.com\/wp-content\/uploads\/2023\/06\/20211166361_1202519561.jpg",754,500,false],"2048x2048":["https:\/\/www.sikortex.com\/wp-content\/uploads\/2023\/06\/20211166361_1202519561.jpg",754,500,false],"trp-custom-language-flag":["https:\/\/www.sikortex.com\/wp-content\/uploads\/2023\/06\/20211166361_1202519561.jpg",18,12,false],"woocommerce_thumbnail":["https:\/\/www.sikortex.com\/wp-content\/uploads\/2023\/06\/20211166361_1202519561-300x300.jpg",300,300,true],"woocommerce_single":["https:\/\/www.sikortex.com\/wp-content\/uploads\/2023\/06\/20211166361_1202519561-600x398.jpg",600,398,true],"woocommerce_gallery_thumbnail":["https:\/\/www.sikortex.com\/wp-content\/uploads\/2023\/06\/20211166361_1202519561-100x100.jpg",100,100,true]},"uagb_author_info":{"display_name":"Perry","author_link":"https:\/\/www.sikortex.com\/pt\/author\/"},"uagb_comment_info":0,"uagb_excerpt":"1200 Meters(Min.Order)","_links":{"self":[{"href":"https:\/\/www.sikortex.com\/pt\/wp-json\/wp\/v2\/product\/2133","targetHints":{"allow":["GET"]}}],"collection":[{"href":"https:\/\/www.sikortex.com\/pt\/wp-json\/wp\/v2\/product"}],"about":[{"href":"https:\/\/www.sikortex.com\/pt\/wp-json\/wp\/v2\/types\/product"}],"replies":[{"embeddable":true,"href":"https:\/\/www.sikortex.com\/pt\/wp-json\/wp\/v2\/comments?post=2133"}],"wp:featuredmedia":[{"embeddable":true,"href":"https:\/\/www.sikortex.com\/pt\/wp-json\/wp\/v2\/media\/4155"}],"wp:attachment":[{"href":"https:\/\/www.sikortex.com\/pt\/wp-json\/wp\/v2\/media?parent=2133"}],"wp:term":[{"taxonomy":"product_brand","embeddable":true,"href":"https:\/\/www.sikortex.com\/pt\/wp-json\/wp\/v2\/product_brand?post=2133"},{"taxonomy":"product_cat","embeddable":true,"href":"https:\/\/www.sikortex.com\/pt\/wp-json\/wp\/v2\/product_cat?post=2133"},{"taxonomy":"product_tag","embeddable":true,"href":"https:\/\/www.sikortex.com\/pt\/wp-json\/wp\/v2\/product_tag?post=2133"}],"curies":[{"name":"wp","href":"https:\/\/api.w.org\/{rel}","templated":true}]}}