{"id":2074,"date":"2023-06-02T15:07:55","date_gmt":"2023-06-02T07:07:55","guid":{"rendered":"http:\/\/203.196.10.64:3021\/?post_type=product&#038;p=2074"},"modified":"2023-11-07T10:37:08","modified_gmt":"2023-11-07T02:37:08","slug":"sk8352-tecido-gabardine-workwear","status":"publish","type":"product","link":"https:\/\/www.sikortex.com\/pt\/produtos\/sk8352-tecido-gabardine-workwear\/","title":{"rendered":"Tecido de vestu\u00e1rio de trabalho de sarja 200D reciclado de poli\u00e9ster 200D"},"content":{"rendered":"<p>Fabricante de tecido de alto desempenho SIKOR-TEX<\/p>\n<p>Tecido de gabardine de sarja reciclada de poli\u00e9ster 200D SIKOR-TEX, tecido dur\u00e1vel e de baixa manuten\u00e7\u00e3o, perfeito para aplica\u00e7\u00f5es profissionais e de vestu\u00e1rio de trabalho. Feito com materiais reciclados, este tecido reduz o consumo de petr\u00f3leo e as emiss\u00f5es de carbono sem sacrificar a qualidade ou o estilo. Suas propriedades antirrugas, resistentes \u00e0 \u00e1gua e resistentes a manchas o tornam a escolha ideal para profissionais ocupados e trabalhadores que precisam de um tecido que possa acompanhar suas agendas lotadas.<\/p>\n<p>Se voc\u00ea est\u00e1 procurando um tecido com textura de poli\u00e9ster para seu traje de escrit\u00f3rio ou uniforme de trabalho, o Gabardine de Poli\u00e9ster Reciclado \u00e9 a escolha perfeita. A sua constru\u00e7\u00e3o em sarja e gabardine conferem-lhe um aspecto cl\u00e1ssico e intemporal, enquanto as suas propriedades sustent\u00e1veis e de alto desempenho fazem dele uma escolha inteligente e respons\u00e1vel para o mundo moderno.<\/p>","protected":false},"excerpt":{"rendered":"<p>1000 metros (pedido m\u00ednimo)<\/p>","protected":false},"featured_media":3793,"comment_status":"closed","ping_status":"closed","template":"","meta":{"_uag_custom_page_level_css":"","site-sidebar-layout":"default","site-content-layout":"default","ast-site-content-layout":"","site-content-style":"default","site-sidebar-style":"default","ast-global-header-display":"","ast-banner-title-visibility":"","ast-main-header-display":"","ast-hfb-above-header-display":"","ast-hfb-below-header-display":"","ast-hfb-mobile-header-display":"","site-post-title":"","ast-breadcrumbs-content":"","ast-featured-img":"","footer-sml-layout":"","theme-transparent-header-meta":"default","adv-header-id-meta":"","stick-header-meta":"default","header-above-stick-meta":"","header-main-stick-meta":"","header-below-stick-meta":"","astra-migrate-meta-layouts":"default","ast-page-background-enabled":"default","ast-page-background-meta":{"desktop":{"background-color":"","background-image":"","background-repeat":"repeat","background-position":"center center","background-size":"auto","background-attachment":"scroll","background-type":"","background-media":"","overlay-type":"","overlay-color":"","overlay-opacity":"","overlay-gradient":""},"tablet":{"background-color":"","background-image":"","background-repeat":"repeat","background-position":"center center","background-size":"auto","background-attachment":"scroll","background-type":"","background-media":"","overlay-type":"","overlay-color":"","overlay-opacity":"","overlay-gradient":""},"mobile":{"background-color":"","background-image":"","background-repeat":"repeat","background-position":"center center","background-size":"auto","background-attachment":"scroll","background-type":"","background-media":"","overlay-type":"","overlay-color":"","overlay-opacity":"","overlay-gradient":""}},"ast-content-background-meta":{"desktop":{"background-color":"var(--ast-global-color-5)","background-image":"","background-repeat":"repeat","background-position":"center center","background-size":"auto","background-attachment":"scroll","background-type":"","background-media":"","overlay-type":"","overlay-color":"","overlay-opacity":"","overlay-gradient":""},"tablet":{"background-color":"var(--ast-global-color-5)","background-image":"","background-repeat":"repeat","background-position":"center center","background-size":"auto","background-attachment":"scroll","background-type":"","background-media":"","overlay-type":"","overlay-color":"","overlay-opacity":"","overlay-gradient":""},"mobile":{"background-color":"var(--ast-global-color-5)","background-image":"","background-repeat":"repeat","background-position":"center center","background-size":"auto","background-attachment":"scroll","background-type":"","background-media":"","overlay-type":"","overlay-color":"","overlay-opacity":"","overlay-gradient":""}}},"product_brand":[],"product_cat":[426,403,407,425],"product_tag":[],"class_list":{"0":"post-2074","1":"product","2":"type-product","3":"status-publish","4":"has-post-thumbnail","6":"product_cat-constructionmining","7":"product_cat-polyester-fabrics","8":"product_cat-recycled-fabric","9":"product_cat-security-emergencies-road-services","10":"pa_available_colors-911052-spc","11":"desktop-align-left","12":"tablet-align-left","13":"mobile-align-left","14":"ast-product-gallery-layout-vertical-slider","15":"ast-product-tabs-layout-horizontal","17":"first","18":"instock","19":"shipping-taxable","20":"product-type-simple"},"uagb_featured_image_src":{"full":["https:\/\/www.sikortex.com\/wp-content\/uploads\/2023\/06\/O1CN0122cVuC1x9i1rs55o6_2215110856401-0-cib-1.jpg",1024,1024,false],"thumbnail":["https:\/\/www.sikortex.com\/wp-content\/uploads\/2023\/06\/O1CN0122cVuC1x9i1rs55o6_2215110856401-0-cib-1-150x150.jpg",150,150,true],"medium":["https:\/\/www.sikortex.com\/wp-content\/uploads\/2023\/06\/O1CN0122cVuC1x9i1rs55o6_2215110856401-0-cib-1-300x300.jpg",300,300,true],"medium_large":["https:\/\/www.sikortex.com\/wp-content\/uploads\/2023\/06\/O1CN0122cVuC1x9i1rs55o6_2215110856401-0-cib-1-768x768.jpg",768,768,true],"large":["https:\/\/www.sikortex.com\/wp-content\/uploads\/2023\/06\/O1CN0122cVuC1x9i1rs55o6_2215110856401-0-cib-1.jpg",1024,1024,false],"1536x1536":["https:\/\/www.sikortex.com\/wp-content\/uploads\/2023\/06\/O1CN0122cVuC1x9i1rs55o6_2215110856401-0-cib-1.jpg",1024,1024,false],"2048x2048":["https:\/\/www.sikortex.com\/wp-content\/uploads\/2023\/06\/O1CN0122cVuC1x9i1rs55o6_2215110856401-0-cib-1.jpg",1024,1024,false],"trp-custom-language-flag":["https:\/\/www.sikortex.com\/wp-content\/uploads\/2023\/06\/O1CN0122cVuC1x9i1rs55o6_2215110856401-0-cib-1.jpg",12,12,false],"woocommerce_thumbnail":["https:\/\/www.sikortex.com\/wp-content\/uploads\/2023\/06\/O1CN0122cVuC1x9i1rs55o6_2215110856401-0-cib-1-300x300.jpg",300,300,true],"woocommerce_single":["https:\/\/www.sikortex.com\/wp-content\/uploads\/2023\/06\/O1CN0122cVuC1x9i1rs55o6_2215110856401-0-cib-1-600x600.jpg",600,600,true],"woocommerce_gallery_thumbnail":["https:\/\/www.sikortex.com\/wp-content\/uploads\/2023\/06\/O1CN0122cVuC1x9i1rs55o6_2215110856401-0-cib-1-100x100.jpg",100,100,true]},"uagb_author_info":{"display_name":"Perry","author_link":"https:\/\/www.sikortex.com\/pt\/author\/"},"uagb_comment_info":0,"uagb_excerpt":"1000 Meters(Min.Order)","_links":{"self":[{"href":"https:\/\/www.sikortex.com\/pt\/wp-json\/wp\/v2\/product\/2074","targetHints":{"allow":["GET"]}}],"collection":[{"href":"https:\/\/www.sikortex.com\/pt\/wp-json\/wp\/v2\/product"}],"about":[{"href":"https:\/\/www.sikortex.com\/pt\/wp-json\/wp\/v2\/types\/product"}],"replies":[{"embeddable":true,"href":"https:\/\/www.sikortex.com\/pt\/wp-json\/wp\/v2\/comments?post=2074"}],"wp:featuredmedia":[{"embeddable":true,"href":"https:\/\/www.sikortex.com\/pt\/wp-json\/wp\/v2\/media\/3793"}],"wp:attachment":[{"href":"https:\/\/www.sikortex.com\/pt\/wp-json\/wp\/v2\/media?parent=2074"}],"wp:term":[{"taxonomy":"product_brand","embeddable":true,"href":"https:\/\/www.sikortex.com\/pt\/wp-json\/wp\/v2\/product_brand?post=2074"},{"taxonomy":"product_cat","embeddable":true,"href":"https:\/\/www.sikortex.com\/pt\/wp-json\/wp\/v2\/product_cat?post=2074"},{"taxonomy":"product_tag","embeddable":true,"href":"https:\/\/www.sikortex.com\/pt\/wp-json\/wp\/v2\/product_tag?post=2074"}],"curies":[{"name":"wp","href":"https:\/\/api.w.org\/{rel}","templated":true}]}}