{"id":1963,"date":"2023-06-02T14:38:54","date_gmt":"2023-06-02T06:38:54","guid":{"rendered":"http:\/\/203.196.10.64:3021\/?post_type=product&#038;p=1963"},"modified":"2025-01-08T12:55:48","modified_gmt":"2025-01-08T04:55:48","slug":"ripstop-amarelo-de-alta-visibilidade","status":"publish","type":"product","link":"https:\/\/www.sikortex.com\/pt\/produtos\/ripstop-amarelo-de-alta-visibilidade\/","title":{"rendered":"Tecido de alta visibilidade Ripstop amarelo 500D Nylon HI VIS"},"content":{"rendered":"<h5>Fabricante de tecidos de alta visibilidade SIKOR-TEX, tecidos de prote\u00e7\u00e3o pessoal resistentes a rasgos<\/h5>\n<p>Constru\u00eddo com Nylon 500D de alta qualidade <a href=\"https:\/\/www.sikortex.com\/pt\/tecidos-de-alta-visibilidade\/\"><span style=\"color: #3366ff;\">OI VIS<\/span><\/a> Amarelo <a href=\"https:\/\/www.sikortex.com\/pt\/2024\/09\/05\/fornecedor-de-tecido-ripstop-material-ripstop\/\"><span style=\"color: #3366ff;\">Ripstop<\/span><\/a> <a href=\"https:\/\/www.sikortex.com\/pt\/tecidos-de-alta-visibilidade\/\"><span style=\"color: #3366ff;\">Alta Visibilidade<\/span><\/a> O tecido oferece excelente durabilidade e resist\u00eancia, tornando-o adequado para ambientes externos exigentes. A cor fluorescente vibrante aumenta a visibilidade, garantindo que os trabalhadores possam ser facilmente vistos em condi\u00e7\u00f5es de pouca luz ou ambientes perigosos.<\/p>\n<p>A composi\u00e7\u00e3o de nylon 500D do tecido oferece resist\u00eancia excepcional a abras\u00f5es, rasgos e desgaste geral, tornando-o ideal para aplica\u00e7\u00f5es que exigem desempenho robusto. Tamb\u00e9m \u00e9 resistente \u00e0 \u00e1gua, oferecendo prote\u00e7\u00e3o contra chuva leve ou umidade.<\/p>\n<p>Ripstop <a href=\"https:\/\/www.sikortex.com\/pt\/tecidos-de-alta-visibilidade\/\"><span style=\"color: #3366ff;\">Alta Visibilidade<\/span><\/a> O tecido \u00e9 perfeito para a produ\u00e7\u00e3o de vestimentas para trabalhadores ao ar livre, incluindo jaquetas, coletes e cal\u00e7as, bem como bolsas dur\u00e1veis, como mochilas e bolsas para ferramentas. Suas propriedades de alta resist\u00eancia garantem que ele possa suportar as demandas de uso pesado, proporcionando desempenho e confiabilidade duradouros.<\/p>\n<p>Com sua cor fluorescente e constru\u00e7\u00e3o robusta, nosso tecido de nylon fluorescente \u00e9 uma excelente escolha para roupas e bolsas para trabalhadores ao ar livre. Oferece visibilidade e durabilidade, garantindo a seguran\u00e7a e o conforto dos trabalhadores em diversos setores, incluindo constru\u00e7\u00e3o, obras rodovi\u00e1rias, log\u00edstica e muito mais.<\/p>","protected":false},"excerpt":{"rendered":"<p>1000 metros (pedido m\u00ednimo)<\/p>","protected":false},"featured_media":3758,"comment_status":"closed","ping_status":"closed","template":"","meta":{"_uag_custom_page_level_css":"","site-sidebar-layout":"default","site-content-layout":"default","ast-site-content-layout":"","site-content-style":"default","site-sidebar-style":"default","ast-global-header-display":"","ast-banner-title-visibility":"","ast-main-header-display":"","ast-hfb-above-header-display":"","ast-hfb-below-header-display":"","ast-hfb-mobile-header-display":"","site-post-title":"","ast-breadcrumbs-content":"","ast-featured-img":"","footer-sml-layout":"","theme-transparent-header-meta":"default","adv-header-id-meta":"","stick-header-meta":"default","header-above-stick-meta":"","header-main-stick-meta":"","header-below-stick-meta":"","astra-migrate-meta-layouts":"default","ast-page-background-enabled":"default","ast-page-background-meta":{"desktop":{"background-color":"","background-image":"","background-repeat":"repeat","background-position":"center center","background-size":"auto","background-attachment":"scroll","background-type":"","background-media":"","overlay-type":"","overlay-color":"","overlay-opacity":"","overlay-gradient":""},"tablet":{"background-color":"","background-image":"","background-repeat":"repeat","background-position":"center center","background-size":"auto","background-attachment":"scroll","background-type":"","background-media":"","overlay-type":"","overlay-color":"","overlay-opacity":"","overlay-gradient":""},"mobile":{"background-color":"","background-image":"","background-repeat":"repeat","background-position":"center center","background-size":"auto","background-attachment":"scroll","background-type":"","background-media":"","overlay-type":"","overlay-color":"","overlay-opacity":"","overlay-gradient":""}},"ast-content-background-meta":{"desktop":{"background-color":"var(--ast-global-color-5)","background-image":"","background-repeat":"repeat","background-position":"center center","background-size":"auto","background-attachment":"scroll","background-type":"","background-media":"","overlay-type":"","overlay-color":"","overlay-opacity":"","overlay-gradient":""},"tablet":{"background-color":"var(--ast-global-color-5)","background-image":"","background-repeat":"repeat","background-position":"center center","background-size":"auto","background-attachment":"scroll","background-type":"","background-media":"","overlay-type":"","overlay-color":"","overlay-opacity":"","overlay-gradient":""},"mobile":{"background-color":"var(--ast-global-color-5)","background-image":"","background-repeat":"repeat","background-position":"center center","background-size":"auto","background-attachment":"scroll","background-type":"","background-media":"","overlay-type":"","overlay-color":"","overlay-opacity":"","overlay-gradient":""}}},"product_brand":[],"product_cat":[423,404,425],"product_tag":[],"class_list":{"0":"post-1963","1":"product","2":"type-product","3":"status-publish","4":"has-post-thumbnail","6":"product_cat-fabric-for-military-police","7":"product_cat-nylon-fabrics","8":"product_cat-security-emergencies-road-services","9":"pa_available_colors-fluorescent-orange","10":"pa_available_colors-fluorescent-yellow","11":"desktop-align-left","12":"tablet-align-left","13":"mobile-align-left","14":"ast-product-gallery-layout-vertical-slider","15":"ast-product-tabs-layout-horizontal","17":"first","18":"instock","19":"shipping-taxable","20":"product-type-simple"},"uagb_featured_image_src":{"full":["https:\/\/www.sikortex.com\/wp-content\/uploads\/2023\/06\/11050437838_1388178709-1.jpg",1024,1024,false],"thumbnail":["https:\/\/www.sikortex.com\/wp-content\/uploads\/2023\/06\/11050437838_1388178709-1-150x150.jpg",150,150,true],"medium":["https:\/\/www.sikortex.com\/wp-content\/uploads\/2023\/06\/11050437838_1388178709-1-300x300.jpg",300,300,true],"medium_large":["https:\/\/www.sikortex.com\/wp-content\/uploads\/2023\/06\/11050437838_1388178709-1-768x768.jpg",768,768,true],"large":["https:\/\/www.sikortex.com\/wp-content\/uploads\/2023\/06\/11050437838_1388178709-1.jpg",1024,1024,false],"1536x1536":["https:\/\/www.sikortex.com\/wp-content\/uploads\/2023\/06\/11050437838_1388178709-1.jpg",1024,1024,false],"2048x2048":["https:\/\/www.sikortex.com\/wp-content\/uploads\/2023\/06\/11050437838_1388178709-1.jpg",1024,1024,false],"trp-custom-language-flag":["https:\/\/www.sikortex.com\/wp-content\/uploads\/2023\/06\/11050437838_1388178709-1.jpg",12,12,false],"woocommerce_thumbnail":["https:\/\/www.sikortex.com\/wp-content\/uploads\/2023\/06\/11050437838_1388178709-1-300x300.jpg",300,300,true],"woocommerce_single":["https:\/\/www.sikortex.com\/wp-content\/uploads\/2023\/06\/11050437838_1388178709-1-600x600.jpg",600,600,true],"woocommerce_gallery_thumbnail":["https:\/\/www.sikortex.com\/wp-content\/uploads\/2023\/06\/11050437838_1388178709-1-100x100.jpg",100,100,true]},"uagb_author_info":{"display_name":"Perry","author_link":"https:\/\/www.sikortex.com\/pt\/author\/"},"uagb_comment_info":0,"uagb_excerpt":"1000 Meters(Min.Order)","_links":{"self":[{"href":"https:\/\/www.sikortex.com\/pt\/wp-json\/wp\/v2\/product\/1963","targetHints":{"allow":["GET"]}}],"collection":[{"href":"https:\/\/www.sikortex.com\/pt\/wp-json\/wp\/v2\/product"}],"about":[{"href":"https:\/\/www.sikortex.com\/pt\/wp-json\/wp\/v2\/types\/product"}],"replies":[{"embeddable":true,"href":"https:\/\/www.sikortex.com\/pt\/wp-json\/wp\/v2\/comments?post=1963"}],"wp:featuredmedia":[{"embeddable":true,"href":"https:\/\/www.sikortex.com\/pt\/wp-json\/wp\/v2\/media\/3758"}],"wp:attachment":[{"href":"https:\/\/www.sikortex.com\/pt\/wp-json\/wp\/v2\/media?parent=1963"}],"wp:term":[{"taxonomy":"product_brand","embeddable":true,"href":"https:\/\/www.sikortex.com\/pt\/wp-json\/wp\/v2\/product_brand?post=1963"},{"taxonomy":"product_cat","embeddable":true,"href":"https:\/\/www.sikortex.com\/pt\/wp-json\/wp\/v2\/product_cat?post=1963"},{"taxonomy":"product_tag","embeddable":true,"href":"https:\/\/www.sikortex.com\/pt\/wp-json\/wp\/v2\/product_tag?post=1963"}],"curies":[{"name":"wp","href":"https:\/\/api.w.org\/{rel}","templated":true}]}}