{"id":1614,"date":"2023-05-31T11:15:56","date_gmt":"2023-05-31T03:15:56","guid":{"rendered":"http:\/\/203.196.10.64:3021\/?post_type=product&#038;p=1614"},"modified":"2023-10-25T13:13:35","modified_gmt":"2023-10-25T05:13:35","slug":"sk8231-tecido-antiestatico","status":"publish","type":"product","link":"https:\/\/www.sikortex.com\/pt\/produtos\/sk8231-tecido-antiestatico\/","title":{"rendered":"Tecido antiest\u00e1tico xadrez retardador de chamas de poli\u00e9ster de 0,25 cm"},"content":{"rendered":"<p>Tecido antiest\u00e1tico IPoli\u00e9ster retardador de chamas, uma solu\u00e7\u00e3o confi\u00e1vel e econ\u00f4mica para diversos setores. Este tecido \u00e9 composto por poli\u00e9ster 98% e fibra de carbono 2%, garantindo excelentes propriedades antiest\u00e1ticas e retardantes de chamas. Voc\u00ea tem a op\u00e7\u00e3o de escolher entre fibras condutoras pretas ou cinzas, dependendo da sua prefer\u00eancia.<\/p>\n<p>Nosso tecido n\u00e3o apenas oferece desempenho de alta qualidade, mas tamb\u00e9m versatilidade em processos de p\u00f3s-acabamento, como tratamentos e revestimentos repelentes de \u00e1gua. Isso aumenta sua funcionalidade e durabilidade. \u00c9 particularmente adequado para criar roupas de trabalho ou roupas de prote\u00e7\u00e3o para funcion\u00e1rios em f\u00e1bricas de eletr\u00f4nicos, operadores de instrumentos de precis\u00e3o, pessoal em salas limpas sem poeira e at\u00e9 mesmo pessoal em salas de cirurgia.<\/p>\n<p>Experimente a combina\u00e7\u00e3o perfeita de qualidade, acessibilidade e funcionalidade com nosso tecido xadrez retardador de chama antiest\u00e1tico de poli\u00e9ster. Priorize a seguran\u00e7a e o conforto de sua for\u00e7a de trabalho escolhendo este tecido para seu pr\u00f3ximo projeto.<\/p>","protected":false},"excerpt":{"rendered":"<p>1000 metros (pedido m\u00ednimo)<\/p>","protected":false},"featured_media":3753,"comment_status":"closed","ping_status":"closed","template":"","meta":{"_uag_custom_page_level_css":"","site-sidebar-layout":"default","site-content-layout":"default","ast-site-content-layout":"","site-content-style":"default","site-sidebar-style":"default","ast-global-header-display":"","ast-banner-title-visibility":"","ast-main-header-display":"","ast-hfb-above-header-display":"","ast-hfb-below-header-display":"","ast-hfb-mobile-header-display":"","site-post-title":"","ast-breadcrumbs-content":"","ast-featured-img":"","footer-sml-layout":"","theme-transparent-header-meta":"default","adv-header-id-meta":"","stick-header-meta":"default","header-above-stick-meta":"","header-main-stick-meta":"","header-below-stick-meta":"","astra-migrate-meta-layouts":"default","ast-page-background-enabled":"default","ast-page-background-meta":{"desktop":{"background-color":"","background-image":"","background-repeat":"repeat","background-position":"center center","background-size":"auto","background-attachment":"scroll","background-type":"","background-media":"","overlay-type":"","overlay-color":"","overlay-opacity":"","overlay-gradient":""},"tablet":{"background-color":"","background-image":"","background-repeat":"repeat","background-position":"center center","background-size":"auto","background-attachment":"scroll","background-type":"","background-media":"","overlay-type":"","overlay-color":"","overlay-opacity":"","overlay-gradient":""},"mobile":{"background-color":"","background-image":"","background-repeat":"repeat","background-position":"center center","background-size":"auto","background-attachment":"scroll","background-type":"","background-media":"","overlay-type":"","overlay-color":"","overlay-opacity":"","overlay-gradient":""}},"ast-content-background-meta":{"desktop":{"background-color":"var(--ast-global-color-5)","background-image":"","background-repeat":"repeat","background-position":"center center","background-size":"auto","background-attachment":"scroll","background-type":"","background-media":"","overlay-type":"","overlay-color":"","overlay-opacity":"","overlay-gradient":""},"tablet":{"background-color":"var(--ast-global-color-5)","background-image":"","background-repeat":"repeat","background-position":"center center","background-size":"auto","background-attachment":"scroll","background-type":"","background-media":"","overlay-type":"","overlay-color":"","overlay-opacity":"","overlay-gradient":""},"mobile":{"background-color":"var(--ast-global-color-5)","background-image":"","background-repeat":"repeat","background-position":"center center","background-size":"auto","background-attachment":"scroll","background-type":"","background-media":"","overlay-type":"","overlay-color":"","overlay-opacity":"","overlay-gradient":""}}},"product_brand":[],"product_cat":[413,424,433],"product_tag":[],"class_list":{"0":"post-1614","1":"product","2":"type-product","3":"status-publish","4":"has-post-thumbnail","6":"product_cat-antistatic-fabrics","7":"product_cat-medical-protection-product","8":"product_cat-textile-for-industrial","9":"pa_available_colors-484002-lgt","10":"pa_available_colors-fluorescent-orange","11":"pa_available_colors-fluorescent-red","12":"pa_available_colors-fluorescent-yellow","13":"pa_available_colors-501001-spc","14":"pa_available_colors-yellow","15":"pa_available_colors-000020-wht","16":"desktop-align-left","17":"tablet-align-left","18":"mobile-align-left","19":"ast-product-gallery-layout-vertical-slider","20":"ast-product-tabs-layout-horizontal","22":"first","23":"instock","24":"featured","25":"shipping-taxable","26":"product-type-simple"},"uagb_featured_image_src":{"full":["https:\/\/www.sikortex.com\/wp-content\/uploads\/2023\/05\/O1CN01LVkZga2054iwkBMRI_2210428336797-0-cib-1.jpg",800,800,false],"thumbnail":["https:\/\/www.sikortex.com\/wp-content\/uploads\/2023\/05\/O1CN01LVkZga2054iwkBMRI_2210428336797-0-cib-1-150x150.jpg",150,150,true],"medium":["https:\/\/www.sikortex.com\/wp-content\/uploads\/2023\/05\/O1CN01LVkZga2054iwkBMRI_2210428336797-0-cib-1-300x300.jpg",300,300,true],"medium_large":["https:\/\/www.sikortex.com\/wp-content\/uploads\/2023\/05\/O1CN01LVkZga2054iwkBMRI_2210428336797-0-cib-1-768x768.jpg",768,768,true],"large":["https:\/\/www.sikortex.com\/wp-content\/uploads\/2023\/05\/O1CN01LVkZga2054iwkBMRI_2210428336797-0-cib-1.jpg",800,800,false],"1536x1536":["https:\/\/www.sikortex.com\/wp-content\/uploads\/2023\/05\/O1CN01LVkZga2054iwkBMRI_2210428336797-0-cib-1.jpg",800,800,false],"2048x2048":["https:\/\/www.sikortex.com\/wp-content\/uploads\/2023\/05\/O1CN01LVkZga2054iwkBMRI_2210428336797-0-cib-1.jpg",800,800,false],"trp-custom-language-flag":["https:\/\/www.sikortex.com\/wp-content\/uploads\/2023\/05\/O1CN01LVkZga2054iwkBMRI_2210428336797-0-cib-1.jpg",12,12,false],"woocommerce_thumbnail":["https:\/\/www.sikortex.com\/wp-content\/uploads\/2023\/05\/O1CN01LVkZga2054iwkBMRI_2210428336797-0-cib-1-300x300.jpg",300,300,true],"woocommerce_single":["https:\/\/www.sikortex.com\/wp-content\/uploads\/2023\/05\/O1CN01LVkZga2054iwkBMRI_2210428336797-0-cib-1-600x600.jpg",600,600,true],"woocommerce_gallery_thumbnail":["https:\/\/www.sikortex.com\/wp-content\/uploads\/2023\/05\/O1CN01LVkZga2054iwkBMRI_2210428336797-0-cib-1-100x100.jpg",100,100,true]},"uagb_author_info":{"display_name":"Perry","author_link":"https:\/\/www.sikortex.com\/pt\/author\/"},"uagb_comment_info":0,"uagb_excerpt":"1000 Meters(Min.Order)","_links":{"self":[{"href":"https:\/\/www.sikortex.com\/pt\/wp-json\/wp\/v2\/product\/1614","targetHints":{"allow":["GET"]}}],"collection":[{"href":"https:\/\/www.sikortex.com\/pt\/wp-json\/wp\/v2\/product"}],"about":[{"href":"https:\/\/www.sikortex.com\/pt\/wp-json\/wp\/v2\/types\/product"}],"replies":[{"embeddable":true,"href":"https:\/\/www.sikortex.com\/pt\/wp-json\/wp\/v2\/comments?post=1614"}],"wp:featuredmedia":[{"embeddable":true,"href":"https:\/\/www.sikortex.com\/pt\/wp-json\/wp\/v2\/media\/3753"}],"wp:attachment":[{"href":"https:\/\/www.sikortex.com\/pt\/wp-json\/wp\/v2\/media?parent=1614"}],"wp:term":[{"taxonomy":"product_brand","embeddable":true,"href":"https:\/\/www.sikortex.com\/pt\/wp-json\/wp\/v2\/product_brand?post=1614"},{"taxonomy":"product_cat","embeddable":true,"href":"https:\/\/www.sikortex.com\/pt\/wp-json\/wp\/v2\/product_cat?post=1614"},{"taxonomy":"product_tag","embeddable":true,"href":"https:\/\/www.sikortex.com\/pt\/wp-json\/wp\/v2\/product_tag?post=1614"}],"curies":[{"name":"wp","href":"https:\/\/api.w.org\/{rel}","templated":true}]}}