{"id":8863,"date":"2025-08-20T12:29:35","date_gmt":"2025-08-20T04:29:35","guid":{"rendered":"https:\/\/www.sikortex.com\/?post_type=product&#038;p=8863"},"modified":"2025-08-21T13:57:14","modified_gmt":"2025-08-21T05:57:14","slug":"tkanina-oxford-400d-z-barwionej-przedzy-poliestrowej-powlekanej-pvc","status":"publish","type":"product","link":"https:\/\/www.sikortex.com\/pl\/produkt\/tkanina-oxford-400d-z-barwionej-przedzy-poliestrowej-powlekanej-pvc\/","title":{"rendered":"400D barwiona prz\u0119dza poliestrowa Oxford powlekana PVC na namioty"},"content":{"rendered":"<p class=\"ds-markdown-paragraph\">Nasza tkanina Oxford 400D barwiona prz\u0119dz\u0105 z pow\u0142ok\u0105 PVC zapewnia doskona\u0142\u0105 wydajno\u015b\u0107 w zastosowaniach namiotowych, oferuj\u0105c doskona\u0142\u0105 wytrzyma\u0142o\u015b\u0107 na rozdarcie, odporno\u015b\u0107 na warunki atmosferyczne i \u017cywe kolory odporne na blakni\u0119cie. Wytrzyma\u0142a konstrukcja o grubo\u015bci 400 denier\u00f3w i wzmocniony sp\u00f3d z PVC gwarantuj\u0105 pe\u0142n\u0105 ochron\u0119 przed wod\u0105 i niezawodn\u0105 odporno\u015b\u0107 na promieniowanie UV, co czyni j\u0105 idealnym wyborem do namiot\u00f3w o du\u017cej wytrzyma\u0142o\u015bci i do u\u017cytku na zewn\u0105trz.<\/p>\n<p class=\"ds-markdown-paragraph\">Realizujemy zam\u00f3wienia wielkoseryjne dzi\u0119ki zaawansowanym, szybkim liniom produkcyjnym i utrzymujemy zapasy p\u00f3\u0142produkt\u00f3w, aby szybko reagowa\u0107 na pilne zapotrzebowanie. Nasza pow\u0142oka PVC spe\u0142nia surowe normy \u015brodowiskowe, w tym unijne rozporz\u0105dzenie REACH, oraz jest zgodna z przepisami USA i Japonii. Kontrola jako\u015bci jest standardowo zgodna z normami ASTM, a na \u017cyczenie oferujemy niestandardowe sortowanie. Oferujemy r\u00f3wnie\u017c globalne us\u0142ugi wysy\u0142kowe dla zam\u00f3wie\u0144 hurtowych i ma\u0142ych.<\/p>\n<p><a href=\"https:\/\/www.sikortex.com\/pl\/skontaktuj-sie-z-nami\/\"><span style=\"color: #0000ff;\">Skontaktuj si\u0119 z nami ju\u017c dzi\u015b, aby zam\u00f3wi\u0107 pr\u00f3bki.<\/span><\/a><\/p>","protected":false},"excerpt":{"rendered":"<p>3000 metr\u00f3w (min. zam\u00f3wienie)<\/p>","protected":false},"featured_media":8904,"comment_status":"closed","ping_status":"closed","template":"","meta":{"_uag_custom_page_level_css":"","site-sidebar-layout":"default","site-content-layout":"","ast-site-content-layout":"default","site-content-style":"default","site-sidebar-style":"default","ast-global-header-display":"","ast-banner-title-visibility":"","ast-main-header-display":"","ast-hfb-above-header-display":"","ast-hfb-below-header-display":"","ast-hfb-mobile-header-display":"","site-post-title":"","ast-breadcrumbs-content":"","ast-featured-img":"","footer-sml-layout":"","theme-transparent-header-meta":"default","adv-header-id-meta":"","stick-header-meta":"default","header-above-stick-meta":"","header-main-stick-meta":"","header-below-stick-meta":"","astra-migrate-meta-layouts":"set","ast-page-background-enabled":"default","ast-page-background-meta":{"desktop":{"background-color":"","background-image":"","background-repeat":"repeat","background-position":"center center","background-size":"auto","background-attachment":"scroll","background-type":"","background-media":"","overlay-type":"","overlay-color":"","overlay-opacity":"","overlay-gradient":""},"tablet":{"background-color":"","background-image":"","background-repeat":"repeat","background-position":"center center","background-size":"auto","background-attachment":"scroll","background-type":"","background-media":"","overlay-type":"","overlay-color":"","overlay-opacity":"","overlay-gradient":""},"mobile":{"background-color":"","background-image":"","background-repeat":"repeat","background-position":"center center","background-size":"auto","background-attachment":"scroll","background-type":"","background-media":"","overlay-type":"","overlay-color":"","overlay-opacity":"","overlay-gradient":""}},"ast-content-background-meta":{"desktop":{"background-color":"var(--ast-global-color-5)","background-image":"","background-repeat":"repeat","background-position":"center center","background-size":"auto","background-attachment":"scroll","background-type":"","background-media":"","overlay-type":"","overlay-color":"","overlay-opacity":"","overlay-gradient":""},"tablet":{"background-color":"var(--ast-global-color-5)","background-image":"","background-repeat":"repeat","background-position":"center center","background-size":"auto","background-attachment":"scroll","background-type":"","background-media":"","overlay-type":"","overlay-color":"","overlay-opacity":"","overlay-gradient":""},"mobile":{"background-color":"var(--ast-global-color-5)","background-image":"","background-repeat":"repeat","background-position":"center center","background-size":"auto","background-attachment":"scroll","background-type":"","background-media":"","overlay-type":"","overlay-color":"","overlay-opacity":"","overlay-gradient":""}}},"product_brand":[],"product_cat":[432,1218,1185,433,1697],"product_tag":[],"class_list":{"0":"post-8863","1":"product","2":"type-product","3":"status-publish","4":"has-post-thumbnail","6":"product_cat-fabric-for-tent","7":"product_cat-marine-fabrics","8":"product_cat-solution-dyed-polyester-fabrics","9":"product_cat-textile-for-industrial","10":"product_cat-uv-protection-fabric","11":"desktop-align-left","12":"tablet-align-left","13":"mobile-align-left","14":"ast-product-gallery-layout-vertical-slider","15":"ast-product-tabs-layout-horizontal","17":"first","18":"instock","19":"shipping-taxable","20":"product-type-simple"},"uagb_featured_image_src":{"full":["https:\/\/www.sikortex.com\/wp-content\/uploads\/2025\/08\/Yarn-dyed-Oxford-2.jpg",1920,1920,false],"thumbnail":["https:\/\/www.sikortex.com\/wp-content\/uploads\/2025\/08\/Yarn-dyed-Oxford-2-150x150.jpg",150,150,true],"medium":["https:\/\/www.sikortex.com\/wp-content\/uploads\/2025\/08\/Yarn-dyed-Oxford-2-300x300.jpg",300,300,true],"medium_large":["https:\/\/www.sikortex.com\/wp-content\/uploads\/2025\/08\/Yarn-dyed-Oxford-2-768x768.jpg",768,768,true],"large":["https:\/\/www.sikortex.com\/wp-content\/uploads\/2025\/08\/Yarn-dyed-Oxford-2-1024x1024.jpg",1024,1024,true],"1536x1536":["https:\/\/www.sikortex.com\/wp-content\/uploads\/2025\/08\/Yarn-dyed-Oxford-2-1536x1536.jpg",1536,1536,true],"2048x2048":["https:\/\/www.sikortex.com\/wp-content\/uploads\/2025\/08\/Yarn-dyed-Oxford-2.jpg",1920,1920,false],"trp-custom-language-flag":["https:\/\/www.sikortex.com\/wp-content\/uploads\/2025\/08\/Yarn-dyed-Oxford-2-12x12.jpg",12,12,true],"woocommerce_thumbnail":["https:\/\/www.sikortex.com\/wp-content\/uploads\/2025\/08\/Yarn-dyed-Oxford-2-300x300.jpg",300,300,true],"woocommerce_single":["https:\/\/www.sikortex.com\/wp-content\/uploads\/2025\/08\/Yarn-dyed-Oxford-2-600x600.jpg",600,600,true],"woocommerce_gallery_thumbnail":["https:\/\/www.sikortex.com\/wp-content\/uploads\/2025\/08\/Yarn-dyed-Oxford-2-100x100.jpg",100,100,true]},"uagb_author_info":{"display_name":"Sandy","author_link":"https:\/\/www.sikortex.com\/pl\/author\/"},"uagb_comment_info":0,"uagb_excerpt":"3000 Meters(Min.Order)","_links":{"self":[{"href":"https:\/\/www.sikortex.com\/pl\/wp-json\/wp\/v2\/product\/8863","targetHints":{"allow":["GET"]}}],"collection":[{"href":"https:\/\/www.sikortex.com\/pl\/wp-json\/wp\/v2\/product"}],"about":[{"href":"https:\/\/www.sikortex.com\/pl\/wp-json\/wp\/v2\/types\/product"}],"replies":[{"embeddable":true,"href":"https:\/\/www.sikortex.com\/pl\/wp-json\/wp\/v2\/comments?post=8863"}],"wp:featuredmedia":[{"embeddable":true,"href":"https:\/\/www.sikortex.com\/pl\/wp-json\/wp\/v2\/media\/8904"}],"wp:attachment":[{"href":"https:\/\/www.sikortex.com\/pl\/wp-json\/wp\/v2\/media?parent=8863"}],"wp:term":[{"taxonomy":"product_brand","embeddable":true,"href":"https:\/\/www.sikortex.com\/pl\/wp-json\/wp\/v2\/product_brand?post=8863"},{"taxonomy":"product_cat","embeddable":true,"href":"https:\/\/www.sikortex.com\/pl\/wp-json\/wp\/v2\/product_cat?post=8863"},{"taxonomy":"product_tag","embeddable":true,"href":"https:\/\/www.sikortex.com\/pl\/wp-json\/wp\/v2\/product_tag?post=8863"}],"curies":[{"name":"wp","href":"https:\/\/api.w.org\/{rel}","templated":true}]}}