{"id":8849,"date":"2025-08-20T09:47:01","date_gmt":"2025-08-20T01:47:01","guid":{"rendered":"https:\/\/www.sikortex.com\/?post_type=product&#038;p=8849"},"modified":"2025-08-21T12:41:56","modified_gmt":"2025-08-21T04:41:56","slug":"tkanina-chroniaca-przed-sloncem-z-poliestru-pvc-600d","status":"publish","type":"product","link":"https:\/\/www.sikortex.com\/pl\/produkt\/tkanina-chroniaca-przed-sloncem-z-poliestru-pvc-600d\/","title":{"rendered":"Tkanina chroni\u0105ca przed s\u0142o\u0144cem z poliestru PVC 600D do mebli ogrodowych"},"content":{"rendered":"<p>Wst\u0119p<br \/>\nTkanina przeciws\u0142oneczna z poliestru PVC 600D jest odporna na \u015bcieranie i rozdarcie, a pow\u0142oka PVC zapewnia ca\u0142kowit\u0105 wodoodporno\u015b\u0107. Profesjonalna ochrona przeciws\u0142oneczna UPF50+ skutecznie blokuje ponad 98% promieniowania UV. Ten trwa\u0142y materia\u0142 przeciws\u0142oneczny idealnie nadaje si\u0119 do mebli ogrodowych, markiz, namiot\u00f3w i innych zastosowa\u0144.<\/p>\n<p>G\u0142\u00f3wne cechy<br \/>\n1. Nasze linie produkcyjne wykorzystuj\u0105 zaawansowany, szybki sprz\u0119t, gwarantuj\u0105cy wydajn\u0105 i stabiln\u0105 wydajno\u015b\u0107 produkcji, aby sprosta\u0107 zapotrzebowaniu na du\u017ce zam\u00f3wienia.<br \/>\n2. Nasze produkty oferuj\u0105 wyj\u0105tkow\u0105 ochron\u0119 \u015brodowiska. Pow\u0142oka PVC jest w pe\u0142ni zgodna z najwy\u017cszymi normami \u015brodowiskowymi, w tym unijnym rozporz\u0105dzeniem REACH, i \u015bci\u015ble spe\u0142nia odpowiednie wymogi regulacyjne Stan\u00f3w Zjednoczonych i Japonii.<br \/>\n3. Utrzymujemy r\u00f3wnie\u017c zapas wyrob\u00f3w cz\u0119\u015bciowo gotowych, co pozwala nam elastycznie reagowa\u0107 na pilne potrzeby i znacz\u0105co skr\u00f3ci\u0107 czas realizacji zam\u00f3wie\u0144.<br \/>\n4. W zakresie kontroli jako\u015bci domy\u015blnie stosujemy ameryka\u0144skie normy ASTM dotycz\u0105ce wygl\u0105du i klasyfikacji jako\u015bci, ale wspieramy r\u00f3wnie\u017c niestandardowe inspekcje oparte na normach okre\u015blonych przez klienta.<br \/>\n5. W zakresie logistyki oferujemy globalne us\u0142ugi dostawcze, gwarantuj\u0105ce bezpieczn\u0105 i sprawn\u0105 dostaw\u0119 do wi\u0119kszo\u015bci lokalizacji na \u015bwiecie, zar\u00f3wno w przypadku du\u017cych zam\u00f3wie\u0144 hurtowych, jak i ma\u0142ych wolumen\u00f3w, pomagaj\u0105c klientom zoptymalizowa\u0107 efektywno\u015b\u0107 \u0142a\u0144cucha dostaw.<\/p>\n<p><a href=\"https:\/\/www.sikortex.com\/pl\/skontaktuj-sie-z-nami\/\"><span style=\"color: #0000ff;\">Skontaktuj si\u0119 z nami ju\u017c dzi\u015b, aby zam\u00f3wi\u0107 pr\u00f3bki.<\/span><\/a><\/p>","protected":false},"excerpt":{"rendered":"<p>3000 metr\u00f3w (min. zam\u00f3wienie)<\/p>","protected":false},"featured_media":8887,"comment_status":"closed","ping_status":"closed","template":"","meta":{"_uag_custom_page_level_css":"","site-sidebar-layout":"default","site-content-layout":"","ast-site-content-layout":"default","site-content-style":"default","site-sidebar-style":"default","ast-global-header-display":"","ast-banner-title-visibility":"","ast-main-header-display":"","ast-hfb-above-header-display":"","ast-hfb-below-header-display":"","ast-hfb-mobile-header-display":"","site-post-title":"","ast-breadcrumbs-content":"","ast-featured-img":"","footer-sml-layout":"","theme-transparent-header-meta":"default","adv-header-id-meta":"","stick-header-meta":"default","header-above-stick-meta":"","header-main-stick-meta":"","header-below-stick-meta":"","astra-migrate-meta-layouts":"set","ast-page-background-enabled":"default","ast-page-background-meta":{"desktop":{"background-color":"","background-image":"","background-repeat":"repeat","background-position":"center center","background-size":"auto","background-attachment":"scroll","background-type":"","background-media":"","overlay-type":"","overlay-color":"","overlay-opacity":"","overlay-gradient":""},"tablet":{"background-color":"","background-image":"","background-repeat":"repeat","background-position":"center center","background-size":"auto","background-attachment":"scroll","background-type":"","background-media":"","overlay-type":"","overlay-color":"","overlay-opacity":"","overlay-gradient":""},"mobile":{"background-color":"","background-image":"","background-repeat":"repeat","background-position":"center center","background-size":"auto","background-attachment":"scroll","background-type":"","background-media":"","overlay-type":"","overlay-color":"","overlay-opacity":"","overlay-gradient":""}},"ast-content-background-meta":{"desktop":{"background-color":"var(--ast-global-color-5)","background-image":"","background-repeat":"repeat","background-position":"center center","background-size":"auto","background-attachment":"scroll","background-type":"","background-media":"","overlay-type":"","overlay-color":"","overlay-opacity":"","overlay-gradient":""},"tablet":{"background-color":"var(--ast-global-color-5)","background-image":"","background-repeat":"repeat","background-position":"center center","background-size":"auto","background-attachment":"scroll","background-type":"","background-media":"","overlay-type":"","overlay-color":"","overlay-opacity":"","overlay-gradient":""},"mobile":{"background-color":"var(--ast-global-color-5)","background-image":"","background-repeat":"repeat","background-position":"center center","background-size":"auto","background-attachment":"scroll","background-type":"","background-media":"","overlay-type":"","overlay-color":"","overlay-opacity":"","overlay-gradient":""}}},"product_brand":[],"product_cat":[432,1218,1185,433,1697],"product_tag":[],"class_list":{"0":"post-8849","1":"product","2":"type-product","3":"status-publish","4":"has-post-thumbnail","6":"product_cat-fabric-for-tent","7":"product_cat-marine-fabrics","8":"product_cat-solution-dyed-polyester-fabrics","9":"product_cat-textile-for-industrial","10":"product_cat-uv-protection-fabric","11":"desktop-align-left","12":"tablet-align-left","13":"mobile-align-left","14":"ast-product-gallery-layout-vertical-slider","15":"ast-product-tabs-layout-horizontal","17":"first","18":"instock","19":"shipping-taxable","20":"product-type-simple"},"uagb_featured_image_src":{"full":["https:\/\/www.sikortex.com\/wp-content\/uploads\/2025\/08\/600Dpolyester-fabric.jpg",800,800,false],"thumbnail":["https:\/\/www.sikortex.com\/wp-content\/uploads\/2025\/08\/600Dpolyester-fabric-150x150.jpg",150,150,true],"medium":["https:\/\/www.sikortex.com\/wp-content\/uploads\/2025\/08\/600Dpolyester-fabric-300x300.jpg",300,300,true],"medium_large":["https:\/\/www.sikortex.com\/wp-content\/uploads\/2025\/08\/600Dpolyester-fabric-768x768.jpg",768,768,true],"large":["https:\/\/www.sikortex.com\/wp-content\/uploads\/2025\/08\/600Dpolyester-fabric.jpg",800,800,false],"1536x1536":["https:\/\/www.sikortex.com\/wp-content\/uploads\/2025\/08\/600Dpolyester-fabric.jpg",800,800,false],"2048x2048":["https:\/\/www.sikortex.com\/wp-content\/uploads\/2025\/08\/600Dpolyester-fabric.jpg",800,800,false],"trp-custom-language-flag":["https:\/\/www.sikortex.com\/wp-content\/uploads\/2025\/08\/600Dpolyester-fabric-12x12.jpg",12,12,true],"woocommerce_thumbnail":["https:\/\/www.sikortex.com\/wp-content\/uploads\/2025\/08\/600Dpolyester-fabric-300x300.jpg",300,300,true],"woocommerce_single":["https:\/\/www.sikortex.com\/wp-content\/uploads\/2025\/08\/600Dpolyester-fabric-600x600.jpg",600,600,true],"woocommerce_gallery_thumbnail":["https:\/\/www.sikortex.com\/wp-content\/uploads\/2025\/08\/600Dpolyester-fabric-100x100.jpg",100,100,true]},"uagb_author_info":{"display_name":"Perry","author_link":"https:\/\/www.sikortex.com\/pl\/author\/"},"uagb_comment_info":0,"uagb_excerpt":"3000 Meters(Min.Order)","_links":{"self":[{"href":"https:\/\/www.sikortex.com\/pl\/wp-json\/wp\/v2\/product\/8849","targetHints":{"allow":["GET"]}}],"collection":[{"href":"https:\/\/www.sikortex.com\/pl\/wp-json\/wp\/v2\/product"}],"about":[{"href":"https:\/\/www.sikortex.com\/pl\/wp-json\/wp\/v2\/types\/product"}],"replies":[{"embeddable":true,"href":"https:\/\/www.sikortex.com\/pl\/wp-json\/wp\/v2\/comments?post=8849"}],"wp:featuredmedia":[{"embeddable":true,"href":"https:\/\/www.sikortex.com\/pl\/wp-json\/wp\/v2\/media\/8887"}],"wp:attachment":[{"href":"https:\/\/www.sikortex.com\/pl\/wp-json\/wp\/v2\/media?parent=8849"}],"wp:term":[{"taxonomy":"product_brand","embeddable":true,"href":"https:\/\/www.sikortex.com\/pl\/wp-json\/wp\/v2\/product_brand?post=8849"},{"taxonomy":"product_cat","embeddable":true,"href":"https:\/\/www.sikortex.com\/pl\/wp-json\/wp\/v2\/product_cat?post=8849"},{"taxonomy":"product_tag","embeddable":true,"href":"https:\/\/www.sikortex.com\/pl\/wp-json\/wp\/v2\/product_tag?post=8849"}],"curies":[{"name":"wp","href":"https:\/\/api.w.org\/{rel}","templated":true}]}}