{"id":8649,"date":"2025-04-26T13:00:33","date_gmt":"2025-04-26T05:00:33","guid":{"rendered":"https:\/\/www.sikortex.com\/?post_type=product&#038;p=8649"},"modified":"2025-04-27T12:10:31","modified_gmt":"2025-04-27T04:10:31","slug":"3-warstwowa-wodoodporna-tkanina-elastyczna","status":"publish","type":"product","link":"https:\/\/www.sikortex.com\/pl\/produkt\/3-warstwowa-wodoodporna-tkanina-elastyczna\/","title":{"rendered":"3-warstwowa rozci\u0105gliwa wodoodporna tkanina na kurtki sportowe"},"content":{"rendered":"<p>&nbsp;<\/p>\n<h2>Rewolucyjna, rozci\u0105gliwa, wodoodporna tkanina zapewniaj\u0105ca swobod\u0119 ruchu<\/h2>\n<p>Zaawansowana technologia firmy SIKOR-TEX <strong>rozci\u0105gliwa wodoodporna tkanina<\/strong> \u0142\u0105czy wyj\u0105tkow\u0105 ochron\u0119 przed warunkami atmosferycznymi z ca\u0142kowit\u0105 swobod\u0105 ruchu. Innowacyjna 3-warstwowa konstrukcja obejmuje elastyczn\u0105 zewn\u0119trzn\u0105 warstw\u0119 z nylonu\/spandexu, wodoodporn\u0105 membran\u0119 TPU i wygodn\u0105 poliestrow\u0105 dzianin\u0119 tyln\u0105 \u2013 redefiniuj\u0105c komfort w odzie\u017cy wodoodpornej.<\/p>\n<h3>Konstrukcja techniczna tr\u00f3jwarstwowa<\/h3>\n<p>Ta premia <strong>rozci\u0105gliwa wodoodporna tkanina<\/strong> zapewnia niezr\u00f3wnan\u0105 wydajno\u015b\u0107 dzi\u0119ki inteligentnej konstrukcji:<\/p>\n<ul>\n<li><strong>Warstwa zewn\u0119trzna:<\/strong> Mieszanka nylonu 30D i spandexu 20D zapewniaj\u0105ca rozci\u0105gliwo\u015b\u0107 w czterech kierunkach i trwa\u0142o\u015b\u0107<\/li>\n<li><strong>Bariera wodoodporna:<\/strong> Laminowanie membrany TPU bezszwowe<\/li>\n<li><strong>Warstwa wewn\u0119trzna:<\/strong> Oddychaj\u0105ca dzianina poliestrowa zapewniaj\u0105ca wygod\u0119 i odprowadzanie wilgoci<\/li>\n<\/ul>\n<h3>Kluczowe korzy\u015bci wydajno\u015bciowe<\/h3>\n<ul>\n<li>Prawdziwa czterokierunkowa rozci\u0105gliwo\u015b\u0107 zapewniaj\u0105ca pe\u0142n\u0105 mobilno\u015b\u0107<\/li>\n<li>Ochrona przed wod\u0105 6000 mm+<\/li>\n<li>Zwi\u0119kszona oddychalno\u015b\u0107 (6000 g\/m\u00b2\/24 godz.)<\/li>\n<li>Lekka, o wadze zaledwie 30D<\/li>\n<li>Doskona\u0142a regeneracja i zachowanie kszta\u0142tu<\/li>\n<li>Mi\u0119kkie, wygodne wn\u0119trze<\/li>\n<\/ul>\n<h3>Aplikacje Premium<\/h3>\n<p>Idealny do odzie\u017cy wodoodpornej o wysokiej wydajno\u015bci:<\/p>\n<ul>\n<li>Aktywne kurtki outdoorowe<\/li>\n<li>Odzie\u017c narciarska i snowboardowa o wysokich parametrach<\/li>\n<li>Miejska techniczna odzie\u017c wierzchnia<\/li>\n<li>Odzie\u017c na wyprawy przygodowe<\/li>\n<\/ul>\n<h4>Przysz\u0142o\u015b\u0107 wodoodpornego komfortu<\/h4>\n<p>Ten <strong>rozci\u0105gliwa wodoodporna tkanina<\/strong> rozwi\u0105zuje tradycyjny kompromis mi\u0119dzy ochron\u0105 a mobilno\u015bci\u0105. Unikalne po\u0142\u0105czenie elastycznej tkaniny wierzchniej z wodoodpornym TPU i dzianinowym podszyciem tworzy odzie\u017c, kt\u00f3ra porusza si\u0119 wraz z cia\u0142em, zapewniaj\u0105c jednocze\u015bnie ca\u0142kowit\u0105 sucho\u015b\u0107 \u2013 idealne dla sportowc\u00f3w i os\u00f3b prowadz\u0105cych aktywny tryb \u017cycia.<\/p>\n<p>&nbsp;<\/p>","protected":false},"excerpt":{"rendered":"<p>1000 metr\u00f3w (min. zam\u00f3wienie)<\/p>","protected":false},"featured_media":8652,"comment_status":"closed","ping_status":"closed","template":"","meta":{"_uag_custom_page_level_css":"","site-sidebar-layout":"default","site-content-layout":"default","ast-site-content-layout":"default","site-content-style":"default","site-sidebar-style":"default","ast-global-header-display":"","ast-banner-title-visibility":"","ast-main-header-display":"","ast-hfb-above-header-display":"","ast-hfb-below-header-display":"","ast-hfb-mobile-header-display":"","site-post-title":"","ast-breadcrumbs-content":"","ast-featured-img":"","footer-sml-layout":"","theme-transparent-header-meta":"default","adv-header-id-meta":"","stick-header-meta":"default","header-above-stick-meta":"","header-main-stick-meta":"","header-below-stick-meta":"","astra-migrate-meta-layouts":"set","ast-page-background-enabled":"default","ast-page-background-meta":{"desktop":{"background-color":"","background-image":"","background-repeat":"repeat","background-position":"center center","background-size":"auto","background-attachment":"scroll","background-type":"","background-media":"","overlay-type":"","overlay-color":"","overlay-opacity":"","overlay-gradient":""},"tablet":{"background-color":"","background-image":"","background-repeat":"repeat","background-position":"center center","background-size":"auto","background-attachment":"scroll","background-type":"","background-media":"","overlay-type":"","overlay-color":"","overlay-opacity":"","overlay-gradient":""},"mobile":{"background-color":"","background-image":"","background-repeat":"repeat","background-position":"center center","background-size":"auto","background-attachment":"scroll","background-type":"","background-media":"","overlay-type":"","overlay-color":"","overlay-opacity":"","overlay-gradient":""}},"ast-content-background-meta":{"desktop":{"background-color":"var(--ast-global-color-5)","background-image":"","background-repeat":"repeat","background-position":"center center","background-size":"auto","background-attachment":"scroll","background-type":"","background-media":"","overlay-type":"","overlay-color":"","overlay-opacity":"","overlay-gradient":""},"tablet":{"background-color":"var(--ast-global-color-5)","background-image":"","background-repeat":"repeat","background-position":"center center","background-size":"auto","background-attachment":"scroll","background-type":"","background-media":"","overlay-type":"","overlay-color":"","overlay-opacity":"","overlay-gradient":""},"mobile":{"background-color":"var(--ast-global-color-5)","background-image":"","background-repeat":"repeat","background-position":"center center","background-size":"auto","background-attachment":"scroll","background-type":"","background-media":"","overlay-type":"","overlay-color":"","overlay-opacity":"","overlay-gradient":""}}},"product_brand":[],"product_cat":[431,428,429,421,404,420],"product_tag":[],"class_list":{"0":"post-8649","1":"product","2":"type-product","3":"status-publish","4":"has-post-thumbnail","6":"product_cat-fabric-for-commuting-clothing","7":"product_cat-fabric-for-outdoor-sports","8":"product_cat-fabric-for-sportswear","9":"product_cat-foul-weather-fabrics","10":"product_cat-nylon-fabrics","11":"product_cat-stretch-fabrics","12":"desktop-align-left","13":"tablet-align-left","14":"mobile-align-left","15":"ast-product-gallery-layout-vertical-slider","16":"ast-product-tabs-layout-horizontal","18":"first","19":"instock","20":"shipping-taxable","21":"product-type-simple"},"uagb_featured_image_src":{"full":["https:\/\/www.sikortex.com\/wp-content\/uploads\/2025\/04\/4-12.jpg",800,800,false],"thumbnail":["https:\/\/www.sikortex.com\/wp-content\/uploads\/2025\/04\/4-12-150x150.jpg",150,150,true],"medium":["https:\/\/www.sikortex.com\/wp-content\/uploads\/2025\/04\/4-12-300x300.jpg",300,300,true],"medium_large":["https:\/\/www.sikortex.com\/wp-content\/uploads\/2025\/04\/4-12-768x768.jpg",768,768,true],"large":["https:\/\/www.sikortex.com\/wp-content\/uploads\/2025\/04\/4-12.jpg",800,800,false],"1536x1536":["https:\/\/www.sikortex.com\/wp-content\/uploads\/2025\/04\/4-12.jpg",800,800,false],"2048x2048":["https:\/\/www.sikortex.com\/wp-content\/uploads\/2025\/04\/4-12.jpg",800,800,false],"trp-custom-language-flag":["https:\/\/www.sikortex.com\/wp-content\/uploads\/2025\/04\/4-12-12x12.jpg",12,12,true],"woocommerce_thumbnail":["https:\/\/www.sikortex.com\/wp-content\/uploads\/2025\/04\/4-12-300x300.jpg",300,300,true],"woocommerce_single":["https:\/\/www.sikortex.com\/wp-content\/uploads\/2025\/04\/4-12-600x600.jpg",600,600,true],"woocommerce_gallery_thumbnail":["https:\/\/www.sikortex.com\/wp-content\/uploads\/2025\/04\/4-12-100x100.jpg",100,100,true]},"uagb_author_info":{"display_name":"Sandy","author_link":"https:\/\/www.sikortex.com\/pl\/author\/"},"uagb_comment_info":0,"uagb_excerpt":"1000 Meters(Min.Order)","_links":{"self":[{"href":"https:\/\/www.sikortex.com\/pl\/wp-json\/wp\/v2\/product\/8649","targetHints":{"allow":["GET"]}}],"collection":[{"href":"https:\/\/www.sikortex.com\/pl\/wp-json\/wp\/v2\/product"}],"about":[{"href":"https:\/\/www.sikortex.com\/pl\/wp-json\/wp\/v2\/types\/product"}],"replies":[{"embeddable":true,"href":"https:\/\/www.sikortex.com\/pl\/wp-json\/wp\/v2\/comments?post=8649"}],"wp:featuredmedia":[{"embeddable":true,"href":"https:\/\/www.sikortex.com\/pl\/wp-json\/wp\/v2\/media\/8652"}],"wp:attachment":[{"href":"https:\/\/www.sikortex.com\/pl\/wp-json\/wp\/v2\/media?parent=8649"}],"wp:term":[{"taxonomy":"product_brand","embeddable":true,"href":"https:\/\/www.sikortex.com\/pl\/wp-json\/wp\/v2\/product_brand?post=8649"},{"taxonomy":"product_cat","embeddable":true,"href":"https:\/\/www.sikortex.com\/pl\/wp-json\/wp\/v2\/product_cat?post=8649"},{"taxonomy":"product_tag","embeddable":true,"href":"https:\/\/www.sikortex.com\/pl\/wp-json\/wp\/v2\/product_tag?post=8649"}],"curies":[{"name":"wp","href":"https:\/\/api.w.org\/{rel}","templated":true}]}}