{"id":8642,"date":"2025-04-26T12:54:41","date_gmt":"2025-04-26T04:54:41","guid":{"rendered":"https:\/\/www.sikortex.com\/?post_type=product&#038;p=8642"},"modified":"2025-04-27T11:22:25","modified_gmt":"2025-04-27T03:22:25","slug":"lekka-tkanina-poliestrowa","status":"publish","type":"product","link":"https:\/\/www.sikortex.com\/pl\/produkt\/lekka-tkanina-poliestrowa\/","title":{"rendered":"Wodoodporna i oddychaj\u0105ca lekka pow\u0142oka poliestrowa"},"content":{"rendered":"<p>&nbsp;<\/p>\n<h2>Wodoodporna i oddychaj\u0105ca lekka tkanina poliestrowa: m\u0105dry wyb\u00f3r dla odzie\u017cy o wysokiej wydajno\u015bci<\/h2>\n<p>Mi\u0142o\u015bnicy nowoczesnego outdooru wymagaj\u0105 tkanin, kt\u00f3re \u0142\u0105cz\u0105 ochron\u0119 z komfortem. Nasze zaawansowane <strong>tkanina poliestrowa<\/strong> zapewnia wyj\u0105tkow\u0105 wydajno\u015b\u0107 dzi\u0119ki lekkiej konstrukcji i wysokiej jako\u015bci estetyce, dzi\u0119ki czemu idealnie nadaje si\u0119 do wysokiej jako\u015bci odzie\u017cy sportowej i outdoorowej.<\/p>\n<h3>Wyj\u0105tkowe cechy naszej tkaniny poliestrowej<\/h3>\n<p>Zaprojektowany z my\u015bl\u0105 o doskona\u0142o\u015bci, ten innowacyjny materia\u0142 oferuje:<\/p>\n<ul>\n<li><strong>Ultra lekki<\/strong> \u2013 Najwy\u017cszej jako\u015bci drobna faktura o wyrafinowanym wygl\u0105dzie<\/li>\n<li><strong>Izolacja termiczna<\/strong> \u2013 Zapewnia ciep\u0142o bez zwi\u0119kszania obj\u0119to\u015bci<\/li>\n<li><strong>Wiatroszczelny<\/strong> \u2013 Skuteczna bariera przed silnymi wiatrami<\/li>\n<li><strong>Wodoodporny, a jednocze\u015bnie oddychaj\u0105cy<\/strong> \u2013 Chroni przed deszczem, jednocze\u015bnie umo\u017cliwiaj\u0105c ucieczk\u0119 pary wodnej<\/li>\n<li><strong>Rozci\u0105gliwy<\/strong> \u2013 Zwi\u0119kszona mobilno\u015b\u0107 w przypadku noszenia odzie\u017cy aktywnej<\/li>\n<\/ul>\n<h3>Idealne aplikacje do wszechstronnej wydajno\u015bci<\/h3>\n<p>Ta wysokiej jako\u015bci <strong>tkanina poliestrowa<\/strong> sprawdza si\u0119 w wielu zastosowaniach:<\/p>\n<ul>\n<li>Kurtki sportowe o wysokiej wydajno\u015bci<\/li>\n<li>Odzie\u017c techniczna outdoorowa<\/li>\n<li>Stylowe kurtki casualowe<\/li>\n<li>Odzie\u017c sportowa na ca\u0142y sezon<\/li>\n<\/ul>\n<h4>Dlaczego ta tkanina si\u0119 wyr\u00f3\u017cnia<\/h4>\n<p>Unikalna konstrukcja naszego <strong>tkanina poliestrowa<\/strong> \u0142\u0105czy zaawansowane wodoodporne membrany z oddychaj\u0105c\u0105 technologi\u0105, tworz\u0105c materia\u0142, kt\u00f3ry sprawdza si\u0119 w trudnych warunkach, zapewniaj\u0105c jednocze\u015bnie komfort. Wyrafinowana faktura powierzchni nadaje ubraniom wygl\u0105d premium, p\u0142ynnie przechodz\u0105c od przyg\u00f3d na \u015bwie\u017cym powietrzu do \u015brodowisk miejskich.<\/p>\n<p>&nbsp;<\/p>","protected":false},"excerpt":{"rendered":"<p>1000 metr\u00f3w (min. zam\u00f3wienie)<\/p>","protected":false},"featured_media":8643,"comment_status":"closed","ping_status":"closed","template":"","meta":{"_uag_custom_page_level_css":"","site-sidebar-layout":"default","site-content-layout":"default","ast-site-content-layout":"default","site-content-style":"default","site-sidebar-style":"default","ast-global-header-display":"","ast-banner-title-visibility":"","ast-main-header-display":"","ast-hfb-above-header-display":"","ast-hfb-below-header-display":"","ast-hfb-mobile-header-display":"","site-post-title":"","ast-breadcrumbs-content":"","ast-featured-img":"","footer-sml-layout":"","theme-transparent-header-meta":"default","adv-header-id-meta":"","stick-header-meta":"default","header-above-stick-meta":"","header-main-stick-meta":"","header-below-stick-meta":"","astra-migrate-meta-layouts":"set","ast-page-background-enabled":"default","ast-page-background-meta":{"desktop":{"background-color":"","background-image":"","background-repeat":"repeat","background-position":"center center","background-size":"auto","background-attachment":"scroll","background-type":"","background-media":"","overlay-type":"","overlay-color":"","overlay-opacity":"","overlay-gradient":""},"tablet":{"background-color":"","background-image":"","background-repeat":"repeat","background-position":"center center","background-size":"auto","background-attachment":"scroll","background-type":"","background-media":"","overlay-type":"","overlay-color":"","overlay-opacity":"","overlay-gradient":""},"mobile":{"background-color":"","background-image":"","background-repeat":"repeat","background-position":"center center","background-size":"auto","background-attachment":"scroll","background-type":"","background-media":"","overlay-type":"","overlay-color":"","overlay-opacity":"","overlay-gradient":""}},"ast-content-background-meta":{"desktop":{"background-color":"var(--ast-global-color-5)","background-image":"","background-repeat":"repeat","background-position":"center center","background-size":"auto","background-attachment":"scroll","background-type":"","background-media":"","overlay-type":"","overlay-color":"","overlay-opacity":"","overlay-gradient":""},"tablet":{"background-color":"var(--ast-global-color-5)","background-image":"","background-repeat":"repeat","background-position":"center center","background-size":"auto","background-attachment":"scroll","background-type":"","background-media":"","overlay-type":"","overlay-color":"","overlay-opacity":"","overlay-gradient":""},"mobile":{"background-color":"var(--ast-global-color-5)","background-image":"","background-repeat":"repeat","background-position":"center center","background-size":"auto","background-attachment":"scroll","background-type":"","background-media":"","overlay-type":"","overlay-color":"","overlay-opacity":"","overlay-gradient":""}}},"product_brand":[],"product_cat":[431,428,429,421,403,420],"product_tag":[],"class_list":{"0":"post-8642","1":"product","2":"type-product","3":"status-publish","4":"has-post-thumbnail","6":"product_cat-fabric-for-commuting-clothing","7":"product_cat-fabric-for-outdoor-sports","8":"product_cat-fabric-for-sportswear","9":"product_cat-foul-weather-fabrics","10":"product_cat-polyester-fabrics","11":"product_cat-stretch-fabrics","12":"desktop-align-left","13":"tablet-align-left","14":"mobile-align-left","15":"ast-product-gallery-layout-vertical-slider","16":"ast-product-tabs-layout-horizontal","18":"first","19":"instock","20":"shipping-taxable","21":"product-type-simple"},"uagb_featured_image_src":{"full":["https:\/\/www.sikortex.com\/wp-content\/uploads\/2025\/04\/1-10.jpg",800,800,false],"thumbnail":["https:\/\/www.sikortex.com\/wp-content\/uploads\/2025\/04\/1-10-150x150.jpg",150,150,true],"medium":["https:\/\/www.sikortex.com\/wp-content\/uploads\/2025\/04\/1-10-300x300.jpg",300,300,true],"medium_large":["https:\/\/www.sikortex.com\/wp-content\/uploads\/2025\/04\/1-10-768x768.jpg",768,768,true],"large":["https:\/\/www.sikortex.com\/wp-content\/uploads\/2025\/04\/1-10.jpg",800,800,false],"1536x1536":["https:\/\/www.sikortex.com\/wp-content\/uploads\/2025\/04\/1-10.jpg",800,800,false],"2048x2048":["https:\/\/www.sikortex.com\/wp-content\/uploads\/2025\/04\/1-10.jpg",800,800,false],"trp-custom-language-flag":["https:\/\/www.sikortex.com\/wp-content\/uploads\/2025\/04\/1-10-12x12.jpg",12,12,true],"woocommerce_thumbnail":["https:\/\/www.sikortex.com\/wp-content\/uploads\/2025\/04\/1-10-300x300.jpg",300,300,true],"woocommerce_single":["https:\/\/www.sikortex.com\/wp-content\/uploads\/2025\/04\/1-10-600x600.jpg",600,600,true],"woocommerce_gallery_thumbnail":["https:\/\/www.sikortex.com\/wp-content\/uploads\/2025\/04\/1-10-100x100.jpg",100,100,true]},"uagb_author_info":{"display_name":"Sandy","author_link":"https:\/\/www.sikortex.com\/pl\/author\/"},"uagb_comment_info":0,"uagb_excerpt":"1000 Meters(Min.Order)","_links":{"self":[{"href":"https:\/\/www.sikortex.com\/pl\/wp-json\/wp\/v2\/product\/8642","targetHints":{"allow":["GET"]}}],"collection":[{"href":"https:\/\/www.sikortex.com\/pl\/wp-json\/wp\/v2\/product"}],"about":[{"href":"https:\/\/www.sikortex.com\/pl\/wp-json\/wp\/v2\/types\/product"}],"replies":[{"embeddable":true,"href":"https:\/\/www.sikortex.com\/pl\/wp-json\/wp\/v2\/comments?post=8642"}],"wp:featuredmedia":[{"embeddable":true,"href":"https:\/\/www.sikortex.com\/pl\/wp-json\/wp\/v2\/media\/8643"}],"wp:attachment":[{"href":"https:\/\/www.sikortex.com\/pl\/wp-json\/wp\/v2\/media?parent=8642"}],"wp:term":[{"taxonomy":"product_brand","embeddable":true,"href":"https:\/\/www.sikortex.com\/pl\/wp-json\/wp\/v2\/product_brand?post=8642"},{"taxonomy":"product_cat","embeddable":true,"href":"https:\/\/www.sikortex.com\/pl\/wp-json\/wp\/v2\/product_cat?post=8642"},{"taxonomy":"product_tag","embeddable":true,"href":"https:\/\/www.sikortex.com\/pl\/wp-json\/wp\/v2\/product_tag?post=8642"}],"curies":[{"name":"wp","href":"https:\/\/api.w.org\/{rel}","templated":true}]}}