{"id":8636,"date":"2025-04-26T12:46:09","date_gmt":"2025-04-26T04:46:09","guid":{"rendered":"https:\/\/www.sikortex.com\/?post_type=product&#038;p=8636"},"modified":"2025-04-27T11:06:09","modified_gmt":"2025-04-27T03:06:09","slug":"tkanina-laminowana-folia-drukowana","status":"publish","type":"product","link":"https:\/\/www.sikortex.com\/pl\/produkt\/tkanina-laminowana-folia-drukowana\/","title":{"rendered":"Tkanina laminowana foli\u0105 drukowan\u0105 na kurtki sportowe"},"content":{"rendered":"<p>&nbsp;<\/p>\n<h2>Tkanina laminowana z nadrukiem: najlepszy wyb\u00f3r na kurtki sportowe<\/h2>\n<p>Je\u015bli chodzi o odzie\u017c outdoorow\u0105 o wysokiej wydajno\u015bci, <strong>Tkanina laminowana foli\u0105 drukowan\u0105<\/strong> wyr\u00f3\u017cnia si\u0119 jako innowacyjne rozwi\u0105zanie dla nowoczesnych kurtek sportowych. Ten zaawansowany materia\u0142 \u0142\u0105czy funkcjonalno\u015b\u0107 ze stylem, dzi\u0119ki czemu jest idealny dla sportowc\u00f3w i mi\u0142o\u015bnik\u00f3w aktywno\u015bci na \u015bwie\u017cym powietrzu.<\/p>\n<h3>Kluczowe cechy naszej tkaniny na kurtki sportowe<\/h3>\n<p>Ten <strong>tkanina laminowana foli\u0105 drukowan\u0105<\/strong> oferuje wyj\u0105tkowe parametry u\u017cytkowe:<\/p>\n<ul>\n<li><strong>Wiatroszczelny<\/strong> \u2013 Blokuje ch\u0142odne wiatry podczas aktywno\u015bci na \u015bwie\u017cym powietrzu<\/li>\n<li><strong>Wodoodporny<\/strong> \u2013 Zapewnia sucho\u015b\u0107 w mokrych warunkach<\/li>\n<li><strong>Oddychaj\u0105cy<\/strong> \u2013 Umo\u017cliwia ucieczk\u0119 pary wodnej, zapobiegaj\u0105c przegrzaniu<\/li>\n<li><strong>Lekkie rozci\u0105ganie<\/strong> \u2013 Zapewnia komfortow\u0105 swobod\u0119 ruchu<\/li>\n<\/ul>\n<h3>Idealne zastosowania dla laminowanych tkanin z folii drukowanej<\/h3>\n<p>Ten wszechstronny <strong>tkanina na kurtki sportowe<\/strong> doskonale nadaje si\u0119 do r\u00f3\u017cnorodnych zastosowa\u0144 zewn\u0119trznych:<\/p>\n<ul>\n<li>Kurtki sportowe do uprawiania sport\u00f3w na \u015bwie\u017cym powietrzu<\/li>\n<li>Ekskluzywna odzie\u017c outdoorowa<\/li>\n<li>Kurtki puchowe i parki premium<\/li>\n<li>Odzie\u017c sportowa na ka\u017cd\u0105 pogod\u0119<\/li>\n<\/ul>\n<h4>Dlaczego warto wybra\u0107 nasz\u0105 tkanin\u0119?<\/h4>\n<p>Ten <strong>tkanina laminowana foli\u0105 drukowan\u0105<\/strong> \u0142\u0105czy najnowocze\u015bniejsz\u0105 technologi\u0119 z praktycznym wzornictwem. Proces laminowania tworzy trwa\u0142\u0105, odporn\u0105 na warunki atmosferyczne powierzchni\u0119, zachowuj\u0105c jednocze\u015bnie naturaln\u0105 elastyczno\u015b\u0107 tkaniny. \u017bywe nadruki pozostaj\u0105 wyra\u017ane nawet po wielokrotnym u\u017cyciu i praniu, dzi\u0119ki czemu <strong>kurtki sportowe<\/strong> wygl\u0105daj\u0105 jak nowe z sezonu na sezon.<\/p>\n<p>&nbsp;<\/p>","protected":false},"excerpt":{"rendered":"<p>1000 metr\u00f3w (min. zam\u00f3wienie)<\/p>","protected":false},"featured_media":8641,"comment_status":"closed","ping_status":"closed","template":"","meta":{"_uag_custom_page_level_css":"","site-sidebar-layout":"default","site-content-layout":"default","ast-site-content-layout":"default","site-content-style":"default","site-sidebar-style":"default","ast-global-header-display":"","ast-banner-title-visibility":"","ast-main-header-display":"","ast-hfb-above-header-display":"","ast-hfb-below-header-display":"","ast-hfb-mobile-header-display":"","site-post-title":"","ast-breadcrumbs-content":"","ast-featured-img":"","footer-sml-layout":"","theme-transparent-header-meta":"default","adv-header-id-meta":"","stick-header-meta":"default","header-above-stick-meta":"","header-main-stick-meta":"","header-below-stick-meta":"","astra-migrate-meta-layouts":"set","ast-page-background-enabled":"default","ast-page-background-meta":{"desktop":{"background-color":"","background-image":"","background-repeat":"repeat","background-position":"center center","background-size":"auto","background-attachment":"scroll","background-type":"","background-media":"","overlay-type":"","overlay-color":"","overlay-opacity":"","overlay-gradient":""},"tablet":{"background-color":"","background-image":"","background-repeat":"repeat","background-position":"center center","background-size":"auto","background-attachment":"scroll","background-type":"","background-media":"","overlay-type":"","overlay-color":"","overlay-opacity":"","overlay-gradient":""},"mobile":{"background-color":"","background-image":"","background-repeat":"repeat","background-position":"center center","background-size":"auto","background-attachment":"scroll","background-type":"","background-media":"","overlay-type":"","overlay-color":"","overlay-opacity":"","overlay-gradient":""}},"ast-content-background-meta":{"desktop":{"background-color":"var(--ast-global-color-5)","background-image":"","background-repeat":"repeat","background-position":"center center","background-size":"auto","background-attachment":"scroll","background-type":"","background-media":"","overlay-type":"","overlay-color":"","overlay-opacity":"","overlay-gradient":""},"tablet":{"background-color":"var(--ast-global-color-5)","background-image":"","background-repeat":"repeat","background-position":"center center","background-size":"auto","background-attachment":"scroll","background-type":"","background-media":"","overlay-type":"","overlay-color":"","overlay-opacity":"","overlay-gradient":""},"mobile":{"background-color":"var(--ast-global-color-5)","background-image":"","background-repeat":"repeat","background-position":"center center","background-size":"auto","background-attachment":"scroll","background-type":"","background-media":"","overlay-type":"","overlay-color":"","overlay-opacity":"","overlay-gradient":""}}},"product_brand":[],"product_cat":[431,428,429,421,403,414],"product_tag":[],"class_list":{"0":"post-8636","1":"product","2":"type-product","3":"status-publish","4":"has-post-thumbnail","6":"product_cat-fabric-for-commuting-clothing","7":"product_cat-fabric-for-outdoor-sports","8":"product_cat-fabric-for-sportswear","9":"product_cat-foul-weather-fabrics","10":"product_cat-polyester-fabrics","11":"product_cat-waterproof-fabrics","12":"desktop-align-left","13":"tablet-align-left","14":"mobile-align-left","15":"ast-product-gallery-layout-vertical-slider","16":"ast-product-tabs-layout-horizontal","18":"first","19":"instock","20":"shipping-taxable","21":"product-type-simple"},"uagb_featured_image_src":{"full":["https:\/\/www.sikortex.com\/wp-content\/uploads\/2025\/04\/5-8.jpg",800,800,false],"thumbnail":["https:\/\/www.sikortex.com\/wp-content\/uploads\/2025\/04\/5-8-150x150.jpg",150,150,true],"medium":["https:\/\/www.sikortex.com\/wp-content\/uploads\/2025\/04\/5-8-300x300.jpg",300,300,true],"medium_large":["https:\/\/www.sikortex.com\/wp-content\/uploads\/2025\/04\/5-8-768x768.jpg",768,768,true],"large":["https:\/\/www.sikortex.com\/wp-content\/uploads\/2025\/04\/5-8.jpg",800,800,false],"1536x1536":["https:\/\/www.sikortex.com\/wp-content\/uploads\/2025\/04\/5-8.jpg",800,800,false],"2048x2048":["https:\/\/www.sikortex.com\/wp-content\/uploads\/2025\/04\/5-8.jpg",800,800,false],"trp-custom-language-flag":["https:\/\/www.sikortex.com\/wp-content\/uploads\/2025\/04\/5-8-12x12.jpg",12,12,true],"woocommerce_thumbnail":["https:\/\/www.sikortex.com\/wp-content\/uploads\/2025\/04\/5-8-300x300.jpg",300,300,true],"woocommerce_single":["https:\/\/www.sikortex.com\/wp-content\/uploads\/2025\/04\/5-8-600x600.jpg",600,600,true],"woocommerce_gallery_thumbnail":["https:\/\/www.sikortex.com\/wp-content\/uploads\/2025\/04\/5-8-100x100.jpg",100,100,true]},"uagb_author_info":{"display_name":"Sandy","author_link":"https:\/\/www.sikortex.com\/pl\/author\/"},"uagb_comment_info":0,"uagb_excerpt":"1000 Meters(Min.Order)","_links":{"self":[{"href":"https:\/\/www.sikortex.com\/pl\/wp-json\/wp\/v2\/product\/8636","targetHints":{"allow":["GET"]}}],"collection":[{"href":"https:\/\/www.sikortex.com\/pl\/wp-json\/wp\/v2\/product"}],"about":[{"href":"https:\/\/www.sikortex.com\/pl\/wp-json\/wp\/v2\/types\/product"}],"replies":[{"embeddable":true,"href":"https:\/\/www.sikortex.com\/pl\/wp-json\/wp\/v2\/comments?post=8636"}],"wp:featuredmedia":[{"embeddable":true,"href":"https:\/\/www.sikortex.com\/pl\/wp-json\/wp\/v2\/media\/8641"}],"wp:attachment":[{"href":"https:\/\/www.sikortex.com\/pl\/wp-json\/wp\/v2\/media?parent=8636"}],"wp:term":[{"taxonomy":"product_brand","embeddable":true,"href":"https:\/\/www.sikortex.com\/pl\/wp-json\/wp\/v2\/product_brand?post=8636"},{"taxonomy":"product_cat","embeddable":true,"href":"https:\/\/www.sikortex.com\/pl\/wp-json\/wp\/v2\/product_cat?post=8636"},{"taxonomy":"product_tag","embeddable":true,"href":"https:\/\/www.sikortex.com\/pl\/wp-json\/wp\/v2\/product_tag?post=8636"}],"curies":[{"name":"wp","href":"https:\/\/api.w.org\/{rel}","templated":true}]}}