{"id":8612,"date":"2025-04-23T13:08:19","date_gmt":"2025-04-23T05:08:19","guid":{"rendered":"https:\/\/www.sikortex.com\/?post_type=product&#038;p=8612"},"modified":"2025-04-25T14:31:38","modified_gmt":"2025-04-25T06:31:38","slug":"kompozytowa-tkanina-tpu-na-kurtke-wodoodporna","status":"publish","type":"product","link":"https:\/\/www.sikortex.com\/pl\/produkt\/kompozytowa-tkanina-tpu-na-kurtke-wodoodporna\/","title":{"rendered":"T800 Elastyczna tkanina TPU Kompozytowa tkanina na wodoodporn\u0105 kurtk\u0119"},"content":{"rendered":"<div class=\"waterproof-fabric-article\">\n<p>Zaprojektowana z my\u015bl\u0105 o najwy\u017cszej wydajno\u015bci, nasza kompozytowa tkanina TPU \u0142\u0105czy trwa\u0142o\u015b\u0107 z wyj\u0105tkowym komfortem, co czyni j\u0105 idealn\u0105 tkanin\u0105 do zastosowa\u0144 w kurtkach wodoodpornych. Ten zaawansowany materia\u0142 zapewnia doskona\u0142\u0105 ochron\u0119 bez uszczerbku dla stylu lub mobilno\u015bci.<\/p>\n<h3>Wyj\u0105tkowe w\u0142a\u015bciwo\u015bci tkaniny<\/h3>\n<ul class=\"fabric-properties\">\n<li><strong>Ustrukturyzowany, a jednocze\u015bnie mi\u0119kki<\/strong> \u2013 Zachowuje kszta\u0142t, zapewniaj\u0105c jednocze\u015bnie wygod\u0119 noszenia<\/li>\n<li><strong>Pe\u0142na ochrona przed wiatrem<\/strong> \u2013 Skutecznie blokuje silne wiatry<\/li>\n<li><strong>Wodoodporny i oddychaj\u0105cy<\/strong> \u2013 Warstwa TPU odpycha wod\u0119, jednocze\u015bnie umo\u017cliwiaj\u0105c transfer pary wodnej<\/li>\n<li><strong>Doskona\u0142a elastyczno\u015b\u0107<\/strong> \u2013 wyd\u0142u\u017cenie 20-25% zapewniaj\u0105ce swobod\u0119 ruchu<\/li>\n<\/ul>\n<h3>Aplikacje Premium<\/h3>\n<div class=\"applications-grid\">\n<div class=\"application-item\">\n<h4>Odzie\u017c robocza na ekstremalne warunki pogodowe<\/h4>\n<p>Idealny do odzie\u017cy ochronnej w sektorze budowlanym i u\u017cyteczno\u015bci publicznej<\/p>\n<\/div>\n<div class=\"application-item\">\n<h4>Odzie\u017c techniczna outdoorowa<\/h4>\n<p>Idealny do kurtek turystycznych i sprz\u0119tu ekspedycyjnego<\/p>\n<\/div>\n<div class=\"application-item\">\n<h4>Modna odzie\u017c wierzchnia<\/h4>\n<p>Stylowe parki i nowoczesne kurtki<\/p>\n<\/div>\n<div class=\"application-item\">\n<h4>Sprz\u0119t je\u017adziecki<\/h4>\n<p>Trwa\u0142e koce zapewniaj\u0105ce ochron\u0119 w ka\u017cdych warunkach pogodowych<\/p>\n<\/div>\n<\/div>\n<h3>Dlaczego warto wybra\u0107 nasz\u0105 tkanin\u0119 kompozytow\u0105 TPU?<\/h3>\n<p>Elastyczna tkanina kompozytowa TPU T800 wyr\u00f3\u017cnia si\u0119 unikalnym po\u0142\u0105czeniem wydajno\u015bci technicznej i komfortu noszenia. Jako tkanina premium do produkcji wodoodpornych kurtek, oferuje ona wy\u017csz\u0105 trwa\u0142o\u015b\u0107 w por\u00f3wnaniu ze standardowymi materia\u0142ami, zachowuj\u0105c jednocze\u015bnie doskona\u0142e w\u0142a\u015bciwo\u015bci rozci\u0105gliwe.<\/p>\n<div class=\"technical-benefits\">\n<p><strong>Zalety techniczne:<\/strong> Odporno\u015b\u0107 na rozdarcie \u2022 Mo\u017cliwo\u015b\u0107 dostosowania do temperatury \u2022 Kontrola wilgoci \u2022 Zachowanie kszta\u0142tu \u2022 D\u0142ugotrwa\u0142a wodoodporno\u015b\u0107<\/p>\n<\/div>\n<\/div>","protected":false},"excerpt":{"rendered":"<p>1000 metr\u00f3w (min. zam\u00f3wienie)<\/p>","protected":false},"featured_media":8616,"comment_status":"closed","ping_status":"closed","template":"","meta":{"_uag_custom_page_level_css":"","site-sidebar-layout":"default","site-content-layout":"default","ast-site-content-layout":"default","site-content-style":"default","site-sidebar-style":"default","ast-global-header-display":"","ast-banner-title-visibility":"","ast-main-header-display":"","ast-hfb-above-header-display":"","ast-hfb-below-header-display":"","ast-hfb-mobile-header-display":"","site-post-title":"","ast-breadcrumbs-content":"","ast-featured-img":"","footer-sml-layout":"","theme-transparent-header-meta":"default","adv-header-id-meta":"","stick-header-meta":"default","header-above-stick-meta":"","header-main-stick-meta":"","header-below-stick-meta":"","astra-migrate-meta-layouts":"set","ast-page-background-enabled":"default","ast-page-background-meta":{"desktop":{"background-color":"","background-image":"","background-repeat":"repeat","background-position":"center center","background-size":"auto","background-attachment":"scroll","background-type":"","background-media":"","overlay-type":"","overlay-color":"","overlay-opacity":"","overlay-gradient":""},"tablet":{"background-color":"","background-image":"","background-repeat":"repeat","background-position":"center center","background-size":"auto","background-attachment":"scroll","background-type":"","background-media":"","overlay-type":"","overlay-color":"","overlay-opacity":"","overlay-gradient":""},"mobile":{"background-color":"","background-image":"","background-repeat":"repeat","background-position":"center center","background-size":"auto","background-attachment":"scroll","background-type":"","background-media":"","overlay-type":"","overlay-color":"","overlay-opacity":"","overlay-gradient":""}},"ast-content-background-meta":{"desktop":{"background-color":"var(--ast-global-color-5)","background-image":"","background-repeat":"repeat","background-position":"center center","background-size":"auto","background-attachment":"scroll","background-type":"","background-media":"","overlay-type":"","overlay-color":"","overlay-opacity":"","overlay-gradient":""},"tablet":{"background-color":"var(--ast-global-color-5)","background-image":"","background-repeat":"repeat","background-position":"center center","background-size":"auto","background-attachment":"scroll","background-type":"","background-media":"","overlay-type":"","overlay-color":"","overlay-opacity":"","overlay-gradient":""},"mobile":{"background-color":"var(--ast-global-color-5)","background-image":"","background-repeat":"repeat","background-position":"center center","background-size":"auto","background-attachment":"scroll","background-type":"","background-media":"","overlay-type":"","overlay-color":"","overlay-opacity":"","overlay-gradient":""}}},"product_brand":[],"product_cat":[403,431,1183,428,429,421,420,414],"product_tag":[],"class_list":{"0":"post-8612","1":"product","2":"type-product","3":"status-publish","4":"has-post-thumbnail","6":"product_cat-polyester-fabrics","7":"product_cat-fabric-for-commuting-clothing","8":"product_cat-fabric-for-horse-blankets","9":"product_cat-fabric-for-outdoor-sports","10":"product_cat-fabric-for-sportswear","11":"product_cat-foul-weather-fabrics","12":"product_cat-stretch-fabrics","13":"product_cat-waterproof-fabrics","14":"pa_available_colors-911052-spc","15":"desktop-align-left","16":"tablet-align-left","17":"mobile-align-left","18":"ast-product-gallery-layout-vertical-slider","19":"ast-product-tabs-layout-horizontal","21":"first","22":"instock","23":"shipping-taxable","24":"product-type-simple"},"uagb_featured_image_src":{"full":["https:\/\/www.sikortex.com\/wp-content\/uploads\/2025\/04\/IMG_0746-scaled.jpg",2560,2560,false],"thumbnail":["https:\/\/www.sikortex.com\/wp-content\/uploads\/2025\/04\/IMG_0746-150x150.jpg",150,150,true],"medium":["https:\/\/www.sikortex.com\/wp-content\/uploads\/2025\/04\/IMG_0746-300x300.jpg",300,300,true],"medium_large":["https:\/\/www.sikortex.com\/wp-content\/uploads\/2025\/04\/IMG_0746-768x768.jpg",768,768,true],"large":["https:\/\/www.sikortex.com\/wp-content\/uploads\/2025\/04\/IMG_0746-1024x1024.jpg",1024,1024,true],"1536x1536":["https:\/\/www.sikortex.com\/wp-content\/uploads\/2025\/04\/IMG_0746-1536x1536.jpg",1536,1536,true],"2048x2048":["https:\/\/www.sikortex.com\/wp-content\/uploads\/2025\/04\/IMG_0746-2048x2048.jpg",2048,2048,true],"trp-custom-language-flag":["https:\/\/www.sikortex.com\/wp-content\/uploads\/2025\/04\/IMG_0746-12x12.jpg",12,12,true],"woocommerce_thumbnail":["https:\/\/www.sikortex.com\/wp-content\/uploads\/2025\/04\/IMG_0746-300x300.jpg",300,300,true],"woocommerce_single":["https:\/\/www.sikortex.com\/wp-content\/uploads\/2025\/04\/IMG_0746-600x600.jpg",600,600,true],"woocommerce_gallery_thumbnail":["https:\/\/www.sikortex.com\/wp-content\/uploads\/2025\/04\/IMG_0746-100x100.jpg",100,100,true]},"uagb_author_info":{"display_name":"Sandy","author_link":"https:\/\/www.sikortex.com\/pl\/author\/"},"uagb_comment_info":0,"uagb_excerpt":"1000 Meters(Min.Order)","_links":{"self":[{"href":"https:\/\/www.sikortex.com\/pl\/wp-json\/wp\/v2\/product\/8612","targetHints":{"allow":["GET"]}}],"collection":[{"href":"https:\/\/www.sikortex.com\/pl\/wp-json\/wp\/v2\/product"}],"about":[{"href":"https:\/\/www.sikortex.com\/pl\/wp-json\/wp\/v2\/types\/product"}],"replies":[{"embeddable":true,"href":"https:\/\/www.sikortex.com\/pl\/wp-json\/wp\/v2\/comments?post=8612"}],"wp:featuredmedia":[{"embeddable":true,"href":"https:\/\/www.sikortex.com\/pl\/wp-json\/wp\/v2\/media\/8616"}],"wp:attachment":[{"href":"https:\/\/www.sikortex.com\/pl\/wp-json\/wp\/v2\/media?parent=8612"}],"wp:term":[{"taxonomy":"product_brand","embeddable":true,"href":"https:\/\/www.sikortex.com\/pl\/wp-json\/wp\/v2\/product_brand?post=8612"},{"taxonomy":"product_cat","embeddable":true,"href":"https:\/\/www.sikortex.com\/pl\/wp-json\/wp\/v2\/product_cat?post=8612"},{"taxonomy":"product_tag","embeddable":true,"href":"https:\/\/www.sikortex.com\/pl\/wp-json\/wp\/v2\/product_tag?post=8612"}],"curies":[{"name":"wp","href":"https:\/\/api.w.org\/{rel}","templated":true}]}}