{"id":8590,"date":"2025-04-23T12:43:59","date_gmt":"2025-04-23T04:43:59","guid":{"rendered":"https:\/\/www.sikortex.com\/?post_type=product&#038;p=8590"},"modified":"2025-04-23T15:20:07","modified_gmt":"2025-04-23T07:20:07","slug":"tkanina-nylonowa-spandex-odprowadzajaca-wilgoc","status":"publish","type":"product","link":"https:\/\/www.sikortex.com\/pl\/produkt\/tkanina-nylonowa-spandex-odprowadzajaca-wilgoc\/","title":{"rendered":"Gruba tkanina nylonowa Spandex Tkanina odprowadzaj\u0105ca wilgo\u0107"},"content":{"rendered":"<p>&nbsp;<\/p>\n<style>\n        body {<br \/>            font-family: 'Roboto', Arial, sans-serif;<br \/>            line-height: 1.6;<br \/>            color: #333;<br \/>            max-width: 900px;<br \/>            margin: 0 auto;<br \/>            padding: 25px;<br \/>            background-color: #f5f7fa;<br \/>        }<br \/>        h2 {<br \/>            color: #2a4365;<br \/>            font-size: 22px;<br \/>            margin-bottom: 15px;<br \/>            padding-bottom: 8px;<br \/>            border-bottom: 2px solid #cbd5e0;<br \/>        }<br \/>        h3 {<br \/>            color: #2c5282;<br \/>            font-size: 18px;<br \/>            margin: 20px 0 10px;<br \/>        }<br \/>        .intro-text {<br \/>            font-size: 15px;<br \/>            margin-bottom: 20px;<br \/>            color: #4a5568;<br \/>        }<br \/>        .feature-list {<br \/>            background: white;<br \/>            border-radius: 6px;<br \/>            padding: 20px;<br \/>            box-shadow: 0 1px 3px rgba(0,0,0,0.1);<br \/>            margin: 15px 0;<br \/>        }<br \/>        .feature-item {<br \/>            margin-bottom: 12px;<br \/>            padding-left: 20px;<br \/>            position: relative;<br \/>        }<br \/>        .feature-item:before {<br \/>            content: \"\u2022\";<br \/>            color: #4299e1;<br \/>            font-weight: bold;<br \/>            position: absolute;<br \/>            left: 5px;<br \/>        }<br \/>        .highlight {<br \/>            color: #2b6cb0;<br \/>            font-weight: 500;<br \/>        }<br \/>        .spec-box {<br \/>            background-color: #ebf8ff;<br \/>            border-left: 4px solid #3182ce;<br \/>            padding: 15px;<br \/>            margin: 20px 0;<br \/>            font-size: 14px;<br \/>        }<br \/>    <\/style>\n<p>&nbsp;<\/p>\n<h2>Gruba tkanina nylonowa Spandex Tkanina odprowadzaj\u0105ca wilgo\u0107<\/h2>\n<p class=\"intro-text\">Nasza premia <span class=\"highlight\">Tkanina nylonowo-elastyczna<\/span> \u0142\u0105czy trwa\u0142o\u015b\u0107 z wyj\u0105tkowym komfortem, co czyni go idealnym wyborem dla odzie\u017cy sportowej o wysokiej wydajno\u015bci. <span class=\"highlight\">Tkanina odprowadzaj\u0105ca wilgo\u0107<\/span> zosta\u0142 specjalnie zaprojektowany, aby sprosta\u0107 wymaganiom zwi\u0105zanym z intensywn\u0105 aktywno\u015bci\u0105 fizyczn\u0105, zapewniaj\u0105c jednocze\u015bnie wyj\u0105tkowy komfort i elastyczno\u015b\u0107.<\/p>\n<h3>G\u0142\u00f3wne cechy<\/h3>\n<div class=\"feature-list\">\n<div class=\"feature-item\"><strong>Odporny na zu\u017cycie:<\/strong> Wyj\u0105tkowa wytrzyma\u0142o\u015b\u0107 wytrzymuje intensywne u\u017cytkowanie sportowe<\/div>\n<div class=\"feature-item\"><strong>Gruba konstrukcja:<\/strong> Zapewnia pokrycie i struktur\u0119 bez ograniczania mobilno\u015bci<\/div>\n<div class=\"feature-item\"><strong>Mi\u0119kka w dotyku:<\/strong> Przyjemny dla sk\u00f3ry nawet przy d\u0142u\u017cszym noszeniu<\/div>\n<div class=\"feature-item\"><strong>Odprowadzanie wilgoci:<\/strong> Zaawansowany <span class=\"highlight\">poch\u0142anianie potu i szybkie schni\u0119cie<\/span> technologia<\/div>\n<div class=\"feature-item\"><strong>Rozci\u0105ganie w\u0105tku:<\/strong> Doskona\u0142a elastyczno\u015b\u0107 poprzeczna zapewniaj\u0105ca swobod\u0119 ruchu<\/div>\n<\/div>\n<div class=\"spec-box\">\n<h3>Zalecane zastosowania<\/h3>\n<p>Ta tkana <span class=\"highlight\">tkanina nylonowa elastyczna<\/span> nadaje si\u0119 szczeg\u00f3lnie do:<\/p>\n<ul>\n<li>Kurtki sportowe o wysokiej wydajno\u015bci<\/li>\n<li>Spodnie do treningu o wysokiej intensywno\u015bci<\/li>\n<li>Odzie\u017c sportowa wymagaj\u0105ca trwa\u0142o\u015bci i odprowadzania wilgoci<\/li>\n<\/ul>\n<\/div>\n<h3>Zalety techniczne<\/h3>\n<p>Unikalny sk\u0142ad tkaniny z nylonu i spandexu tworzy idealn\u0105 r\u00f3wnowag\u0119 mi\u0119dzy wsparciem a rozci\u0105gliwo\u015bci\u0105, podczas gdy pogrubiona konstrukcja zapewnia dodatkowe pokrycie w zastosowaniach sportowych. Jej w\u0142a\u015bciwo\u015bci odprowadzania wilgoci aktywnie odprowadzaj\u0105 pot z cia\u0142a, zapewniaj\u0105c sportowcom sucho\u015b\u0107 i wygod\u0119 podczas \u0107wicze\u0144.<\/p>\n<p>&nbsp;<\/p>","protected":false},"excerpt":{"rendered":"<p>1000 metr\u00f3w (min. zam\u00f3wienie)<\/p>","protected":false},"featured_media":8596,"comment_status":"closed","ping_status":"closed","template":"","meta":{"_uag_custom_page_level_css":"","site-sidebar-layout":"default","site-content-layout":"default","ast-site-content-layout":"default","site-content-style":"default","site-sidebar-style":"default","ast-global-header-display":"","ast-banner-title-visibility":"","ast-main-header-display":"","ast-hfb-above-header-display":"","ast-hfb-below-header-display":"","ast-hfb-mobile-header-display":"","site-post-title":"","ast-breadcrumbs-content":"","ast-featured-img":"","footer-sml-layout":"","theme-transparent-header-meta":"default","adv-header-id-meta":"","stick-header-meta":"default","header-above-stick-meta":"","header-main-stick-meta":"","header-below-stick-meta":"","astra-migrate-meta-layouts":"set","ast-page-background-enabled":"default","ast-page-background-meta":{"desktop":{"background-color":"","background-image":"","background-repeat":"repeat","background-position":"center center","background-size":"auto","background-attachment":"scroll","background-type":"","background-media":"","overlay-type":"","overlay-color":"","overlay-opacity":"","overlay-gradient":""},"tablet":{"background-color":"","background-image":"","background-repeat":"repeat","background-position":"center center","background-size":"auto","background-attachment":"scroll","background-type":"","background-media":"","overlay-type":"","overlay-color":"","overlay-opacity":"","overlay-gradient":""},"mobile":{"background-color":"","background-image":"","background-repeat":"repeat","background-position":"center center","background-size":"auto","background-attachment":"scroll","background-type":"","background-media":"","overlay-type":"","overlay-color":"","overlay-opacity":"","overlay-gradient":""}},"ast-content-background-meta":{"desktop":{"background-color":"var(--ast-global-color-5)","background-image":"","background-repeat":"repeat","background-position":"center center","background-size":"auto","background-attachment":"scroll","background-type":"","background-media":"","overlay-type":"","overlay-color":"","overlay-opacity":"","overlay-gradient":""},"tablet":{"background-color":"var(--ast-global-color-5)","background-image":"","background-repeat":"repeat","background-position":"center center","background-size":"auto","background-attachment":"scroll","background-type":"","background-media":"","overlay-type":"","overlay-color":"","overlay-opacity":"","overlay-gradient":""},"mobile":{"background-color":"var(--ast-global-color-5)","background-image":"","background-repeat":"repeat","background-position":"center center","background-size":"auto","background-attachment":"scroll","background-type":"","background-media":"","overlay-type":"","overlay-color":"","overlay-opacity":"","overlay-gradient":""}}},"product_brand":[],"product_cat":[404,431,428,429,420],"product_tag":[],"class_list":{"0":"post-8590","1":"product","2":"type-product","3":"status-publish","4":"has-post-thumbnail","6":"product_cat-nylon-fabrics","7":"product_cat-fabric-for-commuting-clothing","8":"product_cat-fabric-for-outdoor-sports","9":"product_cat-fabric-for-sportswear","10":"product_cat-stretch-fabrics","11":"pa_available_colors-8236-19","12":"desktop-align-left","13":"tablet-align-left","14":"mobile-align-left","15":"ast-product-gallery-layout-vertical-slider","16":"ast-product-tabs-layout-horizontal","18":"first","19":"instock","20":"shipping-taxable","21":"product-type-simple"},"uagb_featured_image_src":{"full":["https:\/\/www.sikortex.com\/wp-content\/uploads\/2025\/04\/5-4.jpg",800,800,false],"thumbnail":["https:\/\/www.sikortex.com\/wp-content\/uploads\/2025\/04\/5-4-150x150.jpg",150,150,true],"medium":["https:\/\/www.sikortex.com\/wp-content\/uploads\/2025\/04\/5-4-300x300.jpg",300,300,true],"medium_large":["https:\/\/www.sikortex.com\/wp-content\/uploads\/2025\/04\/5-4-768x768.jpg",768,768,true],"large":["https:\/\/www.sikortex.com\/wp-content\/uploads\/2025\/04\/5-4.jpg",800,800,false],"1536x1536":["https:\/\/www.sikortex.com\/wp-content\/uploads\/2025\/04\/5-4.jpg",800,800,false],"2048x2048":["https:\/\/www.sikortex.com\/wp-content\/uploads\/2025\/04\/5-4.jpg",800,800,false],"trp-custom-language-flag":["https:\/\/www.sikortex.com\/wp-content\/uploads\/2025\/04\/5-4-12x12.jpg",12,12,true],"woocommerce_thumbnail":["https:\/\/www.sikortex.com\/wp-content\/uploads\/2025\/04\/5-4-300x300.jpg",300,300,true],"woocommerce_single":["https:\/\/www.sikortex.com\/wp-content\/uploads\/2025\/04\/5-4-600x600.jpg",600,600,true],"woocommerce_gallery_thumbnail":["https:\/\/www.sikortex.com\/wp-content\/uploads\/2025\/04\/5-4-100x100.jpg",100,100,true]},"uagb_author_info":{"display_name":"Sandy","author_link":"https:\/\/www.sikortex.com\/pl\/author\/"},"uagb_comment_info":0,"uagb_excerpt":"1000 Meters(Min.Order)","_links":{"self":[{"href":"https:\/\/www.sikortex.com\/pl\/wp-json\/wp\/v2\/product\/8590","targetHints":{"allow":["GET"]}}],"collection":[{"href":"https:\/\/www.sikortex.com\/pl\/wp-json\/wp\/v2\/product"}],"about":[{"href":"https:\/\/www.sikortex.com\/pl\/wp-json\/wp\/v2\/types\/product"}],"replies":[{"embeddable":true,"href":"https:\/\/www.sikortex.com\/pl\/wp-json\/wp\/v2\/comments?post=8590"}],"wp:featuredmedia":[{"embeddable":true,"href":"https:\/\/www.sikortex.com\/pl\/wp-json\/wp\/v2\/media\/8596"}],"wp:attachment":[{"href":"https:\/\/www.sikortex.com\/pl\/wp-json\/wp\/v2\/media?parent=8590"}],"wp:term":[{"taxonomy":"product_brand","embeddable":true,"href":"https:\/\/www.sikortex.com\/pl\/wp-json\/wp\/v2\/product_brand?post=8590"},{"taxonomy":"product_cat","embeddable":true,"href":"https:\/\/www.sikortex.com\/pl\/wp-json\/wp\/v2\/product_cat?post=8590"},{"taxonomy":"product_tag","embeddable":true,"href":"https:\/\/www.sikortex.com\/pl\/wp-json\/wp\/v2\/product_tag?post=8590"}],"curies":[{"name":"wp","href":"https:\/\/api.w.org\/{rel}","templated":true}]}}