{"id":8577,"date":"2025-04-23T12:32:26","date_gmt":"2025-04-23T04:32:26","guid":{"rendered":"https:\/\/www.sikortex.com\/?post_type=product&#038;p=8577"},"modified":"2025-04-23T13:51:29","modified_gmt":"2025-04-23T05:51:29","slug":"nylonowa-elastyczna-tkanina-na-spodnie-sportowe","status":"publish","type":"product","link":"https:\/\/www.sikortex.com\/pl\/produkt\/nylonowa-elastyczna-tkanina-na-spodnie-sportowe\/","title":{"rendered":"Nylonowa elastyczna tkanina na sportowe spodnie i kurtki"},"content":{"rendered":"<p>&nbsp;<\/p>\n<style>\n        body {<br \/>            font-family: 'Segoe UI', Roboto, sans-serif;<br \/>            line-height: 1.6;<br \/>            color: #333;<br \/>            max-width: 900px;<br \/>            margin: 0 auto;<br \/>            padding: 25px;<br \/>            background-color: #f8f9fa;<br \/>        }<br \/>        h2 {<br \/>            color: #2c3e50;<br \/>            font-size: 24px;<br \/>            margin-bottom: 20px;<br \/>            padding-bottom: 10px;<br \/>            border-bottom: 2px solid #3498db;<br \/>        }<br \/>        .intro-text {<br \/>            font-size: 16px;<br \/>            margin-bottom: 25px;<br \/>        }<br \/>        .feature-container {<br \/>            background: white;<br \/>            border-radius: 8px;<br \/>            padding: 20px;<br \/>            box-shadow: 0 2px 10px rgba(0,0,0,0.05);<br \/>            margin-bottom: 25px;<br \/>        }<br \/>        .feature-item {<br \/>            margin-bottom: 15px;<br \/>            padding-left: 25px;<br \/>            position: relative;<br \/>            line-height: 1.5;<br \/>        }<br \/>        .feature-item:before {<br \/>            content: \"\u2192\";<br \/>            color: #3498db;<br \/>            position: absolute;<br \/>            left: 5px;<br \/>        }<br \/>        .highlight {<br \/>            color: #2980b9;<br \/>            font-weight: 600;<br \/>        }<br \/>        .conclusion {<br \/>            background-color: #eaf2f8;<br \/>            padding: 15px;<br \/>            border-left: 4px solid #3498db;<br \/>            font-size: 15px;<br \/>        }<br \/>    <\/style>\n<p>&nbsp;<\/p>\n<h2>Nylonowa elastyczna tkanina na sportowe spodnie i kurtki<\/h2>\n<p class=\"intro-text\">Zaprojektowane z my\u015bl\u0105 o wydajno\u015bci i stylu, nasze <span class=\"highlight\">elastyczna tkanina nylonowa<\/span> jest idealnym wyborem dla nowoczesnej odzie\u017cy sportowej. Zaprojektowany specjalnie dla <span class=\"highlight\">spodnie i kurtki sportowe<\/span>Ten innowacyjny materia\u0142 \u0142\u0105czy w sobie funkcjonalno\u015b\u0107 techniczn\u0105 z nowoczesn\u0105 estetyk\u0105, aby sprosta\u0107 wymaganiom aktywnego stylu \u017cycia.<\/p>\n<div class=\"feature-container\">\n<div class=\"feature-item\"><strong>Modna faktura, lekko pomarszczona:<\/strong> Celowo zastosowana faktura materia\u0142u z delikatnymi marszczeniami tworzy nowoczesny, zu\u017cyty wygl\u0105d, kt\u00f3ry jest obecnie modny w modzie sportowej.<\/div>\n<div class=\"feature-item\"><strong>Mi\u0119kka w dotyku i o podw\u00f3jnej funkcjonalno\u015bci:<\/strong> Mi\u0119kka w dotyku, podw\u00f3jna funkcja: Po specjalnej obr\u00f3bce posiada funkcj\u0119 wodoodporno\u015bci wymagan\u0105 podczas uprawiania sport\u00f3w na \u015bwie\u017cym powietrzu. Mo\u017cemy r\u00f3wnie\u017c dostosowa\u0107 funkcj\u0119 poch\u0142aniania wilgoci i potu, aby zapewni\u0107 Ci sucho\u015b\u0107 podczas intensywnych \u0107wicze\u0144.<\/div>\n<div class=\"feature-item\"><strong>Konstrukcja elastycznej osnowy:<\/strong> Zapewnia doskona\u0142\u0105 rozci\u0105gliwo\u015b\u0107 i regeneracj\u0119 w kierunku poprzecznym, gwarantuj\u0105c optymaln\u0105 swobod\u0119 ruchu podczas uprawiania sportu, a jednocze\u015bnie zachowuj\u0105c integralno\u015b\u0107 kszta\u0142tu.<\/div>\n<\/div>\n<div class=\"conclusion\">Idealny do odzie\u017cy o wysokiej wydajno\u015bci, <span class=\"highlight\">elastyczna tkanina nylonowa<\/span> zapewnia idealn\u0105 r\u00f3wnowag\u0119 komfortu, funkcjonalno\u015bci i stylu. Niezale\u017cnie od tego, czy tworzy lekkie spodnie do biegania, czy oddychaj\u0105ce kurtki treningowe, oferuje projektantom wszechstronne rozwi\u0105zania dla dzisiejszego rynku odzie\u017cy sportowej.<\/div>\n<p>&nbsp;<\/p>","protected":false},"excerpt":{"rendered":"<p>1000 metr\u00f3w (min. zam\u00f3wienie)<\/p>","protected":false},"featured_media":8583,"comment_status":"closed","ping_status":"closed","template":"","meta":{"_uag_custom_page_level_css":"","site-sidebar-layout":"default","site-content-layout":"default","ast-site-content-layout":"default","site-content-style":"default","site-sidebar-style":"default","ast-global-header-display":"","ast-banner-title-visibility":"","ast-main-header-display":"","ast-hfb-above-header-display":"","ast-hfb-below-header-display":"","ast-hfb-mobile-header-display":"","site-post-title":"","ast-breadcrumbs-content":"","ast-featured-img":"","footer-sml-layout":"","theme-transparent-header-meta":"default","adv-header-id-meta":"","stick-header-meta":"default","header-above-stick-meta":"","header-main-stick-meta":"","header-below-stick-meta":"","astra-migrate-meta-layouts":"set","ast-page-background-enabled":"default","ast-page-background-meta":{"desktop":{"background-color":"","background-image":"","background-repeat":"repeat","background-position":"center center","background-size":"auto","background-attachment":"scroll","background-type":"","background-media":"","overlay-type":"","overlay-color":"","overlay-opacity":"","overlay-gradient":""},"tablet":{"background-color":"","background-image":"","background-repeat":"repeat","background-position":"center center","background-size":"auto","background-attachment":"scroll","background-type":"","background-media":"","overlay-type":"","overlay-color":"","overlay-opacity":"","overlay-gradient":""},"mobile":{"background-color":"","background-image":"","background-repeat":"repeat","background-position":"center center","background-size":"auto","background-attachment":"scroll","background-type":"","background-media":"","overlay-type":"","overlay-color":"","overlay-opacity":"","overlay-gradient":""}},"ast-content-background-meta":{"desktop":{"background-color":"var(--ast-global-color-5)","background-image":"","background-repeat":"repeat","background-position":"center center","background-size":"auto","background-attachment":"scroll","background-type":"","background-media":"","overlay-type":"","overlay-color":"","overlay-opacity":"","overlay-gradient":""},"tablet":{"background-color":"var(--ast-global-color-5)","background-image":"","background-repeat":"repeat","background-position":"center center","background-size":"auto","background-attachment":"scroll","background-type":"","background-media":"","overlay-type":"","overlay-color":"","overlay-opacity":"","overlay-gradient":""},"mobile":{"background-color":"var(--ast-global-color-5)","background-image":"","background-repeat":"repeat","background-position":"center center","background-size":"auto","background-attachment":"scroll","background-type":"","background-media":"","overlay-type":"","overlay-color":"","overlay-opacity":"","overlay-gradient":""}}},"product_brand":[],"product_cat":[404,431,423,428,429,420],"product_tag":[],"class_list":{"0":"post-8577","1":"product","2":"type-product","3":"status-publish","4":"has-post-thumbnail","6":"product_cat-nylon-fabrics","7":"product_cat-fabric-for-commuting-clothing","8":"product_cat-fabric-for-military-police","9":"product_cat-fabric-for-outdoor-sports","10":"product_cat-fabric-for-sportswear","11":"product_cat-stretch-fabrics","12":"pa_available_colors-911052-spc","13":"desktop-align-left","14":"tablet-align-left","15":"mobile-align-left","16":"ast-product-gallery-layout-vertical-slider","17":"ast-product-tabs-layout-horizontal","19":"first","20":"instock","21":"shipping-taxable","22":"product-type-simple"},"uagb_featured_image_src":{"full":["https:\/\/www.sikortex.com\/wp-content\/uploads\/2025\/04\/5-2.jpg",800,800,false],"thumbnail":["https:\/\/www.sikortex.com\/wp-content\/uploads\/2025\/04\/5-2-150x150.jpg",150,150,true],"medium":["https:\/\/www.sikortex.com\/wp-content\/uploads\/2025\/04\/5-2-300x300.jpg",300,300,true],"medium_large":["https:\/\/www.sikortex.com\/wp-content\/uploads\/2025\/04\/5-2-768x768.jpg",768,768,true],"large":["https:\/\/www.sikortex.com\/wp-content\/uploads\/2025\/04\/5-2.jpg",800,800,false],"1536x1536":["https:\/\/www.sikortex.com\/wp-content\/uploads\/2025\/04\/5-2.jpg",800,800,false],"2048x2048":["https:\/\/www.sikortex.com\/wp-content\/uploads\/2025\/04\/5-2.jpg",800,800,false],"trp-custom-language-flag":["https:\/\/www.sikortex.com\/wp-content\/uploads\/2025\/04\/5-2-12x12.jpg",12,12,true],"woocommerce_thumbnail":["https:\/\/www.sikortex.com\/wp-content\/uploads\/2025\/04\/5-2-300x300.jpg",300,300,true],"woocommerce_single":["https:\/\/www.sikortex.com\/wp-content\/uploads\/2025\/04\/5-2-600x600.jpg",600,600,true],"woocommerce_gallery_thumbnail":["https:\/\/www.sikortex.com\/wp-content\/uploads\/2025\/04\/5-2-100x100.jpg",100,100,true]},"uagb_author_info":{"display_name":"Sandy","author_link":"https:\/\/www.sikortex.com\/pl\/author\/"},"uagb_comment_info":0,"uagb_excerpt":"1000 Meters(Min.Order)","_links":{"self":[{"href":"https:\/\/www.sikortex.com\/pl\/wp-json\/wp\/v2\/product\/8577","targetHints":{"allow":["GET"]}}],"collection":[{"href":"https:\/\/www.sikortex.com\/pl\/wp-json\/wp\/v2\/product"}],"about":[{"href":"https:\/\/www.sikortex.com\/pl\/wp-json\/wp\/v2\/types\/product"}],"replies":[{"embeddable":true,"href":"https:\/\/www.sikortex.com\/pl\/wp-json\/wp\/v2\/comments?post=8577"}],"wp:featuredmedia":[{"embeddable":true,"href":"https:\/\/www.sikortex.com\/pl\/wp-json\/wp\/v2\/media\/8583"}],"wp:attachment":[{"href":"https:\/\/www.sikortex.com\/pl\/wp-json\/wp\/v2\/media?parent=8577"}],"wp:term":[{"taxonomy":"product_brand","embeddable":true,"href":"https:\/\/www.sikortex.com\/pl\/wp-json\/wp\/v2\/product_brand?post=8577"},{"taxonomy":"product_cat","embeddable":true,"href":"https:\/\/www.sikortex.com\/pl\/wp-json\/wp\/v2\/product_cat?post=8577"},{"taxonomy":"product_tag","embeddable":true,"href":"https:\/\/www.sikortex.com\/pl\/wp-json\/wp\/v2\/product_tag?post=8577"}],"curies":[{"name":"wp","href":"https:\/\/api.w.org\/{rel}","templated":true}]}}