{"id":8572,"date":"2025-04-23T12:11:51","date_gmt":"2025-04-23T04:11:51","guid":{"rendered":"https:\/\/www.sikortex.com\/?post_type=product&#038;p=8572"},"modified":"2025-04-23T13:32:47","modified_gmt":"2025-04-23T05:32:47","slug":"tkanina-w-krate-babelkowa-na-plaszcz-codzienny","status":"publish","type":"product","link":"https:\/\/www.sikortex.com\/pl\/produkt\/tkanina-w-krate-babelkowa-na-plaszcz-codzienny\/","title":{"rendered":"\u017bakardowa tkanina w krat\u0119 b\u0105belkow\u0105 na codzienny p\u0142aszcz i kurtk\u0119"},"content":{"rendered":"<p>&nbsp;<\/p>\n<style>\n        body {<br \/>            font-family: 'Helvetica Neue', Arial, sans-serif;<br \/>            line-height: 1.6;<br \/>            color: #444;<br \/>            max-width: 900px;<br \/>            margin: 0 auto;<br \/>            padding: 25px;<br \/>            background-color: #fafafa;<br \/>        }<br \/>        h2 {<br \/>            color: #5d4037;<br \/>            font-size: 24px;<br \/>            margin-bottom: 20px;<br \/>            padding-bottom: 10px;<br \/>            border-bottom: 1px solid #d7ccc8;<br \/>        }<br \/>        .intro-text {<br \/>            font-size: 16px;<br \/>            margin-bottom: 25px;<br \/>            color: #555;<br \/>        }<br \/>        .features-grid {<br \/>            display: grid;<br \/>            grid-template-columns: repeat(auto-fit, minmax(250px, 1fr));<br \/>            gap: 20px;<br \/>            margin: 25px 0;<br \/>        }<br \/>        .feature-card {<br \/>            background: white;<br \/>            padding: 20px;<br \/>            border-radius: 5px;<br \/>            box-shadow: 0 2px 5px rgba(0,0,0,0.05);<br \/>            border-top: 3px solid #8d6e63;<br \/>        }<br \/>        .feature-title {<br \/>            font-weight: 600;<br \/>            color: #5d4037;<br \/>            margin-bottom: 10px;<br \/>            font-size: 17px;<br \/>        }<br \/>        .highlight {<br \/>            color: #8d6e63;<br \/>            font-weight: 600;<br \/>        }<br \/>        .conclusion {<br \/>            font-style: italic;<br \/>            margin-top: 30px;<br \/>            padding: 15px;<br \/>            background-color: #efebe9;<br \/>            border-left: 4px solid #8d6e63;<br \/>        }<br \/>    <\/style>\n<p>&nbsp;<\/p>\n<h2>\u017bakardowa tkanina w krat\u0119 b\u0105belkow\u0105 na codzienny p\u0142aszcz i kurtk\u0119<\/h2>\n<p class=\"intro-text\">Ulepsz swoje projekty odzie\u017cy codziennej dzi\u0119ki naszym produktom premium <span class=\"highlight\">Tkanina w krat\u0119 b\u0105belkow\u0105 na swobodny p\u0142aszcz i kurtk\u0119<\/span>, fachowo wykonane na wsp\u00f3\u0142czesne p\u0142aszcze i kurtki. Ten wyj\u0105tkowy splot \u017cakardowy \u0142\u0105czy tradycyjne wzory kratki z innowacyjn\u0105 faktur\u0105 wielowymiarowych b\u0105belk\u00f3w, tworz\u0105c wizualn\u0105 g\u0142\u0119bi\u0119 i dotykowe zainteresowanie, kt\u00f3re wyr\u00f3\u017cniaj\u0105 Twoje ubrania.<\/p>\n<div class=\"features-grid\">\n<div class=\"feature-card\">\n<div class=\"feature-title\">Modna Tekstura<\/div>\n<p>Niepowtarzalny efekt b\u0105belk\u00f3w dodaje nowoczesnego wymiaru klasycznym wzorom w krat\u0119, tworz\u0105c przyci\u0105gaj\u0105ce wzrok ubrania, kt\u00f3re \u0142\u0105cz\u0105 w sobie tradycyjny styl z nowoczesnym wygl\u0105dem.<\/p>\n<\/div>\n<div class=\"feature-card\">\n<div class=\"feature-title\">Mi\u0119kka w dotyku<\/div>\n<p>Zaprojektowana z my\u015bl\u0105 o komforcie, tkanina jest wyj\u0105tkowo mi\u0119kka w dotyku, dzi\u0119ki czemu mo\u017cesz nosi\u0107 j\u0105 na co dzie\u0144, tworz\u0105c codzienne p\u0142aszcze.<\/p>\n<\/div>\n<div class=\"feature-card\">\n<div class=\"feature-title\">\u0141atwy do kszta\u0142towania<\/div>\n<p>Dzi\u0119ki doskona\u0142emu uk\u0142adaniu i formowaniu, ten wszechstronny model <span class=\"highlight\">tkanina na p\u0142aszcze codzienne<\/span> doskonale pasuje do r\u00f3\u017cnych styl\u00f3w kurtek, od strukturalnych marynarek po swobodne okrycia wierzchnie.<\/p>\n<\/div>\n<\/div>\n<div class=\"conclusion\">Nasza tkanina w krat\u0119 Jacquard Bubble idealnie nadaje si\u0119 dla projektant\u00f3w, kt\u00f3rzy ceni\u0105 sobie zar\u00f3wno styl, jak i tre\u015b\u0107. Zapewnia ona idealne po\u0142\u0105czenie efekt\u00f3w wizualnych i praktycznej funkcjonalno\u015bci na dzisiejszym rynku odzie\u017cy codziennej, pod\u0105\u017caj\u0105cym za najnowszymi trendami.<\/div>\n<p>&nbsp;<\/p>","protected":false},"excerpt":{"rendered":"<p>1000 metr\u00f3w (min. zam\u00f3wienie)<\/p>","protected":false},"featured_media":8576,"comment_status":"closed","ping_status":"closed","template":"","meta":{"_uag_custom_page_level_css":"","site-sidebar-layout":"default","site-content-layout":"default","ast-site-content-layout":"default","site-content-style":"default","site-sidebar-style":"default","ast-global-header-display":"","ast-banner-title-visibility":"","ast-main-header-display":"","ast-hfb-above-header-display":"","ast-hfb-below-header-display":"","ast-hfb-mobile-header-display":"","site-post-title":"","ast-breadcrumbs-content":"","ast-featured-img":"","footer-sml-layout":"","theme-transparent-header-meta":"default","adv-header-id-meta":"","stick-header-meta":"default","header-above-stick-meta":"","header-main-stick-meta":"","header-below-stick-meta":"","astra-migrate-meta-layouts":"set","ast-page-background-enabled":"default","ast-page-background-meta":{"desktop":{"background-color":"","background-image":"","background-repeat":"repeat","background-position":"center center","background-size":"auto","background-attachment":"scroll","background-type":"","background-media":"","overlay-type":"","overlay-color":"","overlay-opacity":"","overlay-gradient":""},"tablet":{"background-color":"","background-image":"","background-repeat":"repeat","background-position":"center center","background-size":"auto","background-attachment":"scroll","background-type":"","background-media":"","overlay-type":"","overlay-color":"","overlay-opacity":"","overlay-gradient":""},"mobile":{"background-color":"","background-image":"","background-repeat":"repeat","background-position":"center center","background-size":"auto","background-attachment":"scroll","background-type":"","background-media":"","overlay-type":"","overlay-color":"","overlay-opacity":"","overlay-gradient":""}},"ast-content-background-meta":{"desktop":{"background-color":"var(--ast-global-color-5)","background-image":"","background-repeat":"repeat","background-position":"center center","background-size":"auto","background-attachment":"scroll","background-type":"","background-media":"","overlay-type":"","overlay-color":"","overlay-opacity":"","overlay-gradient":""},"tablet":{"background-color":"var(--ast-global-color-5)","background-image":"","background-repeat":"repeat","background-position":"center center","background-size":"auto","background-attachment":"scroll","background-type":"","background-media":"","overlay-type":"","overlay-color":"","overlay-opacity":"","overlay-gradient":""},"mobile":{"background-color":"var(--ast-global-color-5)","background-image":"","background-repeat":"repeat","background-position":"center center","background-size":"auto","background-attachment":"scroll","background-type":"","background-media":"","overlay-type":"","overlay-color":"","overlay-opacity":"","overlay-gradient":""}}},"product_brand":[],"product_cat":[403,431,428],"product_tag":[],"class_list":{"0":"post-8572","1":"product","2":"type-product","3":"status-publish","4":"has-post-thumbnail","6":"product_cat-polyester-fabrics","7":"product_cat-fabric-for-commuting-clothing","8":"product_cat-fabric-for-outdoor-sports","9":"pa_available_colors-911052-spc","10":"desktop-align-left","11":"tablet-align-left","12":"mobile-align-left","13":"ast-product-gallery-layout-vertical-slider","14":"ast-product-tabs-layout-horizontal","16":"first","17":"instock","18":"shipping-taxable","19":"product-type-simple"},"uagb_featured_image_src":{"full":["https:\/\/www.sikortex.com\/wp-content\/uploads\/2025\/04\/4-3.jpg",800,800,false],"thumbnail":["https:\/\/www.sikortex.com\/wp-content\/uploads\/2025\/04\/4-3-150x150.jpg",150,150,true],"medium":["https:\/\/www.sikortex.com\/wp-content\/uploads\/2025\/04\/4-3-300x300.jpg",300,300,true],"medium_large":["https:\/\/www.sikortex.com\/wp-content\/uploads\/2025\/04\/4-3-768x768.jpg",768,768,true],"large":["https:\/\/www.sikortex.com\/wp-content\/uploads\/2025\/04\/4-3.jpg",800,800,false],"1536x1536":["https:\/\/www.sikortex.com\/wp-content\/uploads\/2025\/04\/4-3.jpg",800,800,false],"2048x2048":["https:\/\/www.sikortex.com\/wp-content\/uploads\/2025\/04\/4-3.jpg",800,800,false],"trp-custom-language-flag":["https:\/\/www.sikortex.com\/wp-content\/uploads\/2025\/04\/4-3-12x12.jpg",12,12,true],"woocommerce_thumbnail":["https:\/\/www.sikortex.com\/wp-content\/uploads\/2025\/04\/4-3-300x300.jpg",300,300,true],"woocommerce_single":["https:\/\/www.sikortex.com\/wp-content\/uploads\/2025\/04\/4-3-600x600.jpg",600,600,true],"woocommerce_gallery_thumbnail":["https:\/\/www.sikortex.com\/wp-content\/uploads\/2025\/04\/4-3-100x100.jpg",100,100,true]},"uagb_author_info":{"display_name":"Sandy","author_link":"https:\/\/www.sikortex.com\/pl\/author\/"},"uagb_comment_info":0,"uagb_excerpt":"1000 Meters(Min.Order)","_links":{"self":[{"href":"https:\/\/www.sikortex.com\/pl\/wp-json\/wp\/v2\/product\/8572","targetHints":{"allow":["GET"]}}],"collection":[{"href":"https:\/\/www.sikortex.com\/pl\/wp-json\/wp\/v2\/product"}],"about":[{"href":"https:\/\/www.sikortex.com\/pl\/wp-json\/wp\/v2\/types\/product"}],"replies":[{"embeddable":true,"href":"https:\/\/www.sikortex.com\/pl\/wp-json\/wp\/v2\/comments?post=8572"}],"wp:featuredmedia":[{"embeddable":true,"href":"https:\/\/www.sikortex.com\/pl\/wp-json\/wp\/v2\/media\/8576"}],"wp:attachment":[{"href":"https:\/\/www.sikortex.com\/pl\/wp-json\/wp\/v2\/media?parent=8572"}],"wp:term":[{"taxonomy":"product_brand","embeddable":true,"href":"https:\/\/www.sikortex.com\/pl\/wp-json\/wp\/v2\/product_brand?post=8572"},{"taxonomy":"product_cat","embeddable":true,"href":"https:\/\/www.sikortex.com\/pl\/wp-json\/wp\/v2\/product_cat?post=8572"},{"taxonomy":"product_tag","embeddable":true,"href":"https:\/\/www.sikortex.com\/pl\/wp-json\/wp\/v2\/product_tag?post=8572"}],"curies":[{"name":"wp","href":"https:\/\/api.w.org\/{rel}","templated":true}]}}