{"id":8566,"date":"2025-04-23T11:33:00","date_gmt":"2025-04-23T03:33:00","guid":{"rendered":"https:\/\/www.sikortex.com\/?post_type=product&#038;p=8566"},"modified":"2025-04-23T13:15:27","modified_gmt":"2025-04-23T05:15:27","slug":"nylonowa-tkanina-polarowa-pu-rozciagliwa-w-4-kierunkach","status":"publish","type":"product","link":"https:\/\/www.sikortex.com\/pl\/produkt\/nylonowa-tkanina-polarowa-pu-rozciagliwa-w-4-kierunkach\/","title":{"rendered":"Wysokiej jako\u015bci nylonowa tkanina rozci\u0105gliwa w 4 kierunkach, laminowana, z polaru PU"},"content":{"rendered":"<style>\n        body {<br \/>\n            font-family: 'Arial', sans-serif;<br \/>\n            line-height: 1.6;<br \/>\n            color: #333;<br \/>\n            max-width: 1000px;<br \/>\n            margin: 0 auto;<br \/>\n            padding: 20px;<br \/>\n        }<br \/>\n        h1 {<br \/>\n            color: #2a5885;<br \/>\n            font-size: 28px;<br \/>\n            margin-bottom: 20px;<br \/>\n            border-bottom: 2px solid #f0f0f0;<br \/>\n            padding-bottom: 10px;<br \/>\n        }<br \/>\n        h2 {<br \/>\n            color: #3a6ea5;<br \/>\n            font-size: 22px;<br \/>\n            margin-top: 30px;<br \/>\n        }<br \/>\n        .features-grid {<br \/>\n            display: grid;<br \/>\n            grid-template-columns: repeat(2, 1fr);<br \/>\n            gap: 15px;<br \/>\n            margin: 20px 0;<br \/>\n        }<br \/>\n        .feature-item {<br \/>\n            background: #f9f9f9;<br \/>\n            padding: 15px;<br \/>\n            border-radius: 5px;<br \/>\n            border-left: 4px solid #3a6ea5;<br \/>\n        }<br \/>\n        .feature-title {<br \/>\n            font-weight: bold;<br \/>\n            color: #2a5885;<br \/>\n            margin-bottom: 5px;<br \/>\n        }<br \/>\n        table {<br \/>\n            width: 100%;<br \/>\n            border-collapse: collapse;<br \/>\n            margin: 25px 0;<br \/>\n        }<br \/>\n        th, td {<br \/>\n            padding: 12px 15px;<br \/>\n            text-align: left;<br \/>\n            border-bottom: 1px solid #ddd;<br \/>\n        }<br \/>\n        th {<br \/>\n            background-color: #f2f2f2;<br \/>\n            color: #2a5885;<br \/>\n        }<br \/>\n        .highlight {<br \/>\n            font-weight: bold;<br \/>\n            color: #2a5885;<br \/>\n        }<br \/>\n    <\/style>\n<h2>Wysokiej jako\u015bci nylonowa tkanina rozci\u0105gliwa w 4 kierunkach, laminowana, z polaru PU<\/h2>\n<p>Odkryj idealne po\u0142\u0105czenie wydajno\u015bci i komfortu dzi\u0119ki naszym <span class=\"highlight\">Wysokiej jako\u015bci nylonowa tkanina rozci\u0105gliwa w 4 kierunkach, laminowana, z polaru poliuretanowego<\/span>Zaprojektowany do odzie\u017cy wierzchniej i sportowej klasy premium, <span class=\"highlight\">Tkanina laminowana 3-warstwowa<\/span> zapewnia wyj\u0105tkow\u0105 ochron\u0119 i elastyczno\u015b\u0107, dzi\u0119ki czemu idealnie nadaje si\u0119 do ekstremalnych warunk\u00f3w pogodowych i aktywno\u015bci o wysokiej intensywno\u015bci.<\/p>\n<h3>Bezkonkurencyjna wydajno\u015b\u0107 i ochrona<\/h3>\n<div class=\"features-grid\">\n<div class=\"feature-item\">\n<div class=\"feature-title\">Wiatroszczelny i wodoodporny<\/div>\n<p>Zaawansowany <span class=\"highlight\">Laminowanie poliuretanowe<\/span> zapewnia ca\u0142kowit\u0105 odporno\u015b\u0107 na wiatr i <span class=\"highlight\">trwa\u0142y wodoodporny<\/span> wydajno\u015b\u0107, zapewniaj\u0105c sucho\u015b\u0107 w ulewnym deszczu i \u015bniegu.<\/p>\n<\/div>\n<div class=\"feature-item\">\n<div class=\"feature-title\">Oddychaj\u0105cy<\/div>\n<p>Materia\u0142 zaprojektowano tak, aby zapewnia\u0142 optymalny przep\u0142yw powietrza i odprowadza\u0142 wilgo\u0107, zapobiegaj\u0105c przegrzaniu podczas ruchu.<\/p>\n<\/div>\n<div class=\"feature-item\">\n<div class=\"feature-title\">Rozci\u0105ganie w czterech kierunkach<\/div>\n<p>Ten <span class=\"highlight\">nylon rozci\u0105gliwy w 4 kierunkach<\/span> konstrukcja zapewnia wyj\u0105tkow\u0105 elastyczno\u015b\u0107, gwarantuj\u0105c swobod\u0119 ruch\u00f3w bez uszczerbku dla trwa\u0142o\u015bci.<\/p>\n<\/div>\n<div class=\"feature-item\">\n<div class=\"feature-title\">Odporny na \u015bcieranie<\/div>\n<p>Wzmocnione w\u0142\u00f3kna zwi\u0119kszaj\u0105 wytrzyma\u0142o\u015b\u0107, dzi\u0119ki czemu materia\u0142 jest odporny na zu\u017cycie i rozdarcie, co umo\u017cliwia d\u0142ugotrwa\u0142e u\u017cytkowanie.<\/p>\n<\/div>\n<div class=\"feature-item\">\n<div class=\"feature-title\">Wyj\u0105tkowe ciep\u0142o<\/div>\n<p>Mi\u0119kka, polarowa warstwa wewn\u0119trzna zapewnia doskona\u0142\u0105 izolacj\u0119, utrzymuj\u0105c ciep\u0142o w zimnym klimacie.<\/p>\n<\/div>\n<div class=\"feature-item\">\n<div class=\"feature-title\">Luksusowe wyko\u0144czenie<\/div>\n<p>Ten <span class=\"highlight\">powierzchnia o wysokiej jako\u015bci i drobna<\/span> zapewnia elegancki, ekskluzywny wygl\u0105d pasuj\u0105cy do ekskluzywnej odzie\u017cy i sprz\u0119tu sportowego.<\/p>\n<\/div>\n<\/div>\n<h3>Dane techniczne<\/h3>\n<table>\n<thead>\n<tr>\n<th>Nieruchomo\u015b\u0107<\/th>\n<th>Ocena wydajno\u015bci<\/th>\n<\/tr>\n<\/thead>\n<tbody>\n<tr>\n<td>Odporno\u015b\u0107 na ci\u015bnienie hydrostatyczne<\/td>\n<td>20 000 (JIS L)<\/td>\n<\/tr>\n<tr>\n<td>Oddychalno\u015b\u0107<\/td>\n<td>10 000 (JIS L)<\/td>\n<\/tr>\n<\/tbody>\n<\/table>\n<p>Idealna na kurtki narciarskie, sprz\u0119t outdoorowy i odzie\u017c wierzchni\u0105 do u\u017cytku miejskiego, ta tkanina \u0142\u0105czy w sobie <span class=\"highlight\">elastyczno\u015b\u0107 nylonu<\/span> z <span class=\"highlight\">laminowany polar komfort<\/span> dla najwy\u017cszej wydajno\u015bci i stylu.<\/p>\n<p>&nbsp;<\/p>","protected":false},"excerpt":{"rendered":"<p>1000 metr\u00f3w (min. zam\u00f3wienie)<\/p>","protected":false},"featured_media":8571,"comment_status":"closed","ping_status":"closed","template":"","meta":{"_uag_custom_page_level_css":"","site-sidebar-layout":"default","site-content-layout":"default","ast-site-content-layout":"default","site-content-style":"default","site-sidebar-style":"default","ast-global-header-display":"","ast-banner-title-visibility":"","ast-main-header-display":"","ast-hfb-above-header-display":"","ast-hfb-below-header-display":"","ast-hfb-mobile-header-display":"","site-post-title":"","ast-breadcrumbs-content":"","ast-featured-img":"","footer-sml-layout":"","theme-transparent-header-meta":"default","adv-header-id-meta":"","stick-header-meta":"default","header-above-stick-meta":"","header-main-stick-meta":"","header-below-stick-meta":"","astra-migrate-meta-layouts":"set","ast-page-background-enabled":"default","ast-page-background-meta":{"desktop":{"background-color":"","background-image":"","background-repeat":"repeat","background-position":"center center","background-size":"auto","background-attachment":"scroll","background-type":"","background-media":"","overlay-type":"","overlay-color":"","overlay-opacity":"","overlay-gradient":""},"tablet":{"background-color":"","background-image":"","background-repeat":"repeat","background-position":"center center","background-size":"auto","background-attachment":"scroll","background-type":"","background-media":"","overlay-type":"","overlay-color":"","overlay-opacity":"","overlay-gradient":""},"mobile":{"background-color":"","background-image":"","background-repeat":"repeat","background-position":"center center","background-size":"auto","background-attachment":"scroll","background-type":"","background-media":"","overlay-type":"","overlay-color":"","overlay-opacity":"","overlay-gradient":""}},"ast-content-background-meta":{"desktop":{"background-color":"var(--ast-global-color-5)","background-image":"","background-repeat":"repeat","background-position":"center center","background-size":"auto","background-attachment":"scroll","background-type":"","background-media":"","overlay-type":"","overlay-color":"","overlay-opacity":"","overlay-gradient":""},"tablet":{"background-color":"var(--ast-global-color-5)","background-image":"","background-repeat":"repeat","background-position":"center center","background-size":"auto","background-attachment":"scroll","background-type":"","background-media":"","overlay-type":"","overlay-color":"","overlay-opacity":"","overlay-gradient":""},"mobile":{"background-color":"var(--ast-global-color-5)","background-image":"","background-repeat":"repeat","background-position":"center center","background-size":"auto","background-attachment":"scroll","background-type":"","background-media":"","overlay-type":"","overlay-color":"","overlay-opacity":"","overlay-gradient":""}}},"product_brand":[],"product_cat":[404,414],"product_tag":[],"class_list":{"0":"post-8566","1":"product","2":"type-product","3":"status-publish","4":"has-post-thumbnail","6":"product_cat-nylon-fabrics","7":"product_cat-waterproof-fabrics","8":"pa_available_colors-911052-spc","9":"desktop-align-left","10":"tablet-align-left","11":"mobile-align-left","12":"ast-product-gallery-layout-vertical-slider","13":"ast-product-tabs-layout-horizontal","15":"first","16":"instock","17":"shipping-taxable","18":"product-type-simple"},"uagb_featured_image_src":{"full":["https:\/\/www.sikortex.com\/wp-content\/uploads\/2025\/04\/IMG_0769.jpg",800,800,false],"thumbnail":["https:\/\/www.sikortex.com\/wp-content\/uploads\/2025\/04\/IMG_0769-150x150.jpg",150,150,true],"medium":["https:\/\/www.sikortex.com\/wp-content\/uploads\/2025\/04\/IMG_0769-300x300.jpg",300,300,true],"medium_large":["https:\/\/www.sikortex.com\/wp-content\/uploads\/2025\/04\/IMG_0769-768x768.jpg",768,768,true],"large":["https:\/\/www.sikortex.com\/wp-content\/uploads\/2025\/04\/IMG_0769.jpg",800,800,false],"1536x1536":["https:\/\/www.sikortex.com\/wp-content\/uploads\/2025\/04\/IMG_0769.jpg",800,800,false],"2048x2048":["https:\/\/www.sikortex.com\/wp-content\/uploads\/2025\/04\/IMG_0769.jpg",800,800,false],"trp-custom-language-flag":["https:\/\/www.sikortex.com\/wp-content\/uploads\/2025\/04\/IMG_0769-12x12.jpg",12,12,true],"woocommerce_thumbnail":["https:\/\/www.sikortex.com\/wp-content\/uploads\/2025\/04\/IMG_0769-300x300.jpg",300,300,true],"woocommerce_single":["https:\/\/www.sikortex.com\/wp-content\/uploads\/2025\/04\/IMG_0769-600x600.jpg",600,600,true],"woocommerce_gallery_thumbnail":["https:\/\/www.sikortex.com\/wp-content\/uploads\/2025\/04\/IMG_0769-100x100.jpg",100,100,true]},"uagb_author_info":{"display_name":"Sandy","author_link":"https:\/\/www.sikortex.com\/pl\/author\/"},"uagb_comment_info":0,"uagb_excerpt":"1000 Meters(Min.Order)","_links":{"self":[{"href":"https:\/\/www.sikortex.com\/pl\/wp-json\/wp\/v2\/product\/8566","targetHints":{"allow":["GET"]}}],"collection":[{"href":"https:\/\/www.sikortex.com\/pl\/wp-json\/wp\/v2\/product"}],"about":[{"href":"https:\/\/www.sikortex.com\/pl\/wp-json\/wp\/v2\/types\/product"}],"replies":[{"embeddable":true,"href":"https:\/\/www.sikortex.com\/pl\/wp-json\/wp\/v2\/comments?post=8566"}],"wp:featuredmedia":[{"embeddable":true,"href":"https:\/\/www.sikortex.com\/pl\/wp-json\/wp\/v2\/media\/8571"}],"wp:attachment":[{"href":"https:\/\/www.sikortex.com\/pl\/wp-json\/wp\/v2\/media?parent=8566"}],"wp:term":[{"taxonomy":"product_brand","embeddable":true,"href":"https:\/\/www.sikortex.com\/pl\/wp-json\/wp\/v2\/product_brand?post=8566"},{"taxonomy":"product_cat","embeddable":true,"href":"https:\/\/www.sikortex.com\/pl\/wp-json\/wp\/v2\/product_cat?post=8566"},{"taxonomy":"product_tag","embeddable":true,"href":"https:\/\/www.sikortex.com\/pl\/wp-json\/wp\/v2\/product_tag?post=8566"}],"curies":[{"name":"wp","href":"https:\/\/api.w.org\/{rel}","templated":true}]}}