{"id":8563,"date":"2025-04-23T11:15:38","date_gmt":"2025-04-23T03:15:38","guid":{"rendered":"https:\/\/www.sikortex.com\/?post_type=product&#038;p=8563"},"modified":"2025-04-23T12:46:39","modified_gmt":"2025-04-23T04:46:39","slug":"laminowana-tkanina-trykotowa-tpu-w-kamuflazu","status":"publish","type":"product","link":"https:\/\/www.sikortex.com\/pl\/produkt\/laminowana-tkanina-trykotowa-tpu-w-kamuflazu\/","title":{"rendered":"Laminowana tkanina trykotowa TPU w kamufla\u017cu poliestrowym na mundury wojskowe"},"content":{"rendered":"<h2>Wysokowydajna laminowana tkanina trykotowa z poliestru w kamufla\u017cu TPU na mundury wojskowe<\/h2>\n<p>Nasza zaawansowana poliestrowa tkanina laminowana kamufla\u017cowa TPU Tricot zosta\u0142a zaprojektowana tak, aby sprosta\u0107 rygorystycznym wymaganiom nowoczesnych zastosowa\u0144 wojskowych. Ta najwy\u017cszej jako\u015bci tkanina \u0142\u0105czy wyj\u0105tkow\u0105 trwa\u0142o\u015b\u0107 z doskona\u0142ymi w\u0142a\u015bciwo\u015bciami wodoodpornymi i oddychaj\u0105cymi, dzi\u0119ki czemu idealnie nadaje si\u0119 do mundur\u00f3w taktycznych i specjalistycznego sprz\u0119tu outdoorowego.<\/p>\n<h3>Kluczowe cechy:<\/h3>\n<ul>\n<li><strong>Trwa\u0142o\u015b\u0107 na poziomie wojskowym:<\/strong> Wzmocniona konstrukcja wytrzymuje ekstremalne warunki i wielokrotne u\u017cytkowanie<\/li>\n<li><strong>Zaawansowana wodoodporno\u015b\u0107 i oddychalno\u015b\u0107:<\/strong> Spe\u0142nia rygorystyczne japo\u0144skie standardy przemys\u0142owe<\/li>\n<li><strong>Projekty do dostosowania:<\/strong> Dost\u0119pne z nadrukiem cyfrowym lub sitodrukiem, co pozwala na uzyskanie idealnych wzor\u00f3w kamufla\u017cowych<\/li>\n<li><strong>Funkcjonalno\u015b\u0107 taktyczna:<\/strong> Zoptymalizowany pod k\u0105tem mobilno\u015bci i komfortu w operacjach terenowych<\/li>\n<\/ul>\n<div class=\"specs-table\">\n<table>\n<tbody>\n<tr>\n<th>Specyfikacja<\/th>\n<th>Metryka wydajno\u015bci<\/th>\n<th>Norma testowa<\/th>\n<\/tr>\n<tr>\n<td>Op\u00f3r hydrostatyczny<\/td>\n<td>15 000 mmH\u2082O<\/td>\n<td>Japo\u0144ska Norma Przemys\u0142owa<\/td>\n<\/tr>\n<tr>\n<td>Przenikanie pary wodnej<\/td>\n<td>15 000 g\/m\u00b2\/24 godz.<\/td>\n<td>Japo\u0144ska Norma Przemys\u0142owa<\/td>\n<\/tr>\n<\/tbody>\n<\/table>\n<\/div>\n<h3>Opcje drukowania niestandardowego<\/h3>\n<p>Oferujemy pe\u0142n\u0105 personalizacj\u0119 wzor\u00f3w kamufla\u017cu poprzez:<\/p>\n<ul>\n<li><strong>Druk cyfrowy:<\/strong> Wzory o wysokiej rozdzielczo\u015bci z nieograniczonymi opcjami kolor\u00f3w i misternymi szczeg\u00f3\u0142ami<\/li>\n<li><strong>Sitodruk:<\/strong> Tradycyjna metoda realizacji zam\u00f3wie\u0144 o du\u017cej obj\u0119to\u015bci z zachowaniem sp\u00f3jnego dopasowania kolor\u00f3w<\/li>\n<\/ul>\n<p>Ta laminowana tkanina poliestrowo-TPU jest optymalnym wyborem dla wykonawc\u00f3w wojskowych, producent\u00f3w mundur\u00f3w i producent\u00f3w sprz\u0119tu taktycznego wymagaj\u0105cych niezawodnej wydajno\u015bci w trudnych warunkach. Podszewka trykotowa zapewnia wyj\u0105tkowy komfort, zachowuj\u0105c jednocze\u015bnie integralno\u015b\u0107 strukturaln\u0105 potrzebn\u0105 do d\u0142ugotrwa\u0142ego u\u017cytkowania w terenie.<\/p>\n<p>Skontaktuj si\u0119 z nami ju\u017c dzi\u015b, aby om\u00f3wi\u0107 swoje szczeg\u00f3lne wymagania dotycz\u0105ce niestandardowych rozwi\u0105za\u0144 tkanin kamufla\u017cowych. Nasz zesp\u00f3\u0142 techniczny mo\u017ce pom\u00f3c w opracowaniu wzoru, specyfikacji wydajno\u015bci i produkcji seryjnej, aby spe\u0142ni\u0107 Twoje dok\u0142adne potrzeby.<\/p>\n<p>&nbsp;<\/p>","protected":false},"excerpt":{"rendered":"<p>1000 metr\u00f3w (min. zam\u00f3wienie)<\/p>","protected":false},"featured_media":8540,"comment_status":"closed","ping_status":"closed","template":"","meta":{"_uag_custom_page_level_css":"","site-sidebar-layout":"default","site-content-layout":"default","ast-site-content-layout":"default","site-content-style":"default","site-sidebar-style":"default","ast-global-header-display":"","ast-banner-title-visibility":"","ast-main-header-display":"","ast-hfb-above-header-display":"","ast-hfb-below-header-display":"","ast-hfb-mobile-header-display":"","site-post-title":"","ast-breadcrumbs-content":"","ast-featured-img":"","footer-sml-layout":"","theme-transparent-header-meta":"default","adv-header-id-meta":"","stick-header-meta":"default","header-above-stick-meta":"","header-main-stick-meta":"","header-below-stick-meta":"","astra-migrate-meta-layouts":"set","ast-page-background-enabled":"default","ast-page-background-meta":{"desktop":{"background-color":"","background-image":"","background-repeat":"repeat","background-position":"center center","background-size":"auto","background-attachment":"scroll","background-type":"","background-media":"","overlay-type":"","overlay-color":"","overlay-opacity":"","overlay-gradient":""},"tablet":{"background-color":"","background-image":"","background-repeat":"repeat","background-position":"center center","background-size":"auto","background-attachment":"scroll","background-type":"","background-media":"","overlay-type":"","overlay-color":"","overlay-opacity":"","overlay-gradient":""},"mobile":{"background-color":"","background-image":"","background-repeat":"repeat","background-position":"center center","background-size":"auto","background-attachment":"scroll","background-type":"","background-media":"","overlay-type":"","overlay-color":"","overlay-opacity":"","overlay-gradient":""}},"ast-content-background-meta":{"desktop":{"background-color":"var(--ast-global-color-5)","background-image":"","background-repeat":"repeat","background-position":"center center","background-size":"auto","background-attachment":"scroll","background-type":"","background-media":"","overlay-type":"","overlay-color":"","overlay-opacity":"","overlay-gradient":""},"tablet":{"background-color":"var(--ast-global-color-5)","background-image":"","background-repeat":"repeat","background-position":"center center","background-size":"auto","background-attachment":"scroll","background-type":"","background-media":"","overlay-type":"","overlay-color":"","overlay-opacity":"","overlay-gradient":""},"mobile":{"background-color":"var(--ast-global-color-5)","background-image":"","background-repeat":"repeat","background-position":"center center","background-size":"auto","background-attachment":"scroll","background-type":"","background-media":"","overlay-type":"","overlay-color":"","overlay-opacity":"","overlay-gradient":""}}},"product_brand":[],"product_cat":[423,421,403,414],"product_tag":[],"class_list":{"0":"post-8563","1":"product","2":"type-product","3":"status-publish","4":"has-post-thumbnail","6":"product_cat-fabric-for-military-police","7":"product_cat-foul-weather-fabrics","8":"product_cat-polyester-fabrics","9":"product_cat-waterproof-fabrics","10":"pa_available_colors-911052-spc","11":"desktop-align-left","12":"tablet-align-left","13":"mobile-align-left","14":"ast-product-gallery-layout-vertical-slider","15":"ast-product-tabs-layout-horizontal","17":"first","18":"instock","19":"shipping-taxable","20":"product-type-simple"},"uagb_featured_image_src":{"full":["https:\/\/www.sikortex.com\/wp-content\/uploads\/2025\/04\/3-1.jpg",800,800,false],"thumbnail":["https:\/\/www.sikortex.com\/wp-content\/uploads\/2025\/04\/3-1-150x150.jpg",150,150,true],"medium":["https:\/\/www.sikortex.com\/wp-content\/uploads\/2025\/04\/3-1-300x300.jpg",300,300,true],"medium_large":["https:\/\/www.sikortex.com\/wp-content\/uploads\/2025\/04\/3-1-768x768.jpg",768,768,true],"large":["https:\/\/www.sikortex.com\/wp-content\/uploads\/2025\/04\/3-1.jpg",800,800,false],"1536x1536":["https:\/\/www.sikortex.com\/wp-content\/uploads\/2025\/04\/3-1.jpg",800,800,false],"2048x2048":["https:\/\/www.sikortex.com\/wp-content\/uploads\/2025\/04\/3-1.jpg",800,800,false],"trp-custom-language-flag":["https:\/\/www.sikortex.com\/wp-content\/uploads\/2025\/04\/3-1-12x12.jpg",12,12,true],"woocommerce_thumbnail":["https:\/\/www.sikortex.com\/wp-content\/uploads\/2025\/04\/3-1-300x300.jpg",300,300,true],"woocommerce_single":["https:\/\/www.sikortex.com\/wp-content\/uploads\/2025\/04\/3-1-600x600.jpg",600,600,true],"woocommerce_gallery_thumbnail":["https:\/\/www.sikortex.com\/wp-content\/uploads\/2025\/04\/3-1-100x100.jpg",100,100,true]},"uagb_author_info":{"display_name":"Sandy","author_link":"https:\/\/www.sikortex.com\/pl\/author\/"},"uagb_comment_info":0,"uagb_excerpt":"1000 Meters(Min.Order)","_links":{"self":[{"href":"https:\/\/www.sikortex.com\/pl\/wp-json\/wp\/v2\/product\/8563","targetHints":{"allow":["GET"]}}],"collection":[{"href":"https:\/\/www.sikortex.com\/pl\/wp-json\/wp\/v2\/product"}],"about":[{"href":"https:\/\/www.sikortex.com\/pl\/wp-json\/wp\/v2\/types\/product"}],"replies":[{"embeddable":true,"href":"https:\/\/www.sikortex.com\/pl\/wp-json\/wp\/v2\/comments?post=8563"}],"wp:featuredmedia":[{"embeddable":true,"href":"https:\/\/www.sikortex.com\/pl\/wp-json\/wp\/v2\/media\/8540"}],"wp:attachment":[{"href":"https:\/\/www.sikortex.com\/pl\/wp-json\/wp\/v2\/media?parent=8563"}],"wp:term":[{"taxonomy":"product_brand","embeddable":true,"href":"https:\/\/www.sikortex.com\/pl\/wp-json\/wp\/v2\/product_brand?post=8563"},{"taxonomy":"product_cat","embeddable":true,"href":"https:\/\/www.sikortex.com\/pl\/wp-json\/wp\/v2\/product_cat?post=8563"},{"taxonomy":"product_tag","embeddable":true,"href":"https:\/\/www.sikortex.com\/pl\/wp-json\/wp\/v2\/product_tag?post=8563"}],"curies":[{"name":"wp","href":"https:\/\/api.w.org\/{rel}","templated":true}]}}