{"id":8559,"date":"2025-04-23T10:33:58","date_gmt":"2025-04-23T02:33:58","guid":{"rendered":"https:\/\/www.sikortex.com\/?post_type=product&#038;p=8559"},"modified":"2025-04-23T12:48:28","modified_gmt":"2025-04-23T04:48:28","slug":"elastyczna-tkanina-szczotkowana-na-spodnie","status":"publish","type":"product","link":"https:\/\/www.sikortex.com\/pl\/produkt\/elastyczna-tkanina-szczotkowana-na-spodnie\/","title":{"rendered":"Elastyczna tkanina poliestrowa szczotkowana na spodnie"},"content":{"rendered":"<div class=\"fabric-description\">\n<div class=\"fabric-description\">\n<h2>Wysokowydajna, rozci\u0105gliwa, szczotkowana tkanina poliestrowa na spodnie<\/h2>\n<div class=\"intro-section\">\n<p>Nasza najwy\u017cszej jako\u015bci, poliestrowa, elastyczna, tkana, szczotkowana tkanina \u0142\u0105czy wyj\u0105tkow\u0105 trwa\u0142o\u015b\u0107 z doskona\u0142ym komfortem, dzi\u0119ki czemu idealnie nadaje si\u0119 do produkcji odzie\u017cy sportowej, spodni roboczych i spodni outdoorowych. Zaprojektowana z my\u015bl\u0105 o optymalnej wydajno\u015bci, ta innowacyjna tkanina zapewnia idealn\u0105 r\u00f3wnowag\u0119 mi\u0119dzy elastyczno\u015bci\u0105, ciep\u0142em i oddychalno\u015bci\u0105.<\/p>\n<\/div>\n<div class=\"key-benefits\">\n<h3>Kluczowe korzy\u015bci<\/h3>\n<ul class=\"benefits-list\">\n<li><strong>Inteligentna technologia rozci\u0105gania:<\/strong> Zachowuje stabilno\u015b\u0107 wymiarow\u0105, oferuj\u0105c jednocze\u015bnie komfortow\u0105 rozci\u0105gliwo\u015b\u0107 w 4 kierunkach<\/li>\n<li><strong>Wzmocniona trwa\u0142o\u015b\u0107:<\/strong> Gruby, odporny na \u015bcieranie splot wytrzymuje intensywne u\u017cytkowanie<\/li>\n<li><strong>Kontrola klimatu:<\/strong> Szczotkowane wn\u0119trze zapewnia ciep\u0142o, a jednocze\u015bnie oddychalno\u015b\u0107<\/li>\n<li><strong>Aktywny komfort:<\/strong> Zoptymalizowane pod k\u0105tem pe\u0142nego zakresu ruchu w zastosowaniach sportowych i taktycznych<\/li>\n<\/ul>\n<\/div>\n<div class=\"performance-features\">\n<h3>Funkcje wydajno\u015bciowe<\/h3>\n<div class=\"features-grid\">\n<div class=\"feature-item\">\n<h4>Dynamiczna elastyczno\u015b\u0107<\/h4>\n<p>Konstrukcja z tkaniny szczotkowanej, rozci\u0105gliwej w 4 kierunkach, kt\u00f3ra porusza si\u0119 wraz z cia\u0142em, zapobiegaj\u0105c jednocze\u015bnie odkszta\u0142ceniom<\/p>\n<\/div>\n<div class=\"feature-item\"><span style=\"font-size: 1.5em; font-weight: bold;\">\u0141atwa konserwacja<\/span><\/div>\n<div class=\"feature-item\">\n<p>W\u0142a\u015bciwo\u015bci zapobiegaj\u0105ce zagnieceniom redukuj\u0105 potrzeb\u0119 prasowania<\/p>\n<\/div>\n<div class=\"feature-item\">\n<h3>Szybkoschn\u0105cy<\/h3>\n<p>Specjalna struktura splotu wyd\u0142u\u017ca czas schni\u0119cia<\/p>\n<\/div>\n<\/div>\n<\/div>\n<div class=\"applications\">\n<h4>Idealne zastosowania<\/h4>\n<ul class=\"application-list\">\n<li>Odzie\u017c robocza i mundury<\/li>\n<li>Spodnie taktyczne i wojskowe<\/li>\n<li>Spodnie outdoorowe i turystyczne<\/li>\n<li>Odzie\u017c sportowa i treningowa<\/li>\n<li>Spodnie casualowe<\/li>\n<\/ul>\n<\/div>\n<div class=\"cta-section\">\n<p>Dost\u0119pne w r\u00f3\u017cnych gramaturach i poziomach rozci\u0105gliwo\u015bci, aby spe\u0142ni\u0107 Twoje indywidualne wymagania. Skontaktuj si\u0119 z naszymi specjalistami ds. tkanin ju\u017c dzi\u015b, aby zam\u00f3wi\u0107 pr\u00f3bki lub om\u00f3wi\u0107 opcje niestandardowe.<\/p>\n<p><a class=\"cta-button\" href=\"\/pl\/contact\/\">Popro\u015b o pr\u00f3bki pr\u00f3bek<\/a><\/p>\n<\/div>\n<\/div>\n<p>&nbsp;<\/p>\n<\/div>","protected":false},"excerpt":{"rendered":"<p>1000 metr\u00f3w (min. zam\u00f3wienie)<\/p>","protected":false},"featured_media":8551,"comment_status":"closed","ping_status":"closed","template":"","meta":{"_uag_custom_page_level_css":"","site-sidebar-layout":"default","site-content-layout":"default","ast-site-content-layout":"default","site-content-style":"default","site-sidebar-style":"default","ast-global-header-display":"","ast-banner-title-visibility":"","ast-main-header-display":"","ast-hfb-above-header-display":"","ast-hfb-below-header-display":"","ast-hfb-mobile-header-display":"","site-post-title":"","ast-breadcrumbs-content":"","ast-featured-img":"","footer-sml-layout":"","theme-transparent-header-meta":"default","adv-header-id-meta":"","stick-header-meta":"default","header-above-stick-meta":"","header-main-stick-meta":"","header-below-stick-meta":"","astra-migrate-meta-layouts":"set","ast-page-background-enabled":"default","ast-page-background-meta":{"desktop":{"background-color":"","background-image":"","background-repeat":"repeat","background-position":"center center","background-size":"auto","background-attachment":"scroll","background-type":"","background-media":"","overlay-type":"","overlay-color":"","overlay-opacity":"","overlay-gradient":""},"tablet":{"background-color":"","background-image":"","background-repeat":"repeat","background-position":"center center","background-size":"auto","background-attachment":"scroll","background-type":"","background-media":"","overlay-type":"","overlay-color":"","overlay-opacity":"","overlay-gradient":""},"mobile":{"background-color":"","background-image":"","background-repeat":"repeat","background-position":"center center","background-size":"auto","background-attachment":"scroll","background-type":"","background-media":"","overlay-type":"","overlay-color":"","overlay-opacity":"","overlay-gradient":""}},"ast-content-background-meta":{"desktop":{"background-color":"var(--ast-global-color-5)","background-image":"","background-repeat":"repeat","background-position":"center center","background-size":"auto","background-attachment":"scroll","background-type":"","background-media":"","overlay-type":"","overlay-color":"","overlay-opacity":"","overlay-gradient":""},"tablet":{"background-color":"var(--ast-global-color-5)","background-image":"","background-repeat":"repeat","background-position":"center center","background-size":"auto","background-attachment":"scroll","background-type":"","background-media":"","overlay-type":"","overlay-color":"","overlay-opacity":"","overlay-gradient":""},"mobile":{"background-color":"var(--ast-global-color-5)","background-image":"","background-repeat":"repeat","background-position":"center center","background-size":"auto","background-attachment":"scroll","background-type":"","background-media":"","overlay-type":"","overlay-color":"","overlay-opacity":"","overlay-gradient":""}}},"product_brand":[],"product_cat":[403],"product_tag":[],"class_list":{"0":"post-8559","1":"product","2":"type-product","3":"status-publish","4":"has-post-thumbnail","6":"product_cat-polyester-fabrics","7":"desktop-align-left","8":"tablet-align-left","9":"mobile-align-left","10":"ast-product-gallery-layout-vertical-slider","11":"ast-product-tabs-layout-horizontal","13":"first","14":"instock","15":"shipping-taxable","16":"product-type-simple"},"uagb_featured_image_src":{"full":["https:\/\/www.sikortex.com\/wp-content\/uploads\/2025\/04\/4-2.jpg",800,800,false],"thumbnail":["https:\/\/www.sikortex.com\/wp-content\/uploads\/2025\/04\/4-2-150x150.jpg",150,150,true],"medium":["https:\/\/www.sikortex.com\/wp-content\/uploads\/2025\/04\/4-2-300x300.jpg",300,300,true],"medium_large":["https:\/\/www.sikortex.com\/wp-content\/uploads\/2025\/04\/4-2-768x768.jpg",768,768,true],"large":["https:\/\/www.sikortex.com\/wp-content\/uploads\/2025\/04\/4-2.jpg",800,800,false],"1536x1536":["https:\/\/www.sikortex.com\/wp-content\/uploads\/2025\/04\/4-2.jpg",800,800,false],"2048x2048":["https:\/\/www.sikortex.com\/wp-content\/uploads\/2025\/04\/4-2.jpg",800,800,false],"trp-custom-language-flag":["https:\/\/www.sikortex.com\/wp-content\/uploads\/2025\/04\/4-2-12x12.jpg",12,12,true],"woocommerce_thumbnail":["https:\/\/www.sikortex.com\/wp-content\/uploads\/2025\/04\/4-2-300x300.jpg",300,300,true],"woocommerce_single":["https:\/\/www.sikortex.com\/wp-content\/uploads\/2025\/04\/4-2-600x600.jpg",600,600,true],"woocommerce_gallery_thumbnail":["https:\/\/www.sikortex.com\/wp-content\/uploads\/2025\/04\/4-2-100x100.jpg",100,100,true]},"uagb_author_info":{"display_name":"Sandy","author_link":"https:\/\/www.sikortex.com\/pl\/author\/"},"uagb_comment_info":0,"uagb_excerpt":"1000 Meters(Min.Order)","_links":{"self":[{"href":"https:\/\/www.sikortex.com\/pl\/wp-json\/wp\/v2\/product\/8559","targetHints":{"allow":["GET"]}}],"collection":[{"href":"https:\/\/www.sikortex.com\/pl\/wp-json\/wp\/v2\/product"}],"about":[{"href":"https:\/\/www.sikortex.com\/pl\/wp-json\/wp\/v2\/types\/product"}],"replies":[{"embeddable":true,"href":"https:\/\/www.sikortex.com\/pl\/wp-json\/wp\/v2\/comments?post=8559"}],"wp:featuredmedia":[{"embeddable":true,"href":"https:\/\/www.sikortex.com\/pl\/wp-json\/wp\/v2\/media\/8551"}],"wp:attachment":[{"href":"https:\/\/www.sikortex.com\/pl\/wp-json\/wp\/v2\/media?parent=8559"}],"wp:term":[{"taxonomy":"product_brand","embeddable":true,"href":"https:\/\/www.sikortex.com\/pl\/wp-json\/wp\/v2\/product_brand?post=8559"},{"taxonomy":"product_cat","embeddable":true,"href":"https:\/\/www.sikortex.com\/pl\/wp-json\/wp\/v2\/product_cat?post=8559"},{"taxonomy":"product_tag","embeddable":true,"href":"https:\/\/www.sikortex.com\/pl\/wp-json\/wp\/v2\/product_tag?post=8559"}],"curies":[{"name":"wp","href":"https:\/\/api.w.org\/{rel}","templated":true}]}}