{"id":8065,"date":"2025-03-05T17:04:53","date_gmt":"2025-03-05T09:04:53","guid":{"rendered":"https:\/\/www.sikortex.com\/?post_type=product&#038;p=8065"},"modified":"2025-03-17T16:22:08","modified_gmt":"2025-03-17T08:22:08","slug":"tkanina-nylonowa-70-denier-z-powloka-pcv","status":"publish","type":"product","link":"https:\/\/www.sikortex.com\/pl\/produkt\/tkanina-nylonowa-70-denier-z-powloka-pcv\/","title":{"rendered":"Tkanina nylonowa 70 Denier z pow\u0142ok\u0105 PVC"},"content":{"rendered":"<p>Nasz\u00a0<strong>Tkanina nylonowa 70 Denier z pow\u0142ok\u0105 PVC<\/strong>\u00a0to materia\u0142 o wysokiej wydajno\u015bci przeznaczony do lekkich, ale wytrzyma\u0142ych zastosowa\u0144. \u0141\u0105cz\u0105c wytrzyma\u0142o\u015b\u0107 nylonu 70D z ochronnym podk\u0142adem z PVC, ta tkanina oferuje wyj\u0105tkow\u0105 trwa\u0142o\u015b\u0107, wodoodporno\u015b\u0107 i elastyczno\u015b\u0107. Niezale\u017cnie od tego, czy tworzysz torby, portfele, etui czy pokrowce przeciwkurzowe i do przechowywania, ta tkanina zapewnia niezawodn\u0105 wydajno\u015b\u0107 i polerowane wyko\u0144czenie.<\/p>\n<hr \/>\n<h3><strong>G\u0142\u00f3wne cechy<\/strong><\/h3>\n<ol start=\"1\">\n<li><strong>Lekki i wytrzyma\u0142y<\/strong>:<br \/>\nNylonowa podstawa 70D charakteryzuje si\u0119 doskona\u0142ym stosunkiem wytrzyma\u0142o\u015bci do wagi, dzi\u0119ki czemu idealnie nadaje si\u0119 do produkcji lekkich, a jednocze\u015bnie trwa\u0142ych produkt\u00f3w.<\/li>\n<li><strong>Wodoodporny i odporny na rozdarcia<\/strong>:<br \/>\nPodk\u0142ad z tworzywa PVC gwarantuje ca\u0142kowit\u0105 wodoodporno\u015b\u0107 i zwi\u0119ksza odporno\u015b\u0107 na rozdarcie, chroni\u0105c Twoje przedmioty przed wilgoci\u0105 i uszkodzeniami.<\/li>\n<li><strong>Elastyczny i \u0142atwy w obs\u0142udze<\/strong>:<br \/>\nPomimo swojej trwa\u0142o\u015bci tkanina pozostaje elastyczna i \u0142atwa w obr\u00f3bce, co gwarantuje p\u0142ynny proces produkcyjny.<\/li>\n<li><strong>Atrakcyjno\u015b\u0107 estetyczna<\/strong>:<br \/>\nDost\u0119pna w r\u00f3\u017cnych kolorach i wyko\u0144czeniach tkanina ta doda Twoim produktom eleganckiego i profesjonalnego wygl\u0105du.<\/li>\n<li><strong>\u0141atwe do czyszczenia<\/strong>:<br \/>\nG\u0142adka powierzchnia z tworzywa PVC jest \u0142atwa w czyszczeniu i konserwacji, dzi\u0119ki czemu doskonale nadaje si\u0119 na pokrowce i walizki do przechowywania.<\/li>\n<\/ol>\n<hr \/>\n<h3><strong>Aplikacje<\/strong><\/h3>\n<p>Nasz\u00a0<strong>Tkanina nylonowa 70 Denier z pow\u0142ok\u0105 PVC<\/strong>\u00a0idealnie nadaje si\u0119 do:<\/p>\n<ul>\n<li><strong>Mn\u00f3stwo<\/strong>:Lekki i wytrzyma\u0142y materia\u0142 na plecaki, torby p\u0142\u00f3cienne i torby podr\u00f3\u017cne.<\/li>\n<li><strong>Portfele<\/strong>: Stylowa i wytrzyma\u0142a tkanina na torebki i kopert\u00f3wki.<\/li>\n<li><strong>Sprawy<\/strong>:Materia\u0142 ochronny i wodoodporny do etui na laptopy, etui na tablety i toreb narz\u0119dziowych.<\/li>\n<li><strong>Pokrowce przeciwkurzowe i magazynowe<\/strong>:Trwa\u0142a i \u0142atwa w czyszczeniu tkanina na pokrowce na meble, ochron\u0119 sprz\u0119tu i rozwi\u0105zania do przechowywania.<\/li>\n<\/ul>\n<hr \/>\n<h3><strong>Dlaczego warto wybra\u0107 nasz\u0105 tkanin\u0119?<\/strong><\/h3>\n<ol start=\"1\">\n<li><strong>Sprawdzona wydajno\u015b\u0107<\/strong>:<br \/>\nProducenci ufaj\u0105 mu ze wzgl\u0119du na trwa\u0142o\u015b\u0107 i wszechstronno\u015b\u0107 w r\u00f3\u017cnych zastosowaniach.<\/li>\n<li><strong>Personalizacja<\/strong>:<br \/>\nDost\u0119pne w r\u00f3\u017cnych kolorach i wyko\u0144czeniach, aby spe\u0142ni\u0107 Twoje potrzeby projektowe.<\/li>\n<li><strong>Opcje przyjazne dla \u015brodowiska<\/strong>:<br \/>\nOferujemy receptury nadaj\u0105ce si\u0119 do recyklingu i nietoksyczne, zgodne z celami zr\u00f3wnowa\u017conego rozwoju.<\/li>\n<\/ol>\n<hr \/>\n<h3><strong>Wniosek<\/strong><\/h3>\n<p>Nasz\u00a0<strong>Tkanina nylonowa 70 Denier z pow\u0142ok\u0105 PVC<\/strong>\u00a0jest idealnym wyborem do tworzenia lekkich, trwa\u0142ych i stylowych produkt\u00f3w. Niezale\u017cnie od tego, czy projektujesz torby, portfele, etui czy pokrowce do przechowywania, ta tkanina zapewnia wyj\u0105tkow\u0105 wydajno\u015b\u0107 i niezawodno\u015b\u0107.<\/p>\n<p>Skontaktuj si\u0119 z nami ju\u017c dzi\u015b, aby poprosi\u0107 o pr\u00f3bki lub om\u00f3wi\u0107 wymagania dotycz\u0105ce projektu. Stw\u00f3rzmy razem wysokiej jako\u015bci produkty!<\/p>","protected":false},"excerpt":{"rendered":"<p>600 metr\u00f3w (min. zam\u00f3wienie)<\/p>","protected":false},"featured_media":8067,"comment_status":"closed","ping_status":"closed","template":"","meta":{"_uag_custom_page_level_css":"","site-sidebar-layout":"default","site-content-layout":"default","ast-site-content-layout":"default","site-content-style":"default","site-sidebar-style":"default","ast-global-header-display":"","ast-banner-title-visibility":"","ast-main-header-display":"","ast-hfb-above-header-display":"","ast-hfb-below-header-display":"","ast-hfb-mobile-header-display":"","site-post-title":"","ast-breadcrumbs-content":"","ast-featured-img":"","footer-sml-layout":"","theme-transparent-header-meta":"default","adv-header-id-meta":"","stick-header-meta":"default","header-above-stick-meta":"","header-main-stick-meta":"","header-below-stick-meta":"","astra-migrate-meta-layouts":"set","ast-page-background-enabled":"default","ast-page-background-meta":{"desktop":{"background-color":"","background-image":"","background-repeat":"repeat","background-position":"center center","background-size":"auto","background-attachment":"scroll","background-type":"","background-media":"","overlay-type":"","overlay-color":"","overlay-opacity":"","overlay-gradient":""},"tablet":{"background-color":"","background-image":"","background-repeat":"repeat","background-position":"center center","background-size":"auto","background-attachment":"scroll","background-type":"","background-media":"","overlay-type":"","overlay-color":"","overlay-opacity":"","overlay-gradient":""},"mobile":{"background-color":"","background-image":"","background-repeat":"repeat","background-position":"center center","background-size":"auto","background-attachment":"scroll","background-type":"","background-media":"","overlay-type":"","overlay-color":"","overlay-opacity":"","overlay-gradient":""}},"ast-content-background-meta":{"desktop":{"background-color":"var(--ast-global-color-5)","background-image":"","background-repeat":"repeat","background-position":"center center","background-size":"auto","background-attachment":"scroll","background-type":"","background-media":"","overlay-type":"","overlay-color":"","overlay-opacity":"","overlay-gradient":""},"tablet":{"background-color":"var(--ast-global-color-5)","background-image":"","background-repeat":"repeat","background-position":"center center","background-size":"auto","background-attachment":"scroll","background-type":"","background-media":"","overlay-type":"","overlay-color":"","overlay-opacity":"","overlay-gradient":""},"mobile":{"background-color":"var(--ast-global-color-5)","background-image":"","background-repeat":"repeat","background-position":"center center","background-size":"auto","background-attachment":"scroll","background-type":"","background-media":"","overlay-type":"","overlay-color":"","overlay-opacity":"","overlay-gradient":""}}},"product_brand":[],"product_cat":[404,407,433,414],"product_tag":[],"class_list":{"0":"post-8065","1":"product","2":"type-product","3":"status-publish","4":"has-post-thumbnail","6":"product_cat-nylon-fabrics","7":"product_cat-recycled-fabric","8":"product_cat-textile-for-industrial","9":"product_cat-waterproof-fabrics","10":"pa_available_colors-h-black","11":"desktop-align-left","12":"tablet-align-left","13":"mobile-align-left","14":"ast-product-gallery-layout-vertical-slider","15":"ast-product-tabs-layout-horizontal","17":"first","18":"instock","19":"shipping-taxable","20":"product-type-simple"},"uagb_featured_image_src":{"full":["https:\/\/www.sikortex.com\/wp-content\/uploads\/2025\/03\/70-Denier-Nylon-fabric-PVC-Backed.jpg",1000,1000,false],"thumbnail":["https:\/\/www.sikortex.com\/wp-content\/uploads\/2025\/03\/70-Denier-Nylon-fabric-PVC-Backed-150x150.jpg",150,150,true],"medium":["https:\/\/www.sikortex.com\/wp-content\/uploads\/2025\/03\/70-Denier-Nylon-fabric-PVC-Backed-300x300.jpg",300,300,true],"medium_large":["https:\/\/www.sikortex.com\/wp-content\/uploads\/2025\/03\/70-Denier-Nylon-fabric-PVC-Backed-768x768.jpg",768,768,true],"large":["https:\/\/www.sikortex.com\/wp-content\/uploads\/2025\/03\/70-Denier-Nylon-fabric-PVC-Backed.jpg",1000,1000,false],"1536x1536":["https:\/\/www.sikortex.com\/wp-content\/uploads\/2025\/03\/70-Denier-Nylon-fabric-PVC-Backed.jpg",1000,1000,false],"2048x2048":["https:\/\/www.sikortex.com\/wp-content\/uploads\/2025\/03\/70-Denier-Nylon-fabric-PVC-Backed.jpg",1000,1000,false],"trp-custom-language-flag":["https:\/\/www.sikortex.com\/wp-content\/uploads\/2025\/03\/70-Denier-Nylon-fabric-PVC-Backed-12x12.jpg",12,12,true],"woocommerce_thumbnail":["https:\/\/www.sikortex.com\/wp-content\/uploads\/2025\/03\/70-Denier-Nylon-fabric-PVC-Backed-300x300.jpg",300,300,true],"woocommerce_single":["https:\/\/www.sikortex.com\/wp-content\/uploads\/2025\/03\/70-Denier-Nylon-fabric-PVC-Backed-600x600.jpg",600,600,true],"woocommerce_gallery_thumbnail":["https:\/\/www.sikortex.com\/wp-content\/uploads\/2025\/03\/70-Denier-Nylon-fabric-PVC-Backed-100x100.jpg",100,100,true]},"uagb_author_info":{"display_name":"Perry","author_link":"https:\/\/www.sikortex.com\/pl\/author\/"},"uagb_comment_info":0,"uagb_excerpt":"600 Meters(Min.Order)","_links":{"self":[{"href":"https:\/\/www.sikortex.com\/pl\/wp-json\/wp\/v2\/product\/8065","targetHints":{"allow":["GET"]}}],"collection":[{"href":"https:\/\/www.sikortex.com\/pl\/wp-json\/wp\/v2\/product"}],"about":[{"href":"https:\/\/www.sikortex.com\/pl\/wp-json\/wp\/v2\/types\/product"}],"replies":[{"embeddable":true,"href":"https:\/\/www.sikortex.com\/pl\/wp-json\/wp\/v2\/comments?post=8065"}],"wp:featuredmedia":[{"embeddable":true,"href":"https:\/\/www.sikortex.com\/pl\/wp-json\/wp\/v2\/media\/8067"}],"wp:attachment":[{"href":"https:\/\/www.sikortex.com\/pl\/wp-json\/wp\/v2\/media?parent=8065"}],"wp:term":[{"taxonomy":"product_brand","embeddable":true,"href":"https:\/\/www.sikortex.com\/pl\/wp-json\/wp\/v2\/product_brand?post=8065"},{"taxonomy":"product_cat","embeddable":true,"href":"https:\/\/www.sikortex.com\/pl\/wp-json\/wp\/v2\/product_cat?post=8065"},{"taxonomy":"product_tag","embeddable":true,"href":"https:\/\/www.sikortex.com\/pl\/wp-json\/wp\/v2\/product_tag?post=8065"}],"curies":[{"name":"wp","href":"https:\/\/api.w.org\/{rel}","templated":true}]}}