{"id":8058,"date":"2025-03-05T16:17:19","date_gmt":"2025-03-05T08:17:19","guid":{"rendered":"https:\/\/www.sikortex.com\/?post_type=product&#038;p=8058"},"modified":"2025-03-05T17:20:13","modified_gmt":"2025-03-05T09:20:13","slug":"tkanina-nylonowa-powlekana-pvc-o-wysokiej-wytrzymalosci","status":"publish","type":"product","link":"https:\/\/www.sikortex.com\/pl\/produkt\/tkanina-nylonowa-powlekana-pvc-o-wysokiej-wytrzymalosci\/","title":{"rendered":"Tkanina nylonowa powlekana PVC o wysokiej wytrzyma\u0142o\u015bci do \u0142\u00f3\u017cka medycznego, worka tlenowego, worka na l\u00f3d"},"content":{"rendered":"<p>Nasza wytrzyma\u0142a tkanina nylonowa powlekana PVC to materia\u0142 premium przeznaczony do wymagaj\u0105cych zastosowa\u0144 w sektorze medycznym i przemys\u0142owym. \u0141\u0105cz\u0105c trwa\u0142o\u015b\u0107 nylonu z w\u0142a\u015bciwo\u015bciami ochronnymi pow\u0142oki PVC, ta tkanina oferuje wyj\u0105tkow\u0105 wytrzyma\u0142o\u015b\u0107, elastyczno\u015b\u0107 i odporno\u015b\u0107 na zu\u017cycie i rozdarcie. Niezale\u017cnie od tego, czy produkujesz \u0142\u00f3\u017cka medyczne, worki tlenowe czy worki na l\u00f3d, ta tkanina zapewnia niezawodn\u0105 wydajno\u015b\u0107 i d\u0142ugotrwa\u0142\u0105 jako\u015b\u0107.<\/p>\n<p><strong>G\u0142\u00f3wne cechy<\/strong><\/p>\n<ul>\n<li><strong>Wysoka wytrzyma\u0142o\u015b\u0107 i trwa\u0142o\u015b\u0107:<\/strong><br \/>\nNylonowa podstawa charakteryzuje si\u0119 doskona\u0142\u0105 wytrzyma\u0142o\u015bci\u0105 na rozci\u0105ganie, co czyni j\u0105 idealn\u0105 do zastosowa\u0144 wymagaj\u0105cych du\u017cej wytrzyma\u0142o\u015bci.<\/li>\n<li><strong>Wodoodporny i odporny na chemikalia:<\/strong><br \/>\nPow\u0142oka PVC gwarantuje ca\u0142kowit\u0105 wodoodporno\u015b\u0107 i odporno\u015b\u0107 na dzia\u0142anie substancji chemicznych, olej\u00f3w i innych dra\u017cni\u0105cych substancji.<\/li>\n<li><strong>Elastyczno\u015b\u0107 i lekko\u015b\u0107:<\/strong><br \/>\nPomimo swojej wytrzyma\u0142o\u015bci, tkanina pozostaje elastyczna i lekka, zapewniaj\u0105c \u0142atwo\u015b\u0107 u\u017cytkowania i wygod\u0119.<\/li>\n<li><strong>\u0141atwe do czyszczenia i konserwacji:<\/strong><br \/>\nG\u0142adka powierzchnia z tworzywa PVC jest \u0142atwa do czyszczenia, dzi\u0119ki czemu nadaje si\u0119 do zastosowa\u0144 medycznych i higienicznych.<\/li>\n<li><strong>Opcje dostosowywania:<\/strong><br \/>\nDost\u0119pne w r\u00f3\u017cnych grubo\u015bciach, kolorach i wyko\u0144czeniach, aby spe\u0142ni\u0107 szczeg\u00f3lne wymagania.<\/li>\n<\/ul>\n<p>&nbsp;<\/p>\n<p><strong>Aplikacje<\/strong><\/p>\n<ul>\n<li><strong>\u0141\u00f3\u017cka medyczne:<\/strong> Trwa\u0142y i \u0142atwy w czyszczeniu materia\u0142 na \u0142\u00f3\u017cka szpitalne i domowe.<\/li>\n<li><strong>Worki tlenowe:<\/strong> Lekka i szczelna tkanina do przechowywania i transportu tlenu medycznego.<\/li>\n<li><strong>Woreczki z lodem:<\/strong> Wodoodporny i elastyczny materia\u0142 do krioterapii i medycznych ok\u0142ad\u00f3w z lodu.<\/li>\n<li><strong>Pokrywy przemys\u0142owe:<\/strong> Pokrowce ochronne na maszyny i urz\u0105dzenia.<\/li>\n<li><strong>Sprz\u0119t turystyczny:<\/strong> Namioty, plandeki i inne produkty odporne na warunki atmosferyczne.<\/li>\n<\/ul>\n<p><strong>Dlaczego warto wybra\u0107 nasz\u0105 tkanin\u0119?<\/strong><\/p>\n<ul>\n<li><strong>Sprawdzona wydajno\u015b\u0107:<\/strong><br \/>\nProducenci ufaj\u0105 nam ze wzgl\u0119du na trwa\u0142o\u015b\u0107 i niezawodno\u015b\u0107 w krytycznych zastosowaniach.<\/li>\n<li><strong>Personalizacja:<\/strong><br \/>\nRozwi\u0105zania dostosowane do Twoich konkretnych potrzeb w zakresie wzornictwa i wydajno\u015bci.<\/li>\n<li><strong>Opcje przyjazne dla \u015brodowiska:<\/strong><br \/>\nDost\u0119pne w formach nadaj\u0105cych si\u0119 do recyklingu i nietoksycznych.<\/li>\n<\/ul>\n<p>&nbsp;<\/p>\n<p><strong>Wniosek<\/strong><br \/>\nNasza wytrzyma\u0142a tkanina nylonowa powlekana PVC jest idealnym wyborem do zastosowa\u0144 medycznych i przemys\u0142owych wymagaj\u0105cych trwa\u0142o\u015bci, wodoodporno\u015bci i elastyczno\u015bci. Skontaktuj si\u0119 z nami ju\u017c dzi\u015b, aby poprosi\u0107 o pr\u00f3bki lub om\u00f3wi\u0107 potrzeby swojego projektu!<\/p>\n<p>&nbsp;<\/p>","protected":false},"excerpt":{"rendered":"<p>600 metr\u00f3w (min. zam\u00f3wienie)<\/p>","protected":false},"featured_media":8059,"comment_status":"closed","ping_status":"closed","template":"","meta":{"_uag_custom_page_level_css":"","site-sidebar-layout":"default","site-content-layout":"default","ast-site-content-layout":"default","site-content-style":"default","site-sidebar-style":"default","ast-global-header-display":"","ast-banner-title-visibility":"","ast-main-header-display":"","ast-hfb-above-header-display":"","ast-hfb-below-header-display":"","ast-hfb-mobile-header-display":"","site-post-title":"","ast-breadcrumbs-content":"","ast-featured-img":"","footer-sml-layout":"","theme-transparent-header-meta":"default","adv-header-id-meta":"","stick-header-meta":"default","header-above-stick-meta":"","header-main-stick-meta":"","header-below-stick-meta":"","astra-migrate-meta-layouts":"set","ast-page-background-enabled":"default","ast-page-background-meta":{"desktop":{"background-color":"","background-image":"","background-repeat":"repeat","background-position":"center center","background-size":"auto","background-attachment":"scroll","background-type":"","background-media":"","overlay-type":"","overlay-color":"","overlay-opacity":"","overlay-gradient":""},"tablet":{"background-color":"","background-image":"","background-repeat":"repeat","background-position":"center center","background-size":"auto","background-attachment":"scroll","background-type":"","background-media":"","overlay-type":"","overlay-color":"","overlay-opacity":"","overlay-gradient":""},"mobile":{"background-color":"","background-image":"","background-repeat":"repeat","background-position":"center center","background-size":"auto","background-attachment":"scroll","background-type":"","background-media":"","overlay-type":"","overlay-color":"","overlay-opacity":"","overlay-gradient":""}},"ast-content-background-meta":{"desktop":{"background-color":"var(--ast-global-color-5)","background-image":"","background-repeat":"repeat","background-position":"center center","background-size":"auto","background-attachment":"scroll","background-type":"","background-media":"","overlay-type":"","overlay-color":"","overlay-opacity":"","overlay-gradient":""},"tablet":{"background-color":"var(--ast-global-color-5)","background-image":"","background-repeat":"repeat","background-position":"center center","background-size":"auto","background-attachment":"scroll","background-type":"","background-media":"","overlay-type":"","overlay-color":"","overlay-opacity":"","overlay-gradient":""},"mobile":{"background-color":"var(--ast-global-color-5)","background-image":"","background-repeat":"repeat","background-position":"center center","background-size":"auto","background-attachment":"scroll","background-type":"","background-media":"","overlay-type":"","overlay-color":"","overlay-opacity":"","overlay-gradient":""}}},"product_brand":[],"product_cat":[404,407,433,414],"product_tag":[],"class_list":{"0":"post-8058","1":"product","2":"type-product","3":"status-publish","4":"has-post-thumbnail","6":"product_cat-nylon-fabrics","7":"product_cat-recycled-fabric","8":"product_cat-textile-for-industrial","9":"product_cat-waterproof-fabrics","10":"pa_available_colors-h-black","11":"desktop-align-left","12":"tablet-align-left","13":"mobile-align-left","14":"ast-product-gallery-layout-vertical-slider","15":"ast-product-tabs-layout-horizontal","17":"first","18":"instock","19":"shipping-taxable","20":"product-type-simple"},"uagb_featured_image_src":{"full":["https:\/\/www.sikortex.com\/wp-content\/uploads\/2025\/03\/Nylon-PVC-Coated-Fabric-For-Medical-Bed-Oxygen-Bag-Ice-Bag.jpg",800,800,false],"thumbnail":["https:\/\/www.sikortex.com\/wp-content\/uploads\/2025\/03\/Nylon-PVC-Coated-Fabric-For-Medical-Bed-Oxygen-Bag-Ice-Bag-150x150.jpg",150,150,true],"medium":["https:\/\/www.sikortex.com\/wp-content\/uploads\/2025\/03\/Nylon-PVC-Coated-Fabric-For-Medical-Bed-Oxygen-Bag-Ice-Bag-300x300.jpg",300,300,true],"medium_large":["https:\/\/www.sikortex.com\/wp-content\/uploads\/2025\/03\/Nylon-PVC-Coated-Fabric-For-Medical-Bed-Oxygen-Bag-Ice-Bag-768x768.jpg",768,768,true],"large":["https:\/\/www.sikortex.com\/wp-content\/uploads\/2025\/03\/Nylon-PVC-Coated-Fabric-For-Medical-Bed-Oxygen-Bag-Ice-Bag.jpg",800,800,false],"1536x1536":["https:\/\/www.sikortex.com\/wp-content\/uploads\/2025\/03\/Nylon-PVC-Coated-Fabric-For-Medical-Bed-Oxygen-Bag-Ice-Bag.jpg",800,800,false],"2048x2048":["https:\/\/www.sikortex.com\/wp-content\/uploads\/2025\/03\/Nylon-PVC-Coated-Fabric-For-Medical-Bed-Oxygen-Bag-Ice-Bag.jpg",800,800,false],"trp-custom-language-flag":["https:\/\/www.sikortex.com\/wp-content\/uploads\/2025\/03\/Nylon-PVC-Coated-Fabric-For-Medical-Bed-Oxygen-Bag-Ice-Bag-12x12.jpg",12,12,true],"woocommerce_thumbnail":["https:\/\/www.sikortex.com\/wp-content\/uploads\/2025\/03\/Nylon-PVC-Coated-Fabric-For-Medical-Bed-Oxygen-Bag-Ice-Bag-300x300.jpg",300,300,true],"woocommerce_single":["https:\/\/www.sikortex.com\/wp-content\/uploads\/2025\/03\/Nylon-PVC-Coated-Fabric-For-Medical-Bed-Oxygen-Bag-Ice-Bag-600x600.jpg",600,600,true],"woocommerce_gallery_thumbnail":["https:\/\/www.sikortex.com\/wp-content\/uploads\/2025\/03\/Nylon-PVC-Coated-Fabric-For-Medical-Bed-Oxygen-Bag-Ice-Bag-100x100.jpg",100,100,true]},"uagb_author_info":{"display_name":"Perry","author_link":"https:\/\/www.sikortex.com\/pl\/author\/"},"uagb_comment_info":0,"uagb_excerpt":"600 Meters(Min.Order)","_links":{"self":[{"href":"https:\/\/www.sikortex.com\/pl\/wp-json\/wp\/v2\/product\/8058","targetHints":{"allow":["GET"]}}],"collection":[{"href":"https:\/\/www.sikortex.com\/pl\/wp-json\/wp\/v2\/product"}],"about":[{"href":"https:\/\/www.sikortex.com\/pl\/wp-json\/wp\/v2\/types\/product"}],"replies":[{"embeddable":true,"href":"https:\/\/www.sikortex.com\/pl\/wp-json\/wp\/v2\/comments?post=8058"}],"wp:featuredmedia":[{"embeddable":true,"href":"https:\/\/www.sikortex.com\/pl\/wp-json\/wp\/v2\/media\/8059"}],"wp:attachment":[{"href":"https:\/\/www.sikortex.com\/pl\/wp-json\/wp\/v2\/media?parent=8058"}],"wp:term":[{"taxonomy":"product_brand","embeddable":true,"href":"https:\/\/www.sikortex.com\/pl\/wp-json\/wp\/v2\/product_brand?post=8058"},{"taxonomy":"product_cat","embeddable":true,"href":"https:\/\/www.sikortex.com\/pl\/wp-json\/wp\/v2\/product_cat?post=8058"},{"taxonomy":"product_tag","embeddable":true,"href":"https:\/\/www.sikortex.com\/pl\/wp-json\/wp\/v2\/product_tag?post=8058"}],"curies":[{"name":"wp","href":"https:\/\/api.w.org\/{rel}","templated":true}]}}