{"id":8021,"date":"2025-03-03T15:10:59","date_gmt":"2025-03-03T07:10:59","guid":{"rendered":"https:\/\/www.sikortex.com\/?post_type=product&#038;p=8021"},"modified":"2025-03-04T11:07:21","modified_gmt":"2025-03-04T03:07:21","slug":"tkanina-poliestrowa-tpu-dwustronnie-powlekana","status":"publish","type":"product","link":"https:\/\/www.sikortex.com\/pl\/produkt\/tkanina-poliestrowa-tpu-dwustronnie-powlekana\/","title":{"rendered":"Tkanina dwustronnie powlekana z poliestru TPU 600D \u2013 trwa\u0142a, wodoodporna i konfigurowalna"},"content":{"rendered":"<p>Nasza dwustronnie powlekana tkanina poliestrowa TPU 600D to materia\u0142 o wysokiej wydajno\u015bci przeznaczony do wymagaj\u0105cych zastosowa\u0144. Dzi\u0119ki pow\u0142oce TPU po obu stronach tkanina ta oferuje wyj\u0105tkow\u0105 trwa\u0142o\u015b\u0107, <a href=\"\/pl\/tkanina-oxford-barwiona-w-roztworze\/\"><span style=\"color: #3366ff;\">Odporno\u015b\u0107 na promieniowanie UV<\/span><\/a>, wodoodporno\u015b\u0107 i opcje personalizacji. Niezale\u017cnie od tego, czy potrzebujesz go do sprz\u0119tu outdoorowego, <a href=\"https:\/\/www.sikortex.com\/pl\/odziez-robocza-do-transportu-i\/\"><span style=\"color: #3366ff;\">os\u0142ony przemys\u0142owe<\/span><\/a>lub wytrzyma\u0142ych toreb, tkanina ta zapewnia niezr\u00f3wnan\u0105 wydajno\u015b\u0107 i niezawodno\u015b\u0107.<\/p>\n<p>G\u0142\u00f3wne cechy<br \/>\n1. Dwustronna pow\u0142oka TPU:<br \/>\nZapewnia ca\u0142kowit\u0105 wodoodporno\u015b\u0107 i zwi\u0119kszon\u0105 trwa\u0142o\u015b\u0107, umo\u017cliwiaj\u0105c d\u0142ugotrwa\u0142e u\u017cytkowanie.<\/p>\n<p>2. Odporno\u015b\u0107 na promieniowanie UV i korozj\u0119:<br \/>\nWytrzymuje d\u0142ugotrwa\u0142e dzia\u0142anie promieni s\u0142onecznych i trudnych warunk\u00f3w, dzi\u0119ki czemu idealnie nadaje si\u0119 do zastosowa\u0144 zewn\u0119trznych i morskich.<\/p>\n<p>3. Opcje dostosowywania:<br \/>\nDost\u0119pne w pow\u0142okach transparentnych, matowych lub barwionych, aby spe\u0142ni\u0107 Twoje indywidualne potrzeby projektowe.<\/p>\n<p>4. Materia\u0142 przyjazny dla \u015brodowiska:<br \/>\nTPU nadaje si\u0119 do recyklingu i nie zawiera szkodliwych substancji chemicznych, takich jak ftalany czy chlor, dzi\u0119ki czemu jest to wyb\u00f3r zr\u00f3wnowa\u017cony.<\/p>\n<p>&nbsp;<\/p>\n<p>Aplikacje<br \/>\nNasza tkanina dwustronnie powlekana z poliestru TPU 600D doskonale nadaje si\u0119 do:<br \/>\nKamizelki nurkowe: Materia\u0142 odporny na korozj\u0119 i wod\u0119, przeznaczony do produkcji sprz\u0119tu nurkowego.<br \/>\nSprz\u0119t turystyczny: namioty, plecaki i plandeki, od kt\u00f3rych wymaga si\u0119 trwa\u0142o\u015bci i odporno\u015bci na warunki atmosferyczne.<br \/>\n<a href=\"https:\/\/www.sikortex.com\/pl\/odziez-robocza-do-transportu-i\/\"><span style=\"color: #3366ff;\">Pokrywy przemys\u0142owe<\/span><\/a>:Pokrowce ochronne na maszyny i pojazdy.<br \/>\nTorby o du\u017cej wytrzyma\u0142o\u015bci: baga\u017c, zestawy narz\u0119dzi i sprz\u0119t taktyczny.<br \/>\nSprz\u0119t morski: pokrowce na \u0142odzie i wn\u0119trza statk\u00f3w.<\/p>\n<p>&nbsp;<\/p>\n<p>&nbsp;<\/p>","protected":false},"excerpt":{"rendered":"<p>600 metr\u00f3w (min. zam\u00f3wienie)<\/p>","protected":false},"featured_media":8023,"comment_status":"closed","ping_status":"closed","template":"","meta":{"_uag_custom_page_level_css":"","site-sidebar-layout":"default","site-content-layout":"default","ast-site-content-layout":"default","site-content-style":"default","site-sidebar-style":"default","ast-global-header-display":"","ast-banner-title-visibility":"","ast-main-header-display":"","ast-hfb-above-header-display":"","ast-hfb-below-header-display":"","ast-hfb-mobile-header-display":"","site-post-title":"","ast-breadcrumbs-content":"","ast-featured-img":"","footer-sml-layout":"","theme-transparent-header-meta":"default","adv-header-id-meta":"","stick-header-meta":"default","header-above-stick-meta":"","header-main-stick-meta":"","header-below-stick-meta":"","astra-migrate-meta-layouts":"set","ast-page-background-enabled":"default","ast-page-background-meta":{"desktop":{"background-color":"","background-image":"","background-repeat":"repeat","background-position":"center center","background-size":"auto","background-attachment":"scroll","background-type":"","background-media":"","overlay-type":"","overlay-color":"","overlay-opacity":"","overlay-gradient":""},"tablet":{"background-color":"","background-image":"","background-repeat":"repeat","background-position":"center center","background-size":"auto","background-attachment":"scroll","background-type":"","background-media":"","overlay-type":"","overlay-color":"","overlay-opacity":"","overlay-gradient":""},"mobile":{"background-color":"","background-image":"","background-repeat":"repeat","background-position":"center center","background-size":"auto","background-attachment":"scroll","background-type":"","background-media":"","overlay-type":"","overlay-color":"","overlay-opacity":"","overlay-gradient":""}},"ast-content-background-meta":{"desktop":{"background-color":"var(--ast-global-color-5)","background-image":"","background-repeat":"repeat","background-position":"center center","background-size":"auto","background-attachment":"scroll","background-type":"","background-media":"","overlay-type":"","overlay-color":"","overlay-opacity":"","overlay-gradient":""},"tablet":{"background-color":"var(--ast-global-color-5)","background-image":"","background-repeat":"repeat","background-position":"center center","background-size":"auto","background-attachment":"scroll","background-type":"","background-media":"","overlay-type":"","overlay-color":"","overlay-opacity":"","overlay-gradient":""},"mobile":{"background-color":"var(--ast-global-color-5)","background-image":"","background-repeat":"repeat","background-position":"center center","background-size":"auto","background-attachment":"scroll","background-type":"","background-media":"","overlay-type":"","overlay-color":"","overlay-opacity":"","overlay-gradient":""}}},"product_brand":[],"product_cat":[1206,432,1184,403,433,414],"product_tag":[],"class_list":{"0":"post-8021","1":"product","2":"type-product","3":"status-publish","4":"has-post-thumbnail","6":"product_cat-fabric-for-bag","7":"product_cat-fabric-for-tent","8":"product_cat-oxford-fabric","9":"product_cat-polyester-fabrics","10":"product_cat-textile-for-industrial","11":"product_cat-waterproof-fabrics","12":"pa_available_colors-h-black","13":"desktop-align-left","14":"tablet-align-left","15":"mobile-align-left","16":"ast-product-gallery-layout-vertical-slider","17":"ast-product-tabs-layout-horizontal","19":"first","20":"instock","21":"shipping-taxable","22":"product-type-simple"},"uagb_featured_image_src":{"full":["https:\/\/www.sikortex.com\/wp-content\/uploads\/2025\/03\/O1CN01OmJ6yQ1d8yz6ldDNI_2841383692-0-cib.jpg",800,800,false],"thumbnail":["https:\/\/www.sikortex.com\/wp-content\/uploads\/2025\/03\/O1CN01OmJ6yQ1d8yz6ldDNI_2841383692-0-cib-150x150.jpg",150,150,true],"medium":["https:\/\/www.sikortex.com\/wp-content\/uploads\/2025\/03\/O1CN01OmJ6yQ1d8yz6ldDNI_2841383692-0-cib-300x300.jpg",300,300,true],"medium_large":["https:\/\/www.sikortex.com\/wp-content\/uploads\/2025\/03\/O1CN01OmJ6yQ1d8yz6ldDNI_2841383692-0-cib-768x768.jpg",768,768,true],"large":["https:\/\/www.sikortex.com\/wp-content\/uploads\/2025\/03\/O1CN01OmJ6yQ1d8yz6ldDNI_2841383692-0-cib.jpg",800,800,false],"1536x1536":["https:\/\/www.sikortex.com\/wp-content\/uploads\/2025\/03\/O1CN01OmJ6yQ1d8yz6ldDNI_2841383692-0-cib.jpg",800,800,false],"2048x2048":["https:\/\/www.sikortex.com\/wp-content\/uploads\/2025\/03\/O1CN01OmJ6yQ1d8yz6ldDNI_2841383692-0-cib.jpg",800,800,false],"trp-custom-language-flag":["https:\/\/www.sikortex.com\/wp-content\/uploads\/2025\/03\/O1CN01OmJ6yQ1d8yz6ldDNI_2841383692-0-cib-12x12.jpg",12,12,true],"woocommerce_thumbnail":["https:\/\/www.sikortex.com\/wp-content\/uploads\/2025\/03\/O1CN01OmJ6yQ1d8yz6ldDNI_2841383692-0-cib-300x300.jpg",300,300,true],"woocommerce_single":["https:\/\/www.sikortex.com\/wp-content\/uploads\/2025\/03\/O1CN01OmJ6yQ1d8yz6ldDNI_2841383692-0-cib-600x600.jpg",600,600,true],"woocommerce_gallery_thumbnail":["https:\/\/www.sikortex.com\/wp-content\/uploads\/2025\/03\/O1CN01OmJ6yQ1d8yz6ldDNI_2841383692-0-cib-100x100.jpg",100,100,true]},"uagb_author_info":{"display_name":"Perry","author_link":"https:\/\/www.sikortex.com\/pl\/author\/"},"uagb_comment_info":0,"uagb_excerpt":"600 Meters(Min.Order)","_links":{"self":[{"href":"https:\/\/www.sikortex.com\/pl\/wp-json\/wp\/v2\/product\/8021","targetHints":{"allow":["GET"]}}],"collection":[{"href":"https:\/\/www.sikortex.com\/pl\/wp-json\/wp\/v2\/product"}],"about":[{"href":"https:\/\/www.sikortex.com\/pl\/wp-json\/wp\/v2\/types\/product"}],"replies":[{"embeddable":true,"href":"https:\/\/www.sikortex.com\/pl\/wp-json\/wp\/v2\/comments?post=8021"}],"wp:featuredmedia":[{"embeddable":true,"href":"https:\/\/www.sikortex.com\/pl\/wp-json\/wp\/v2\/media\/8023"}],"wp:attachment":[{"href":"https:\/\/www.sikortex.com\/pl\/wp-json\/wp\/v2\/media?parent=8021"}],"wp:term":[{"taxonomy":"product_brand","embeddable":true,"href":"https:\/\/www.sikortex.com\/pl\/wp-json\/wp\/v2\/product_brand?post=8021"},{"taxonomy":"product_cat","embeddable":true,"href":"https:\/\/www.sikortex.com\/pl\/wp-json\/wp\/v2\/product_cat?post=8021"},{"taxonomy":"product_tag","embeddable":true,"href":"https:\/\/www.sikortex.com\/pl\/wp-json\/wp\/v2\/product_tag?post=8021"}],"curies":[{"name":"wp","href":"https:\/\/api.w.org\/{rel}","templated":true}]}}