{"id":8014,"date":"2025-03-03T14:12:52","date_gmt":"2025-03-03T06:12:52","guid":{"rendered":"https:\/\/www.sikortex.com\/?post_type=product&#038;p=8014"},"modified":"2025-03-04T12:22:10","modified_gmt":"2025-03-04T04:22:10","slug":"tkanina-spawalnicza-z-poliestru-tpu-600d","status":"publish","type":"product","link":"https:\/\/www.sikortex.com\/pl\/produkt\/tkanina-spawalnicza-z-poliestru-tpu-600d\/","title":{"rendered":"Tkanina poliestrowa 600D powlekana TPU, nadaj\u0105ca si\u0119 do spawania"},"content":{"rendered":"<p>Nasza 600D Poliester TPU Coated Weldable Fabric to materia\u0142 o wysokiej wydajno\u015bci przeznaczony do wymagaj\u0105cych zastosowa\u0144. \u0141\u0105cz\u0105c wytrzyma\u0142o\u015b\u0107 poliestru 600D z pow\u0142ok\u0105 z termoplastycznego poliuretanu (TPU), ta tkanina oferuje wyj\u0105tkow\u0105 trwa\u0142o\u015b\u0107, odporno\u015b\u0107 na korozj\u0119 i trwa\u0142o\u015b\u0107 kolor\u00f3w. Niezale\u017cnie od tego, czy tworzysz torby, kamizelki nurkowe czy sprz\u0119t outdoorowy, ta tkanina zapewnia niezawodn\u0105 wydajno\u015b\u0107 i d\u0142ugotrwa\u0142\u0105 jako\u015b\u0107.<\/p>\n<p><strong>G\u0142\u00f3wne cechy<\/strong><br \/>\n1. Odporno\u015b\u0107 na korozj\u0119:<br \/>\nPow\u0142oka TPU zapewnia doskona\u0142\u0105 odporno\u015b\u0107 na dzia\u0142anie substancji chemicznych i korozj\u0119, dzi\u0119ki czemu doskonale sprawdza si\u0119 w trudnych warunkach.<\/p>\n<p>2. Wysoka trwa\u0142o\u015b\u0107 koloru:<br \/>\nTkanina zachowuje \u017cywe kolory nawet po d\u0142u\u017cszym wystawieniu na dzia\u0142anie promieni s\u0142onecznych i praniu, zapewniaj\u0105c d\u0142ugotrwa\u0142y wygl\u0105d.<\/p>\n<p>3. <a href=\"https:\/\/www.sikortex.com\/pl\/wodoodporny-wodoodporny-odporny-na-dzialanie-wody\/\"><span style=\"color: #3366ff;\">Wodoodporny<\/span><\/a> i trwa\u0142e:<br \/>\nWarstwa TPU zapewnia ca\u0142kowit\u0105 <a href=\"https:\/\/www.sikortex.com\/pl\/wodoodporny-wodoodporny-odporny-na-dzialanie-wody\/\"><span style=\"color: #3366ff;\">hydroizolacja<\/span><\/a>natomiast baza z poliestru 600D gwarantuje doskona\u0142\u0105 wytrzyma\u0142o\u015b\u0107 i odporno\u015b\u0107 na \u015bcieranie.<\/p>\n<p>4. Materia\u0142 przyjazny dla \u015brodowiska:<br \/>\nTPU nie zawiera szkodliwych substancji chemicznych, takich jak ftalany i chlor, co czyni go bezpieczniejsz\u0105 i bardziej zr\u00f3wnowa\u017con\u0105 opcj\u0105.<\/p>\n<p>&nbsp;<\/p>\n<h5><strong>Aplikacje<\/strong><br \/>\nZgrzewalna tkanina powlekana TPU na torby<\/h5>\n<p>Trwa\u0142y i <a href=\"https:\/\/www.sikortex.com\/pl\/wodoodporny-wodoodporny-odporny-na-dzialanie-wody\/\"><span style=\"color: #3366ff;\">wodoodporny<\/span><\/a> plecaki, torby podr\u00f3\u017cne i torby narz\u0119dziowe.<\/p>\n<h5>Zgrzewalna tkanina powlekana TPU do kamizelek nurkowych<\/h5>\n<p>Odporny na korozj\u0119 i <a href=\"https:\/\/www.sikortex.com\/pl\/wodoodporny-wodoodporny-odporny-na-dzialanie-wody\/\"><span style=\"color: #3366ff;\">wodoodporny<\/span><\/a> materia\u0142y do sprz\u0119tu nurkowego i morskiego.<\/p>\n<h5>Zgrzewalna tkanina powlekana TPU na sprz\u0119t outdoorowy<\/h5>\n<p>plandeki i pokrowce ochronne, od kt\u00f3rych wymagana jest trwa\u0142o\u015b\u0107 i odporno\u015b\u0107 na warunki atmosferyczne.<\/p>\n<p>&nbsp;<\/p>\n<p><strong>Dlaczego warto wybra\u0107 nasz\u0105 tkanin\u0119?<\/strong><br \/>\n1. Sprawdzona wydajno\u015b\u0107:<br \/>\nProducenci na ca\u0142ym \u015bwiecie ceni\u0105 je za trwa\u0142o\u015b\u0107 i funkcjonalno\u015b\u0107.<br \/>\n2. Opcje dostosowywania:<br \/>\nDost\u0119pne w r\u00f3\u017cnych kolorach i wyko\u0144czeniach, aby spe\u0142ni\u0107 Twoje indywidualne potrzeby.<br \/>\n3. Wyb\u00f3r przyjazny dla \u015brodowiska:<br \/>\nWykonane z materia\u0142\u00f3w nadaj\u0105cych si\u0119 do recyklingu i nietoksycznych.<\/p>\n<p>Nasza 600D Poliester TPU Coated Weldable Fabric to idealny wyb\u00f3r do tworzenia wysokiej jako\u015bci, trwa\u0142ych i przyjaznych dla \u015brodowiska produkt\u00f3w. Skontaktuj si\u0119 z nami ju\u017c dzi\u015b, aby poprosi\u0107 o pr\u00f3bki lub om\u00f3wi\u0107 potrzeby swojego projektu!<\/p>\n<p>&nbsp;<\/p>\n<p>&nbsp;<\/p>","protected":false},"excerpt":{"rendered":"<p>600 metr\u00f3w (min. zam\u00f3wienie)<\/p>","protected":false},"featured_media":8018,"comment_status":"closed","ping_status":"closed","template":"","meta":{"_uag_custom_page_level_css":"","site-sidebar-layout":"default","site-content-layout":"default","ast-site-content-layout":"default","site-content-style":"default","site-sidebar-style":"default","ast-global-header-display":"","ast-banner-title-visibility":"","ast-main-header-display":"","ast-hfb-above-header-display":"","ast-hfb-below-header-display":"","ast-hfb-mobile-header-display":"","site-post-title":"","ast-breadcrumbs-content":"","ast-featured-img":"","footer-sml-layout":"","theme-transparent-header-meta":"default","adv-header-id-meta":"","stick-header-meta":"default","header-above-stick-meta":"","header-main-stick-meta":"","header-below-stick-meta":"","astra-migrate-meta-layouts":"set","ast-page-background-enabled":"default","ast-page-background-meta":{"desktop":{"background-color":"","background-image":"","background-repeat":"repeat","background-position":"center center","background-size":"auto","background-attachment":"scroll","background-type":"","background-media":"","overlay-type":"","overlay-color":"","overlay-opacity":"","overlay-gradient":""},"tablet":{"background-color":"","background-image":"","background-repeat":"repeat","background-position":"center center","background-size":"auto","background-attachment":"scroll","background-type":"","background-media":"","overlay-type":"","overlay-color":"","overlay-opacity":"","overlay-gradient":""},"mobile":{"background-color":"","background-image":"","background-repeat":"repeat","background-position":"center center","background-size":"auto","background-attachment":"scroll","background-type":"","background-media":"","overlay-type":"","overlay-color":"","overlay-opacity":"","overlay-gradient":""}},"ast-content-background-meta":{"desktop":{"background-color":"var(--ast-global-color-5)","background-image":"","background-repeat":"repeat","background-position":"center center","background-size":"auto","background-attachment":"scroll","background-type":"","background-media":"","overlay-type":"","overlay-color":"","overlay-opacity":"","overlay-gradient":""},"tablet":{"background-color":"var(--ast-global-color-5)","background-image":"","background-repeat":"repeat","background-position":"center center","background-size":"auto","background-attachment":"scroll","background-type":"","background-media":"","overlay-type":"","overlay-color":"","overlay-opacity":"","overlay-gradient":""},"mobile":{"background-color":"var(--ast-global-color-5)","background-image":"","background-repeat":"repeat","background-position":"center center","background-size":"auto","background-attachment":"scroll","background-type":"","background-media":"","overlay-type":"","overlay-color":"","overlay-opacity":"","overlay-gradient":""}}},"product_brand":[],"product_cat":[1206,432,1184,403,433,414],"product_tag":[],"class_list":{"0":"post-8014","1":"product","2":"type-product","3":"status-publish","4":"has-post-thumbnail","6":"product_cat-fabric-for-bag","7":"product_cat-fabric-for-tent","8":"product_cat-oxford-fabric","9":"product_cat-polyester-fabrics","10":"product_cat-textile-for-industrial","11":"product_cat-waterproof-fabrics","12":"pa_available_colors-h-black","13":"desktop-align-left","14":"tablet-align-left","15":"mobile-align-left","16":"ast-product-gallery-layout-vertical-slider","17":"ast-product-tabs-layout-horizontal","19":"first","20":"instock","21":"shipping-taxable","22":"product-type-simple"},"uagb_featured_image_src":{"full":["https:\/\/www.sikortex.com\/wp-content\/uploads\/2025\/03\/600D-oxford-TPU-Cast-Fabric.jpg",800,800,false],"thumbnail":["https:\/\/www.sikortex.com\/wp-content\/uploads\/2025\/03\/600D-oxford-TPU-Cast-Fabric-150x150.jpg",150,150,true],"medium":["https:\/\/www.sikortex.com\/wp-content\/uploads\/2025\/03\/600D-oxford-TPU-Cast-Fabric-300x300.jpg",300,300,true],"medium_large":["https:\/\/www.sikortex.com\/wp-content\/uploads\/2025\/03\/600D-oxford-TPU-Cast-Fabric-768x768.jpg",768,768,true],"large":["https:\/\/www.sikortex.com\/wp-content\/uploads\/2025\/03\/600D-oxford-TPU-Cast-Fabric.jpg",800,800,false],"1536x1536":["https:\/\/www.sikortex.com\/wp-content\/uploads\/2025\/03\/600D-oxford-TPU-Cast-Fabric.jpg",800,800,false],"2048x2048":["https:\/\/www.sikortex.com\/wp-content\/uploads\/2025\/03\/600D-oxford-TPU-Cast-Fabric.jpg",800,800,false],"trp-custom-language-flag":["https:\/\/www.sikortex.com\/wp-content\/uploads\/2025\/03\/600D-oxford-TPU-Cast-Fabric-12x12.jpg",12,12,true],"woocommerce_thumbnail":["https:\/\/www.sikortex.com\/wp-content\/uploads\/2025\/03\/600D-oxford-TPU-Cast-Fabric-300x300.jpg",300,300,true],"woocommerce_single":["https:\/\/www.sikortex.com\/wp-content\/uploads\/2025\/03\/600D-oxford-TPU-Cast-Fabric-600x600.jpg",600,600,true],"woocommerce_gallery_thumbnail":["https:\/\/www.sikortex.com\/wp-content\/uploads\/2025\/03\/600D-oxford-TPU-Cast-Fabric-100x100.jpg",100,100,true]},"uagb_author_info":{"display_name":"Perry","author_link":"https:\/\/www.sikortex.com\/pl\/author\/"},"uagb_comment_info":0,"uagb_excerpt":"600 Meters(Min.Order)","_links":{"self":[{"href":"https:\/\/www.sikortex.com\/pl\/wp-json\/wp\/v2\/product\/8014","targetHints":{"allow":["GET"]}}],"collection":[{"href":"https:\/\/www.sikortex.com\/pl\/wp-json\/wp\/v2\/product"}],"about":[{"href":"https:\/\/www.sikortex.com\/pl\/wp-json\/wp\/v2\/types\/product"}],"replies":[{"embeddable":true,"href":"https:\/\/www.sikortex.com\/pl\/wp-json\/wp\/v2\/comments?post=8014"}],"wp:featuredmedia":[{"embeddable":true,"href":"https:\/\/www.sikortex.com\/pl\/wp-json\/wp\/v2\/media\/8018"}],"wp:attachment":[{"href":"https:\/\/www.sikortex.com\/pl\/wp-json\/wp\/v2\/media?parent=8014"}],"wp:term":[{"taxonomy":"product_brand","embeddable":true,"href":"https:\/\/www.sikortex.com\/pl\/wp-json\/wp\/v2\/product_brand?post=8014"},{"taxonomy":"product_cat","embeddable":true,"href":"https:\/\/www.sikortex.com\/pl\/wp-json\/wp\/v2\/product_cat?post=8014"},{"taxonomy":"product_tag","embeddable":true,"href":"https:\/\/www.sikortex.com\/pl\/wp-json\/wp\/v2\/product_tag?post=8014"}],"curies":[{"name":"wp","href":"https:\/\/api.w.org\/{rel}","templated":true}]}}