{"id":8006,"date":"2025-03-03T12:37:18","date_gmt":"2025-03-03T04:37:18","guid":{"rendered":"https:\/\/www.sikortex.com\/?post_type=product&#038;p=8006"},"modified":"2025-03-04T13:01:26","modified_gmt":"2025-03-04T05:01:26","slug":"diamentowa-tafta-poliestrowa-tkanina-tpu-odlewana","status":"publish","type":"product","link":"https:\/\/www.sikortex.com\/pl\/produkt\/diamentowa-tafta-poliestrowa-tkanina-tpu-odlewana\/","title":{"rendered":"Tkanina odlewana z poliestru TPU w kolorze diamentowym"},"content":{"rendered":"<p>Nasza tkanina Diamond Taffeta Polyester TPU Cast Fabric, materia\u0142 premium \u0142\u0105cz\u0105cy mi\u0119kko\u015b\u0107, trwa\u0142o\u015b\u0107 i przyjazno\u015b\u0107 dla \u015brodowiska. Tkanina ta powstaje w wyniku odlewania termoplastycznego poliuretanu (TPU) na wysokiej jako\u015bci poliestrowej bazie, co skutkuje wszechstronnym i wysoko wydajnym materia\u0142em. Niezale\u017cnie od tego, czy projektujesz torby, namioty czy produkty dmuchane, ta tkanina zapewnia wyj\u0105tkowe <a href=\"https:\/\/www.sikortex.com\/pl\/wodoodporny-wodoodporny-odporny-na-dzialanie-wody\/\"><span style=\"color: #3366ff;\">hydroizolacja<\/span><\/a>, szczelno\u015b\u0107 i zr\u00f3wnowa\u017cony rozw\u00f3j.<\/p>\n<p>&nbsp;<\/p>\n<p>G\u0142\u00f3wne cechy<br \/>\n1. Mi\u0119kki i elastyczny:<br \/>\nPow\u0142oka TPU zapewnia g\u0142adk\u0105 i mi\u0119kk\u0105 faktur\u0119, dzi\u0119ki czemu jest wygodna w u\u017cyciu i idealnie nadaje si\u0119 do produkt\u00f3w wymagaj\u0105cych elastyczno\u015bci.<\/p>\n<p>2. <a href=\"https:\/\/www.sikortex.com\/pl\/wodoodporny-wodoodporny-odporny-na-dzialanie-wody\/\"><span style=\"color: #3366ff;\">Wodoodporny<\/span><\/a> i szczelne:<br \/>\nWarstwa TPU zapewnia doskona\u0142\u0105 <a href=\"https:\/\/www.sikortex.com\/pl\/wodoodporny-wodoodporny-odporny-na-dzialanie-wody\/\"><span style=\"color: #3366ff;\">hydroizolacja<\/span><\/a> i szczelne, dzi\u0119ki czemu Twoje produkty b\u0119d\u0105 chronione przed wilgoci\u0105 i przedostawaniem si\u0119 powietrza.<\/p>\n<p>3. Materia\u0142 przyjazny dla \u015brodowiska:<br \/>\nTPU nie zawiera szkodliwych substancji chemicznych, takich jak ftalany i chlor, co czyni go bezpieczniejszym i bardziej zr\u00f3wnowa\u017conym wyborem w por\u00f3wnaniu z PVC.<\/p>\n<p>4. Trwa\u0142e i <a href=\"https:\/\/www.sikortex.com\/pl\/nylonowo-bawelniana-tkanina-ripstop-tkanina-wiatrowka-3\/\"><span style=\"color: #3366ff;\">Lekki<\/span><\/a>:<br \/>\nPomimo tego <a href=\"https:\/\/www.sikortex.com\/pl\/nylonowo-bawelniana-tkanina-ripstop-tkanina-wiatrowka-3\/\"><span style=\"color: #3366ff;\">lekki<\/span><\/a> Dzi\u0119ki swojej naturze tkanina jest niezwykle trwa\u0142a i odporna na \u015bcieranie, co zapewnia d\u0142ugotrwa\u0142e u\u017cytkowanie.<\/p>\n<p>5. Uniwersalne wyko\u0144czenia:<br \/>\nDost\u0119pne w r\u00f3\u017cnych wyko\u0144czeniach, w tym matowym i b\u0142yszcz\u0105cym, aby sprosta\u0107 r\u00f3\u017cnorodnym potrzebom projektowym.<\/p>\n<p>&nbsp;<\/p>\n<p>Aplikacje<br \/>\nNasza tkanina Diamond Taffeta Polyester TPU Cast Fabric doskonale nadaje si\u0119 do szerokiej gamy zastosowa\u0144, w tym:<br \/>\nTorby: Trwa\u0142e i wodoodporne plecaki, torby p\u0142\u00f3cienne i torby podr\u00f3\u017cne.<br \/>\nNamioty i sprz\u0119t turystyczny: <a href=\"https:\/\/www.sikortex.com\/pl\/nylonowo-bawelniana-tkanina-ripstop-tkanina-wiatrowka-3\/\"><span style=\"color: #3366ff;\">Lekki<\/span><\/a> oraz odporne na warunki atmosferyczne namioty, plandeki i sprz\u0119t kempingowy.<br \/>\nTorby wodoodporne: Worki wodoodporne i pokrowce ochronne do u\u017cytku na zewn\u0105trz i na morzu.<br \/>\nProdukty dmuchane: Hermetyczne i trwa\u0142e materia\u0142y do produkcji zabawek dmuchanych, tratw i sprz\u0119tu sportowego.<br \/>\nSprz\u0119t sportowy: Pokrowce i sprz\u0119t ochronny, kt\u00f3ry wymaga elastyczno\u015bci i trwa\u0142o\u015bci.<\/p>\n<p>&nbsp;<\/p>\n<p>Dlaczego warto wybra\u0107 nasz\u0105 tkanin\u0119 TPU Cast?<br \/>\n1. Najwy\u017csza jako\u015b\u0107:<br \/>\nNasza odlewana tkanina TPU jest produkowana wed\u0142ug najwy\u017cszych standard\u00f3w, co gwarantuje sta\u0142\u0105 wydajno\u015b\u0107 i niezawodno\u015b\u0107.<\/p>\n<p>2. Wyb\u00f3r przyjazny dla \u015brodowiska:<br \/>\nWykonane z <a href=\"https:\/\/www.sikortex.com\/pl\/tworzenie-ekologicznej-mody\/\"><span style=\"color: #3366ff;\">nadaj\u0105cy si\u0119 do recyklingu<\/span><\/a> i nietoksycznych materia\u0142\u00f3w, nasze tkaniny s\u0105 zgodne z globalnymi celami zr\u00f3wnowa\u017conego rozwoju.<\/p>\n<p>3. Opcje dostosowywania:<br \/>\nOferujemy szerok\u0105 gam\u0119 kolor\u00f3w, grubo\u015bci i wyko\u0144cze\u0144, aby spe\u0142ni\u0107 Twoje indywidualne wymagania.<\/p>\n<p>4. Sprawdzona wydajno\u015b\u0107:<br \/>\nNasza tkanina, idealna do wymagaj\u0105cych zastosowa\u0144, cieszy si\u0119 zaufaniem producent\u00f3w na ca\u0142ym \u015bwiecie ze wzgl\u0119du na swoj\u0105 trwa\u0142o\u015b\u0107 i funkcjonalno\u015b\u0107.<\/p>","protected":false},"excerpt":{"rendered":"<p>1000 metr\u00f3w (min. zam\u00f3wienie)<\/p>","protected":false},"featured_media":8009,"comment_status":"closed","ping_status":"closed","template":"","meta":{"_uag_custom_page_level_css":"","site-sidebar-layout":"default","site-content-layout":"default","ast-site-content-layout":"default","site-content-style":"default","site-sidebar-style":"default","ast-global-header-display":"","ast-banner-title-visibility":"","ast-main-header-display":"","ast-hfb-above-header-display":"","ast-hfb-below-header-display":"","ast-hfb-mobile-header-display":"","site-post-title":"","ast-breadcrumbs-content":"","ast-featured-img":"","footer-sml-layout":"","theme-transparent-header-meta":"default","adv-header-id-meta":"","stick-header-meta":"default","header-above-stick-meta":"","header-main-stick-meta":"","header-below-stick-meta":"","astra-migrate-meta-layouts":"set","ast-page-background-enabled":"default","ast-page-background-meta":{"desktop":{"background-color":"","background-image":"","background-repeat":"repeat","background-position":"center center","background-size":"auto","background-attachment":"scroll","background-type":"","background-media":"","overlay-type":"","overlay-color":"","overlay-opacity":"","overlay-gradient":""},"tablet":{"background-color":"","background-image":"","background-repeat":"repeat","background-position":"center center","background-size":"auto","background-attachment":"scroll","background-type":"","background-media":"","overlay-type":"","overlay-color":"","overlay-opacity":"","overlay-gradient":""},"mobile":{"background-color":"","background-image":"","background-repeat":"repeat","background-position":"center center","background-size":"auto","background-attachment":"scroll","background-type":"","background-media":"","overlay-type":"","overlay-color":"","overlay-opacity":"","overlay-gradient":""}},"ast-content-background-meta":{"desktop":{"background-color":"var(--ast-global-color-5)","background-image":"","background-repeat":"repeat","background-position":"center center","background-size":"auto","background-attachment":"scroll","background-type":"","background-media":"","overlay-type":"","overlay-color":"","overlay-opacity":"","overlay-gradient":""},"tablet":{"background-color":"var(--ast-global-color-5)","background-image":"","background-repeat":"repeat","background-position":"center center","background-size":"auto","background-attachment":"scroll","background-type":"","background-media":"","overlay-type":"","overlay-color":"","overlay-opacity":"","overlay-gradient":""},"mobile":{"background-color":"var(--ast-global-color-5)","background-image":"","background-repeat":"repeat","background-position":"center center","background-size":"auto","background-attachment":"scroll","background-type":"","background-media":"","overlay-type":"","overlay-color":"","overlay-opacity":"","overlay-gradient":""}}},"product_brand":[],"product_cat":[1206,432,1184,403,433,414],"product_tag":[],"class_list":{"0":"post-8006","1":"product","2":"type-product","3":"status-publish","4":"has-post-thumbnail","6":"product_cat-fabric-for-bag","7":"product_cat-fabric-for-tent","8":"product_cat-oxford-fabric","9":"product_cat-polyester-fabrics","10":"product_cat-textile-for-industrial","11":"product_cat-waterproof-fabrics","12":"desktop-align-left","13":"tablet-align-left","14":"mobile-align-left","15":"ast-product-gallery-layout-vertical-slider","16":"ast-product-tabs-layout-horizontal","18":"first","19":"instock","20":"shipping-taxable","21":"product-type-simple"},"uagb_featured_image_src":{"full":["https:\/\/www.sikortex.com\/wp-content\/uploads\/2025\/03\/Diamond-shaped-polyester-fabric-TPU-coated-fabric.jpg",720,480,false],"thumbnail":["https:\/\/www.sikortex.com\/wp-content\/uploads\/2025\/03\/Diamond-shaped-polyester-fabric-TPU-coated-fabric-150x150.jpg",150,150,true],"medium":["https:\/\/www.sikortex.com\/wp-content\/uploads\/2025\/03\/Diamond-shaped-polyester-fabric-TPU-coated-fabric-300x200.jpg",300,200,true],"medium_large":["https:\/\/www.sikortex.com\/wp-content\/uploads\/2025\/03\/Diamond-shaped-polyester-fabric-TPU-coated-fabric.jpg",720,480,false],"large":["https:\/\/www.sikortex.com\/wp-content\/uploads\/2025\/03\/Diamond-shaped-polyester-fabric-TPU-coated-fabric.jpg",720,480,false],"1536x1536":["https:\/\/www.sikortex.com\/wp-content\/uploads\/2025\/03\/Diamond-shaped-polyester-fabric-TPU-coated-fabric.jpg",720,480,false],"2048x2048":["https:\/\/www.sikortex.com\/wp-content\/uploads\/2025\/03\/Diamond-shaped-polyester-fabric-TPU-coated-fabric.jpg",720,480,false],"trp-custom-language-flag":["https:\/\/www.sikortex.com\/wp-content\/uploads\/2025\/03\/Diamond-shaped-polyester-fabric-TPU-coated-fabric-18x12.jpg",18,12,true],"woocommerce_thumbnail":["https:\/\/www.sikortex.com\/wp-content\/uploads\/2025\/03\/Diamond-shaped-polyester-fabric-TPU-coated-fabric-300x300.jpg",300,300,true],"woocommerce_single":["https:\/\/www.sikortex.com\/wp-content\/uploads\/2025\/03\/Diamond-shaped-polyester-fabric-TPU-coated-fabric-600x400.jpg",600,400,true],"woocommerce_gallery_thumbnail":["https:\/\/www.sikortex.com\/wp-content\/uploads\/2025\/03\/Diamond-shaped-polyester-fabric-TPU-coated-fabric-100x100.jpg",100,100,true]},"uagb_author_info":{"display_name":"Perry","author_link":"https:\/\/www.sikortex.com\/pl\/author\/"},"uagb_comment_info":0,"uagb_excerpt":"1000 Meters(Min.Order)","_links":{"self":[{"href":"https:\/\/www.sikortex.com\/pl\/wp-json\/wp\/v2\/product\/8006","targetHints":{"allow":["GET"]}}],"collection":[{"href":"https:\/\/www.sikortex.com\/pl\/wp-json\/wp\/v2\/product"}],"about":[{"href":"https:\/\/www.sikortex.com\/pl\/wp-json\/wp\/v2\/types\/product"}],"replies":[{"embeddable":true,"href":"https:\/\/www.sikortex.com\/pl\/wp-json\/wp\/v2\/comments?post=8006"}],"wp:featuredmedia":[{"embeddable":true,"href":"https:\/\/www.sikortex.com\/pl\/wp-json\/wp\/v2\/media\/8009"}],"wp:attachment":[{"href":"https:\/\/www.sikortex.com\/pl\/wp-json\/wp\/v2\/media?parent=8006"}],"wp:term":[{"taxonomy":"product_brand","embeddable":true,"href":"https:\/\/www.sikortex.com\/pl\/wp-json\/wp\/v2\/product_brand?post=8006"},{"taxonomy":"product_cat","embeddable":true,"href":"https:\/\/www.sikortex.com\/pl\/wp-json\/wp\/v2\/product_cat?post=8006"},{"taxonomy":"product_tag","embeddable":true,"href":"https:\/\/www.sikortex.com\/pl\/wp-json\/wp\/v2\/product_tag?post=8006"}],"curies":[{"name":"wp","href":"https:\/\/api.w.org\/{rel}","templated":true}]}}