{"id":8000,"date":"2025-03-01T11:02:42","date_gmt":"2025-03-01T03:02:42","guid":{"rendered":"https:\/\/www.sikortex.com\/?post_type=product&#038;p=8000"},"modified":"2025-03-04T13:27:30","modified_gmt":"2025-03-04T05:27:30","slug":"tkanina-poliestrowa-1680d-powlekana-tpu","status":"publish","type":"product","link":"https:\/\/www.sikortex.com\/pl\/produkt\/tkanina-poliestrowa-1680d-powlekana-tpu\/","title":{"rendered":"Tkanina poliestrowa 1680D powlekana TPU"},"content":{"rendered":"<p>Nasz\u00a0<strong>Tkanina poliestrowa 1680D powlekana TPU<\/strong>\u00a0to materia\u0142 o wysokiej wydajno\u015bci przeznaczony do wymagaj\u0105cych zastosowa\u0144. \u0141\u0105cz\u0105c wytrzyma\u0142o\u015b\u0107 poliestru 1680D z zaawansowanymi w\u0142a\u015bciwo\u015bciami pow\u0142oki z termoplastycznego poliuretanu (TPU), tkanina ta oferuje wyj\u0105tkow\u0105 trwa\u0142o\u015b\u0107, <a href=\"https:\/\/www.sikortex.com\/pl\/wodoodporny-wodoodporny-odporny-na-dzialanie-wody\/\"><span style=\"color: #3366ff;\">hydroizolacja<\/span><\/a>i opcje personalizacji. Niezale\u017cnie od tego, czy potrzebujesz go do sprz\u0119tu outdoorowego, <a href=\"https:\/\/www.sikortex.com\/pl\/odziez-robocza-do-transportu-i\/\"><span style=\"color: #3366ff;\">os\u0142ony przemys\u0142owe<\/span><\/a>lub wytrzyma\u0142ych toreb, tkanina ta zapewnia doskona\u0142\u0105 wydajno\u015b\u0107 i niezawodno\u015b\u0107.<\/p>\n<hr \/>\n<h3><strong>G\u0142\u00f3wne cechy<\/strong><\/h3>\n<ol start=\"1\">\n<li><strong>Bezkonkurencyjna trwa\u0142o\u015b\u0107<\/strong>:<br \/>\nPodstawa z poliestru 1680D charakteryzuje si\u0119 wyj\u0105tkow\u0105 wytrzyma\u0142o\u015bci\u0105 i odporno\u015bci\u0105 na \u015bcieranie, co czyni j\u0105 idealn\u0105 do intensywnego u\u017cytkowania.<\/li>\n<li><strong><a href=\"https:\/\/www.sikortex.com\/pl\/wodoodporny-wodoodporny-odporny-na-dzialanie-wody\/\"><span style=\"color: #3366ff;\">Wodoodporny<\/span><\/a> i odporne na warunki atmosferyczne<\/strong>:<br \/>\nPow\u0142oka TPU zapewnia ca\u0142kowit\u0105 <a href=\"https:\/\/www.sikortex.com\/pl\/wodoodporny-wodoodporny-odporny-na-dzialanie-wody\/\"><span style=\"color: #3366ff;\">hydroizolacja<\/span><\/a>chroni\u0105c Twoje produkty przed deszczem, wilgoci\u0105 i trudnymi warunkami pogodowymi.<\/li>\n<li><strong>Opcje dostosowywania<\/strong>:<br \/>\nObs\u0142ugujemy szeroki zakres personalizacji, w tym:\u00a0<strong>przezroczysta pow\u0142oka TPU<\/strong>,\u00a0<strong>pow\u0142oka TPU mro\u017cona<\/strong>, I\u00a0<strong>barwiona pow\u0142oka TPU<\/strong>\u00a0w r\u00f3\u017cnych kolorach.<\/li>\n<li><strong>Materia\u0142 przyjazny dla \u015brodowiska<\/strong>:<br \/>\nTPU nie zawiera szkodliwych substancji chemicznych, takich jak ftalany i chlor, co czyni go bezpieczniejszym i bardziej <a href=\"https:\/\/www.sikortex.com\/pl\/tworzenie-ekologicznej-mody\/\"><span style=\"color: #3366ff;\">zr\u00f3wnowa\u017cony<\/span><\/a> opcja.<\/li>\n<li><a href=\"\/pl\/tkanina-oxford-barwiona-w-roztworze\/\"><span style=\"color: #3366ff;\"><strong>Odporno\u015b\u0107 na promieniowanie UV<\/strong><\/span><\/a>:<br \/>\nTkanina ta zosta\u0142a zaprojektowana tak, aby wytrzymywa\u0107 d\u0142ugotrwa\u0142e dzia\u0142anie promieni s\u0142onecznych, dzi\u0119ki czemu doskonale nadaje si\u0119 do zastosowa\u0144 zewn\u0119trznych.<\/li>\n<\/ol>\n<hr \/>\n<h3><strong>Aplikacje<\/strong><\/h3>\n<p>Nasz\u00a0<strong>Tkanina poliestrowa 1680D powlekana TPU<\/strong>\u00a0jest wszechstronny i nadaje si\u0119 do:<\/p>\n<ul>\n<li><strong>Sprz\u0119t turystyczny<\/strong>: <a href=\"https:\/\/www.sikortex.com\/pl\/producenci-tkanin-namiotowych\/\"><span style=\"color: #3366ff;\">Namioty<\/span><\/a>, plecaki i plandeki.<\/li>\n<li><a href=\"https:\/\/www.sikortex.com\/pl\/odziez-robocza-do-transportu-i\/\"><span style=\"color: #3366ff;\"><strong>Pokrywy przemys\u0142owe<\/strong><\/span><\/a>:Pokrowce ochronne na maszyny i pojazdy.<\/li>\n<li><strong>Torby o du\u017cej wytrzyma\u0142o\u015bci<\/strong>:Baga\u017c, torby narz\u0119dziowe i sprz\u0119t taktyczny.<\/li>\n<li><strong>Sprz\u0119t morski<\/strong>:Pokrowce na \u0142odzie i tapicerka morska.<\/li>\n<\/ul>\n<hr \/>\n<h3><strong>Dlaczego warto nas wybra\u0107?<\/strong><\/h3>\n<ol start=\"1\">\n<li><strong>Zaawansowana produkcja<\/strong>:<br \/>\nSpecjalizujemy si\u0119 w technologii pow\u0142ok TPU, zapewniaj\u0105c wysok\u0105 jako\u015b\u0107 i sp\u00f3jne rezultaty.<\/li>\n<li><strong>Personalizacja<\/strong>:<br \/>\nOd pow\u0142ok transparentnych po matowe lub barwione \u2013 dostosowujemy nasze tkaniny do Twoich konkretnych potrzeb.<\/li>\n<li><strong>Przyjazny dla \u015brodowiska<\/strong>:<br \/>\nNasze pow\u0142oki TPU s\u0105 <a href=\"https:\/\/www.sikortex.com\/pl\/tworzenie-ekologicznej-mody\/\"><span style=\"color: #3366ff;\">nadaj\u0105cy si\u0119 do recyklingu<\/span><\/a> i wolne od toksycznych substancji chemicznych.<\/li>\n<li><strong>Zaufana jako\u015b\u0107<\/strong>:<br \/>\nWyprodukowane zgodnie z najwy\u017cszymi standardami, nasze tkaniny gwarantuj\u0105 d\u0142ugotrwa\u0142e u\u017cytkowanie.<\/li>\n<\/ol>\n<hr \/>\n<p>Je\u015bli szukasz wytrzyma\u0142ej, wodoodpornej i przyjaznej dla \u015brodowiska tkaniny, nasza **1680D Poliester TPU Coated Fabric** jest idealnym rozwi\u0105zaniem. Idealna do zastosowa\u0144 zewn\u0119trznych, przemys\u0142owych i ci\u0119\u017ckich, ta tkanina \u0142\u0105czy wytrzyma\u0142o\u015b\u0107, elastyczno\u015b\u0107 i zr\u00f3wnowa\u017cony rozw\u00f3j w jednym materiale premium.<\/p>\n<p>Skontaktuj si\u0119 z nami ju\u017c dzi\u015b, aby poprosi\u0107 o pr\u00f3bki lub z\u0142o\u017cy\u0107 zam\u00f3wienie. Stw\u00f3rzmy razem wysokiej jako\u015bci produkty!<\/p>\n<p>&nbsp;<\/p>","protected":false},"excerpt":{"rendered":"<p>600 metr\u00f3w (min. zam\u00f3wienie)<\/p>","protected":false},"featured_media":8001,"comment_status":"closed","ping_status":"closed","template":"","meta":{"_uag_custom_page_level_css":"","site-sidebar-layout":"default","site-content-layout":"default","ast-site-content-layout":"default","site-content-style":"default","site-sidebar-style":"default","ast-global-header-display":"","ast-banner-title-visibility":"","ast-main-header-display":"","ast-hfb-above-header-display":"","ast-hfb-below-header-display":"","ast-hfb-mobile-header-display":"","site-post-title":"","ast-breadcrumbs-content":"","ast-featured-img":"","footer-sml-layout":"","theme-transparent-header-meta":"default","adv-header-id-meta":"","stick-header-meta":"default","header-above-stick-meta":"","header-main-stick-meta":"","header-below-stick-meta":"","astra-migrate-meta-layouts":"set","ast-page-background-enabled":"default","ast-page-background-meta":{"desktop":{"background-color":"","background-image":"","background-repeat":"repeat","background-position":"center center","background-size":"auto","background-attachment":"scroll","background-type":"","background-media":"","overlay-type":"","overlay-color":"","overlay-opacity":"","overlay-gradient":""},"tablet":{"background-color":"","background-image":"","background-repeat":"repeat","background-position":"center center","background-size":"auto","background-attachment":"scroll","background-type":"","background-media":"","overlay-type":"","overlay-color":"","overlay-opacity":"","overlay-gradient":""},"mobile":{"background-color":"","background-image":"","background-repeat":"repeat","background-position":"center center","background-size":"auto","background-attachment":"scroll","background-type":"","background-media":"","overlay-type":"","overlay-color":"","overlay-opacity":"","overlay-gradient":""}},"ast-content-background-meta":{"desktop":{"background-color":"var(--ast-global-color-5)","background-image":"","background-repeat":"repeat","background-position":"center center","background-size":"auto","background-attachment":"scroll","background-type":"","background-media":"","overlay-type":"","overlay-color":"","overlay-opacity":"","overlay-gradient":""},"tablet":{"background-color":"var(--ast-global-color-5)","background-image":"","background-repeat":"repeat","background-position":"center center","background-size":"auto","background-attachment":"scroll","background-type":"","background-media":"","overlay-type":"","overlay-color":"","overlay-opacity":"","overlay-gradient":""},"mobile":{"background-color":"var(--ast-global-color-5)","background-image":"","background-repeat":"repeat","background-position":"center center","background-size":"auto","background-attachment":"scroll","background-type":"","background-media":"","overlay-type":"","overlay-color":"","overlay-opacity":"","overlay-gradient":""}}},"product_brand":[],"product_cat":[1206,432,1184,403,433,414],"product_tag":[],"class_list":{"0":"post-8000","1":"product","2":"type-product","3":"status-publish","4":"has-post-thumbnail","6":"product_cat-fabric-for-bag","7":"product_cat-fabric-for-tent","8":"product_cat-oxford-fabric","9":"product_cat-polyester-fabrics","10":"product_cat-textile-for-industrial","11":"product_cat-waterproof-fabrics","12":"pa_available_colors-h-black","13":"desktop-align-left","14":"tablet-align-left","15":"mobile-align-left","16":"ast-product-gallery-layout-vertical-slider","17":"ast-product-tabs-layout-horizontal","19":"first","20":"instock","21":"shipping-taxable","22":"product-type-simple"},"uagb_featured_image_src":{"full":["https:\/\/www.sikortex.com\/wp-content\/uploads\/2025\/03\/Polyester-TPU-coated-fabric.jpg",800,800,false],"thumbnail":["https:\/\/www.sikortex.com\/wp-content\/uploads\/2025\/03\/Polyester-TPU-coated-fabric-150x150.jpg",150,150,true],"medium":["https:\/\/www.sikortex.com\/wp-content\/uploads\/2025\/03\/Polyester-TPU-coated-fabric-300x300.jpg",300,300,true],"medium_large":["https:\/\/www.sikortex.com\/wp-content\/uploads\/2025\/03\/Polyester-TPU-coated-fabric-768x768.jpg",768,768,true],"large":["https:\/\/www.sikortex.com\/wp-content\/uploads\/2025\/03\/Polyester-TPU-coated-fabric.jpg",800,800,false],"1536x1536":["https:\/\/www.sikortex.com\/wp-content\/uploads\/2025\/03\/Polyester-TPU-coated-fabric.jpg",800,800,false],"2048x2048":["https:\/\/www.sikortex.com\/wp-content\/uploads\/2025\/03\/Polyester-TPU-coated-fabric.jpg",800,800,false],"trp-custom-language-flag":["https:\/\/www.sikortex.com\/wp-content\/uploads\/2025\/03\/Polyester-TPU-coated-fabric-12x12.jpg",12,12,true],"woocommerce_thumbnail":["https:\/\/www.sikortex.com\/wp-content\/uploads\/2025\/03\/Polyester-TPU-coated-fabric-300x300.jpg",300,300,true],"woocommerce_single":["https:\/\/www.sikortex.com\/wp-content\/uploads\/2025\/03\/Polyester-TPU-coated-fabric-600x600.jpg",600,600,true],"woocommerce_gallery_thumbnail":["https:\/\/www.sikortex.com\/wp-content\/uploads\/2025\/03\/Polyester-TPU-coated-fabric-100x100.jpg",100,100,true]},"uagb_author_info":{"display_name":"Perry","author_link":"https:\/\/www.sikortex.com\/pl\/author\/"},"uagb_comment_info":0,"uagb_excerpt":"600 Meters(Min.Order)","_links":{"self":[{"href":"https:\/\/www.sikortex.com\/pl\/wp-json\/wp\/v2\/product\/8000","targetHints":{"allow":["GET"]}}],"collection":[{"href":"https:\/\/www.sikortex.com\/pl\/wp-json\/wp\/v2\/product"}],"about":[{"href":"https:\/\/www.sikortex.com\/pl\/wp-json\/wp\/v2\/types\/product"}],"replies":[{"embeddable":true,"href":"https:\/\/www.sikortex.com\/pl\/wp-json\/wp\/v2\/comments?post=8000"}],"wp:featuredmedia":[{"embeddable":true,"href":"https:\/\/www.sikortex.com\/pl\/wp-json\/wp\/v2\/media\/8001"}],"wp:attachment":[{"href":"https:\/\/www.sikortex.com\/pl\/wp-json\/wp\/v2\/media?parent=8000"}],"wp:term":[{"taxonomy":"product_brand","embeddable":true,"href":"https:\/\/www.sikortex.com\/pl\/wp-json\/wp\/v2\/product_brand?post=8000"},{"taxonomy":"product_cat","embeddable":true,"href":"https:\/\/www.sikortex.com\/pl\/wp-json\/wp\/v2\/product_cat?post=8000"},{"taxonomy":"product_tag","embeddable":true,"href":"https:\/\/www.sikortex.com\/pl\/wp-json\/wp\/v2\/product_tag?post=8000"}],"curies":[{"name":"wp","href":"https:\/\/api.w.org\/{rel}","templated":true}]}}