{"id":7861,"date":"2025-01-18T10:46:44","date_gmt":"2025-01-18T02:46:44","guid":{"rendered":"https:\/\/www.sikortex.com\/?post_type=product&#038;p=7861"},"modified":"2025-03-04T13:21:58","modified_gmt":"2025-03-04T05:21:58","slug":"tkanina-powloka-nylonowa-tpu-210d-420d","status":"publish","type":"product","link":"https:\/\/www.sikortex.com\/pl\/produkt\/tkanina-powloka-nylonowa-tpu-210d-420d\/","title":{"rendered":"Tkanina dwustronna z pow\u0142ok\u0105 nylonow\u0105 TPU 210D 420D"},"content":{"rendered":"<h3 class=\"header-vfC6AV auto-hide-last-sibling-br\">Nasza dwustronna tkanina nylonowa z pow\u0142ok\u0105 TPU 210D i 420D<\/h3>\n<p>&nbsp;<\/p>\n<div class=\"auto-hide-last-sibling-br paragraph-JOTKXA paragraph-element br-paragraph-space\">Ta tkanina ma szerokie spektrum zastosowa\u0144, szczeg\u00f3lnie w dziedzinie produkt\u00f3w nadmuchiwanych lub wodoodpornych. Nylon 210D i 420D doskonale nadaj\u0105 si\u0119 do produkcji takich przedmiot\u00f3w jak plecaki, tratwy plecakowe, torby suche i sprz\u0119t do pakowania rower\u00f3w.<\/div>\n<p>&nbsp;<\/p>\n<div class=\"auto-hide-last-sibling-br paragraph-JOTKXA paragraph-element br-paragraph-space\">Ponadto dostarczamy tkaniny Nylon 840D i 1000D, kt\u00f3re s\u0105 r\u00f3wnie\u017c doskona\u0142ym wyborem dla produkt\u00f3w nadmuchiwanych. Je\u015bli chodzi o materia\u0142y nadmuchiwane, najwy\u017csza szczelno\u015b\u0107 jest najwa\u017cniejsza, a nasza pow\u0142oka TPU wyr\u00f3\u017cnia si\u0119 jako najlepsza opcja.<\/div>\n<h4 class=\"header-vfC6AV auto-hide-last-sibling-br\">Opcje powlekania TPU<\/h4>\n<p>&nbsp;<\/p>\n<div class=\"auto-hide-last-sibling-br paragraph-JOTKXA paragraph-element br-paragraph-space\">Kluczow\u0105 cech\u0105 tkanin 210D i 420D jest ich pow\u0142oka TPU. Tkanina ta mo\u017ce by\u0107 pokryta jednostronn\u0105 warstw\u0105 TPU, dost\u0119pn\u0105 w wyko\u0144czeniu matowym lub b\u0142yszcz\u0105cym, co znacznie zwi\u0119ksza jej <a href=\"https:\/\/www.sikortex.com\/pl\/wodoodporny-wodoodporny-odporny-na-dzialanie-wody\/\"><span style=\"color: #3366ff;\">wodoodporny<\/span><\/a> mo\u017cliwo\u015bci. Pow\u0142oka TPU na tkaninie nylonowej jest stosunkowo gruba, co zapewnia solidno\u015b\u0107 <a href=\"https:\/\/www.sikortex.com\/pl\/wodoodporny-wodoodporny-odporny-na-dzialanie-wody\/\"><span style=\"color: #3366ff;\">wodoodporny<\/span><\/a> bariera. Dodatkowo produkujemy wersj\u0119 z dwustronn\u0105 pow\u0142ok\u0105 TPU, kt\u00f3ra dodatkowo zwi\u0119ksza jej wodoodporno\u015b\u0107 i trwa\u0142o\u015b\u0107.<\/div>\n<h4 class=\"header-vfC6AV auto-hide-last-sibling-br\">Por\u00f3wnanie z pow\u0142ok\u0105 PU<\/h4>\n<p>&nbsp;<\/p>\n<div class=\"auto-hide-last-sibling-br paragraph-JOTKXA paragraph-element br-paragraph-space\">Opr\u00f3cz pow\u0142oki TPU, tkanina nylonowa balistyczna mo\u017ce by\u0107 powlekana PU. Jednak gdy stosowana jest pow\u0142oka PU, grubo\u015b\u0107 tkaniny jest zauwa\u017calnie zmniejszona w por\u00f3wnaniu do odpowiednika z pow\u0142ok\u0105 TPU. Decyzja pomi\u0119dzy pow\u0142ok\u0105 TPU a PU zale\u017cy od konkretnych wymaga\u0144 produktu ko\u0144cowego. W przypadku zastosowa\u0144, w kt\u00f3rych wymagana jest maksymalna trwa\u0142o\u015b\u0107 i gruba warstwa <a href=\"https:\/\/www.sikortex.com\/pl\/wodoodporny-wodoodporny-odporny-na-dzialanie-wody\/\"><span style=\"color: #3366ff;\">wodoodporny<\/span><\/a> ochrona ma kluczowe znaczenie, dlatego zazwyczaj preferowanym wyborem jest tkanina balistyczna z nylonu powlekanego TPU.<\/div>\n<h2 class=\"header-vfC6AV auto-hide-last-sibling-br\"><\/h2>\n<h4 class=\"header-vfC6AV auto-hide-last-sibling-br\">Tkaniny powlekane poliestrem TPU<\/h4>\n<p>&nbsp;<\/p>\n<div class=\"auto-hide-last-sibling-br paragraph-JOTKXA paragraph-element br-paragraph-space\">Dostarczamy r\u00f3wnie\u017c tkaniny powlekane poliestrem TPU. Poliester zapewnia lepsz\u0105 trwa\u0142o\u015b\u0107 kolor\u00f3w, dzi\u0119ki czemu nadaje si\u0119 do okre\u015blonych scenariuszy na zewn\u0105trz.<\/div>\n<p>&nbsp;<\/p>\n<div class=\"auto-hide-last-sibling-br paragraph-JOTKXA paragraph-element br-paragraph-space\"><\/div>","protected":false},"excerpt":{"rendered":"<p>1200 metr\u00f3w (min. zam\u00f3wienie)<\/p>","protected":false},"featured_media":7580,"comment_status":"closed","ping_status":"closed","template":"","meta":{"_uag_custom_page_level_css":"","site-sidebar-layout":"default","site-content-layout":"default","ast-site-content-layout":"default","site-content-style":"default","site-sidebar-style":"default","ast-global-header-display":"","ast-banner-title-visibility":"","ast-main-header-display":"","ast-hfb-above-header-display":"","ast-hfb-below-header-display":"","ast-hfb-mobile-header-display":"","site-post-title":"","ast-breadcrumbs-content":"","ast-featured-img":"","footer-sml-layout":"","theme-transparent-header-meta":"default","adv-header-id-meta":"","stick-header-meta":"default","header-above-stick-meta":"","header-main-stick-meta":"","header-below-stick-meta":"","astra-migrate-meta-layouts":"set","ast-page-background-enabled":"default","ast-page-background-meta":{"desktop":{"background-color":"","background-image":"","background-repeat":"repeat","background-position":"center center","background-size":"auto","background-attachment":"scroll","background-type":"","background-media":"","overlay-type":"","overlay-color":"","overlay-opacity":"","overlay-gradient":""},"tablet":{"background-color":"","background-image":"","background-repeat":"repeat","background-position":"center center","background-size":"auto","background-attachment":"scroll","background-type":"","background-media":"","overlay-type":"","overlay-color":"","overlay-opacity":"","overlay-gradient":""},"mobile":{"background-color":"","background-image":"","background-repeat":"repeat","background-position":"center center","background-size":"auto","background-attachment":"scroll","background-type":"","background-media":"","overlay-type":"","overlay-color":"","overlay-opacity":"","overlay-gradient":""}},"ast-content-background-meta":{"desktop":{"background-color":"var(--ast-global-color-5)","background-image":"","background-repeat":"repeat","background-position":"center center","background-size":"auto","background-attachment":"scroll","background-type":"","background-media":"","overlay-type":"","overlay-color":"","overlay-opacity":"","overlay-gradient":""},"tablet":{"background-color":"var(--ast-global-color-5)","background-image":"","background-repeat":"repeat","background-position":"center center","background-size":"auto","background-attachment":"scroll","background-type":"","background-media":"","overlay-type":"","overlay-color":"","overlay-opacity":"","overlay-gradient":""},"mobile":{"background-color":"var(--ast-global-color-5)","background-image":"","background-repeat":"repeat","background-position":"center center","background-size":"auto","background-attachment":"scroll","background-type":"","background-media":"","overlay-type":"","overlay-color":"","overlay-opacity":"","overlay-gradient":""}}},"product_brand":[],"product_cat":[1206,432,404,1184,433,414],"product_tag":[],"class_list":{"0":"post-7861","1":"product","2":"type-product","3":"status-publish","4":"has-post-thumbnail","6":"product_cat-fabric-for-bag","7":"product_cat-fabric-for-tent","8":"product_cat-nylon-fabrics","9":"product_cat-oxford-fabric","10":"product_cat-textile-for-industrial","11":"product_cat-waterproof-fabrics","12":"pa_available_colors-h-black","13":"desktop-align-left","14":"tablet-align-left","15":"mobile-align-left","16":"ast-product-gallery-layout-vertical-slider","17":"ast-product-tabs-layout-horizontal","19":"first","20":"instock","21":"shipping-taxable","22":"product-type-simple"},"uagb_featured_image_src":{"full":["https:\/\/www.sikortex.com\/wp-content\/uploads\/2024\/12\/210D-Nylon-Oxford-Waterproof-PU-Coating-Fabric.jpg",1500,1500,false],"thumbnail":["https:\/\/www.sikortex.com\/wp-content\/uploads\/2024\/12\/210D-Nylon-Oxford-Waterproof-PU-Coating-Fabric-150x150.jpg",150,150,true],"medium":["https:\/\/www.sikortex.com\/wp-content\/uploads\/2024\/12\/210D-Nylon-Oxford-Waterproof-PU-Coating-Fabric-300x300.jpg",300,300,true],"medium_large":["https:\/\/www.sikortex.com\/wp-content\/uploads\/2024\/12\/210D-Nylon-Oxford-Waterproof-PU-Coating-Fabric-768x768.jpg",768,768,true],"large":["https:\/\/www.sikortex.com\/wp-content\/uploads\/2024\/12\/210D-Nylon-Oxford-Waterproof-PU-Coating-Fabric-1024x1024.jpg",1024,1024,true],"1536x1536":["https:\/\/www.sikortex.com\/wp-content\/uploads\/2024\/12\/210D-Nylon-Oxford-Waterproof-PU-Coating-Fabric.jpg",1500,1500,false],"2048x2048":["https:\/\/www.sikortex.com\/wp-content\/uploads\/2024\/12\/210D-Nylon-Oxford-Waterproof-PU-Coating-Fabric.jpg",1500,1500,false],"trp-custom-language-flag":["https:\/\/www.sikortex.com\/wp-content\/uploads\/2024\/12\/210D-Nylon-Oxford-Waterproof-PU-Coating-Fabric-12x12.jpg",12,12,true],"woocommerce_thumbnail":["https:\/\/www.sikortex.com\/wp-content\/uploads\/2024\/12\/210D-Nylon-Oxford-Waterproof-PU-Coating-Fabric-300x300.jpg",300,300,true],"woocommerce_single":["https:\/\/www.sikortex.com\/wp-content\/uploads\/2024\/12\/210D-Nylon-Oxford-Waterproof-PU-Coating-Fabric-600x600.jpg",600,600,true],"woocommerce_gallery_thumbnail":["https:\/\/www.sikortex.com\/wp-content\/uploads\/2024\/12\/210D-Nylon-Oxford-Waterproof-PU-Coating-Fabric-100x100.jpg",100,100,true]},"uagb_author_info":{"display_name":"Perry","author_link":"https:\/\/www.sikortex.com\/pl\/author\/"},"uagb_comment_info":0,"uagb_excerpt":"1200 Meters(Min.Order)","_links":{"self":[{"href":"https:\/\/www.sikortex.com\/pl\/wp-json\/wp\/v2\/product\/7861","targetHints":{"allow":["GET"]}}],"collection":[{"href":"https:\/\/www.sikortex.com\/pl\/wp-json\/wp\/v2\/product"}],"about":[{"href":"https:\/\/www.sikortex.com\/pl\/wp-json\/wp\/v2\/types\/product"}],"replies":[{"embeddable":true,"href":"https:\/\/www.sikortex.com\/pl\/wp-json\/wp\/v2\/comments?post=7861"}],"wp:featuredmedia":[{"embeddable":true,"href":"https:\/\/www.sikortex.com\/pl\/wp-json\/wp\/v2\/media\/7580"}],"wp:attachment":[{"href":"https:\/\/www.sikortex.com\/pl\/wp-json\/wp\/v2\/media?parent=7861"}],"wp:term":[{"taxonomy":"product_brand","embeddable":true,"href":"https:\/\/www.sikortex.com\/pl\/wp-json\/wp\/v2\/product_brand?post=7861"},{"taxonomy":"product_cat","embeddable":true,"href":"https:\/\/www.sikortex.com\/pl\/wp-json\/wp\/v2\/product_cat?post=7861"},{"taxonomy":"product_tag","embeddable":true,"href":"https:\/\/www.sikortex.com\/pl\/wp-json\/wp\/v2\/product_tag?post=7861"}],"curies":[{"name":"wp","href":"https:\/\/api.w.org\/{rel}","templated":true}]}}