{"id":7833,"date":"2025-01-13T11:12:52","date_gmt":"2025-01-13T03:12:52","guid":{"rendered":"https:\/\/www.sikortex.com\/?post_type=product&#038;p=7833"},"modified":"2025-08-18T14:03:29","modified_gmt":"2025-08-18T06:03:29","slug":"tkanina-zewnetrzna-wodoodporna-poliester-600d","status":"publish","type":"product","link":"https:\/\/www.sikortex.com\/pl\/produkt\/tkanina-zewnetrzna-wodoodporna-poliester-600d\/","title":{"rendered":"Tkanina poliestrowa 600D wodoodporna do u\u017cytku na zewn\u0105trz, do mebli"},"content":{"rendered":"<h1 class=\"header-vfC6AV auto-hide-last-sibling-br\">Tkanina zewn\u0119trzna wodoodporna poliestrowa 600D: praktyczny wyb\u00f3r do mebli ogrodowych<\/h1>\n<p>&nbsp;<\/p>\n<div class=\"auto-hide-last-sibling-br paragraph-JOTKXA paragraph-element br-paragraph-space\">\n<div class=\"auto-hide-last-sibling-br paragraph-JOTKXA paragraph-element br-paragraph-space\">Przy urz\u0105dzaniu przestrzeni zewn\u0119trznej kluczowy jest wyb\u00f3r odpowiedniego materia\u0142u, <a href=\"https:\/\/www.sikortex.com\/pl\/tkaniny-poliestrowe\/\"><span style=\"color: #3366ff;\">poliester<\/span><\/a> 600D na zewn\u0105trz <a href=\"https:\/\/www.sikortex.com\/pl\/wodoodporny-wodoodporny-odporny-na-dzialanie-wody\/\"><span style=\"color: #3366ff;\">wodoodporny<\/span><\/a> tkanina wy\u0142ania si\u0119 jako najbardziej odpowiednia opcja. Ta tkanina to po\u0142\u0105czenie praktyczno\u015bci i odporno\u015bci, zaprojektowana tak, aby wytrzyma\u0107 trudne warunki zewn\u0119trzne.<\/div>\n<p>&nbsp;<\/p>\n<div class=\"auto-hide-last-sibling-br paragraph-JOTKXA paragraph-element br-paragraph-space\"><a href=\"https:\/\/www.sikortex.com\/pl\/tkaniny-poliestrowe\/\">Poliester<\/a> 600D na zewn\u0105trz <a href=\"https:\/\/www.sikortex.com\/pl\/wodoodporny-wodoodporny-odporny-na-dzialanie-wody\/\"><span style=\"color: #3366ff;\">wodoodporny<\/span><\/a> tkanina zapewnia niezwyk\u0142\u0105 trwa\u0142o\u015b\u0107. Liczba denier\u00f3w 600D wskazuje grubo\u015b\u0107 w\u0142\u00f3kien, co przyczynia si\u0119 do jej wytrzyma\u0142o\u015bci. Mo\u017ce wytrzyma\u0107 regularne u\u017cytkowanie na zewn\u0105trz, od zadrapa\u0144 spowodowanych przesuwaniem krzese\u0142 ogrodowych po ci\u0105g\u0142\u0105 ekspozycj\u0119 na wiatr i deszcz. <a href=\"https:\/\/www.sikortex.com\/pl\/wodoodporny-wodoodporny-odporny-na-dzialanie-wody\/\"><span style=\"color: #3366ff;\">wodoodporny<\/span><\/a> Funkcja ta zapobiega przedostawaniu si\u0119 wilgoci do wn\u0119trza mebli, chroni\u0105c wn\u0119trze mebli i zapobiegaj\u0105c powstawaniu problem\u00f3w, takich jak ple\u015b\u0144 i gnicie.<\/div>\n<p>&nbsp;<\/p>\n<div class=\"auto-hide-last-sibling-br paragraph-JOTKXA paragraph-element br-paragraph-space\">Ta tkanina <a href=\"https:\/\/www.sikortex.com\/pl\/wodoodporny-wodoodporny-odporny-na-dzialanie-wody\/\"><span style=\"color: #3366ff;\">wodoodporny<\/span><\/a> jako\u015b\u0107 to czynnik zmieniaj\u0105cy zasady gry w przypadku mebli ogrodowych. Niezale\u017cnie od tego, czy jest to nag\u0142a letnia ulewa, czy poranna rosa, poliester 600D na zewn\u0105trz <a href=\"https:\/\/www.sikortex.com\/pl\/wodoodporny-wodoodporny-odporny-na-dzialanie-wody\/\"><span style=\"color: #3366ff;\">wodoodporny<\/span><\/a> tkanina skutecznie odpycha wod\u0119. To nie tylko wyd\u0142u\u017ca \u017cywotno\u015b\u0107 mebli, ale tak\u017ce sprawia, \u017ce wygl\u0105daj\u0105 \u015bwie\u017co i nadaj\u0105 si\u0119 do u\u017cytku. To niezawodny wyb\u00f3r dla ka\u017cdego rodzaju mebli ogrodowych, czy to przytulnej \u0142awki ogrodowej, czy du\u017cego zestawu jadalnego na patio.<\/div>\n<p>&nbsp;<\/p>\n<div class=\"auto-hide-last-sibling-br paragraph-JOTKXA paragraph-element br-paragraph-space\">Odporno\u015b\u0107 na promieniowanie UV to kolejna kluczowa zaleta tego produktu do u\u017cytku na zewn\u0105trz. <a href=\"https:\/\/www.sikortex.com\/pl\/wodoodporny-wodoodporny-odporny-na-dzialanie-wody\/\"><span style=\"color: #3366ff;\">wodoodporny<\/span><\/a> tkaniny. \u015awiat\u0142o s\u0142oneczne mo\u017ce blakn\u0105\u0107 i uszkadza\u0107 tkaniny z czasem, ale poliester 600D dobrze si\u0119 trzyma. Zachowuje sw\u00f3j kolor i integralno\u015b\u0107 strukturaln\u0105 nawet po d\u0142ugich godzinach ekspozycji na s\u0142o\u0144ce. Oznacza to, \u017ce Twoje meble ogrodowe zachowaj\u0105 sw\u00f3j estetyczny wygl\u0105d, dzi\u0119ki czemu poliester 600D do u\u017cytku na zewn\u0105trz <a href=\"https:\/\/www.sikortex.com\/pl\/wodoodporny-wodoodporny-odporny-na-dzialanie-wody\/\"><span style=\"color: #3366ff;\">wodoodporny<\/span><\/a> tkanina jest najlepszym wyborem, je\u015bli chodzi o stworzenie pi\u0119knej i trwa\u0142ej przestrzeni do wypoczynku na \u015bwie\u017cym powietrzu.<\/div>\n<\/div>","protected":false},"excerpt":{"rendered":"<p>1200 metr\u00f3w (min. zam\u00f3wienie)<\/p>","protected":false},"featured_media":7731,"comment_status":"closed","ping_status":"closed","template":"","meta":{"_uag_custom_page_level_css":"","site-sidebar-layout":"default","site-content-layout":"default","ast-site-content-layout":"","site-content-style":"default","site-sidebar-style":"default","ast-global-header-display":"","ast-banner-title-visibility":"","ast-main-header-display":"","ast-hfb-above-header-display":"","ast-hfb-below-header-display":"","ast-hfb-mobile-header-display":"","site-post-title":"","ast-breadcrumbs-content":"","ast-featured-img":"","footer-sml-layout":"","theme-transparent-header-meta":"default","adv-header-id-meta":"","stick-header-meta":"default","header-above-stick-meta":"","header-main-stick-meta":"","header-below-stick-meta":"","astra-migrate-meta-layouts":"default","ast-page-background-enabled":"default","ast-page-background-meta":{"desktop":{"background-color":"","background-image":"","background-repeat":"repeat","background-position":"center center","background-size":"auto","background-attachment":"scroll","background-type":"","background-media":"","overlay-type":"","overlay-color":"","overlay-opacity":"","overlay-gradient":""},"tablet":{"background-color":"","background-image":"","background-repeat":"repeat","background-position":"center center","background-size":"auto","background-attachment":"scroll","background-type":"","background-media":"","overlay-type":"","overlay-color":"","overlay-opacity":"","overlay-gradient":""},"mobile":{"background-color":"","background-image":"","background-repeat":"repeat","background-position":"center center","background-size":"auto","background-attachment":"scroll","background-type":"","background-media":"","overlay-type":"","overlay-color":"","overlay-opacity":"","overlay-gradient":""}},"ast-content-background-meta":{"desktop":{"background-color":"var(--ast-global-color-5)","background-image":"","background-repeat":"repeat","background-position":"center center","background-size":"auto","background-attachment":"scroll","background-type":"","background-media":"","overlay-type":"","overlay-color":"","overlay-opacity":"","overlay-gradient":""},"tablet":{"background-color":"var(--ast-global-color-5)","background-image":"","background-repeat":"repeat","background-position":"center center","background-size":"auto","background-attachment":"scroll","background-type":"","background-media":"","overlay-type":"","overlay-color":"","overlay-opacity":"","overlay-gradient":""},"mobile":{"background-color":"var(--ast-global-color-5)","background-image":"","background-repeat":"repeat","background-position":"center center","background-size":"auto","background-attachment":"scroll","background-type":"","background-media":"","overlay-type":"","overlay-color":"","overlay-opacity":"","overlay-gradient":""}}},"product_brand":[],"product_cat":[1126,1206,432,1218,1185,433,1697,414],"product_tag":[],"class_list":{"0":"post-7833","1":"product","2":"type-product","3":"status-publish","4":"has-post-thumbnail","6":"product_cat-fabric-for-awning","7":"product_cat-fabric-for-bag","8":"product_cat-fabric-for-tent","9":"product_cat-marine-fabrics","10":"product_cat-solution-dyed-polyester-fabrics","11":"product_cat-textile-for-industrial","12":"product_cat-uv-protection-fabric","13":"product_cat-waterproof-fabrics","14":"pa_available_colors-911052-spc","15":"desktop-align-left","16":"tablet-align-left","17":"mobile-align-left","18":"ast-product-gallery-layout-vertical-slider","19":"ast-product-tabs-layout-horizontal","21":"first","22":"instock","23":"shipping-taxable","24":"product-type-simple"},"uagb_featured_image_src":{"full":["https:\/\/www.sikortex.com\/wp-content\/uploads\/2025\/01\/300D-Oxford-fabric.jpg",800,800,false],"thumbnail":["https:\/\/www.sikortex.com\/wp-content\/uploads\/2025\/01\/300D-Oxford-fabric-150x150.jpg",150,150,true],"medium":["https:\/\/www.sikortex.com\/wp-content\/uploads\/2025\/01\/300D-Oxford-fabric-300x300.jpg",300,300,true],"medium_large":["https:\/\/www.sikortex.com\/wp-content\/uploads\/2025\/01\/300D-Oxford-fabric-768x768.jpg",768,768,true],"large":["https:\/\/www.sikortex.com\/wp-content\/uploads\/2025\/01\/300D-Oxford-fabric.jpg",800,800,false],"1536x1536":["https:\/\/www.sikortex.com\/wp-content\/uploads\/2025\/01\/300D-Oxford-fabric.jpg",800,800,false],"2048x2048":["https:\/\/www.sikortex.com\/wp-content\/uploads\/2025\/01\/300D-Oxford-fabric.jpg",800,800,false],"trp-custom-language-flag":["https:\/\/www.sikortex.com\/wp-content\/uploads\/2025\/01\/300D-Oxford-fabric-12x12.jpg",12,12,true],"woocommerce_thumbnail":["https:\/\/www.sikortex.com\/wp-content\/uploads\/2025\/01\/300D-Oxford-fabric-300x300.jpg",300,300,true],"woocommerce_single":["https:\/\/www.sikortex.com\/wp-content\/uploads\/2025\/01\/300D-Oxford-fabric-600x600.jpg",600,600,true],"woocommerce_gallery_thumbnail":["https:\/\/www.sikortex.com\/wp-content\/uploads\/2025\/01\/300D-Oxford-fabric-100x100.jpg",100,100,true]},"uagb_author_info":{"display_name":"Perry","author_link":"https:\/\/www.sikortex.com\/pl\/author\/"},"uagb_comment_info":0,"uagb_excerpt":"1200 Meters(Min.Order)","_links":{"self":[{"href":"https:\/\/www.sikortex.com\/pl\/wp-json\/wp\/v2\/product\/7833","targetHints":{"allow":["GET"]}}],"collection":[{"href":"https:\/\/www.sikortex.com\/pl\/wp-json\/wp\/v2\/product"}],"about":[{"href":"https:\/\/www.sikortex.com\/pl\/wp-json\/wp\/v2\/types\/product"}],"replies":[{"embeddable":true,"href":"https:\/\/www.sikortex.com\/pl\/wp-json\/wp\/v2\/comments?post=7833"}],"wp:featuredmedia":[{"embeddable":true,"href":"https:\/\/www.sikortex.com\/pl\/wp-json\/wp\/v2\/media\/7731"}],"wp:attachment":[{"href":"https:\/\/www.sikortex.com\/pl\/wp-json\/wp\/v2\/media?parent=7833"}],"wp:term":[{"taxonomy":"product_brand","embeddable":true,"href":"https:\/\/www.sikortex.com\/pl\/wp-json\/wp\/v2\/product_brand?post=7833"},{"taxonomy":"product_cat","embeddable":true,"href":"https:\/\/www.sikortex.com\/pl\/wp-json\/wp\/v2\/product_cat?post=7833"},{"taxonomy":"product_tag","embeddable":true,"href":"https:\/\/www.sikortex.com\/pl\/wp-json\/wp\/v2\/product_tag?post=7833"}],"curies":[{"name":"wp","href":"https:\/\/api.w.org\/{rel}","templated":true}]}}