{"id":7729,"date":"2025-01-07T13:22:42","date_gmt":"2025-01-07T05:22:42","guid":{"rendered":"https:\/\/www.sikortex.com\/?post_type=product&#038;p=7729"},"modified":"2025-01-09T12:22:03","modified_gmt":"2025-01-09T04:22:03","slug":"tkanina-powlokowa-z-poliestru-pu-300d-do-kanalow-wentylacyjnych","status":"publish","type":"product","link":"https:\/\/www.sikortex.com\/pl\/produkt\/tkanina-powlokowa-z-poliestru-pu-300d-do-kanalow-wentylacyjnych\/","title":{"rendered":"Tkanina pow\u0142okowa poliestrowa PU 300D do kana\u0142\u00f3w wentylacyjnych NFPA 701"},"content":{"rendered":"<div class=\"auto-hide-last-sibling-br paragraph-JOTKXA paragraph-element br-paragraph-space\">W sektorze przemys\u0142owym i handlowym wyb\u00f3r tkaniny na kana\u0142y powietrzne ma kluczowe znaczenie dla wydajno\u015bci i bezpiecze\u0144stwa systemu. <a href=\"https:\/\/www.sikortex.com\/pl\/tkaniny-poliestrowe\/\"><span style=\"color: #3366ff;\">poliester<\/span><\/a> 300D <span style=\"color: #3366ff;\">O<a style=\"color: #3366ff;\" href=\"https:\/\/www.sikortex.com\/pl\/nylonowo-bawelniana-tkanina-ripstop-tkanina-wiatrowka-5\/\">xford<\/a><\/span> tkanina po obr\u00f3bce poliuretanem <a href=\"https:\/\/www.sikortex.com\/pl\/2025\/01\/03\/producenci-tkanin-powlekanych\/\"><span style=\"color: #3366ff;\">pow\u0142oka<\/span><\/a>, staje si\u0119 idealnym materia\u0142em na kana\u0142y wentylacyjne, wykazuj\u0105c si\u0119 szczeg\u00f3lnie dobrymi wynikami w spe\u0142nianiu normy NFPA 701.<\/div>\n<h4><\/h4>\n<div class=\"auto-hide-last-sibling-br paragraph-JOTKXA paragraph-element br-paragraph-space\">Model 300D <span style=\"color: #3366ff;\"><a style=\"color: #3366ff;\" href=\"https:\/\/www.sikortex.com\/pl\/tkaniny-poliestrowe\/\">Poliester<\/a><\/span> Pu <a href=\"https:\/\/www.sikortex.com\/pl\/2025\/01\/03\/producenci-tkanin-powlekanych\/\"><span style=\"color: #3366ff;\">Pow\u0142oka<\/span><\/a> Sama tkanina oferuje doskona\u0142\u0105 wytrzyma\u0142o\u015b\u0107 i odporno\u015b\u0107 na \u015bcieranie. Przy liczbie w\u0142\u00f3kien 300D tkanina jest lekka, ale wytrzyma\u0142a. Podczas codziennej eksploatacji kana\u0142\u00f3w wentylacyjnych wytrzymuje tarcie i ci\u0105gni\u0119cie, a tak\u017ce nie ulega \u0142atwo uszkodzeniom pod wp\u0142ywem si\u0142 zewn\u0119trznych.<\/div>\n<h4><\/h4>\n<div class=\"auto-hide-last-sibling-br paragraph-JOTKXA paragraph-element br-paragraph-space\">Pow\u0142oka poliuretanowa dodatkowo zwi\u0119ksza jego wydajno\u015b\u0107. Nie tylko zapewnia doskona\u0142\u0105 wodoodporno\u015b\u0107, skutecznie blokuj\u0105c przedostawanie si\u0119 wilgoci zewn\u0119trznej do kana\u0142\u00f3w i utrzymuj\u0105c sucho\u015b\u0107 powietrza wewn\u0119trznego, ale tak\u017ce poprawia szczelno\u015b\u0107, zmniejszaj\u0105c wyciek powietrza, zwi\u0119kszaj\u0105c wydajno\u015b\u0107 transportu i obni\u017caj\u0105c zu\u017cycie energii.<\/div>\n<h4><\/h4>\n<div class=\"auto-hide-last-sibling-br paragraph-JOTKXA paragraph-element br-paragraph-space\">Warto zauwa\u017cy\u0107, \u017ce tkanina ta ma wyj\u0105tkowe w\u0142a\u015bciwo\u015bci <a href=\"https:\/\/www.sikortex.com\/pl\/producent-tkanin-trudnopalnych\/\">\u015brodek zmniejszaj\u0105cy palno\u015b\u0107<\/a> w\u0142a\u015bciwo\u015bci. Po\u0142\u0105czenie pow\u0142oki poliuretanowej i poliestru 300D <span style=\"color: #3366ff;\"><a style=\"color: #3366ff;\" href=\"https:\/\/www.sikortex.com\/pl\/nylonowo-bawelniana-tkanina-ripstop-tkanina-wiatrowka-5\/\">Oksford<\/a><\/span> tkanina pozwala materia\u0142owi \u015bci\u015ble spe\u0142nia\u0107<span style=\"color: #3366ff;\"><a style=\"color: #3366ff;\" href=\"https:\/\/www.sikortex.com\/pl\/producent-tkanin-trudnopalnych\/\"> ogie\u0144 \u2013 odporno\u015b\u0107<\/a><\/span> wymagania normy NFPA 701. Norma ta ma surowe wymagania dotycz\u0105ce odporno\u015bci ogniowej materia\u0142\u00f3w stosowanych na zas\u0142ony, firanki i podobne zastosowania. Tkanina na przewody powietrzne mo\u017ce skutecznie zmniejszy\u0107 zagro\u017cenia po\u017carowe i zapewni\u0107 niezawodn\u0105 ochron\u0119 bezpiecze\u0144stwa w \u015brodowisku, w kt\u00f3rym u\u017cywane s\u0105 przewody powietrzne. Niezale\u017cnie od tego, czy w budynkach komercyjnych, zak\u0142adach przemys\u0142owych czy obiektach u\u017cyteczno\u015bci publicznej, przewody powietrzne wykonane z tej tkaniny <a href=\"https:\/\/www.sikortex.com\/pl\/producent-tkanin-trudnopalnych\/\"><span style=\"color: #3366ff;\">\u015brodek zmniejszaj\u0105cy palno\u015b\u0107<\/span><\/a> Tkanina mo\u017ce pracowa\u0107 stabilnie, dzi\u0119ki czemu jest najlepszym wyborem \u0142\u0105cz\u0105cym wydajno\u015b\u0107 i bezpiecze\u0144stwo.<\/div>","protected":false},"excerpt":{"rendered":"<p>2000 metr\u00f3w (min. zam\u00f3wienie)<\/p>","protected":false},"featured_media":7732,"comment_status":"closed","ping_status":"closed","template":"","meta":{"_uag_custom_page_level_css":"","site-sidebar-layout":"default","site-content-layout":"default","ast-site-content-layout":"","site-content-style":"default","site-sidebar-style":"default","ast-global-header-display":"","ast-banner-title-visibility":"","ast-main-header-display":"","ast-hfb-above-header-display":"","ast-hfb-below-header-display":"","ast-hfb-mobile-header-display":"","site-post-title":"","ast-breadcrumbs-content":"","ast-featured-img":"","footer-sml-layout":"","theme-transparent-header-meta":"default","adv-header-id-meta":"","stick-header-meta":"default","header-above-stick-meta":"","header-main-stick-meta":"","header-below-stick-meta":"","astra-migrate-meta-layouts":"default","ast-page-background-enabled":"default","ast-page-background-meta":{"desktop":{"background-color":"","background-image":"","background-repeat":"repeat","background-position":"center center","background-size":"auto","background-attachment":"scroll","background-type":"","background-media":"","overlay-type":"","overlay-color":"","overlay-opacity":"","overlay-gradient":""},"tablet":{"background-color":"","background-image":"","background-repeat":"repeat","background-position":"center center","background-size":"auto","background-attachment":"scroll","background-type":"","background-media":"","overlay-type":"","overlay-color":"","overlay-opacity":"","overlay-gradient":""},"mobile":{"background-color":"","background-image":"","background-repeat":"repeat","background-position":"center center","background-size":"auto","background-attachment":"scroll","background-type":"","background-media":"","overlay-type":"","overlay-color":"","overlay-opacity":"","overlay-gradient":""}},"ast-content-background-meta":{"desktop":{"background-color":"var(--ast-global-color-5)","background-image":"","background-repeat":"repeat","background-position":"center center","background-size":"auto","background-attachment":"scroll","background-type":"","background-media":"","overlay-type":"","overlay-color":"","overlay-opacity":"","overlay-gradient":""},"tablet":{"background-color":"var(--ast-global-color-5)","background-image":"","background-repeat":"repeat","background-position":"center center","background-size":"auto","background-attachment":"scroll","background-type":"","background-media":"","overlay-type":"","overlay-color":"","overlay-opacity":"","overlay-gradient":""},"mobile":{"background-color":"var(--ast-global-color-5)","background-image":"","background-repeat":"repeat","background-position":"center center","background-size":"auto","background-attachment":"scroll","background-type":"","background-media":"","overlay-type":"","overlay-color":"","overlay-opacity":"","overlay-gradient":""}}},"product_brand":[],"product_cat":[432,416,1184,403,433,414],"product_tag":[],"class_list":{"0":"post-7729","1":"product","2":"type-product","3":"status-publish","4":"has-post-thumbnail","6":"product_cat-fabric-for-tent","7":"product_cat-fire-retardant-fabrics","8":"product_cat-oxford-fabric","9":"product_cat-polyester-fabrics","10":"product_cat-textile-for-industrial","11":"product_cat-waterproof-fabrics","12":"desktop-align-left","13":"tablet-align-left","14":"mobile-align-left","15":"ast-product-gallery-layout-vertical-slider","16":"ast-product-tabs-layout-horizontal","18":"first","19":"instock","20":"shipping-taxable","21":"product-type-simple"},"uagb_featured_image_src":{"full":["https:\/\/www.sikortex.com\/wp-content\/uploads\/2025\/01\/300D-Oxford-PU.jpg",800,800,false],"thumbnail":["https:\/\/www.sikortex.com\/wp-content\/uploads\/2025\/01\/300D-Oxford-PU-150x150.jpg",150,150,true],"medium":["https:\/\/www.sikortex.com\/wp-content\/uploads\/2025\/01\/300D-Oxford-PU-300x300.jpg",300,300,true],"medium_large":["https:\/\/www.sikortex.com\/wp-content\/uploads\/2025\/01\/300D-Oxford-PU-768x768.jpg",768,768,true],"large":["https:\/\/www.sikortex.com\/wp-content\/uploads\/2025\/01\/300D-Oxford-PU.jpg",800,800,false],"1536x1536":["https:\/\/www.sikortex.com\/wp-content\/uploads\/2025\/01\/300D-Oxford-PU.jpg",800,800,false],"2048x2048":["https:\/\/www.sikortex.com\/wp-content\/uploads\/2025\/01\/300D-Oxford-PU.jpg",800,800,false],"trp-custom-language-flag":["https:\/\/www.sikortex.com\/wp-content\/uploads\/2025\/01\/300D-Oxford-PU-12x12.jpg",12,12,true],"woocommerce_thumbnail":["https:\/\/www.sikortex.com\/wp-content\/uploads\/2025\/01\/300D-Oxford-PU-300x300.jpg",300,300,true],"woocommerce_single":["https:\/\/www.sikortex.com\/wp-content\/uploads\/2025\/01\/300D-Oxford-PU-600x600.jpg",600,600,true],"woocommerce_gallery_thumbnail":["https:\/\/www.sikortex.com\/wp-content\/uploads\/2025\/01\/300D-Oxford-PU-100x100.jpg",100,100,true]},"uagb_author_info":{"display_name":"Perry","author_link":"https:\/\/www.sikortex.com\/pl\/author\/"},"uagb_comment_info":0,"uagb_excerpt":"2000 Meters(Min.Order)","_links":{"self":[{"href":"https:\/\/www.sikortex.com\/pl\/wp-json\/wp\/v2\/product\/7729","targetHints":{"allow":["GET"]}}],"collection":[{"href":"https:\/\/www.sikortex.com\/pl\/wp-json\/wp\/v2\/product"}],"about":[{"href":"https:\/\/www.sikortex.com\/pl\/wp-json\/wp\/v2\/types\/product"}],"replies":[{"embeddable":true,"href":"https:\/\/www.sikortex.com\/pl\/wp-json\/wp\/v2\/comments?post=7729"}],"wp:featuredmedia":[{"embeddable":true,"href":"https:\/\/www.sikortex.com\/pl\/wp-json\/wp\/v2\/media\/7732"}],"wp:attachment":[{"href":"https:\/\/www.sikortex.com\/pl\/wp-json\/wp\/v2\/media?parent=7729"}],"wp:term":[{"taxonomy":"product_brand","embeddable":true,"href":"https:\/\/www.sikortex.com\/pl\/wp-json\/wp\/v2\/product_brand?post=7729"},{"taxonomy":"product_cat","embeddable":true,"href":"https:\/\/www.sikortex.com\/pl\/wp-json\/wp\/v2\/product_cat?post=7729"},{"taxonomy":"product_tag","embeddable":true,"href":"https:\/\/www.sikortex.com\/pl\/wp-json\/wp\/v2\/product_tag?post=7729"}],"curies":[{"name":"wp","href":"https:\/\/api.w.org\/{rel}","templated":true}]}}