{"id":7634,"date":"2025-01-02T13:45:44","date_gmt":"2025-01-02T05:45:44","guid":{"rendered":"https:\/\/www.sikortex.com\/?post_type=product&#038;p=7634"},"modified":"2025-01-09T12:17:37","modified_gmt":"2025-01-09T04:17:37","slug":"tkanina-poliestrowa-trudnopalna-nfpa-701","status":"publish","type":"product","link":"https:\/\/www.sikortex.com\/pl\/produkt\/tkanina-poliestrowa-trudnopalna-nfpa-701\/","title":{"rendered":"Tkanina poliestrowa 600D trudnopalna NFPA 701"},"content":{"rendered":"<h4>Tkanina poliestrowa 600D trudnopalna NFPA 701<\/h4>\n<p>W r\u00f3\u017cnych dziedzinach wymagaj\u0105cych ochrony przeciwpo\u017carowej, poliester 600D <a href=\"https:\/\/www.sikortex.com\/pl\/producent-tkanin-trudnopalnych\/\"><span style=\"color: #3366ff;\">trudnopalny<\/span> <\/a>tkaniny s\u0105 bardzo trwa\u0142e i <a href=\"https:\/\/www.sikortex.com\/pl\/czasopismo\/wodoodporny-i-wodoodporny\/\"><span style=\"color: #3366ff;\">wodoodporny,<\/span><\/a> w szczeg\u00f3lno\u015bci produkty spe\u0142niaj\u0105ce normy NFPA 701, kt\u00f3re sta\u0142y si\u0119 niezawodnym wyborem dla wielu ga\u0142\u0119zi przemys\u0142u.<\/p>\n<p>Poliester 600D wrodzony <a href=\"https:\/\/www.sikortex.com\/pl\/producent-tkanin-trudnopalnych\/\"><span style=\"color: #3366ff;\">trudnopalny<\/span><\/a> tkaniny, kt\u00f3re dostarczamy, maj\u0105 <span style=\"color: #3366ff;\"><a style=\"color: #3366ff;\" href=\"https:\/\/www.sikortex.com\/pl\/producent-tkanin-trudnopalnych\/\">trudnopalny<\/a><\/span> w\u0142a\u015bciwo\u015bci zintegrowane na etapie produkcji w\u0142\u00f3kien. W\u0142a\u015bciwo\u015bci trudnopalne tej tkaniny nie wynikaj\u0105 z p\u00f3\u017aniejszych dodatk\u00f3w, ale z w\u0142a\u015bciwo\u015bci samego w\u0142\u00f3kna, co czyni j\u0105 stabiln\u0105 i niezawodn\u0105 w d\u0142ugotrwa\u0142ym u\u017cytkowaniu i praniu. Jest jak lojalny stra\u017cnik, zawsze trzymaj\u0105cy si\u0119 swojego stanowiska i zapewniaj\u0105cy u\u017cytkownikom trwa\u0142\u0105 ochron\u0119 przeciwpo\u017carow\u0105. Niezale\u017cnie od tego, czy jest u\u017cywana do produkcji kurtyn scenicznych, czy sprz\u0119tu ochronnego w \u015brodowiskach pracy o wysokiej temperaturze, tkaniny z wrodzon\u0105 trudnopalno\u015bci\u0105 mog\u0105 skutecznie zmniejszy\u0107 ryzyko po\u017caru i zapewni\u0107 bezpiecze\u0144stwo personelu i mienia dzi\u0119ki swojej stabilnej wydajno\u015bci.<\/p>\n<p>Ten <a href=\"https:\/\/www.sikortex.com\/pl\/tkaniny-poliestrowe\/\"><span style=\"color: #3366ff;\">poliester<\/span><\/a> 600D <span style=\"color: #3366ff;\"><a style=\"color: #3366ff;\" href=\"https:\/\/www.sikortex.com\/pl\/producent-tkanin-trudnopalnych\/\">trudnopalny<\/a><\/span> Tkanina powstaje poprzez dodanie <span style=\"color: #3366ff;\"><a style=\"color: #3366ff;\" href=\"https:\/\/www.sikortex.com\/pl\/producent-tkanin-trudnopalnych\/\">\u015brodki zmniejszaj\u0105ce palno\u015b\u0107<\/a><\/span> podczas procesu przetwarzania tkaniny, aby nada\u0107 tkaninie dobre w\u0142a\u015bciwo\u015bci trudnopalne. Ta metoda jest stosunkowo elastyczna, a koszt jest stosunkowo kontrolowany. <a href=\"https:\/\/www.sikortex.com\/pl\/producent-tkanin-trudnopalnych\/\"><span style=\"color: #3366ff;\">trudnopalny<\/span><\/a> mo\u017ce szybko zareagowa\u0107, gdy tkanina styka si\u0119 ze \u017ar\u00f3d\u0142em ognia, hamuj\u0105c rozprzestrzenianie si\u0119 p\u0142omienia i kupuj\u0105c ludziom cenny czas ucieczki. Jest szeroko stosowany w zas\u0142onach hotelowych, wyposa\u017ceniu domowym i innych dziedzinach, dodaj\u0105c warstw\u0119 ochrony przeciwpo\u017carowej do codziennego \u015brodowiska \u017cycia.<\/p>\n<p>Poliester 600D <a href=\"https:\/\/www.sikortex.com\/pl\/producent-tkanin-trudnopalnych\/\"><span style=\"color: #3366ff;\">trudnopalny<\/span><\/a> tkanina spe\u0142niaj\u0105ca norm\u0119 NFPA 701 zosta\u0142a rygorystycznie przetestowana, aby zapewni\u0107, \u017ce spe\u0142nia ona surowe wymagania dotycz\u0105ce ochrony przeciwpo\u017carowej w r\u00f3\u017cnych scenariuszach. Norma NFPA 701 symuluje r\u00f3\u017cne rzeczywiste scenariusze po\u017caru i dok\u0142adnie ocenia <a href=\"https:\/\/www.sikortex.com\/pl\/producent-tkanin-trudnopalnych\/\"><span style=\"color: #3366ff;\">trudnopalny<\/span><\/a> w\u0142a\u015bciwo\u015bci materia\u0142\u00f3w, szybko\u015b\u0107 rozprzestrzeniania si\u0119 p\u0142omienia i inne wska\u017aniki. Dwie tkaniny, kt\u00f3re dostarczamy, czy to z natury trudnopalne, czy z dodatkiem <span style=\"color: #3366ff;\"><a style=\"color: #3366ff;\" href=\"https:\/\/www.sikortex.com\/pl\/producent-tkanin-trudnopalnych\/\">trudnopalny<\/a><\/span>s, mo\u017ce pomy\u015blnie przej\u015b\u0107 standardowy test i wykaza\u0107 si\u0119 doskona\u0142ymi w\u0142a\u015bciwo\u015bciami w zakresie ochrony przeciwpo\u017carowej.<br \/>\nNiezale\u017cnie od tego, czy jest to dziedzina zawodowa, kt\u00f3ra wymaga d\u0142ugoterminowej stabilno\u015bci <a href=\"https:\/\/www.sikortex.com\/pl\/producent-tkanin-trudnopalnych\/\"><span style=\"color: #3366ff;\">trudnopalny<\/span><\/a> efekty lub scenariusz codziennej aplikacji, kt\u00f3ry koncentruje si\u0119 na kosztach i praktyczno\u015bci, nasz 600D p<a href=\"https:\/\/www.sikortex.com\/pl\/tkaniny-poliestrowe\/\"><span style=\"color: #3366ff;\">oliester<\/span><\/a> Tkanina trudnopalna mo\u017ce by\u0107 dla Ciebie bezpiecznym i wysokiej jako\u015bci wyborem, charakteryzuj\u0105cym si\u0119 niezawodno\u015bci\u0105 i jako\u015bci\u0105 zgodn\u0105 z norm\u0105 NFPA 701.<\/p>","protected":false},"excerpt":{"rendered":"<p>2000 metr\u00f3w (min. zam\u00f3wienie)<\/p>","protected":false},"featured_media":7635,"comment_status":"closed","ping_status":"closed","template":"","meta":{"_uag_custom_page_level_css":"","site-sidebar-layout":"default","site-content-layout":"default","ast-site-content-layout":"","site-content-style":"default","site-sidebar-style":"default","ast-global-header-display":"","ast-banner-title-visibility":"","ast-main-header-display":"","ast-hfb-above-header-display":"","ast-hfb-below-header-display":"","ast-hfb-mobile-header-display":"","site-post-title":"","ast-breadcrumbs-content":"","ast-featured-img":"","footer-sml-layout":"","theme-transparent-header-meta":"default","adv-header-id-meta":"","stick-header-meta":"default","header-above-stick-meta":"","header-main-stick-meta":"","header-below-stick-meta":"","astra-migrate-meta-layouts":"default","ast-page-background-enabled":"default","ast-page-background-meta":{"desktop":{"background-color":"","background-image":"","background-repeat":"repeat","background-position":"center center","background-size":"auto","background-attachment":"scroll","background-type":"","background-media":"","overlay-type":"","overlay-color":"","overlay-opacity":"","overlay-gradient":""},"tablet":{"background-color":"","background-image":"","background-repeat":"repeat","background-position":"center center","background-size":"auto","background-attachment":"scroll","background-type":"","background-media":"","overlay-type":"","overlay-color":"","overlay-opacity":"","overlay-gradient":""},"mobile":{"background-color":"","background-image":"","background-repeat":"repeat","background-position":"center center","background-size":"auto","background-attachment":"scroll","background-type":"","background-media":"","overlay-type":"","overlay-color":"","overlay-opacity":"","overlay-gradient":""}},"ast-content-background-meta":{"desktop":{"background-color":"var(--ast-global-color-5)","background-image":"","background-repeat":"repeat","background-position":"center center","background-size":"auto","background-attachment":"scroll","background-type":"","background-media":"","overlay-type":"","overlay-color":"","overlay-opacity":"","overlay-gradient":""},"tablet":{"background-color":"var(--ast-global-color-5)","background-image":"","background-repeat":"repeat","background-position":"center center","background-size":"auto","background-attachment":"scroll","background-type":"","background-media":"","overlay-type":"","overlay-color":"","overlay-opacity":"","overlay-gradient":""},"mobile":{"background-color":"var(--ast-global-color-5)","background-image":"","background-repeat":"repeat","background-position":"center center","background-size":"auto","background-attachment":"scroll","background-type":"","background-media":"","overlay-type":"","overlay-color":"","overlay-opacity":"","overlay-gradient":""}}},"product_brand":[],"product_cat":[432,416,1184,403,433,414],"product_tag":[],"class_list":{"0":"post-7634","1":"product","2":"type-product","3":"status-publish","4":"has-post-thumbnail","6":"product_cat-fabric-for-tent","7":"product_cat-fire-retardant-fabrics","8":"product_cat-oxford-fabric","9":"product_cat-polyester-fabrics","10":"product_cat-textile-for-industrial","11":"product_cat-waterproof-fabrics","12":"desktop-align-left","13":"tablet-align-left","14":"mobile-align-left","15":"ast-product-gallery-layout-vertical-slider","16":"ast-product-tabs-layout-horizontal","18":"first","19":"instock","20":"shipping-taxable","21":"product-type-simple"},"uagb_featured_image_src":{"full":["https:\/\/www.sikortex.com\/wp-content\/uploads\/2025\/01\/Flame-Retardant-Oxford-Fabric.jpg",800,747,false],"thumbnail":["https:\/\/www.sikortex.com\/wp-content\/uploads\/2025\/01\/Flame-Retardant-Oxford-Fabric-150x150.jpg",150,150,true],"medium":["https:\/\/www.sikortex.com\/wp-content\/uploads\/2025\/01\/Flame-Retardant-Oxford-Fabric-300x280.jpg",300,280,true],"medium_large":["https:\/\/www.sikortex.com\/wp-content\/uploads\/2025\/01\/Flame-Retardant-Oxford-Fabric-768x717.jpg",768,717,true],"large":["https:\/\/www.sikortex.com\/wp-content\/uploads\/2025\/01\/Flame-Retardant-Oxford-Fabric.jpg",800,747,false],"1536x1536":["https:\/\/www.sikortex.com\/wp-content\/uploads\/2025\/01\/Flame-Retardant-Oxford-Fabric.jpg",800,747,false],"2048x2048":["https:\/\/www.sikortex.com\/wp-content\/uploads\/2025\/01\/Flame-Retardant-Oxford-Fabric.jpg",800,747,false],"trp-custom-language-flag":["https:\/\/www.sikortex.com\/wp-content\/uploads\/2025\/01\/Flame-Retardant-Oxford-Fabric-13x12.jpg",13,12,true],"woocommerce_thumbnail":["https:\/\/www.sikortex.com\/wp-content\/uploads\/2025\/01\/Flame-Retardant-Oxford-Fabric-300x300.jpg",300,300,true],"woocommerce_single":["https:\/\/www.sikortex.com\/wp-content\/uploads\/2025\/01\/Flame-Retardant-Oxford-Fabric-600x560.jpg",600,560,true],"woocommerce_gallery_thumbnail":["https:\/\/www.sikortex.com\/wp-content\/uploads\/2025\/01\/Flame-Retardant-Oxford-Fabric-100x100.jpg",100,100,true]},"uagb_author_info":{"display_name":"Perry","author_link":"https:\/\/www.sikortex.com\/pl\/author\/"},"uagb_comment_info":0,"uagb_excerpt":"2000 Meters(Min.Order)","_links":{"self":[{"href":"https:\/\/www.sikortex.com\/pl\/wp-json\/wp\/v2\/product\/7634","targetHints":{"allow":["GET"]}}],"collection":[{"href":"https:\/\/www.sikortex.com\/pl\/wp-json\/wp\/v2\/product"}],"about":[{"href":"https:\/\/www.sikortex.com\/pl\/wp-json\/wp\/v2\/types\/product"}],"replies":[{"embeddable":true,"href":"https:\/\/www.sikortex.com\/pl\/wp-json\/wp\/v2\/comments?post=7634"}],"wp:featuredmedia":[{"embeddable":true,"href":"https:\/\/www.sikortex.com\/pl\/wp-json\/wp\/v2\/media\/7635"}],"wp:attachment":[{"href":"https:\/\/www.sikortex.com\/pl\/wp-json\/wp\/v2\/media?parent=7634"}],"wp:term":[{"taxonomy":"product_brand","embeddable":true,"href":"https:\/\/www.sikortex.com\/pl\/wp-json\/wp\/v2\/product_brand?post=7634"},{"taxonomy":"product_cat","embeddable":true,"href":"https:\/\/www.sikortex.com\/pl\/wp-json\/wp\/v2\/product_cat?post=7634"},{"taxonomy":"product_tag","embeddable":true,"href":"https:\/\/www.sikortex.com\/pl\/wp-json\/wp\/v2\/product_tag?post=7634"}],"curies":[{"name":"wp","href":"https:\/\/api.w.org\/{rel}","templated":true}]}}