{"id":7576,"date":"2024-12-26T15:06:48","date_gmt":"2024-12-26T07:06:48","guid":{"rendered":"https:\/\/www.sikortex.com\/?post_type=product&#038;p=7576"},"modified":"2025-02-17T17:39:47","modified_gmt":"2025-02-17T09:39:47","slug":"210d-nylon-oxford-wodoodporna-powloka-poliuretanowa","status":"publish","type":"product","link":"https:\/\/www.sikortex.com\/pl\/produkt\/210d-nylon-oxford-wodoodporna-powloka-poliuretanowa\/","title":{"rendered":"Tkanina wodoodporna 210D Nylon Oxford z pow\u0142ok\u0105 PU"},"content":{"rendered":"<h3 class=\"header-vfC6AV auto-hide-last-sibling-br\">Tkanina wodoodporna 210D Nylon Oxford: preferowany wyb\u00f3r na plecaki i sprz\u0119t kempingowy<\/h3>\n<h4 class=\"header-vfC6AV auto-hide-last-sibling-br\">Wytrzyma\u0142y i odporny, stawiaj\u0105cy czo\u0142a wyzwaniom<\/h4>\n<p>&nbsp;<\/p>\n<div class=\"auto-hide-last-sibling-br paragraph-JOTKXA paragraph-element br-paragraph-space\">W dziedzinie plecak\u00f3w i sprz\u0119tu kempingowego trwa\u0142o\u015b\u0107 ma ogromne znaczenie. Nylon oxford 210D <a href=\"https:\/\/www.sikortex.com\/pl\/wodoodporny-wodoodporny-odporny-na-dzialanie-wody\/\"><span style=\"color: #3366ff;\">wodoodporny<\/span><\/a> tkanina, gdzie \u201eD\u201d oznacza denier, ma grubo\u015b\u0107 prz\u0119dzy wskazan\u0105 przez warto\u015b\u0107 210, co zapewnia r\u00f3wnowag\u0119 mi\u0119dzy lekko\u015bci\u0105 a wytrzyma\u0142o\u015bci\u0105. Jest \u015bci\u015ble tkana ze stabilnym uk\u0142adem w\u0142\u00f3kien. Ta tkanina mo\u017ce wytrzyma\u0107 tarcie plecak\u00f3w na du\u017ce odleg\u0142o\u015bci i zu\u017cycie sprz\u0119tu kempingowego w trudnym terenie, b\u0119d\u0105c odporn\u0105 na rozdarcia i p\u0119kni\u0119cia, zapewniaj\u0105c w ten spos\u00f3b d\u0142ugotrwa\u0142e u\u017cytkowanie sprz\u0119tu.<\/div>\n<div><\/div>\n<h4 class=\"header-vfC6AV auto-hide-last-sibling-br\">Podw\u00f3jnie powlekany, o doskona\u0142ych w\u0142a\u015bciwo\u015bciach wodoodpornych<\/h4>\n<div class=\"auto-hide-last-sibling-br paragraph-JOTKXA paragraph-element br-paragraph-space\">Wyj\u0105tkow\u0105 zalet\u0105 tej tkaniny jest jej <a href=\"https:\/\/www.sikortex.com\/pl\/wodoodporny-wodoodporny-odporny-na-dzialanie-wody\/\"><span style=\"color: #3366ff;\">wodoodporny<\/span> <\/a>W\u0142asno\u015b\u0107. Stosujemy metod\u0119 produkcji podw\u00f3jnego powlekania, umo\u017cliwiaj\u0105c\u0105 utworzenie bardziej zwartej, wodoodpornej struktury na powierzchni tkaniny. Gdy krople wody spadaj\u0105 na ni\u0105, szybko si\u0119 staczaj\u0105 i nigdy nie przenikaj\u0105, jakby sprz\u0119t by\u0142 otulony niewidzialn\u0105 warstw\u0105 przeciwdeszczow\u0105, skutecznie blokuj\u0105c zewn\u0119trzn\u0105 wilgo\u0107. Gdy z\u0142apie nas nag\u0142a ulewa podczas biwakowania na \u015bwie\u017cym powietrzu, przedmioty wewn\u0105trz plecaka mog\u0105 pozosta\u0107 suche, zapewniaj\u0105c mocne wsparcie do u\u017cytku w wilgotnym \u015brodowisku.<\/div>\n<div><\/div>\n<h4 class=\"header-vfC6AV auto-hide-last-sibling-br\">Lekki i przeno\u015bny, dla relaksuj\u0105cej podr\u00f3\u017cy<\/h4>\n<div class=\"auto-hide-last-sibling-br paragraph-JOTKXA paragraph-element br-paragraph-space\">Cho\u0107 funkcjonalno\u015b\u0107 jest kluczowa, lekko\u015b\u0107 jest r\u00f3wnie\u017c wysoko ceniona. Nylon 210D <a href=\"https:\/\/www.sikortex.com\/pl\/nylonowo-bawelniana-tkanina-ripstop-tkanina-wiatrowka-5\/\"><span style=\"color: #3366ff;\">Oksford<\/span><\/a> <a href=\"https:\/\/www.sikortex.com\/pl\/wodoodporny-wodoodporny-odporny-na-dzialanie-wody\/\"><span style=\"color: #3366ff;\">wodoodporna tkanina<\/span><\/a> ma lekk\u0105 faktur\u0119. Pomimo swojej wytrzyma\u0142o\u015bci i wodoodporno\u015bci, nie dodaje du\u017co wagi. Podr\u00f3\u017cni nosz\u0105cy plecaki wykonane z tego materia\u0142u mog\u0105 w\u0119drowa\u0107 na du\u017ce odleg\u0142o\u015bci bez uczucia przeci\u0105\u017cenia z powodu materia\u0142u, a kempingowicze mog\u0105 \u0142atwiej przenosi\u0107 sw\u00f3j sprz\u0119t, dzi\u0119ki czemu podr\u00f3\u017ce na \u015bwie\u017cym powietrzu s\u0105 przyjemne i bezstresowe.<\/div>\n<div><\/div>\n<h4 class=\"header-vfC6AV auto-hide-last-sibling-br\">Szeroko stosowane, spe\u0142niaj\u0105ce r\u00f3\u017cnorodne potrzeby<\/h4>\n<div class=\"auto-hide-last-sibling-br paragraph-JOTKXA paragraph-element br-paragraph-space\">Zalet\u0105 tej tkaniny jest r\u00f3wnie\u017c jej wszechstronno\u015b\u0107. W produkcji plecak\u00f3w nadaje si\u0119 do r\u00f3\u017cnych typ\u00f3w plecak\u00f3w, takich jak plecaki g\u00f3rskie, turystyczne i podr\u00f3\u017cne. W przypadku sprz\u0119tu kempingowego jest powszechnie stosowany w namiotach, wk\u0142adkach do \u015bpiwor\u00f3w i pokrowcach na maty chroni\u0105cych przed wilgoci\u0105. Jej szerokie zastosowanie \u015bwiadczy o jej elastyczno\u015bci i praktyczno\u015bci, zaspokajaniu r\u00f3\u017cnych potrzeb i zapewnianiu wygody.<\/div>\n<p>&nbsp;<\/p>\n<div class=\"auto-hide-last-sibling-br paragraph-JOTKXA paragraph-element br-paragraph-space\">Dzi\u0119ki swojej wytrzyma\u0142o\u015bci, doskona\u0142ej wodoodporno\u015bci, lekko\u015bci i wszechstronno\u015bci nylon 210D <a href=\"https:\/\/www.sikortex.com\/pl\/nylonowo-bawelniana-tkanina-ripstop-tkanina-wiatrowka-5\/\"><span style=\"color: #3366ff;\">Oksford<\/span><\/a> <a href=\"https:\/\/www.sikortex.com\/pl\/wodoodporny-wodoodporny-odporny-na-dzialanie-wody\/\"><span style=\"color: #3366ff;\">wodoodporny<\/span><\/a> tkanina jest najlepszym wyborem na plecaki i sprz\u0119t kempingowy. Zapewnia niezawodne wsparcie podczas podr\u00f3\u017cy na \u015bwie\u017cym powietrzu, pomagaj\u0105c ludziom w pe\u0142ni cieszy\u0107 si\u0119 natur\u0105.<\/div>","protected":false},"excerpt":{"rendered":"<p>1200 metr\u00f3w (min. zam\u00f3wienie)<\/p>","protected":false},"featured_media":7581,"comment_status":"closed","ping_status":"closed","template":"","meta":{"_uag_custom_page_level_css":"","site-sidebar-layout":"default","site-content-layout":"default","ast-site-content-layout":"","site-content-style":"default","site-sidebar-style":"default","ast-global-header-display":"","ast-banner-title-visibility":"","ast-main-header-display":"","ast-hfb-above-header-display":"","ast-hfb-below-header-display":"","ast-hfb-mobile-header-display":"","site-post-title":"","ast-breadcrumbs-content":"","ast-featured-img":"","footer-sml-layout":"","theme-transparent-header-meta":"default","adv-header-id-meta":"","stick-header-meta":"default","header-above-stick-meta":"","header-main-stick-meta":"","header-below-stick-meta":"","astra-migrate-meta-layouts":"default","ast-page-background-enabled":"default","ast-page-background-meta":{"desktop":{"background-color":"","background-image":"","background-repeat":"repeat","background-position":"center center","background-size":"auto","background-attachment":"scroll","background-type":"","background-media":"","overlay-type":"","overlay-color":"","overlay-opacity":"","overlay-gradient":""},"tablet":{"background-color":"","background-image":"","background-repeat":"repeat","background-position":"center center","background-size":"auto","background-attachment":"scroll","background-type":"","background-media":"","overlay-type":"","overlay-color":"","overlay-opacity":"","overlay-gradient":""},"mobile":{"background-color":"","background-image":"","background-repeat":"repeat","background-position":"center center","background-size":"auto","background-attachment":"scroll","background-type":"","background-media":"","overlay-type":"","overlay-color":"","overlay-opacity":"","overlay-gradient":""}},"ast-content-background-meta":{"desktop":{"background-color":"var(--ast-global-color-5)","background-image":"","background-repeat":"repeat","background-position":"center center","background-size":"auto","background-attachment":"scroll","background-type":"","background-media":"","overlay-type":"","overlay-color":"","overlay-opacity":"","overlay-gradient":""},"tablet":{"background-color":"var(--ast-global-color-5)","background-image":"","background-repeat":"repeat","background-position":"center center","background-size":"auto","background-attachment":"scroll","background-type":"","background-media":"","overlay-type":"","overlay-color":"","overlay-opacity":"","overlay-gradient":""},"mobile":{"background-color":"var(--ast-global-color-5)","background-image":"","background-repeat":"repeat","background-position":"center center","background-size":"auto","background-attachment":"scroll","background-type":"","background-media":"","overlay-type":"","overlay-color":"","overlay-opacity":"","overlay-gradient":""}}},"product_brand":[],"product_cat":[1206,432,404,1184,433,414],"product_tag":[],"class_list":{"0":"post-7576","1":"product","2":"type-product","3":"status-publish","4":"has-post-thumbnail","6":"product_cat-fabric-for-bag","7":"product_cat-fabric-for-tent","8":"product_cat-nylon-fabrics","9":"product_cat-oxford-fabric","10":"product_cat-textile-for-industrial","11":"product_cat-waterproof-fabrics","12":"pa_available_colors-h-black","13":"desktop-align-left","14":"tablet-align-left","15":"mobile-align-left","16":"ast-product-gallery-layout-vertical-slider","17":"ast-product-tabs-layout-horizontal","19":"first","20":"instock","21":"shipping-taxable","22":"product-type-simple"},"uagb_featured_image_src":{"full":["https:\/\/www.sikortex.com\/wp-content\/uploads\/2024\/12\/210D-Nylon-Oxford-Waterproof.jpg",800,800,false],"thumbnail":["https:\/\/www.sikortex.com\/wp-content\/uploads\/2024\/12\/210D-Nylon-Oxford-Waterproof-150x150.jpg",150,150,true],"medium":["https:\/\/www.sikortex.com\/wp-content\/uploads\/2024\/12\/210D-Nylon-Oxford-Waterproof-300x300.jpg",300,300,true],"medium_large":["https:\/\/www.sikortex.com\/wp-content\/uploads\/2024\/12\/210D-Nylon-Oxford-Waterproof-768x768.jpg",768,768,true],"large":["https:\/\/www.sikortex.com\/wp-content\/uploads\/2024\/12\/210D-Nylon-Oxford-Waterproof.jpg",800,800,false],"1536x1536":["https:\/\/www.sikortex.com\/wp-content\/uploads\/2024\/12\/210D-Nylon-Oxford-Waterproof.jpg",800,800,false],"2048x2048":["https:\/\/www.sikortex.com\/wp-content\/uploads\/2024\/12\/210D-Nylon-Oxford-Waterproof.jpg",800,800,false],"trp-custom-language-flag":["https:\/\/www.sikortex.com\/wp-content\/uploads\/2024\/12\/210D-Nylon-Oxford-Waterproof-12x12.jpg",12,12,true],"woocommerce_thumbnail":["https:\/\/www.sikortex.com\/wp-content\/uploads\/2024\/12\/210D-Nylon-Oxford-Waterproof-300x300.jpg",300,300,true],"woocommerce_single":["https:\/\/www.sikortex.com\/wp-content\/uploads\/2024\/12\/210D-Nylon-Oxford-Waterproof-600x600.jpg",600,600,true],"woocommerce_gallery_thumbnail":["https:\/\/www.sikortex.com\/wp-content\/uploads\/2024\/12\/210D-Nylon-Oxford-Waterproof-100x100.jpg",100,100,true]},"uagb_author_info":{"display_name":"Perry","author_link":"https:\/\/www.sikortex.com\/pl\/author\/"},"uagb_comment_info":0,"uagb_excerpt":"1200 Meters(Min.Order)","_links":{"self":[{"href":"https:\/\/www.sikortex.com\/pl\/wp-json\/wp\/v2\/product\/7576","targetHints":{"allow":["GET"]}}],"collection":[{"href":"https:\/\/www.sikortex.com\/pl\/wp-json\/wp\/v2\/product"}],"about":[{"href":"https:\/\/www.sikortex.com\/pl\/wp-json\/wp\/v2\/types\/product"}],"replies":[{"embeddable":true,"href":"https:\/\/www.sikortex.com\/pl\/wp-json\/wp\/v2\/comments?post=7576"}],"wp:featuredmedia":[{"embeddable":true,"href":"https:\/\/www.sikortex.com\/pl\/wp-json\/wp\/v2\/media\/7581"}],"wp:attachment":[{"href":"https:\/\/www.sikortex.com\/pl\/wp-json\/wp\/v2\/media?parent=7576"}],"wp:term":[{"taxonomy":"product_brand","embeddable":true,"href":"https:\/\/www.sikortex.com\/pl\/wp-json\/wp\/v2\/product_brand?post=7576"},{"taxonomy":"product_cat","embeddable":true,"href":"https:\/\/www.sikortex.com\/pl\/wp-json\/wp\/v2\/product_cat?post=7576"},{"taxonomy":"product_tag","embeddable":true,"href":"https:\/\/www.sikortex.com\/pl\/wp-json\/wp\/v2\/product_tag?post=7576"}],"curies":[{"name":"wp","href":"https:\/\/api.w.org\/{rel}","templated":true}]}}