{"id":7415,"date":"2024-12-23T15:14:44","date_gmt":"2024-12-23T07:14:44","guid":{"rendered":"https:\/\/www.sikortex.com\/?post_type=product&#038;p=7415"},"modified":"2025-03-17T15:14:51","modified_gmt":"2025-03-17T07:14:51","slug":"tkanina-powlekana-tpu-do-nadmuchiwanych","status":"publish","type":"product","link":"https:\/\/www.sikortex.com\/pl\/produkt\/tkanina-powlekana-tpu-do-nadmuchiwanych\/","title":{"rendered":"Nylon balistyczny 840D z pow\u0142ok\u0105 TPU do nadmuchiwanych"},"content":{"rendered":"<h3 class=\"header-vfC6AV auto-hide-last-sibling-br\">Wprowadzenie do nylonu balistycznego 840D<\/h3>\n<p>&nbsp;<\/p>\n<p>SIKOR-TEX jako dostawca materia\u0142\u00f3w nadmuchiwanych.Balistyczny <a href=\"https:\/\/www.sikortex.com\/pl\/producent-tkanin-nylonowych\/\"><span style=\"color: #3366ff;\">Nylon<\/span><\/a> 840D to doskona\u0142y materia\u0142 znany ze swojej doskona\u0142ej odporno\u015bci na rozdarcie. Tkanina ta jest wykorzystywana w szerokim zakresie zastosowa\u0144, szczeg\u00f3lnie w produktach nadmuchiwanych lub wodoodpornych. Nylon balistyczny 840D idealnie nadaje si\u0119 do produkcji takich przedmiot\u00f3w jak plecaki, tratwy plecakowe, torby suche i sprz\u0119t do pakowania rower\u00f3w.<br \/>\nOferujemy r\u00f3wnie\u017c materia\u0142 Nylon 210D, 420D do produkt\u00f3w nadmuchiwanych. Jako materia\u0142 nadmuchiwany dobra szczelno\u015b\u0107 jest szczeg\u00f3lnie wa\u017cna, a nasz TPU <a href=\"\/pl\/producenci-tkanin-powlekanych\/\"><span style=\"color: #3366ff;\">pow\u0142oka<\/span><\/a> jest najlepszy.<\/p>\n<h3 class=\"header-vfC6AV auto-hide-last-sibling-br\">Opcje powlekania TPU<\/h3>\n<p>&nbsp;<\/p>\n<div class=\"auto-hide-last-sibling-br paragraph-JOTKXA paragraph-element br-paragraph-space\">Jedn\u0105 z kluczowych cech nylonu balistycznego 840D jest jego TPU <a href=\"\/pl\/producenci-tkanin-powlekanych\/\"><span style=\"color: #3366ff;\">Tkanina powlekana<\/span><\/a>Tkanina dost\u0119pna jest z jednostronn\u0105 pow\u0142ok\u0105 TPU <a href=\"\/pl\/producenci-tkanin-powlekanych\/\"><span style=\"color: #3366ff;\">pow\u0142oka<\/span> <\/a>(matowe wyko\u0144czenie), kt\u00f3re zapewnia lepsz\u0105 <a href=\"https:\/\/www.sikortex.com\/pl\/wodoodporny-wodoodporny-odporny-na-dzialanie-wody\/\"><span style=\"color: #3366ff;\">wodoodporny<\/span><\/a> mo\u017cliwo\u015bci. Grubo\u015b\u0107 pow\u0142oki TPU na nylonie balistycznym 840D jest stosunkowo znacz\u0105ca, co zapewnia mu wytrzyma\u0142o\u015b\u0107<\/div>\n<p><span style=\"font-size: 16px;\">bariera wodoodporna. Co wi\u0119cej, mo\u017ce by\u0107 r\u00f3wnie\u017c produkowany z dwustronn\u0105 pow\u0142ok\u0105 TPU, co jeszcze bardziej<\/span><\/p>\n<p>&nbsp;<\/p>\n<p><span style=\"font-size: 16px;\">zapewniaj\u0105c jego wodoodporno\u015b\u0107 i trwa\u0142o\u015b\u0107.<\/span><\/p>\n<p style=\"font-size: 16px; font-style: normal; font-weight: 400;\"><span style=\"font-size: 1.5em; font-weight: bold;\">Por\u00f3wnanie z pow\u0142ok\u0105 PU<\/span><\/p>\n<p><img loading=\"lazy\" decoding=\"async\" class=\"wp-image-7599 alignright\" src=\"https:\/\/www.sikortex.com\/wp-content\/uploads\/2024\/12\/inflatable-fabric-e1735620650635-300x164.jpg\" alt=\"Tkanina na dmucha\u0144ce\" width=\"542\" height=\"296\" title=\"\" srcset=\"https:\/\/www.sikortex.com\/wp-content\/uploads\/2024\/12\/inflatable-fabric-e1735620650635-300x164.jpg 300w, https:\/\/www.sikortex.com\/wp-content\/uploads\/2024\/12\/inflatable-fabric-e1735620650635-18x10.jpg 18w, https:\/\/www.sikortex.com\/wp-content\/uploads\/2024\/12\/inflatable-fabric-e1735620650635-600x328.jpg 600w, https:\/\/www.sikortex.com\/wp-content\/uploads\/2024\/12\/inflatable-fabric-e1735620650635.jpg 742w\" sizes=\"auto, (max-width: 542px) 100vw, 542px\" \/><\/p>\n<div class=\"auto-hide-last-sibling-br paragraph-JOTKXA paragraph-element br-paragraph-space\">Opr\u00f3cz pow\u0142oki TPU, Ballistic Nylon 840D mo\u017ce by\u0107 r\u00f3wnie\u017c powlekany PU. Jednak przy u\u017cyciu pow\u0142oki PU grubo\u015b\u0107 tkaniny jest znacznie zmniejszona w por\u00f3wnaniu z TPU-<a href=\"\/pl\/producenci-tkanin-powlekanych\/\"><span style=\"color: #3366ff;\">pokryty<\/span><\/a> wersja. Wyb\u00f3r pomi\u0119dzy pow\u0142ok\u0105 TPU i PU zale\u017cy od konkretnych wymaga\u0144 produktu ko\u0144cowego. W zastosowaniach, w kt\u00f3rych kluczowa jest maksymalna trwa\u0142o\u015b\u0107 i gruba wodoodporna ochrona, cz\u0119sto preferowana jest pow\u0142oka TPU na Ballistic Nylon 840D.<\/div>\n<h3 class=\"header-vfC6AV auto-hide-last-sibling-br\">Trwa\u0142o\u015b\u0107 i zastosowania<\/h3>\n<p>&nbsp;<\/p>\n<div class=\"auto-hide-last-sibling-br paragraph-JOTKXA paragraph-element br-paragraph-space\">Trwa\u0142o\u015b\u0107 balistyki <a href=\"https:\/\/www.sikortex.com\/pl\/producent-tkanin-nylonowych\/\"><span style=\"color: #3366ff;\">Nylon<\/span><\/a> 840D sprawia, \u017ce jest to idealny wyb\u00f3r do sprz\u0119tu outdoorowego. Niezale\u017cnie od tego, czy jest to plecak, kt\u00f3ry musi wytrzyma\u0107 trudny teren i du\u017ce obci\u0105\u017cenia, czy te\u017c packraft, kt\u00f3ry musi wytrzyma\u0107 trudy aktywno\u015bci wodnych, Ballistic <a href=\"https:\/\/www.sikortex.com\/pl\/producent-tkanin-nylonowych\/\"><span style=\"color: #3366ff;\">Nylon<\/span><\/a> 840D udowadnia swoj\u0105 warto\u015b\u0107. W\u0142a\u015bciwo\u015bci tej tkaniny odporne na rozdarcie zapewniaj\u0105 d\u0142ug\u0105 \u017cywotno\u015b\u0107 produkt\u00f3w z niej wykonanych.<\/div>\n<h3 class=\"header-vfC6AV auto-hide-last-sibling-br\">Wodoodporno\u015b\u0107 w okre\u015blonych produktach<\/h3>\n<p>&nbsp;<\/p>\n<div class=\"auto-hide-last-sibling-br paragraph-JOTKXA paragraph-element br-paragraph-space\">Dla <a href=\"https:\/\/www.sikortex.com\/pl\/wodoodporny-wodoodporny-odporny-na-dzialanie-wody\/\"><span style=\"color: #3366ff;\">wodoodporny<\/span><\/a> torby i sprz\u0119t do pakowania rower\u00f3w, Ballistic <a href=\"https:\/\/www.sikortex.com\/pl\/producent-tkanin-nylonowych\/\"><span style=\"color: #3366ff;\">Nylon<\/span> <\/a>840D z TPU <a href=\"\/pl\/producenci-tkanin-powlekanych\/\"><span style=\"color: #3366ff;\">pow\u0142oka<\/span><\/a> zapewnia niezawodn\u0105 ochron\u0119 przed wod\u0105. Matowe wyko\u0144czenie jednostronnego TPU <a href=\"\/pl\/producenci-tkanin-powlekanych\/\"><span style=\"color: #3366ff;\">pow\u0142oka<\/span><\/a> nadaje produktom elegancki i profesjonalny wygl\u0105d. Og\u00f3lnie rzecz bior\u0105c, Ballistic <a href=\"https:\/\/www.sikortex.com\/pl\/producent-tkanin-nylonowych\/\"><span style=\"color: #3366ff;\">Nylon<\/span> <\/a>Materia\u0142 840D, dzi\u0119ki r\u00f3\u017cnorodnym opcjom pow\u0142ok i wyj\u0105tkowej odporno\u015bci na rozdarcie, jest najlepszym materia\u0142em nadmuchiwanym i wodoodpornym.<\/div>","protected":false},"excerpt":{"rendered":"<p>1200 metr\u00f3w (min. zam\u00f3wienie)<\/p>","protected":false},"featured_media":7418,"comment_status":"closed","ping_status":"closed","template":"","meta":{"_uag_custom_page_level_css":"","site-sidebar-layout":"default","site-content-layout":"default","ast-site-content-layout":"default","site-content-style":"default","site-sidebar-style":"default","ast-global-header-display":"","ast-banner-title-visibility":"","ast-main-header-display":"","ast-hfb-above-header-display":"","ast-hfb-below-header-display":"","ast-hfb-mobile-header-display":"","site-post-title":"","ast-breadcrumbs-content":"","ast-featured-img":"","footer-sml-layout":"","theme-transparent-header-meta":"default","adv-header-id-meta":"","stick-header-meta":"default","header-above-stick-meta":"","header-main-stick-meta":"","header-below-stick-meta":"","astra-migrate-meta-layouts":"set","ast-page-background-enabled":"default","ast-page-background-meta":{"desktop":{"background-color":"","background-image":"","background-repeat":"repeat","background-position":"center center","background-size":"auto","background-attachment":"scroll","background-type":"","background-media":"","overlay-type":"","overlay-color":"","overlay-opacity":"","overlay-gradient":""},"tablet":{"background-color":"","background-image":"","background-repeat":"repeat","background-position":"center center","background-size":"auto","background-attachment":"scroll","background-type":"","background-media":"","overlay-type":"","overlay-color":"","overlay-opacity":"","overlay-gradient":""},"mobile":{"background-color":"","background-image":"","background-repeat":"repeat","background-position":"center center","background-size":"auto","background-attachment":"scroll","background-type":"","background-media":"","overlay-type":"","overlay-color":"","overlay-opacity":"","overlay-gradient":""}},"ast-content-background-meta":{"desktop":{"background-color":"var(--ast-global-color-5)","background-image":"","background-repeat":"repeat","background-position":"center center","background-size":"auto","background-attachment":"scroll","background-type":"","background-media":"","overlay-type":"","overlay-color":"","overlay-opacity":"","overlay-gradient":""},"tablet":{"background-color":"var(--ast-global-color-5)","background-image":"","background-repeat":"repeat","background-position":"center center","background-size":"auto","background-attachment":"scroll","background-type":"","background-media":"","overlay-type":"","overlay-color":"","overlay-opacity":"","overlay-gradient":""},"mobile":{"background-color":"var(--ast-global-color-5)","background-image":"","background-repeat":"repeat","background-position":"center center","background-size":"auto","background-attachment":"scroll","background-type":"","background-media":"","overlay-type":"","overlay-color":"","overlay-opacity":"","overlay-gradient":""}}},"product_brand":[],"product_cat":[1206,423,432,404,1184,433,414],"product_tag":[],"class_list":{"0":"post-7415","1":"product","2":"type-product","3":"status-publish","4":"has-post-thumbnail","6":"product_cat-fabric-for-bag","7":"product_cat-fabric-for-military-police","8":"product_cat-fabric-for-tent","9":"product_cat-nylon-fabrics","10":"product_cat-oxford-fabric","11":"product_cat-textile-for-industrial","12":"product_cat-waterproof-fabrics","13":"pa_available_colors-h-black","14":"desktop-align-left","15":"tablet-align-left","16":"mobile-align-left","17":"ast-product-gallery-layout-vertical-slider","18":"ast-product-tabs-layout-horizontal","20":"first","21":"instock","22":"shipping-taxable","23":"product-type-simple"},"uagb_featured_image_src":{"full":["https:\/\/www.sikortex.com\/wp-content\/uploads\/2024\/12\/Nylon-840D-TPU-Coated.jpg",800,800,false],"thumbnail":["https:\/\/www.sikortex.com\/wp-content\/uploads\/2024\/12\/Nylon-840D-TPU-Coated-150x150.jpg",150,150,true],"medium":["https:\/\/www.sikortex.com\/wp-content\/uploads\/2024\/12\/Nylon-840D-TPU-Coated-300x300.jpg",300,300,true],"medium_large":["https:\/\/www.sikortex.com\/wp-content\/uploads\/2024\/12\/Nylon-840D-TPU-Coated-768x768.jpg",768,768,true],"large":["https:\/\/www.sikortex.com\/wp-content\/uploads\/2024\/12\/Nylon-840D-TPU-Coated.jpg",800,800,false],"1536x1536":["https:\/\/www.sikortex.com\/wp-content\/uploads\/2024\/12\/Nylon-840D-TPU-Coated.jpg",800,800,false],"2048x2048":["https:\/\/www.sikortex.com\/wp-content\/uploads\/2024\/12\/Nylon-840D-TPU-Coated.jpg",800,800,false],"trp-custom-language-flag":["https:\/\/www.sikortex.com\/wp-content\/uploads\/2024\/12\/Nylon-840D-TPU-Coated-12x12.jpg",12,12,true],"woocommerce_thumbnail":["https:\/\/www.sikortex.com\/wp-content\/uploads\/2024\/12\/Nylon-840D-TPU-Coated-300x300.jpg",300,300,true],"woocommerce_single":["https:\/\/www.sikortex.com\/wp-content\/uploads\/2024\/12\/Nylon-840D-TPU-Coated-600x600.jpg",600,600,true],"woocommerce_gallery_thumbnail":["https:\/\/www.sikortex.com\/wp-content\/uploads\/2024\/12\/Nylon-840D-TPU-Coated-100x100.jpg",100,100,true]},"uagb_author_info":{"display_name":"Perry","author_link":"https:\/\/www.sikortex.com\/pl\/author\/"},"uagb_comment_info":0,"uagb_excerpt":"1200 Meters(Min.Order)","_links":{"self":[{"href":"https:\/\/www.sikortex.com\/pl\/wp-json\/wp\/v2\/product\/7415","targetHints":{"allow":["GET"]}}],"collection":[{"href":"https:\/\/www.sikortex.com\/pl\/wp-json\/wp\/v2\/product"}],"about":[{"href":"https:\/\/www.sikortex.com\/pl\/wp-json\/wp\/v2\/types\/product"}],"replies":[{"embeddable":true,"href":"https:\/\/www.sikortex.com\/pl\/wp-json\/wp\/v2\/comments?post=7415"}],"wp:featuredmedia":[{"embeddable":true,"href":"https:\/\/www.sikortex.com\/pl\/wp-json\/wp\/v2\/media\/7418"}],"wp:attachment":[{"href":"https:\/\/www.sikortex.com\/pl\/wp-json\/wp\/v2\/media?parent=7415"}],"wp:term":[{"taxonomy":"product_brand","embeddable":true,"href":"https:\/\/www.sikortex.com\/pl\/wp-json\/wp\/v2\/product_brand?post=7415"},{"taxonomy":"product_cat","embeddable":true,"href":"https:\/\/www.sikortex.com\/pl\/wp-json\/wp\/v2\/product_cat?post=7415"},{"taxonomy":"product_tag","embeddable":true,"href":"https:\/\/www.sikortex.com\/pl\/wp-json\/wp\/v2\/product_tag?post=7415"}],"curies":[{"name":"wp","href":"https:\/\/api.w.org\/{rel}","templated":true}]}}