{"id":7409,"date":"2024-12-23T13:34:08","date_gmt":"2024-12-23T05:34:08","guid":{"rendered":"https:\/\/www.sikortex.com\/?post_type=product&#038;p=7409"},"modified":"2024-12-27T14:14:53","modified_gmt":"2024-12-27T06:14:53","slug":"poliester-420d-tkanina-oxford-powloka-poliuretanowa","status":"publish","type":"product","link":"https:\/\/www.sikortex.com\/pl\/produkt\/poliester-420d-tkanina-oxford-powloka-poliuretanowa\/","title":{"rendered":"Poliester 420D Oxford Fabric Wodoodporna pow\u0142oka poliuretanowa Ognioodporna Do Namiotu"},"content":{"rendered":"<h4 class=\"header-vfC6AV auto-hide-last-sibling-br\">Charakterystyka tkaniny poliestrowej 420D Oxford<\/h4>\n<p>&nbsp;<\/p>\n<div class=\"auto-hide-last-sibling-br paragraph-JOTKXA paragraph-element br-paragraph-space\">Tkanina poliestrowa 420D Oxford ma pewne cechy wsp\u00f3lne z tkanin\u0105 600D Oxford. Ma jednak ni\u017csz\u0105 warto\u015b\u0107 denier wynosz\u0105c\u0105 420. Zwykle jest powlekany PU lub PVC, co nadaje tkaninie Polyester 420D Oxford w\u0142a\u015bciwo\u015bci wodoodporne i zwi\u0119kszon\u0105 wytrzyma\u0142o\u015b\u0107. Tkanina ta zapewnia r\u00f3wnowag\u0119 mi\u0119dzy trwa\u0142o\u015bci\u0105 a wag\u0105, dzi\u0119ki czemu jest popularnym wyborem dla stosunkowo l\u017cejszych produkt\u00f3w, takich jak torby, p\u0142aszcze przeciwdeszczowe i ma\u0142y sprz\u0119t outdoorowy. Chocia\u017c mo\u017ce nie by\u0107 tak gruby jak <a href=\"https:\/\/www.sikortex.com\/pl\/produkt\/sk8362-13\/\"><span style=\"color: #3366ff;\">Tkanina 600D Oxford<\/span><\/a>Tkanina poliestrowa 420D Oxford nadal zapewnia niezawodn\u0105 wydajno\u015b\u0107 i ochron\u0119.<\/div>\n<div><\/div>\n<h4 class=\"header-vfC6AV auto-hide-last-sibling-br\">Zastosowania tkaniny poliestrowej 420D Oxford<\/h4>\n<p><strong>Ma\u0142e torby<\/strong>: Tkanina poliestrowa 420D Oxford doskonale nadaje si\u0119 do produkcji ma\u0142ych toreb, takich jak codzienne plecaki, torby kurierskie i torebki. Jego niewielka waga sprawia, \u017ce jest to najlepszy wyb\u00f3r do codziennego noszenia.<\/p>\n<p><strong>P\u0142aszcze przeciwdeszczowe<\/strong>: P\u0142aszcze przeciwdeszczowe i peleryny wykonane z tkaniny Polyester 420D Oxford. <a href=\"https:\/\/www.sikortex.com\/pl\/czasopismo\/wodoodporny-i-wodoodporny\/\"><span style=\"color: #3366ff;\">wodoodporny<\/span><\/a> ochrona. Nie s\u0105 zbyt obszerne i pozostaj\u0105 wygodne i praktyczne nawet w mokrych warunkach pogodowych.<\/p>\n<p><strong>Akcesoria<\/strong>: Tkanina ta jest powszechnie stosowana do produkcji akcesori\u00f3w outdoorowych, takich jak ma\u0142e torby, portfele i etui na telefony, w kt\u00f3rych r\u00f3wnowaga mi\u0119dzy trwa\u0142o\u015bci\u0105 a wag\u0105 tkaniny Polyester 420D Oxford ma ogromne znaczenie.<\/p>\n<p><strong>Namioty<\/strong>: Tkanina poliestrowa 420D Oxford, o dobrej wytrzyma\u0142o\u015bci, niewielkiej wadze i stosunkowo dobrej wodoodporno\u015bci, jest bardziej odpowiednia do produkcji namiot\u00f3w zewn\u0119trznych.<\/p>\n<h4 class=\"header-vfC6AV auto-hide-last-sibling-br\">Wydajno\u015b\u0107 tkaniny poliestrowej 420D Oxford<\/h4>\n<p><strong>Zr\u00f3wnowa\u017cona trwa\u0142o\u015b\u0107<\/strong>: Zapewnia trwa\u0142o\u015b\u0107 bez nadmiernego obci\u0105\u017cenia.<\/p>\n<p><strong>Wodoodporny<\/strong>: Mo\u017ce by\u0107 powlekany w celu uzyskania wodoodporno\u015bci. Pow\u0142oka na tkaninie Polyester 420D Oxford odgrywa znacz\u0105c\u0105 rol\u0119 w zwi\u0119kszaniu jej wodoodporno\u015bci.<\/p>\n<p><strong>Wszechstronno\u015b\u0107<\/strong>: Nadaje si\u0119 do szerokiej gamy zastosowa\u0144, zw\u0142aszcza gdy waga jest kluczowym czynnikiem. Tkanina poliestrowa 420D Oxford mo\u017ce by\u0107 dobrze wykorzystana w r\u00f3\u017cnych scenariuszach.<\/p>\n<h4 class=\"header-vfC6AV auto-hide-last-sibling-br\">Opcjonalne wyko\u0144czenia<\/h4>\n<div class=\"auto-hide-last-sibling-br paragraph-JOTKXA paragraph-element br-paragraph-space\">Tkanina poliestrowa 420D Oxford mo\u017ce by\u0107 poddawana powlekaniu PVC, PU i <a href=\"https:\/\/www.sikortex.com\/pl\/tkaniny-ognioodporne\/\"><span style=\"color: #3366ff;\">trudnopalny<\/span><\/a> wyko\u0144czenie. Obr\u00f3bki te dodatkowo zwi\u0119kszaj\u0105 wydajno\u015b\u0107 tkaniny Polyester 420D Oxford i rozszerzaj\u0105 zakres jej zastosowa\u0144.<\/div>","protected":false},"excerpt":{"rendered":"<p>1200 metr\u00f3w (min. zam\u00f3wienie)<\/p>","protected":false},"featured_media":7413,"comment_status":"closed","ping_status":"closed","template":"","meta":{"_uag_custom_page_level_css":"","site-sidebar-layout":"default","site-content-layout":"default","ast-site-content-layout":"","site-content-style":"default","site-sidebar-style":"default","ast-global-header-display":"","ast-banner-title-visibility":"","ast-main-header-display":"","ast-hfb-above-header-display":"","ast-hfb-below-header-display":"","ast-hfb-mobile-header-display":"","site-post-title":"","ast-breadcrumbs-content":"","ast-featured-img":"","footer-sml-layout":"","theme-transparent-header-meta":"default","adv-header-id-meta":"","stick-header-meta":"default","header-above-stick-meta":"","header-main-stick-meta":"","header-below-stick-meta":"","astra-migrate-meta-layouts":"default","ast-page-background-enabled":"default","ast-page-background-meta":{"desktop":{"background-color":"","background-image":"","background-repeat":"repeat","background-position":"center center","background-size":"auto","background-attachment":"scroll","background-type":"","background-media":"","overlay-type":"","overlay-color":"","overlay-opacity":"","overlay-gradient":""},"tablet":{"background-color":"","background-image":"","background-repeat":"repeat","background-position":"center center","background-size":"auto","background-attachment":"scroll","background-type":"","background-media":"","overlay-type":"","overlay-color":"","overlay-opacity":"","overlay-gradient":""},"mobile":{"background-color":"","background-image":"","background-repeat":"repeat","background-position":"center center","background-size":"auto","background-attachment":"scroll","background-type":"","background-media":"","overlay-type":"","overlay-color":"","overlay-opacity":"","overlay-gradient":""}},"ast-content-background-meta":{"desktop":{"background-color":"var(--ast-global-color-5)","background-image":"","background-repeat":"repeat","background-position":"center center","background-size":"auto","background-attachment":"scroll","background-type":"","background-media":"","overlay-type":"","overlay-color":"","overlay-opacity":"","overlay-gradient":""},"tablet":{"background-color":"var(--ast-global-color-5)","background-image":"","background-repeat":"repeat","background-position":"center center","background-size":"auto","background-attachment":"scroll","background-type":"","background-media":"","overlay-type":"","overlay-color":"","overlay-opacity":"","overlay-gradient":""},"mobile":{"background-color":"var(--ast-global-color-5)","background-image":"","background-repeat":"repeat","background-position":"center center","background-size":"auto","background-attachment":"scroll","background-type":"","background-media":"","overlay-type":"","overlay-color":"","overlay-opacity":"","overlay-gradient":""}}},"product_brand":[],"product_cat":[432,1184,403,433,414],"product_tag":[],"class_list":{"0":"post-7409","1":"product","2":"type-product","3":"status-publish","4":"has-post-thumbnail","6":"product_cat-fabric-for-tent","7":"product_cat-oxford-fabric","8":"product_cat-polyester-fabrics","9":"product_cat-textile-for-industrial","10":"product_cat-waterproof-fabrics","11":"pa_available_colors-911052-spc","12":"desktop-align-left","13":"tablet-align-left","14":"mobile-align-left","15":"ast-product-gallery-layout-vertical-slider","16":"ast-product-tabs-layout-horizontal","18":"first","19":"instock","20":"shipping-taxable","21":"product-type-simple"},"uagb_featured_image_src":{"full":["https:\/\/www.sikortex.com\/wp-content\/uploads\/2024\/12\/Polyester-420D-Oxford-Fabric.jpg",800,800,false],"thumbnail":["https:\/\/www.sikortex.com\/wp-content\/uploads\/2024\/12\/Polyester-420D-Oxford-Fabric-150x150.jpg",150,150,true],"medium":["https:\/\/www.sikortex.com\/wp-content\/uploads\/2024\/12\/Polyester-420D-Oxford-Fabric-300x300.jpg",300,300,true],"medium_large":["https:\/\/www.sikortex.com\/wp-content\/uploads\/2024\/12\/Polyester-420D-Oxford-Fabric-768x768.jpg",768,768,true],"large":["https:\/\/www.sikortex.com\/wp-content\/uploads\/2024\/12\/Polyester-420D-Oxford-Fabric.jpg",800,800,false],"1536x1536":["https:\/\/www.sikortex.com\/wp-content\/uploads\/2024\/12\/Polyester-420D-Oxford-Fabric.jpg",800,800,false],"2048x2048":["https:\/\/www.sikortex.com\/wp-content\/uploads\/2024\/12\/Polyester-420D-Oxford-Fabric.jpg",800,800,false],"trp-custom-language-flag":["https:\/\/www.sikortex.com\/wp-content\/uploads\/2024\/12\/Polyester-420D-Oxford-Fabric-12x12.jpg",12,12,true],"woocommerce_thumbnail":["https:\/\/www.sikortex.com\/wp-content\/uploads\/2024\/12\/Polyester-420D-Oxford-Fabric-300x300.jpg",300,300,true],"woocommerce_single":["https:\/\/www.sikortex.com\/wp-content\/uploads\/2024\/12\/Polyester-420D-Oxford-Fabric-600x600.jpg",600,600,true],"woocommerce_gallery_thumbnail":["https:\/\/www.sikortex.com\/wp-content\/uploads\/2024\/12\/Polyester-420D-Oxford-Fabric-100x100.jpg",100,100,true]},"uagb_author_info":{"display_name":"Perry","author_link":"https:\/\/www.sikortex.com\/pl\/author\/"},"uagb_comment_info":0,"uagb_excerpt":"1200 Meters(Min.Order)","_links":{"self":[{"href":"https:\/\/www.sikortex.com\/pl\/wp-json\/wp\/v2\/product\/7409","targetHints":{"allow":["GET"]}}],"collection":[{"href":"https:\/\/www.sikortex.com\/pl\/wp-json\/wp\/v2\/product"}],"about":[{"href":"https:\/\/www.sikortex.com\/pl\/wp-json\/wp\/v2\/types\/product"}],"replies":[{"embeddable":true,"href":"https:\/\/www.sikortex.com\/pl\/wp-json\/wp\/v2\/comments?post=7409"}],"wp:featuredmedia":[{"embeddable":true,"href":"https:\/\/www.sikortex.com\/pl\/wp-json\/wp\/v2\/media\/7413"}],"wp:attachment":[{"href":"https:\/\/www.sikortex.com\/pl\/wp-json\/wp\/v2\/media?parent=7409"}],"wp:term":[{"taxonomy":"product_brand","embeddable":true,"href":"https:\/\/www.sikortex.com\/pl\/wp-json\/wp\/v2\/product_brand?post=7409"},{"taxonomy":"product_cat","embeddable":true,"href":"https:\/\/www.sikortex.com\/pl\/wp-json\/wp\/v2\/product_cat?post=7409"},{"taxonomy":"product_tag","embeddable":true,"href":"https:\/\/www.sikortex.com\/pl\/wp-json\/wp\/v2\/product_tag?post=7409"}],"curies":[{"name":"wp","href":"https:\/\/api.w.org\/{rel}","templated":true}]}}