{"id":7364,"date":"2024-12-21T11:14:12","date_gmt":"2024-12-21T03:14:12","guid":{"rendered":"https:\/\/www.sikortex.com\/?post_type=product&#038;p=7364"},"modified":"2025-04-02T10:32:30","modified_gmt":"2025-04-02T02:32:30","slug":"tkanina-poliestrowa-600d-barwiona-w-roztworze-tkaniny-oxford","status":"publish","type":"product","link":"https:\/\/www.sikortex.com\/pl\/produkt\/tkanina-poliestrowa-600d-barwiona-w-roztworze-tkaniny-oxford\/","title":{"rendered":"Tkanina poliestrowa 600D barwiona w roztworze Tkaniny Oxford"},"content":{"rendered":"<h4>Tkanina poliestrowa 600D barwiona w roztworze Tkaniny Oxford<\/h4>\n<p>Nasza wodoodporna tkanina poliestrowa 600D to prawdziwy denier 600\u00d7600, a nie l\u017cejszy, mniej wytrzyma\u0142y 600\u00d7300. Nasz materia\u0142 600D jest nie tylko mocny i odporny na \u015bcieranie, ale tak\u017ce ma wi\u0119ksz\u0105 elastyczno\u015b\u0107 i lepsz\u0105 wodoodporno\u015b\u0107 dzi\u0119ki pow\u0142oce PU po walcowaniu na gor\u0105co. Nasza tkanina poliestrowa 600D ma odporno\u015b\u0107 na ci\u015bnienie hydrostatyczne ponad 1000 mm.<\/p>\n<h4>Poliester barwiony w masie, trwa\u0142y kolor<\/h4>\n<p>Nasz materia\u0142 600D jest barwiony w masie - w przeciwie\u0144stwie do wi\u0119kszo\u015bci zwyk\u0142ych tkanin dost\u0119pnych na rynku! Dlaczego jest to takie wa\u017cne? Oznacza to, \u017ce kolor nie jest nak\u0142adany na powierzchni\u0119, ale jest cz\u0119\u015bci\u0105 nici u\u017cytej do wykonania tkaniny. Kolor biegnie przez ca\u0142y materia\u0142. Kolor materia\u0142\u00f3w barwionych roztworem utrzymuje si\u0119 d\u0142u\u017cej, a w wi\u0119kszo\u015bci przypadk\u00f3w nasza tkanina 600D barwiona roztworem mo\u017ce by\u0107 u\u017cywana na zewn\u0105trz przez ponad 3 lata bez blakni\u0119cia! (Jest to podobne do naszych <a href=\"https:\/\/www.sikortex.com\/pl\/tkaniny-chroniace-przed-promieniowaniem-podczerwonym-3\/\"><span style=\"color: #3366ff;\">Tkanina akrylowa barwiona w masie<\/span><\/a>kolejny \u015bwietny wyb\u00f3r dla materia\u0142\u00f3w zewn\u0119trznych lub wodoodpornych).<\/p>\n<h4>Tkanina poliestrowa 600D Zastosowanie<\/h4>\n<p>600D jest prawdopodobnie najcz\u0119\u015bciej u\u017cywany w plecakach, sprz\u0119cie outdoorowym, meblach outdoorowych, budynkach zewn\u0119trznych i r\u00f3\u017cnych urz\u0105dzeniach przemys\u0142owych, ale klienci u\u017cywaj\u0105 go r\u00f3wnie\u017c do produkcji pokrowc\u00f3w na \u0142odzie i <a href=\"https:\/\/www.sikortex.com\/pl\/nylonowo-bawelniana-tkanina-ripstop-tkanina-wiatrowka-2\/\"><span style=\"color: #3366ff;\">markizy<\/span><\/a> ze wzgl\u0119du na jego wodoodporno\u015b\u0107 i odporno\u015b\u0107 na ple\u015b\u0144.<\/p>\n<h4>SIKOR-TEX to najlepsze \u017ar\u00f3d\u0142o hurtowej sprzeda\u017cy poliestru 600D!<\/h4>\n<h4 style=\"font-style: normal;\"><img loading=\"lazy\" decoding=\"async\" class=\"wp-image-7060 alignright\" src=\"https:\/\/www.sikortex.com\/wp-content\/uploads\/2024\/09\/Solution-dyed-acrylic-fiber-e1726019567653-300x190.png\" alt=\"\" width=\"364\" height=\"230\" title=\"\" srcset=\"https:\/\/www.sikortex.com\/wp-content\/uploads\/2024\/09\/Solution-dyed-acrylic-fiber-e1726019567653-300x190.png 300w, https:\/\/www.sikortex.com\/wp-content\/uploads\/2024\/09\/Solution-dyed-acrylic-fiber-e1726019567653-18x12.png 18w, https:\/\/www.sikortex.com\/wp-content\/uploads\/2024\/09\/Solution-dyed-acrylic-fiber-e1726019567653.png 520w\" sizes=\"auto, (max-width: 364px) 100vw, 364px\" \/><\/h4>\n<p>Nasza produkcja rozpoczyna si\u0119 od w\u0142\u00f3kien barwionych w masie, obejmuj\u0105c prz\u0119dzenie, produkcj\u0119 i wyko\u0144czenie, co jest niezb\u0119dne do zapewnienia, \u017ce nasze tkaniny maj\u0105 najlepsz\u0105 odporno\u015b\u0107 na \u015bwiat\u0142o i promieniowanie UV; zapewniamy r\u00f3wnie\u017c obr\u00f3bk\u0119 zmniejszaj\u0105c\u0105 palno\u015b\u0107, kt\u00f3ra<\/p>\n<p>mo\u017ce si\u0119 spotka\u0107 <a href=\"https:\/\/www.sikortex.com\/pl\/tkaniny-ognioodporne\/\">trudnopalny<\/a> normy takie jak NFPA 701, CPAI-84, EN 13773 itp. Zapewniamy us\u0142ugi masowego dostosowywania (w tym <a href=\"https:\/\/www.sikortex.com\/pl\/produkt\/600d-dty-oxford-antybakteryjne-tkaniny\/\"><span style=\"color: #3366ff;\">1200D<\/span><\/a> materia\u0142, <a href=\"https:\/\/www.sikortex.com\/pl\/produkt\/sk8362-9\/\"><span style=\"color: #3366ff;\">900D<\/span><\/a> tkanina 600D lub tkanina akrylowa barwiona w masie) w wysokiej jako\u015bci i konkurencyjnych cenach.<\/p>\n<h4 style=\"font-style: normal;\"><img loading=\"lazy\" decoding=\"async\" class=\"alignright wp-image-7241\" src=\"https:\/\/www.sikortex.com\/wp-content\/uploads\/2024\/12\/Solution-dyed-polyester-150D-300x200.jpg\" alt=\"\" width=\"383\" height=\"255\" title=\"\" srcset=\"https:\/\/www.sikortex.com\/wp-content\/uploads\/2024\/12\/Solution-dyed-polyester-150D-300x200.jpg 300w, https:\/\/www.sikortex.com\/wp-content\/uploads\/2024\/12\/Solution-dyed-polyester-150D-768x511.jpg 768w, https:\/\/www.sikortex.com\/wp-content\/uploads\/2024\/12\/Solution-dyed-polyester-150D-18x12.jpg 18w, https:\/\/www.sikortex.com\/wp-content\/uploads\/2024\/12\/Solution-dyed-polyester-150D-600x399.jpg 600w, https:\/\/www.sikortex.com\/wp-content\/uploads\/2024\/12\/Solution-dyed-polyester-150D.jpg 796w\" sizes=\"auto, (max-width: 383px) 100vw, 383px\" \/><\/h4>\n<p>Nasza tkanina poliestrowa 600D wykorzystuje technologi\u0119 roztworu, a tkanina nie wymaga u\u017cycia wody podczas procesu produkcyjnego, co jest przyjazne dla \u015brodowiska, oszcz\u0119dza energi\u0119 i zmniejsza emisj\u0119 dwutlenku w\u0119gla. Zgodnie z trendem zr\u00f3wnowa\u017conego rozwoju tekstyli\u00f3w<\/p>\n<p><a href=\"https:\/\/www.sikortex.com\/pl\/tkaniny-wodoodporne\/\"><span style=\"color: #3366ff;\">Czy tkanina Oxford jest wodoodporna?<\/span><\/a><\/p>\n<p>Nasz <a href=\"https:\/\/www.sikortex.com\/pl\/nylonowo-bawelniana-tkanina-ripstop-tkanina-wiatrowka-5\/\"><span style=\"color: #3366ff;\">Tkanina oksfordzka<\/span><\/a> jest nie tylko wodoodporny, ale tak\u017ce odporny na wilgo\u0107 powierzchniow\u0105 (wi\u0119cej informacji)<\/p>","protected":false},"excerpt":{"rendered":"<p>1200 metr\u00f3w (min. zam\u00f3wienie)<\/p>","protected":false},"featured_media":7366,"comment_status":"closed","ping_status":"closed","template":"","meta":{"_uag_custom_page_level_css":"","site-sidebar-layout":"default","site-content-layout":"default","ast-site-content-layout":"","site-content-style":"default","site-sidebar-style":"default","ast-global-header-display":"","ast-banner-title-visibility":"","ast-main-header-display":"","ast-hfb-above-header-display":"","ast-hfb-below-header-display":"","ast-hfb-mobile-header-display":"","site-post-title":"","ast-breadcrumbs-content":"","ast-featured-img":"","footer-sml-layout":"","theme-transparent-header-meta":"default","adv-header-id-meta":"","stick-header-meta":"default","header-above-stick-meta":"","header-main-stick-meta":"","header-below-stick-meta":"","astra-migrate-meta-layouts":"default","ast-page-background-enabled":"default","ast-page-background-meta":{"desktop":{"background-color":"","background-image":"","background-repeat":"repeat","background-position":"center center","background-size":"auto","background-attachment":"scroll","background-type":"","background-media":"","overlay-type":"","overlay-color":"","overlay-opacity":"","overlay-gradient":""},"tablet":{"background-color":"","background-image":"","background-repeat":"repeat","background-position":"center center","background-size":"auto","background-attachment":"scroll","background-type":"","background-media":"","overlay-type":"","overlay-color":"","overlay-opacity":"","overlay-gradient":""},"mobile":{"background-color":"","background-image":"","background-repeat":"repeat","background-position":"center center","background-size":"auto","background-attachment":"scroll","background-type":"","background-media":"","overlay-type":"","overlay-color":"","overlay-opacity":"","overlay-gradient":""}},"ast-content-background-meta":{"desktop":{"background-color":"var(--ast-global-color-5)","background-image":"","background-repeat":"repeat","background-position":"center center","background-size":"auto","background-attachment":"scroll","background-type":"","background-media":"","overlay-type":"","overlay-color":"","overlay-opacity":"","overlay-gradient":""},"tablet":{"background-color":"var(--ast-global-color-5)","background-image":"","background-repeat":"repeat","background-position":"center center","background-size":"auto","background-attachment":"scroll","background-type":"","background-media":"","overlay-type":"","overlay-color":"","overlay-opacity":"","overlay-gradient":""},"mobile":{"background-color":"var(--ast-global-color-5)","background-image":"","background-repeat":"repeat","background-position":"center center","background-size":"auto","background-attachment":"scroll","background-type":"","background-media":"","overlay-type":"","overlay-color":"","overlay-opacity":"","overlay-gradient":""}}},"product_brand":[],"product_cat":[1126,432,1218,1184,1185,433,414],"product_tag":[],"class_list":{"0":"post-7364","1":"product","2":"type-product","3":"status-publish","4":"has-post-thumbnail","6":"product_cat-fabric-for-awning","7":"product_cat-fabric-for-tent","8":"product_cat-marine-fabrics","9":"product_cat-oxford-fabric","10":"product_cat-solution-dyed-polyester-fabrics","11":"product_cat-textile-for-industrial","12":"product_cat-waterproof-fabrics","13":"pa_available_colors-911052-spc","14":"desktop-align-left","15":"tablet-align-left","16":"mobile-align-left","17":"ast-product-gallery-layout-vertical-slider","18":"ast-product-tabs-layout-horizontal","20":"first","21":"instock","22":"shipping-taxable","23":"product-type-simple"},"uagb_featured_image_src":{"full":["https:\/\/www.sikortex.com\/wp-content\/uploads\/2024\/12\/600D-Polyester-Fabric.jpg",800,800,false],"thumbnail":["https:\/\/www.sikortex.com\/wp-content\/uploads\/2024\/12\/600D-Polyester-Fabric-150x150.jpg",150,150,true],"medium":["https:\/\/www.sikortex.com\/wp-content\/uploads\/2024\/12\/600D-Polyester-Fabric-300x300.jpg",300,300,true],"medium_large":["https:\/\/www.sikortex.com\/wp-content\/uploads\/2024\/12\/600D-Polyester-Fabric-768x768.jpg",768,768,true],"large":["https:\/\/www.sikortex.com\/wp-content\/uploads\/2024\/12\/600D-Polyester-Fabric.jpg",800,800,false],"1536x1536":["https:\/\/www.sikortex.com\/wp-content\/uploads\/2024\/12\/600D-Polyester-Fabric.jpg",800,800,false],"2048x2048":["https:\/\/www.sikortex.com\/wp-content\/uploads\/2024\/12\/600D-Polyester-Fabric.jpg",800,800,false],"trp-custom-language-flag":["https:\/\/www.sikortex.com\/wp-content\/uploads\/2024\/12\/600D-Polyester-Fabric-12x12.jpg",12,12,true],"woocommerce_thumbnail":["https:\/\/www.sikortex.com\/wp-content\/uploads\/2024\/12\/600D-Polyester-Fabric-300x300.jpg",300,300,true],"woocommerce_single":["https:\/\/www.sikortex.com\/wp-content\/uploads\/2024\/12\/600D-Polyester-Fabric-600x600.jpg",600,600,true],"woocommerce_gallery_thumbnail":["https:\/\/www.sikortex.com\/wp-content\/uploads\/2024\/12\/600D-Polyester-Fabric-100x100.jpg",100,100,true]},"uagb_author_info":{"display_name":"Perry","author_link":"https:\/\/www.sikortex.com\/pl\/author\/"},"uagb_comment_info":0,"uagb_excerpt":"1200 Meters(Min.Order)","_links":{"self":[{"href":"https:\/\/www.sikortex.com\/pl\/wp-json\/wp\/v2\/product\/7364","targetHints":{"allow":["GET"]}}],"collection":[{"href":"https:\/\/www.sikortex.com\/pl\/wp-json\/wp\/v2\/product"}],"about":[{"href":"https:\/\/www.sikortex.com\/pl\/wp-json\/wp\/v2\/types\/product"}],"replies":[{"embeddable":true,"href":"https:\/\/www.sikortex.com\/pl\/wp-json\/wp\/v2\/comments?post=7364"}],"wp:featuredmedia":[{"embeddable":true,"href":"https:\/\/www.sikortex.com\/pl\/wp-json\/wp\/v2\/media\/7366"}],"wp:attachment":[{"href":"https:\/\/www.sikortex.com\/pl\/wp-json\/wp\/v2\/media?parent=7364"}],"wp:term":[{"taxonomy":"product_brand","embeddable":true,"href":"https:\/\/www.sikortex.com\/pl\/wp-json\/wp\/v2\/product_brand?post=7364"},{"taxonomy":"product_cat","embeddable":true,"href":"https:\/\/www.sikortex.com\/pl\/wp-json\/wp\/v2\/product_cat?post=7364"},{"taxonomy":"product_tag","embeddable":true,"href":"https:\/\/www.sikortex.com\/pl\/wp-json\/wp\/v2\/product_tag?post=7364"}],"curies":[{"name":"wp","href":"https:\/\/api.w.org\/{rel}","templated":true}]}}