{"id":7320,"date":"2024-12-16T16:34:43","date_gmt":"2024-12-16T08:34:43","guid":{"rendered":"https:\/\/www.sikortex.com\/?post_type=product&#038;p=7320"},"modified":"2025-03-21T14:14:26","modified_gmt":"2025-03-21T06:14:26","slug":"sk8362-14","status":"publish","type":"product","link":"https:\/\/www.sikortex.com\/pl\/produkt\/sk8362-14\/","title":{"rendered":"Tkaniny 1000D 1680D Ballistic Nylon Ripstop"},"content":{"rendered":"<p>Nylon balistyczny - trwa\u0142y i wszechstronny materia\u0142<br \/>\nNylon balistyczny, niezwyk\u0142y materia\u0142 o bogatej historii, zosta\u0142 opracowany przez firm\u0119 DuPont podczas II wojny \u015bwiatowej. Zosta\u0142 zaprojektowany z my\u015bl\u0105 o niezwyk\u0142ej trwa\u0142o\u015bci i odporno\u015bci, pocz\u0105tkowo z zamiarem ochrony personelu wojskowego. W szczeg\u00f3lno\u015bci zosta\u0142 zaprojektowany do stosowania w kuloodpornych kurtkach dla cz\u0142onk\u00f3w za\u0142ogi samolotu, chroni\u0105c ich przed niebezpiecze\u0144stwami zwi\u0105zanymi z kulami, od\u0142amkami i uderzeniami balistycznymi. Konstrukcja obejmowa\u0142a laminowanie wielu warstw grubej tkaniny w celu zwi\u0119kszenia jej zdolno\u015bci ochronnych.<\/p>\n<p>Jednak w miar\u0119 post\u0119pu technologicznego pod koniec lat 70. XX wieku <a href=\"https:\/\/www.sikortex.com\/pl\/tkanina-wojskowa-ripstop\/\"><span style=\"color: #3366ff;\">wojskowy<\/span><\/a> przeszed\u0142 na bardziej zaawansowane pancerze, takie jak Kevlar\u00ae, polietylen o ultra wysokiej masie cz\u0105steczkowej i technologie p\u0142yt ceramicznych. Te nowe materia\u0142y okaza\u0142y si\u0119 o wiele skuteczniejsze w zatrzymywaniu kul i od\u0142amk\u00f3w, sprawiaj\u0105c, \u017ce nylon balistyczny sta\u0142 si\u0119 mniej odpowiedni do pierwotnego celu ochrony balistycznej. Niemniej jednak znalaz\u0142 nowe \u017cycie w wielu innych zastosowaniach.<\/p>\n<p>W latach 80. termin \u201ebalistyczny\u201d zyska\u0142 znaczn\u0105 popularno\u015b\u0107 na rynku konsumenckim, zw\u0142aszcza w bran\u017cy baga\u017cowej. Wytrzyma\u0142y splot w po\u0142\u0105czeniu z dobrze znan\u0105 wytrzyma\u0142o\u015bci\u0105 i g\u0142adk\u0105 powierzchni\u0105 sprawi\u0142y, \u017ce sta\u0142 si\u0119 atrakcyjnym wyborem. Od tego czasu sta\u0142 si\u0119 podstawowym materia\u0142em w produkcji r\u00f3\u017cnych przedmiot\u00f3w. Na przyk\u0142ad jest powszechnie stosowany w baga\u017cach, torbach podr\u00f3\u017cnych, teczkach, legowiskach dla zwierz\u0105t, <a href=\"https:\/\/www.sikortex.com\/pl\/czasopismo\/tkaniny-na-odziez-robocza\/\"><span style=\"color: #3366ff;\">odzie\u017c robocza<\/span><\/a>, krzes\u0142a, plecaki, koce dla koni i niestandardowe etui. Unikalny \u201esplot balistyczny\u201d, czyli splot koszykowy 2\u00d72, odgrywa kluczow\u0105 rol\u0119 w maksymalizacji odporno\u015bci tkaniny na rozdarcie i og\u00f3lnej trwa\u0142o\u015bci. Ten wz\u00f3r splotu przekszta\u0142ca poszczeg\u00f3lne nici nylonowe w wysoce wytrzyma\u0142y materia\u0142.<img loading=\"lazy\" decoding=\"async\" class=\"wp-image-7349 alignright\" src=\"https:\/\/www.sikortex.com\/wp-content\/uploads\/2024\/12\/Ballistic-Nylon-1680D-300x124.jpg\" alt=\"\" width=\"799\" height=\"330\" title=\"\" srcset=\"https:\/\/www.sikortex.com\/wp-content\/uploads\/2024\/12\/Ballistic-Nylon-1680D-300x124.jpg 300w, https:\/\/www.sikortex.com\/wp-content\/uploads\/2024\/12\/Ballistic-Nylon-1680D-768x318.jpg 768w, https:\/\/www.sikortex.com\/wp-content\/uploads\/2024\/12\/Ballistic-Nylon-1680D-18x7.jpg 18w, https:\/\/www.sikortex.com\/wp-content\/uploads\/2024\/12\/Ballistic-Nylon-1680D-600x248.jpg 600w, https:\/\/www.sikortex.com\/wp-content\/uploads\/2024\/12\/Ballistic-Nylon-1680D.jpg 800w\" sizes=\"auto, (max-width: 799px) 100vw, 799px\" \/><\/p>\n<p>Tkaniny nylonowe balistyczne s\u0105 zazwyczaj wytwarzane z ultra-wysokich denier\u00f3w nylonowych. Spo\u015br\u00f3d nich nylony balistyczne 1680D i 1000D s\u0105 szczeg\u00f3lnie popularne i szeroko stosowane. Wa\u017cne jest, aby zauwa\u017cy\u0107, \u017ce wiele os\u00f3b cz\u0119sto \u017ale rozumie zwi\u0105zek mi\u0119dzy cechami nylonu balistycznego a wag\u0105 nici denier\u00f3w. Tkanina koszykowa 2\u00d72 jest tym, co naprawd\u0119 j\u0105 wyr\u00f3\u017cnia. <a href=\"https:\/\/www.sikortex.com\/pl\/profil-firmy\/\"><span style=\"color: #3366ff;\">SIKOR-TEX<\/span><\/a> jest uznanym producentem wysokiej jako\u015bci sprz\u0119tu balistycznego <a href=\"https:\/\/www.sikortex.com\/pl\/producent-tkanin-nylonowych\/\"><span style=\"color: #3366ff;\">tkaniny nylonowe<\/span><\/a>, przyczyniaj\u0105c si\u0119 do dost\u0119pno\u015bci najwy\u017cszej jako\u015bci materia\u0142\u00f3w na rynku.<\/p>\n<p>Nasz nylonowy materia\u0142 balistyczny 1680D wyr\u00f3\u017cnia si\u0119 wysok\u0105 wytrzyma\u0142o\u015bci\u0105 i trwa\u0142o\u015bci\u0105. Jest on dodatkowo wzmocniony pow\u0142ok\u0105 poliuretanow\u0105, kt\u00f3ra zapewnia mu <a href=\"https:\/\/www.sikortex.com\/pl\/wodoodporny-wodoodporny-odporny-na-dzialanie-wody\/\"><span style=\"color: #3366ff;\">wodoodporny<\/span><\/a> w\u0142a\u015bciwo\u015bci. Dzi\u0119ki temu nadaje si\u0119 do szerokiego zakresu zastosowa\u0144, w kt\u00f3rych liczy si\u0119 zar\u00f3wno trwa\u0142o\u015b\u0107, jak i <a href=\"\/pl\/okolo-wodoodporna-tkanina-oxford\/\"><span style=\"color: #3366ff;\">odporno\u015b\u0107 na wod\u0119<\/span><\/a> s\u0105 niezb\u0119dne. Z drugiej strony nylon balistyczny 1680D jest preferowany w przypadku projekt\u00f3w, kt\u00f3re wymagaj\u0105 nie tylko wytrzyma\u0142o\u015bci, ale tak\u017ce <a href=\"https:\/\/www.sikortex.com\/pl\/wodoodporny-wodoodporny-odporny-na-dzialanie-wody\/\"><span style=\"color: #3366ff;\">wodoodporny<\/span><\/a> i odporne na ple\u015b\u0144. Jest to wysoce wytrzyma\u0142y materia\u0142 syntetyczny o splocie koszykowym, kt\u00f3ry wytrzymuje trudne warunki i intensywne u\u017cytkowanie.<\/p>\n<p>Podsumowuj\u0105c, je\u015bli szukasz materia\u0142u, kt\u00f3ry \u0142\u0105czy w sobie wyj\u0105tkow\u0105 trwa\u0142o\u015b\u0107, odporno\u015b\u0107 na zu\u017cycie i wszechstronno\u015b\u0107, nylon balistyczny jest doskona\u0142ym wyborem. Jego szeroki zakres zastosowa\u0144 i sprawdzona wydajno\u015b\u0107 na przestrzeni lat sprawiaj\u0105, \u017ce jest to niezawodny wyb\u00f3r dla r\u00f3\u017cnych bran\u017c i konsument\u00f3w. Niezale\u017cnie od tego, czy chodzi o tworzenie trwa\u0142ego sprz\u0119tu podr\u00f3\u017cnego, czy te\u017c trwa\u0142ego <a href=\"https:\/\/www.sikortex.com\/pl\/czasopismo\/tkaniny-na-odziez-robocza\/\"><span style=\"color: #3366ff;\">odzie\u017c robocza,<\/span><\/a> nylon balistyczny nadal udowadnia swoj\u0105 warto\u015b\u0107.<\/p>\n<p><a href=\"\/pl\/dostawca-tkanin-ripstop\/\"><span style=\"color: #3366ff;\">Dowiedz si\u0119 wi\u0119cej o tkaninach ripstop<\/span><\/a><\/p>","protected":false},"excerpt":{"rendered":"<p>1200 metr\u00f3w (min. zam\u00f3wienie)<\/p>","protected":false},"featured_media":7352,"comment_status":"closed","ping_status":"closed","template":"","meta":{"_uag_custom_page_level_css":"","site-sidebar-layout":"default","site-content-layout":"default","ast-site-content-layout":"default","site-content-style":"default","site-sidebar-style":"default","ast-global-header-display":"","ast-banner-title-visibility":"","ast-main-header-display":"","ast-hfb-above-header-display":"","ast-hfb-below-header-display":"","ast-hfb-mobile-header-display":"","site-post-title":"","ast-breadcrumbs-content":"","ast-featured-img":"","footer-sml-layout":"","theme-transparent-header-meta":"default","adv-header-id-meta":"","stick-header-meta":"default","header-above-stick-meta":"","header-main-stick-meta":"","header-below-stick-meta":"","astra-migrate-meta-layouts":"set","ast-page-background-enabled":"default","ast-page-background-meta":{"desktop":{"background-color":"","background-image":"","background-repeat":"repeat","background-position":"center center","background-size":"auto","background-attachment":"scroll","background-type":"","background-media":"","overlay-type":"","overlay-color":"","overlay-opacity":"","overlay-gradient":""},"tablet":{"background-color":"","background-image":"","background-repeat":"repeat","background-position":"center center","background-size":"auto","background-attachment":"scroll","background-type":"","background-media":"","overlay-type":"","overlay-color":"","overlay-opacity":"","overlay-gradient":""},"mobile":{"background-color":"","background-image":"","background-repeat":"repeat","background-position":"center center","background-size":"auto","background-attachment":"scroll","background-type":"","background-media":"","overlay-type":"","overlay-color":"","overlay-opacity":"","overlay-gradient":""}},"ast-content-background-meta":{"desktop":{"background-color":"var(--ast-global-color-5)","background-image":"","background-repeat":"repeat","background-position":"center center","background-size":"auto","background-attachment":"scroll","background-type":"","background-media":"","overlay-type":"","overlay-color":"","overlay-opacity":"","overlay-gradient":""},"tablet":{"background-color":"var(--ast-global-color-5)","background-image":"","background-repeat":"repeat","background-position":"center center","background-size":"auto","background-attachment":"scroll","background-type":"","background-media":"","overlay-type":"","overlay-color":"","overlay-opacity":"","overlay-gradient":""},"mobile":{"background-color":"var(--ast-global-color-5)","background-image":"","background-repeat":"repeat","background-position":"center center","background-size":"auto","background-attachment":"scroll","background-type":"","background-media":"","overlay-type":"","overlay-color":"","overlay-opacity":"","overlay-gradient":""}}},"product_brand":[],"product_cat":[1206,1183,423,430,428,432,404,1184,427,433,414],"product_tag":[],"class_list":{"0":"post-7320","1":"product","2":"type-product","3":"status-publish","4":"has-post-thumbnail","6":"product_cat-fabric-for-bag","7":"product_cat-fabric-for-horse-blankets","8":"product_cat-fabric-for-military-police","9":"product_cat-fabric-for-motorwear","10":"product_cat-fabric-for-outdoor-sports","11":"product_cat-fabric-for-tent","12":"product_cat-nylon-fabrics","13":"product_cat-oxford-fabric","14":"product_cat-petroleum-and-petrochemical","15":"product_cat-textile-for-industrial","16":"product_cat-waterproof-fabrics","17":"pa_available_colors-1526-52","18":"desktop-align-left","19":"tablet-align-left","20":"mobile-align-left","21":"ast-product-gallery-layout-vertical-slider","22":"ast-product-tabs-layout-horizontal","24":"first","25":"instock","26":"shipping-taxable","27":"product-type-simple"},"uagb_featured_image_src":{"full":["https:\/\/www.sikortex.com\/wp-content\/uploads\/2024\/12\/Ballistic-Nylon-1680D-PU-Coated.jpg",800,800,false],"thumbnail":["https:\/\/www.sikortex.com\/wp-content\/uploads\/2024\/12\/Ballistic-Nylon-1680D-PU-Coated-150x150.jpg",150,150,true],"medium":["https:\/\/www.sikortex.com\/wp-content\/uploads\/2024\/12\/Ballistic-Nylon-1680D-PU-Coated-300x300.jpg",300,300,true],"medium_large":["https:\/\/www.sikortex.com\/wp-content\/uploads\/2024\/12\/Ballistic-Nylon-1680D-PU-Coated-768x768.jpg",768,768,true],"large":["https:\/\/www.sikortex.com\/wp-content\/uploads\/2024\/12\/Ballistic-Nylon-1680D-PU-Coated.jpg",800,800,false],"1536x1536":["https:\/\/www.sikortex.com\/wp-content\/uploads\/2024\/12\/Ballistic-Nylon-1680D-PU-Coated.jpg",800,800,false],"2048x2048":["https:\/\/www.sikortex.com\/wp-content\/uploads\/2024\/12\/Ballistic-Nylon-1680D-PU-Coated.jpg",800,800,false],"trp-custom-language-flag":["https:\/\/www.sikortex.com\/wp-content\/uploads\/2024\/12\/Ballistic-Nylon-1680D-PU-Coated-12x12.jpg",12,12,true],"woocommerce_thumbnail":["https:\/\/www.sikortex.com\/wp-content\/uploads\/2024\/12\/Ballistic-Nylon-1680D-PU-Coated-300x300.jpg",300,300,true],"woocommerce_single":["https:\/\/www.sikortex.com\/wp-content\/uploads\/2024\/12\/Ballistic-Nylon-1680D-PU-Coated-600x600.jpg",600,600,true],"woocommerce_gallery_thumbnail":["https:\/\/www.sikortex.com\/wp-content\/uploads\/2024\/12\/Ballistic-Nylon-1680D-PU-Coated-100x100.jpg",100,100,true]},"uagb_author_info":{"display_name":"Perry","author_link":"https:\/\/www.sikortex.com\/pl\/author\/"},"uagb_comment_info":0,"uagb_excerpt":"1200 Meters(Min.Order)","_links":{"self":[{"href":"https:\/\/www.sikortex.com\/pl\/wp-json\/wp\/v2\/product\/7320","targetHints":{"allow":["GET"]}}],"collection":[{"href":"https:\/\/www.sikortex.com\/pl\/wp-json\/wp\/v2\/product"}],"about":[{"href":"https:\/\/www.sikortex.com\/pl\/wp-json\/wp\/v2\/types\/product"}],"replies":[{"embeddable":true,"href":"https:\/\/www.sikortex.com\/pl\/wp-json\/wp\/v2\/comments?post=7320"}],"wp:featuredmedia":[{"embeddable":true,"href":"https:\/\/www.sikortex.com\/pl\/wp-json\/wp\/v2\/media\/7352"}],"wp:attachment":[{"href":"https:\/\/www.sikortex.com\/pl\/wp-json\/wp\/v2\/media?parent=7320"}],"wp:term":[{"taxonomy":"product_brand","embeddable":true,"href":"https:\/\/www.sikortex.com\/pl\/wp-json\/wp\/v2\/product_brand?post=7320"},{"taxonomy":"product_cat","embeddable":true,"href":"https:\/\/www.sikortex.com\/pl\/wp-json\/wp\/v2\/product_cat?post=7320"},{"taxonomy":"product_tag","embeddable":true,"href":"https:\/\/www.sikortex.com\/pl\/wp-json\/wp\/v2\/product_tag?post=7320"}],"curies":[{"name":"wp","href":"https:\/\/api.w.org\/{rel}","templated":true}]}}