{"id":7270,"date":"2024-12-11T11:03:48","date_gmt":"2024-12-11T03:03:48","guid":{"rendered":"https:\/\/www.sikortex.com\/?post_type=product&#038;p=7270"},"modified":"2024-12-27T14:18:17","modified_gmt":"2024-12-27T06:18:17","slug":"sk8362-9","status":"publish","type":"product","link":"https:\/\/www.sikortex.com\/pl\/produkt\/sk8362-9\/","title":{"rendered":"Tkanina poliestrowa 900D powlekana poliuretanem Ripstop na koce dla koni"},"content":{"rendered":"<div class=\"auto-hide-last-sibling-br paragraph-u1TS5p paragraph-element br-paragraph-space\">Nasza tkanina poliestrowa 900D z pow\u0142ok\u0105 poliuretanow\u0105 Ripstop na koce dla koni. Tkanina ta jest wykonana z poliestru 900D, zapewniaj\u0105c grubo\u015b\u0107, kt\u00f3ra idealnie si\u0119 r\u00f3wnowa\u017cy. Technika tkania Ripstop jest kluczow\u0105 cech\u0105, nadaj\u0105c\u0105 tkaninie niezwyk\u0142\u0105 wytrzyma\u0142o\u015b\u0107 na rozci\u0105ganie i rozdarcie. Nawet gdy konie energicznie biegaj\u0105 lub bawi\u0105 si\u0119, tkanina pozostaje nienaruszona, eliminuj\u0105c obawy o rozdarcie.<\/div>\n<p>&nbsp;<\/p>\n<div class=\"auto-hide-last-sibling-br paragraph-u1TS5p paragraph-element br-paragraph-space\">Dodatek wodoodpornej i oddychaj\u0105cej pow\u0142oki PU dodatkowo zwi\u0119ksza jej funkcjonalno\u015b\u0107. Dzia\u0142a ona jak niezawodna os\u0142ona przed burzow\u0105 pogod\u0105, zapewniaj\u0105c koniom sucho\u015b\u0107 i wygod\u0119. Wysoka oddychalno\u015b\u0107 procesu powlekania pozwala na ucieczk\u0119 wilgoci, zapobiegaj\u0105c gromadzeniu si\u0119 wilgoci i zapewniaj\u0105c, \u017ce sk\u00f3ra konia pozostaje w zdrowym stanie.<\/div>\n<p>&nbsp;<\/p>\n<div class=\"auto-hide-last-sibling-br paragraph-u1TS5p paragraph-element br-paragraph-space\">Kolejn\u0105 godn\u0105 uwagi zalet\u0105 jest jej mi\u0119kko\u015b\u0107. Pomimo swojej wytrzyma\u0142o\u015bci, materia\u0142 jest delikatny dla sier\u015bci i sk\u00f3ry konia, zapobiegaj\u0105c otarciom i dyskomfortowi. Ma to kluczowe znaczenie, poniewa\u017c konie maj\u0105 wra\u017cliw\u0105 sk\u00f3r\u0119 i potrzebuj\u0105 materia\u0142u, kt\u00f3ry jest jednocze\u015bnie wytrzyma\u0142y i mi\u0119kki.<\/div>\n<p>&nbsp;<\/p>\n<div class=\"auto-hide-last-sibling-br paragraph-u1TS5p paragraph-element br-paragraph-space\">Co wi\u0119cej, nasza tkanina poliestrowa 900D z pow\u0142ok\u0105 poliuretanow\u0105 Ripstop na koce dla koni jest r\u00f3wnie\u017c przyjazna dla \u015brodowiska. Jest produkowana przy u\u017cyciu zaawansowanych proces\u00f3w produkcyjnych, kt\u00f3re minimalizuj\u0105 odpady i zu\u017cycie energii. U\u017cywane materia\u0142y nadaj\u0105 si\u0119 do recyklingu, co zmniejsza wp\u0142yw na \u015brodowisko i przyczynia si\u0119 do zr\u00f3wnowa\u017conej produkcji tekstyli\u00f3w. Dzi\u0119ki temu jest to nie tylko \u015bwietny wyb\u00f3r dla dobrego samopoczucia koni, ale tak\u017ce dla zdrowia naszej planety.<\/div>\n<p>&nbsp;<\/p>\n<div class=\"auto-hide-last-sibling-br paragraph-u1TS5p paragraph-element br-paragraph-space\">Ponadto tkanina derki dla koni ma doskona\u0142e w\u0142a\u015bciwo\u015bci anty-UV. Skutecznie blokuje szkodliwe promienie ultrafioletowe, chroni\u0105c konie przed potencjalnymi uszkodzeniami s\u0142onecznymi, zw\u0142aszcza podczas d\u0142ugich godzin aktywno\u015bci na \u015bwie\u017cym powietrzu. Podsumowuj\u0105c, nasza tkanina poliestrowa 900D \u0142\u0105czy w sobie wytrzyma\u0142o\u015b\u0107, wodoodporno\u015b\u0107, oddychalno\u015b\u0107, mi\u0119kko\u015b\u0107, ochron\u0119 przed promieniowaniem UV i przyjazno\u015b\u0107 dla \u015brodowiska, dzi\u0119ki czemu jest idealnym materia\u0142em na derki dla koni, kt\u00f3re mog\u0105 zaspokoi\u0107 r\u00f3\u017cne potrzeby koni i zapewni\u0107 im najlepsz\u0105 opiek\u0119 i ochron\u0119.<\/div>","protected":false},"excerpt":{"rendered":"<p>1200 metr\u00f3w (min. zam\u00f3wienie)<\/p>","protected":false},"featured_media":7271,"comment_status":"closed","ping_status":"closed","template":"","meta":{"_uag_custom_page_level_css":"","site-sidebar-layout":"default","site-content-layout":"default","ast-site-content-layout":"","site-content-style":"default","site-sidebar-style":"default","ast-global-header-display":"","ast-banner-title-visibility":"","ast-main-header-display":"","ast-hfb-above-header-display":"","ast-hfb-below-header-display":"","ast-hfb-mobile-header-display":"","site-post-title":"","ast-breadcrumbs-content":"","ast-featured-img":"","footer-sml-layout":"","theme-transparent-header-meta":"default","adv-header-id-meta":"","stick-header-meta":"default","header-above-stick-meta":"","header-main-stick-meta":"","header-below-stick-meta":"","astra-migrate-meta-layouts":"default","ast-page-background-enabled":"default","ast-page-background-meta":{"desktop":{"background-color":"","background-image":"","background-repeat":"repeat","background-position":"center center","background-size":"auto","background-attachment":"scroll","background-type":"","background-media":"","overlay-type":"","overlay-color":"","overlay-opacity":"","overlay-gradient":""},"tablet":{"background-color":"","background-image":"","background-repeat":"repeat","background-position":"center center","background-size":"auto","background-attachment":"scroll","background-type":"","background-media":"","overlay-type":"","overlay-color":"","overlay-opacity":"","overlay-gradient":""},"mobile":{"background-color":"","background-image":"","background-repeat":"repeat","background-position":"center center","background-size":"auto","background-attachment":"scroll","background-type":"","background-media":"","overlay-type":"","overlay-color":"","overlay-opacity":"","overlay-gradient":""}},"ast-content-background-meta":{"desktop":{"background-color":"var(--ast-global-color-5)","background-image":"","background-repeat":"repeat","background-position":"center center","background-size":"auto","background-attachment":"scroll","background-type":"","background-media":"","overlay-type":"","overlay-color":"","overlay-opacity":"","overlay-gradient":""},"tablet":{"background-color":"var(--ast-global-color-5)","background-image":"","background-repeat":"repeat","background-position":"center center","background-size":"auto","background-attachment":"scroll","background-type":"","background-media":"","overlay-type":"","overlay-color":"","overlay-opacity":"","overlay-gradient":""},"mobile":{"background-color":"var(--ast-global-color-5)","background-image":"","background-repeat":"repeat","background-position":"center center","background-size":"auto","background-attachment":"scroll","background-type":"","background-media":"","overlay-type":"","overlay-color":"","overlay-opacity":"","overlay-gradient":""}}},"product_brand":[],"product_cat":[1183,432,1184,433,414],"product_tag":[],"class_list":{"0":"post-7270","1":"product","2":"type-product","3":"status-publish","4":"has-post-thumbnail","6":"product_cat-fabric-for-horse-blankets","7":"product_cat-fabric-for-tent","8":"product_cat-oxford-fabric","9":"product_cat-textile-for-industrial","10":"product_cat-waterproof-fabrics","11":"pa_available_colors-911052-spc","12":"desktop-align-left","13":"tablet-align-left","14":"mobile-align-left","15":"ast-product-gallery-layout-vertical-slider","16":"ast-product-tabs-layout-horizontal","18":"first","19":"instock","20":"shipping-taxable","21":"product-type-simple"},"uagb_featured_image_src":{"full":["https:\/\/www.sikortex.com\/wp-content\/uploads\/2024\/12\/Fabric-for-horse-blanket-3.jpg",800,800,false],"thumbnail":["https:\/\/www.sikortex.com\/wp-content\/uploads\/2024\/12\/Fabric-for-horse-blanket-3-150x150.jpg",150,150,true],"medium":["https:\/\/www.sikortex.com\/wp-content\/uploads\/2024\/12\/Fabric-for-horse-blanket-3-300x300.jpg",300,300,true],"medium_large":["https:\/\/www.sikortex.com\/wp-content\/uploads\/2024\/12\/Fabric-for-horse-blanket-3-768x768.jpg",768,768,true],"large":["https:\/\/www.sikortex.com\/wp-content\/uploads\/2024\/12\/Fabric-for-horse-blanket-3.jpg",800,800,false],"1536x1536":["https:\/\/www.sikortex.com\/wp-content\/uploads\/2024\/12\/Fabric-for-horse-blanket-3.jpg",800,800,false],"2048x2048":["https:\/\/www.sikortex.com\/wp-content\/uploads\/2024\/12\/Fabric-for-horse-blanket-3.jpg",800,800,false],"trp-custom-language-flag":["https:\/\/www.sikortex.com\/wp-content\/uploads\/2024\/12\/Fabric-for-horse-blanket-3-12x12.jpg",12,12,true],"woocommerce_thumbnail":["https:\/\/www.sikortex.com\/wp-content\/uploads\/2024\/12\/Fabric-for-horse-blanket-3-300x300.jpg",300,300,true],"woocommerce_single":["https:\/\/www.sikortex.com\/wp-content\/uploads\/2024\/12\/Fabric-for-horse-blanket-3-600x600.jpg",600,600,true],"woocommerce_gallery_thumbnail":["https:\/\/www.sikortex.com\/wp-content\/uploads\/2024\/12\/Fabric-for-horse-blanket-3-100x100.jpg",100,100,true]},"uagb_author_info":{"display_name":"Perry","author_link":"https:\/\/www.sikortex.com\/pl\/author\/"},"uagb_comment_info":0,"uagb_excerpt":"1200 Meters(Min.Order)","_links":{"self":[{"href":"https:\/\/www.sikortex.com\/pl\/wp-json\/wp\/v2\/product\/7270","targetHints":{"allow":["GET"]}}],"collection":[{"href":"https:\/\/www.sikortex.com\/pl\/wp-json\/wp\/v2\/product"}],"about":[{"href":"https:\/\/www.sikortex.com\/pl\/wp-json\/wp\/v2\/types\/product"}],"replies":[{"embeddable":true,"href":"https:\/\/www.sikortex.com\/pl\/wp-json\/wp\/v2\/comments?post=7270"}],"wp:featuredmedia":[{"embeddable":true,"href":"https:\/\/www.sikortex.com\/pl\/wp-json\/wp\/v2\/media\/7271"}],"wp:attachment":[{"href":"https:\/\/www.sikortex.com\/pl\/wp-json\/wp\/v2\/media?parent=7270"}],"wp:term":[{"taxonomy":"product_brand","embeddable":true,"href":"https:\/\/www.sikortex.com\/pl\/wp-json\/wp\/v2\/product_brand?post=7270"},{"taxonomy":"product_cat","embeddable":true,"href":"https:\/\/www.sikortex.com\/pl\/wp-json\/wp\/v2\/product_cat?post=7270"},{"taxonomy":"product_tag","embeddable":true,"href":"https:\/\/www.sikortex.com\/pl\/wp-json\/wp\/v2\/product_tag?post=7270"}],"curies":[{"name":"wp","href":"https:\/\/api.w.org\/{rel}","templated":true}]}}