{"id":7174,"date":"2024-11-20T15:56:44","date_gmt":"2024-11-20T07:56:44","guid":{"rendered":"https:\/\/www.sikortex.com\/?post_type=product&#038;p=7174"},"modified":"2025-01-07T10:23:17","modified_gmt":"2025-01-07T02:23:17","slug":"sk8362-8","status":"publish","type":"product","link":"https:\/\/www.sikortex.com\/pl\/produkt\/sk8362-8\/","title":{"rendered":"Tkanina poliestrowa ripstop oxford na derki dla koni"},"content":{"rendered":"<h4>Tkanina poliestrowa ripstop oxford na derki dla koni<\/h4>\n<p>Nasza poliestrowa tkanina ripstop oxford mo\u017ce by\u0107 u\u017cywana do produkcji derek dla koni. Tkanina ta jest wykonana z poliestru 300D, 500D, 600D, 900D, 120D, aby spe\u0142ni\u0107 r\u00f3\u017cne wymagania dotycz\u0105ce grubo\u015bci. Technologia tkania ripstop jest kluczow\u0105 cech\u0105, kt\u00f3ra zapewnia tkaninie niezwyk\u0142\u0105 wytrzyma\u0142o\u015b\u0107 na rozci\u0105ganie i odporno\u015b\u0107 na rozdarcie. Nawet je\u015bli ko\u0144 biega energicznie lub turla si\u0119 podczas zabawy, tkanina pozostaje nienaruszona bez obawy o rozdarcie.<\/p>\n<p>Dodatek wodoodpornej i oddychaj\u0105cej pow\u0142oki PU dodatkowo zwi\u0119ksza jej funkcjonalno\u015b\u0107. Dzia\u0142a ona jako niezawodna bariera przed burzow\u0105 pogod\u0105, zapewniaj\u0105c koniom sucho\u015b\u0107 i wygod\u0119. Wysoka oddychalno\u015b\u0107 procesu powlekania pozwala na ucieczk\u0119 wilgoci, zapobiegaj\u0105c jej gromadzeniu si\u0119, zapewniaj\u0105c, \u017ce sk\u00f3ra konia pozostaje w zdrowym stanie.<\/p>\n<p>Kolejn\u0105 istotn\u0105 zalet\u0105 jest jej mi\u0119kko\u015b\u0107. Pomimo swojej wytrzyma\u0142o\u015bci, materia\u0142 ten jest delikatny dla sier\u015bci i sk\u00f3ry konia, zapobiegaj\u0105c otarciom i dyskomfortowi. Ma to kluczowe znaczenie, poniewa\u017c sk\u00f3ra konia jest wra\u017cliwa i wymaga materia\u0142u, kt\u00f3ry jest jednocze\u015bnie wytrzyma\u0142y i mi\u0119kki.<\/p>\n<p>Ponadto nasza poliestrowa tkanina ripstop oxford jest r\u00f3wnie\u017c przyjazna dla \u015brodowiska. Jest wytwarzana przy u\u017cyciu zaawansowanych proces\u00f3w produkcyjnych, kt\u00f3re minimalizuj\u0105 ilo\u015b\u0107 odpad\u00f3w i zu\u017cycie energii. Zastosowane materia\u0142y nadaj\u0105 si\u0119 do recyklingu, zmniejszaj\u0105c wp\u0142yw na \u015brodowisko i przyczyniaj\u0105c si\u0119 do zr\u00f3wnowa\u017conej produkcji tekstyli\u00f3w. To sprawia, \u017ce jest to nie tylko doskona\u0142y wyb\u00f3r dla dobrego samopoczucia koni, ale tak\u017ce dla zdrowia naszej planety.<\/p>\n<p>Ponadto tkanina derki dla koni ma doskona\u0142\u0105 odporno\u015b\u0107 na promieniowanie UV. Skutecznie blokuje szkodliwe promienie UV, chroni\u0105c konie przed potencjalnymi uszkodzeniami s\u0142onecznymi, szczeg\u00f3lnie podczas d\u0142ugich okres\u00f3w aktywno\u015bci na \u015bwie\u017cym powietrzu. Podsumowuj\u0105c, nasza poliestrowa tkanina ripstop oxford \u0142\u0105czy w sobie wytrzyma\u0142o\u015b\u0107, wodoodporno\u015b\u0107, oddychalno\u015b\u0107, mi\u0119kko\u015b\u0107, ochron\u0119 przed promieniowaniem UV i ochron\u0119 \u015brodowiska, dzi\u0119ki czemu jest idealnym materia\u0142em na derki dla koni, kt\u00f3re mog\u0105 zaspokoi\u0107 r\u00f3\u017cne potrzeby koni i zapewni\u0107 im najlepsz\u0105 opiek\u0119 i ochron\u0119.<\/p>\n<p>&nbsp;<\/p>","protected":false},"excerpt":{"rendered":"<p>1200 metr\u00f3w (min. zam\u00f3wienie)<\/p>","protected":false},"featured_media":7234,"comment_status":"closed","ping_status":"closed","template":"","meta":{"_uag_custom_page_level_css":"","site-sidebar-layout":"default","site-content-layout":"default","ast-site-content-layout":"","site-content-style":"default","site-sidebar-style":"default","ast-global-header-display":"","ast-banner-title-visibility":"","ast-main-header-display":"","ast-hfb-above-header-display":"","ast-hfb-below-header-display":"","ast-hfb-mobile-header-display":"","site-post-title":"","ast-breadcrumbs-content":"","ast-featured-img":"","footer-sml-layout":"","theme-transparent-header-meta":"default","adv-header-id-meta":"","stick-header-meta":"default","header-above-stick-meta":"","header-main-stick-meta":"","header-below-stick-meta":"","astra-migrate-meta-layouts":"default","ast-page-background-enabled":"default","ast-page-background-meta":{"desktop":{"background-color":"","background-image":"","background-repeat":"repeat","background-position":"center center","background-size":"auto","background-attachment":"scroll","background-type":"","background-media":"","overlay-type":"","overlay-color":"","overlay-opacity":"","overlay-gradient":""},"tablet":{"background-color":"","background-image":"","background-repeat":"repeat","background-position":"center center","background-size":"auto","background-attachment":"scroll","background-type":"","background-media":"","overlay-type":"","overlay-color":"","overlay-opacity":"","overlay-gradient":""},"mobile":{"background-color":"","background-image":"","background-repeat":"repeat","background-position":"center center","background-size":"auto","background-attachment":"scroll","background-type":"","background-media":"","overlay-type":"","overlay-color":"","overlay-opacity":"","overlay-gradient":""}},"ast-content-background-meta":{"desktop":{"background-color":"var(--ast-global-color-5)","background-image":"","background-repeat":"repeat","background-position":"center center","background-size":"auto","background-attachment":"scroll","background-type":"","background-media":"","overlay-type":"","overlay-color":"","overlay-opacity":"","overlay-gradient":""},"tablet":{"background-color":"var(--ast-global-color-5)","background-image":"","background-repeat":"repeat","background-position":"center center","background-size":"auto","background-attachment":"scroll","background-type":"","background-media":"","overlay-type":"","overlay-color":"","overlay-opacity":"","overlay-gradient":""},"mobile":{"background-color":"var(--ast-global-color-5)","background-image":"","background-repeat":"repeat","background-position":"center center","background-size":"auto","background-attachment":"scroll","background-type":"","background-media":"","overlay-type":"","overlay-color":"","overlay-opacity":"","overlay-gradient":""}}},"product_brand":[],"product_cat":[1183,432,1184,427,433,414],"product_tag":[],"class_list":{"0":"post-7174","1":"product","2":"type-product","3":"status-publish","4":"has-post-thumbnail","6":"product_cat-fabric-for-horse-blankets","7":"product_cat-fabric-for-tent","8":"product_cat-oxford-fabric","9":"product_cat-petroleum-and-petrochemical","10":"product_cat-textile-for-industrial","11":"product_cat-waterproof-fabrics","12":"pa_available_colors-911052-spc","13":"desktop-align-left","14":"tablet-align-left","15":"mobile-align-left","16":"ast-product-gallery-layout-vertical-slider","17":"ast-product-tabs-layout-horizontal","19":"first","20":"instock","21":"shipping-taxable","22":"product-type-simple"},"uagb_featured_image_src":{"full":["https:\/\/www.sikortex.com\/wp-content\/uploads\/2024\/11\/fabric-for-Horse-Rugs-2.jpg",800,734,false],"thumbnail":["https:\/\/www.sikortex.com\/wp-content\/uploads\/2024\/11\/fabric-for-Horse-Rugs-2-150x150.jpg",150,150,true],"medium":["https:\/\/www.sikortex.com\/wp-content\/uploads\/2024\/11\/fabric-for-Horse-Rugs-2-300x275.jpg",300,275,true],"medium_large":["https:\/\/www.sikortex.com\/wp-content\/uploads\/2024\/11\/fabric-for-Horse-Rugs-2-768x705.jpg",768,705,true],"large":["https:\/\/www.sikortex.com\/wp-content\/uploads\/2024\/11\/fabric-for-Horse-Rugs-2.jpg",800,734,false],"1536x1536":["https:\/\/www.sikortex.com\/wp-content\/uploads\/2024\/11\/fabric-for-Horse-Rugs-2.jpg",800,734,false],"2048x2048":["https:\/\/www.sikortex.com\/wp-content\/uploads\/2024\/11\/fabric-for-Horse-Rugs-2.jpg",800,734,false],"trp-custom-language-flag":["https:\/\/www.sikortex.com\/wp-content\/uploads\/2024\/11\/fabric-for-Horse-Rugs-2-13x12.jpg",13,12,true],"woocommerce_thumbnail":["https:\/\/www.sikortex.com\/wp-content\/uploads\/2024\/11\/fabric-for-Horse-Rugs-2-300x300.jpg",300,300,true],"woocommerce_single":["https:\/\/www.sikortex.com\/wp-content\/uploads\/2024\/11\/fabric-for-Horse-Rugs-2-600x551.jpg",600,551,true],"woocommerce_gallery_thumbnail":["https:\/\/www.sikortex.com\/wp-content\/uploads\/2024\/11\/fabric-for-Horse-Rugs-2-100x100.jpg",100,100,true]},"uagb_author_info":{"display_name":"Sandy","author_link":"https:\/\/www.sikortex.com\/pl\/author\/"},"uagb_comment_info":0,"uagb_excerpt":"1200 Meters(Min.Order)","_links":{"self":[{"href":"https:\/\/www.sikortex.com\/pl\/wp-json\/wp\/v2\/product\/7174","targetHints":{"allow":["GET"]}}],"collection":[{"href":"https:\/\/www.sikortex.com\/pl\/wp-json\/wp\/v2\/product"}],"about":[{"href":"https:\/\/www.sikortex.com\/pl\/wp-json\/wp\/v2\/types\/product"}],"replies":[{"embeddable":true,"href":"https:\/\/www.sikortex.com\/pl\/wp-json\/wp\/v2\/comments?post=7174"}],"wp:featuredmedia":[{"embeddable":true,"href":"https:\/\/www.sikortex.com\/pl\/wp-json\/wp\/v2\/media\/7234"}],"wp:attachment":[{"href":"https:\/\/www.sikortex.com\/pl\/wp-json\/wp\/v2\/media?parent=7174"}],"wp:term":[{"taxonomy":"product_brand","embeddable":true,"href":"https:\/\/www.sikortex.com\/pl\/wp-json\/wp\/v2\/product_brand?post=7174"},{"taxonomy":"product_cat","embeddable":true,"href":"https:\/\/www.sikortex.com\/pl\/wp-json\/wp\/v2\/product_cat?post=7174"},{"taxonomy":"product_tag","embeddable":true,"href":"https:\/\/www.sikortex.com\/pl\/wp-json\/wp\/v2\/product_tag?post=7174"}],"curies":[{"name":"wp","href":"https:\/\/api.w.org\/{rel}","templated":true}]}}