{"id":7165,"date":"2024-11-19T15:13:55","date_gmt":"2024-11-19T07:13:55","guid":{"rendered":"https:\/\/www.sikortex.com\/?post_type=product&#038;p=7165"},"modified":"2025-01-07T10:19:40","modified_gmt":"2025-01-07T02:19:40","slug":"sk8362-5","status":"publish","type":"product","link":"https:\/\/www.sikortex.com\/pl\/produkt\/sk8362-5\/","title":{"rendered":"Tkanina na derki dla koni z nylonu ripstop 650D z pow\u0142ok\u0105 poliuretanow\u0105"},"content":{"rendered":"<h4>Tkanina na derki dla koni 650D Nylon Ripstop, powlekana poliuretanem: idealne po\u0142\u0105czenie trwa\u0142o\u015bci i stylu<\/h4>\n<p>&nbsp;<\/p>\n<p>Je\u015bli chodzi o wyb\u00f3r materia\u0142u na derki dla koni, pierwszym wyborem jest tkanina nylonowa ripstop 650D powlekana poliuretanem. Ta tkanina \u0142\u0105czy wytrzyma\u0142o\u015b\u0107, wodoodporno\u015b\u0107 i odporno\u015b\u0107 na \u015bcieranie z \u017cyw\u0105 estetyk\u0105 i jest zaprojektowana tak, aby zapewni\u0107 d\u0142ugotrwa\u0142\u0105 wydajno\u015b\u0107 w ka\u017cdym \u015brodowisku.<\/p>\n<p>Cechy materia\u0142u: Najwy\u017csza jako\u015b\u0107 zapewniaj\u0105ca trwa\u0142o\u015b\u0107 na zewn\u0105trz<\/p>\n<p>1. W\u0142a\u015bciwo\u015bci materia\u0142u nylonowego<\/p>\n<p>Wysoka wytrzyma\u0142o\u015b\u0107: Ta bardzo wytrzyma\u0142a tkanina lepiej sobie radzi z trudnymi warunkami i nie ulega \u0142atwo uszkodzeniom ani p\u0119kni\u0119ciom, co gwarantuje trwa\u0142o\u015b\u0107 derki dla konia.<\/p>\n<p>Lekko\u015b\u0107: Sam materia\u0142 nylonowy jest stosunkowo lekki. U\u017cywany jako derka dla konia, nie b\u0119dzie zbyt du\u017cym obci\u0105\u017ceniem dla konia, pozwalaj\u0105c koniowi porusza\u0107 si\u0119 \u0142atwiej, gdy ma na sobie derk\u0119.<\/p>\n<p>2. Odporno\u015b\u0107 na rozdarcia: Wzmocnione prz\u0119dze mog\u0105 zapobiega\u0107 dalszemu rozprzestrzenianiu si\u0119 rozdar\u0107. Nawet je\u015bli tkanina jest lekko uszkodzona, nie rozprzestrzeni si\u0119 ona \u0142atwo w du\u017ce rozdarcia, znacznie wyd\u0142u\u017caj\u0105c \u017cywotno\u015b\u0107 tkaniny.<\/p>\n<p>3.Charakterystyka pow\u0142oki PU:<\/p>\n<p>Dobra wodoodporno\u015b\u0107: skutecznie chroni konie przed zamoczeniem przez deszcz na zewn\u0105trz, utrzymuje je w sucho\u015bci i zapobiega chorobom koni lub ich dyskomfortowi z powodu wilgoci.<\/p>\n<p>Zwi\u0119kszona odporno\u015b\u0107 na zu\u017cycie: Mo\u017ce zmniejszy\u0107 uszkodzenia materia\u0142u derki dla konia podczas u\u017cytkowania i dodatkowo wyd\u0142u\u017cy\u0107 jej \u017cywotno\u015b\u0107.<\/p>\n<p>Oddychalno\u015b\u0107: Materia\u0142 jest wodoodporny, a jednocze\u015bnie pozwala sk\u00f3rze konia na zachowanie pewnego stopnia oddychalno\u015bci, zapobiegaj\u0105c problemom sk\u00f3rnym spowodowanym przez d\u0142ugotrwa\u0142e noszenie materia\u0142\u00f3w nieoddychaj\u0105cych.<\/p>\n<p>4. Inne funkcje:<\/p>\n<p>\u0141atwe do czyszczenia: Powierzchnia jest stosunkowo g\u0142adka, mniej podatna na zabrudzenia kurzem i brudem, a tak\u017ce \u0142atwiejsza do czyszczenia po zabrudzeniu. Wi\u0119kszo\u015b\u0107 plam mo\u017cna usun\u0105\u0107, po prostu przecieraj\u0105c wilgotn\u0105 szmatk\u0105.<\/p>\n<p>Dobra odporno\u015b\u0107 na warunki atmosferyczne: Mo\u017ce dostosowa\u0107 si\u0119 do r\u00f3\u017cnych warunk\u00f3w klimatycznych. Niezale\u017cnie od tego, czy jest to gor\u0105ce lato, czy zimna zima, mo\u017ce zachowa\u0107 dobr\u0105 wydajno\u015b\u0107 i nie jest podatny na czynniki takie jak temperatura i wilgotno\u015b\u0107, powoduj\u0105ce problemy takie jak odkszta\u0142cenia i starzenie.<\/p>\n<p>Tkaniny 650D Nylon Ripstop idealnie nadaj\u0105 si\u0119 do r\u00f3\u017cnych zastosowa\u0144 na zewn\u0105trz, w tym:<\/p>\n<p>Plecaki: Wysoka wytrzyma\u0142o\u015b\u0107 i odporno\u015b\u0107 na rozdarcie sprawiaj\u0105, \u017ce jest to idealny materia\u0142 na plecaki turystyczne.<br \/>\nOdzie\u017c outdoorowa: zwi\u0119ksza trwa\u0142o\u015b\u0107 odzie\u017cy i wyd\u0142u\u017ca jej \u017cywotno\u015b\u0107.<br \/>\nMateria\u0142 namiotu: Zapewnia dobr\u0105 wiatroszczelno\u015b\u0107, odporno\u015b\u0107 na deszcz i rozdarcia.<\/p>\n<p>Wsparcie personalizacji: dopasuj swoj\u0105 tkanin\u0119 do perfekcji<\/p>\n<p>Oferujemy szerokie mo\u017cliwo\u015bci personalizacji, w tym szerok\u0105 gam\u0119 kolor\u00f3w, niestandardowe wymiary, r\u00f3\u017cne grubo\u015bci pow\u0142ok PU i nadruki do brandingu lub projektowania. Dostosuj tkanin\u0119 do swoich dok\u0142adnych potrzeb, zapewniaj\u0105c maksymalny wp\u0142yw i satysfakcj\u0119.<\/p>\n<p>Odkryj, jak tkanina 650D Nylon Ripstop mo\u017ce ulepszy\u0107 Twoje produkty outdoorowe dzi\u0119ki niezr\u00f3wnanej trwa\u0142o\u015bci i stylowi. Skontaktuj si\u0119 z nami ju\u017c dzi\u015b, aby uzyska\u0107 wi\u0119cej informacji na temat personalizacji i dost\u0119pno\u015bci.<\/p>","protected":false},"excerpt":{"rendered":"<p>1200 metr\u00f3w (min. zam\u00f3wienie)<\/p>","protected":false},"featured_media":7229,"comment_status":"closed","ping_status":"closed","template":"","meta":{"_uag_custom_page_level_css":"","site-sidebar-layout":"default","site-content-layout":"default","ast-site-content-layout":"","site-content-style":"default","site-sidebar-style":"default","ast-global-header-display":"","ast-banner-title-visibility":"","ast-main-header-display":"","ast-hfb-above-header-display":"","ast-hfb-below-header-display":"","ast-hfb-mobile-header-display":"","site-post-title":"","ast-breadcrumbs-content":"","ast-featured-img":"","footer-sml-layout":"","theme-transparent-header-meta":"default","adv-header-id-meta":"","stick-header-meta":"default","header-above-stick-meta":"","header-main-stick-meta":"","header-below-stick-meta":"","astra-migrate-meta-layouts":"default","ast-page-background-enabled":"default","ast-page-background-meta":{"desktop":{"background-color":"","background-image":"","background-repeat":"repeat","background-position":"center center","background-size":"auto","background-attachment":"scroll","background-type":"","background-media":"","overlay-type":"","overlay-color":"","overlay-opacity":"","overlay-gradient":""},"tablet":{"background-color":"","background-image":"","background-repeat":"repeat","background-position":"center center","background-size":"auto","background-attachment":"scroll","background-type":"","background-media":"","overlay-type":"","overlay-color":"","overlay-opacity":"","overlay-gradient":""},"mobile":{"background-color":"","background-image":"","background-repeat":"repeat","background-position":"center center","background-size":"auto","background-attachment":"scroll","background-type":"","background-media":"","overlay-type":"","overlay-color":"","overlay-opacity":"","overlay-gradient":""}},"ast-content-background-meta":{"desktop":{"background-color":"var(--ast-global-color-5)","background-image":"","background-repeat":"repeat","background-position":"center center","background-size":"auto","background-attachment":"scroll","background-type":"","background-media":"","overlay-type":"","overlay-color":"","overlay-opacity":"","overlay-gradient":""},"tablet":{"background-color":"var(--ast-global-color-5)","background-image":"","background-repeat":"repeat","background-position":"center center","background-size":"auto","background-attachment":"scroll","background-type":"","background-media":"","overlay-type":"","overlay-color":"","overlay-opacity":"","overlay-gradient":""},"mobile":{"background-color":"var(--ast-global-color-5)","background-image":"","background-repeat":"repeat","background-position":"center center","background-size":"auto","background-attachment":"scroll","background-type":"","background-media":"","overlay-type":"","overlay-color":"","overlay-opacity":"","overlay-gradient":""}}},"product_brand":[],"product_cat":[426,1183,432,404,433,414],"product_tag":[],"class_list":{"0":"post-7165","1":"product","2":"type-product","3":"status-publish","4":"has-post-thumbnail","6":"product_cat-constructionmining","7":"product_cat-fabric-for-horse-blankets","8":"product_cat-fabric-for-tent","9":"product_cat-nylon-fabrics","10":"product_cat-textile-for-industrial","11":"product_cat-waterproof-fabrics","12":"pa_available_colors-911052-spc","13":"desktop-align-left","14":"tablet-align-left","15":"mobile-align-left","16":"ast-product-gallery-layout-vertical-slider","17":"ast-product-tabs-layout-horizontal","19":"first","20":"instock","21":"shipping-taxable","22":"product-type-simple"},"uagb_featured_image_src":{"full":["https:\/\/www.sikortex.com\/wp-content\/uploads\/2024\/11\/Horse-Blanket-Fabric-Ripstop.jpg",600,600,false],"thumbnail":["https:\/\/www.sikortex.com\/wp-content\/uploads\/2024\/11\/Horse-Blanket-Fabric-Ripstop-150x150.jpg",150,150,true],"medium":["https:\/\/www.sikortex.com\/wp-content\/uploads\/2024\/11\/Horse-Blanket-Fabric-Ripstop-300x300.jpg",300,300,true],"medium_large":["https:\/\/www.sikortex.com\/wp-content\/uploads\/2024\/11\/Horse-Blanket-Fabric-Ripstop.jpg",600,600,false],"large":["https:\/\/www.sikortex.com\/wp-content\/uploads\/2024\/11\/Horse-Blanket-Fabric-Ripstop.jpg",600,600,false],"1536x1536":["https:\/\/www.sikortex.com\/wp-content\/uploads\/2024\/11\/Horse-Blanket-Fabric-Ripstop.jpg",600,600,false],"2048x2048":["https:\/\/www.sikortex.com\/wp-content\/uploads\/2024\/11\/Horse-Blanket-Fabric-Ripstop.jpg",600,600,false],"trp-custom-language-flag":["https:\/\/www.sikortex.com\/wp-content\/uploads\/2024\/11\/Horse-Blanket-Fabric-Ripstop-12x12.jpg",12,12,true],"woocommerce_thumbnail":["https:\/\/www.sikortex.com\/wp-content\/uploads\/2024\/11\/Horse-Blanket-Fabric-Ripstop-300x300.jpg",300,300,true],"woocommerce_single":["https:\/\/www.sikortex.com\/wp-content\/uploads\/2024\/11\/Horse-Blanket-Fabric-Ripstop.jpg",600,600,false],"woocommerce_gallery_thumbnail":["https:\/\/www.sikortex.com\/wp-content\/uploads\/2024\/11\/Horse-Blanket-Fabric-Ripstop-100x100.jpg",100,100,true]},"uagb_author_info":{"display_name":"Sandy","author_link":"https:\/\/www.sikortex.com\/pl\/author\/"},"uagb_comment_info":0,"uagb_excerpt":"1200 Meters(Min.Order)","_links":{"self":[{"href":"https:\/\/www.sikortex.com\/pl\/wp-json\/wp\/v2\/product\/7165","targetHints":{"allow":["GET"]}}],"collection":[{"href":"https:\/\/www.sikortex.com\/pl\/wp-json\/wp\/v2\/product"}],"about":[{"href":"https:\/\/www.sikortex.com\/pl\/wp-json\/wp\/v2\/types\/product"}],"replies":[{"embeddable":true,"href":"https:\/\/www.sikortex.com\/pl\/wp-json\/wp\/v2\/comments?post=7165"}],"wp:featuredmedia":[{"embeddable":true,"href":"https:\/\/www.sikortex.com\/pl\/wp-json\/wp\/v2\/media\/7229"}],"wp:attachment":[{"href":"https:\/\/www.sikortex.com\/pl\/wp-json\/wp\/v2\/media?parent=7165"}],"wp:term":[{"taxonomy":"product_brand","embeddable":true,"href":"https:\/\/www.sikortex.com\/pl\/wp-json\/wp\/v2\/product_brand?post=7165"},{"taxonomy":"product_cat","embeddable":true,"href":"https:\/\/www.sikortex.com\/pl\/wp-json\/wp\/v2\/product_cat?post=7165"},{"taxonomy":"product_tag","embeddable":true,"href":"https:\/\/www.sikortex.com\/pl\/wp-json\/wp\/v2\/product_tag?post=7165"}],"curies":[{"name":"wp","href":"https:\/\/api.w.org\/{rel}","templated":true}]}}