{"id":7090,"date":"2024-09-11T13:23:56","date_gmt":"2024-09-11T05:23:56","guid":{"rendered":"https:\/\/www.sikortex.com\/?post_type=product&#038;p=7090"},"modified":"2025-08-18T14:04:17","modified_gmt":"2025-08-18T06:04:17","slug":"sk8344-poliester-bawelna-stretch-tkanina-5","status":"publish","type":"product","link":"https:\/\/www.sikortex.com\/pl\/produkt\/sk8344-poliester-bawelna-stretch-tkanina-5\/","title":{"rendered":"Tkanina akrylowa barwiona w roztworze na os\u0142ony przeciws\u0142oneczne"},"content":{"rendered":"<h4><span style=\"color: #3366ff;\">\u00a0<a style=\"color: #3366ff;\" href=\"https:\/\/www.sikortex.com\/pl\/tkaniny-chroniace-przed-promieniowaniem-podczerwonym-3\/\">Producent tkanin akrylowych barwionych w roztworze<\/a><\/span><\/h4>\n<p>Tkanina akrylowa barwiona w paski metod\u0105 prz\u0119dzy barwionej w roztworze to g\u0142\u00f3wny rodzaj tkaniny produkowanej i sprzedawanej przez <a href=\"https:\/\/www.sikortex.com\/pl\/profil-firmy\/\"><span style=\"color: #3366ff;\">SIKOR-TEX<\/span><\/a>.<\/p>\n<p>Zalety:<\/p>\n<p>Trwa\u0142o\u015b\u0107 kolor\u00f3w naszych <a href=\"https:\/\/www.sikortex.com\/pl\/tkaniny-chroniace-przed-promieniowaniem-podczerwonym-3\/\"><span style=\"color: #3366ff;\">tkanina akrylowa barwiona w roztworze<\/span><\/a> jest naprawd\u0119 wyj\u0105tkowa. Ta tkanina jest w stanie wytrzyma\u0107 ponad 1500 godzin test\u00f3w UV bez blakni\u0119cia, co zapewnia, \u017ce jej \u017cywe kolory mog\u0105 przetrwa\u0107 ponad 5 lat. Ta trwa\u0142o\u015b\u0107 koloru jest znacz\u0105c\u0105 zalet\u0105, szczeg\u00f3lnie w przypadku przedmiot\u00f3w, kt\u00f3re s\u0105 cz\u0119sto nara\u017cone na dzia\u0142anie promieni s\u0142onecznych lub silnego \u015bwiat\u0142a. Niezale\u017cnie od tego, czy jest u\u017cywana do mebli ogrodowych, czy element\u00f3w dekoracyjnych, mo\u017cesz by\u0107 pewien, \u017ce ta tkanina zachowa swoje pi\u0119kno.<\/p>\n<p>Elastyczno\u015b\u0107 zam\u00f3wie\u0144 to kolejna kluczowa zaleta. Nasza bardzo hojna minimalna ilo\u015b\u0107 zam\u00f3wienia pozwala klientom na ma\u0142\u0105 i du\u017c\u0105 skal\u0119 na korzystanie z naszych wysokiej jako\u015bci tkanin. Standardowa szeroko\u015b\u0107 120 cm jest bardzo wygodna, a niestandardowe szeroko\u015bci i kolory mo\u017cna dostosowa\u0107 do konkretnych wymaga\u0144, daj\u0105c naszym klientom swobod\u0119 tworzenia unikalnych i spersonalizowanych produkt\u00f3w.<\/p>\n<p>Pow\u0142oka teflonowa na tkaninie zapewnia doskona\u0142\u0105 ochron\u0119. Jest odporna na olej, plamy i wod\u0119. Oznacza to, \u017ce przypadkowe rozlanie lub kontakt z r\u00f3\u017cnymi substancjami mo\u017cna \u0142atwo opanowa\u0107. Plamy mo\u017cna usun\u0105\u0107 za pomoc\u0105 prostego przetarcia, co sprawia, \u017ce konserwacja jest dziecinnie prosta. Ta cecha jest szczeg\u00f3lnie przydatna w \u015brodowiskach, w kt\u00f3rych tkanina mo\u017ce styka\u0107 si\u0119 z brudnymi lub mokrymi \u015brodowiskami.<\/p>\n<p>Zastosowania:<\/p>\n<p>Zastosowania barwionej w roztworze tkaniny akrylowej s\u0105 liczne i r\u00f3\u017cnorodne. W przestrzeniach zewn\u0119trznych idealnie nadaj\u0105 si\u0119 do produkcji poduszek na patio, <a href=\"https:\/\/www.sikortex.com\/pl\/producent-tkanin-markizowych\/\"><span style=\"color: #3366ff;\">parasole<\/span><\/a>i zas\u0142ony zewn\u0119trzne. W\u0142a\u015bciwo\u015bci UV i odporno\u015bci na warunki atmosferyczne tej tkaniny zapewniaj\u0105, \u017ce Twoje meble ogrodowe i dekoracje pozostan\u0105 pi\u0119kne w ka\u017cdych warunkach. W \u015bwiecie \u017ceglarskim mog\u0105 by\u0107 u\u017cywane jako pokrowce na \u0142odzie i \u017cagle, poniewa\u017c wytrzymuj\u0105 trudne warunki na morzu. W przypadku wn\u0119trz domowych idealnie nadaj\u0105 si\u0119 do robienia zas\u0142on, dywan\u00f3w i tapicerki. Trwa\u0142o\u015b\u0107 i \u0142atwo\u015b\u0107 czyszczenia tej tkaniny sprawiaj\u0105, \u017ce jest to praktyczny wyb\u00f3r do domu. W sektorze komercyjnym mog\u0105 by\u0107 u\u017cywane na obrusy i pokrowce na krzes\u0142a w hotelach, restauracjach i kawiarniach.<\/p>\n<p>Podsumowuj\u0105c, tkaniny akrylowe barwione w roztworze oferuj\u0105 unikaln\u0105 kombinacj\u0119 korzy\u015bci. Ich trwa\u0142o\u015b\u0107 kolor\u00f3w, elastyczno\u015b\u0107 zam\u00f3wienia i w\u0142a\u015bciwo\u015bci ochronne sprawiaj\u0105, \u017ce s\u0105 doskona\u0142ym wyborem do r\u00f3\u017cnych zastosowa\u0144. Pomimo drobnych problem\u00f3w z oddychalno\u015bci\u0105 w niekt\u00f3rych przypadkach, ich og\u00f3lna jako\u015b\u0107 i wydajno\u015b\u0107 s\u0105 naprawd\u0119 wyj\u0105tkowe. <a href=\"https:\/\/www.sikortex.com\/pl\/skontaktuj-sie-z-nami\/\"><span style=\"color: #3366ff;\">Skontaktuj si\u0119 z nami<\/span><\/a> dzi\u015b, aby dowiedzie\u0107 si\u0119, w jaki spos\u00f3b te tkaniny mog\u0105 udoskonali\u0107 Tw\u00f3j projekt.<\/p>\n<p>&nbsp;<\/p>\n<h4 style=\"text-align: center;\">Tkaniny akrylowe barwione w roztworze SIKOR-TEX TDS<\/h4>\n<table style=\"height: 679px;\" width=\"843\">\n<tbody>\n<tr>\n<td style=\"text-align: center;\" width=\"271\"><strong>Elementy testowe<\/strong><\/td>\n<td style=\"text-align: center;\" width=\"229\"><strong>Metoda testowa<\/strong><\/td>\n<td style=\"text-align: center;\" width=\"218\"><strong>Wym\u00f3g<\/strong><\/td>\n<\/tr>\n<tr>\n<td style=\"text-align: center;\">Szeroko\u015b\u0107 rolki<\/td>\n<td style=\"text-align: center;\"><\/td>\n<td style=\"text-align: center;\" width=\"218\">54\u2033-61\u2033\/137-155 cm (\u00b12 cm)<\/td>\n<\/tr>\n<tr>\n<td style=\"text-align: center;\" width=\"271\">D\u0142ugo\u015b\u0107 rolki (\u015brednia)<\/td>\n<td style=\"text-align: center;\"><\/td>\n<td style=\"text-align: center;\" width=\"218\">50m<\/td>\n<\/tr>\n<tr>\n<td style=\"text-align: center;\" width=\"271\">Kompozycja<\/td>\n<td style=\"text-align: center;\"><\/td>\n<td style=\"text-align: center;\" width=\"218\">100%Solution Barwiony akryl<\/td>\n<\/tr>\n<tr>\n<td style=\"text-align: center;\">Waga<\/td>\n<td style=\"text-align: center;\"><\/td>\n<td style=\"text-align: center;\" width=\"218\">220-400g\/m\u00b2<\/td>\n<\/tr>\n<tr>\n<td style=\"text-align: center;\" width=\"271\">Odporno\u015b\u0107 kolor\u00f3w na tarcie<\/td>\n<td style=\"text-align: center;\">ISO 105-X12:2016<\/td>\n<td style=\"text-align: center;\" width=\"218\">Barwienie na sucho 4-5<br \/>\nBarwienie na mokro 4-5<\/td>\n<\/tr>\n<tr>\n<td style=\"text-align: center;\" width=\"271\">Odporno\u015b\u0107 kolor\u00f3w na \u015bwiat\u0142o<\/td>\n<td style=\"text-align: center;\" width=\"229\">ISO 105-B02:2014<\/td>\n<td style=\"text-align: center;\">8<\/td>\n<\/tr>\n<tr>\n<td style=\"text-align: center;\" width=\"271\">Odporno\u015b\u0107 kolor\u00f3w na warunki atmosferyczne<\/td>\n<td style=\"text-align: center;\">ISO 105-B04:1994<\/td>\n<td style=\"text-align: center;\">7<\/td>\n<\/tr>\n<tr>\n<td style=\"text-align: center;\" width=\"271\">Odporno\u015b\u0107 koloru na \u015bwiat\u0142o<br \/>\n(Po 1500 godzinach zmiany w Shad)<\/td>\n<td style=\"text-align: center;\" width=\"229\">AATCCTM 16.3-2014;<br \/>\nOpcja 3; Lampa \u0142ukowa ksenonowa<\/td>\n<td style=\"text-align: center;\" width=\"218\">4<\/td>\n<\/tr>\n<tr>\n<td style=\"text-align: center;\" width=\"271\">Wodoodporne<br \/>\n20\u00b12\u2103<\/td>\n<td style=\"text-align: center;\">1SO 4920:2012(E)Test natryskowy<\/td>\n<td style=\"text-align: center;\" width=\"218\">4-5<\/td>\n<\/tr>\n<tr>\n<td style=\"text-align: center;\" width=\"271\">\u015arodek odpychaj\u0105cy alkohol\/wod\u0119<br \/>\n0,6 cm 10s 45\u00b0<\/td>\n<td style=\"text-align: center;\">AATCC193<\/td>\n<td style=\"text-align: center;\">4<\/td>\n<\/tr>\n<tr>\n<td style=\"text-align: center;\" width=\"271\">\u015arodek odpychaj\u0105cy olej<br \/>\n0,6 cm 30 s 45\u00b0 27,3 mN\/m<\/td>\n<td style=\"text-align: center;\">AATCC118<\/td>\n<td style=\"text-align: center;\">3<\/td>\n<\/tr>\n<tr>\n<td style=\"text-align: center;\">Oceniony wsp\u00f3\u0142czynnik UPF<\/td>\n<td style=\"text-align: center;\">AATCC 183-2014<\/td>\n<td style=\"text-align: center;\" width=\"218\">50+<\/td>\n<\/tr>\n<\/tbody>\n<\/table>\n<p>&nbsp;<\/p>\n<p>&nbsp;<\/p>\n<p>&nbsp;<\/p>","protected":false},"excerpt":{"rendered":"<p><span style=\"vertical-align: inherit;\"><span style=\"vertical-align: inherit;\">1000 m (minimalne zam\u00f3wienie)<\/span><\/span><\/p>","protected":false},"featured_media":7071,"comment_status":"closed","ping_status":"closed","template":"","meta":{"_uag_custom_page_level_css":"","site-sidebar-layout":"default","site-content-layout":"default","ast-site-content-layout":"","site-content-style":"default","site-sidebar-style":"default","ast-global-header-display":"","ast-banner-title-visibility":"","ast-main-header-display":"","ast-hfb-above-header-display":"","ast-hfb-below-header-display":"","ast-hfb-mobile-header-display":"","site-post-title":"","ast-breadcrumbs-content":"","ast-featured-img":"","footer-sml-layout":"","theme-transparent-header-meta":"default","adv-header-id-meta":"","stick-header-meta":"default","header-above-stick-meta":"","header-main-stick-meta":"","header-below-stick-meta":"","astra-migrate-meta-layouts":"default","ast-page-background-enabled":"default","ast-page-background-meta":{"desktop":{"background-color":"","background-image":"","background-repeat":"repeat","background-position":"center center","background-size":"auto","background-attachment":"scroll","background-type":"","background-media":"","overlay-type":"","overlay-color":"","overlay-opacity":"","overlay-gradient":""},"tablet":{"background-color":"","background-image":"","background-repeat":"repeat","background-position":"center center","background-size":"auto","background-attachment":"scroll","background-type":"","background-media":"","overlay-type":"","overlay-color":"","overlay-opacity":"","overlay-gradient":""},"mobile":{"background-color":"","background-image":"","background-repeat":"repeat","background-position":"center center","background-size":"auto","background-attachment":"scroll","background-type":"","background-media":"","overlay-type":"","overlay-color":"","overlay-opacity":"","overlay-gradient":""}},"ast-content-background-meta":{"desktop":{"background-color":"var(--ast-global-color-5)","background-image":"","background-repeat":"repeat","background-position":"center center","background-size":"auto","background-attachment":"scroll","background-type":"","background-media":"","overlay-type":"","overlay-color":"","overlay-opacity":"","overlay-gradient":""},"tablet":{"background-color":"var(--ast-global-color-5)","background-image":"","background-repeat":"repeat","background-position":"center center","background-size":"auto","background-attachment":"scroll","background-type":"","background-media":"","overlay-type":"","overlay-color":"","overlay-opacity":"","overlay-gradient":""},"mobile":{"background-color":"var(--ast-global-color-5)","background-image":"","background-repeat":"repeat","background-position":"center center","background-size":"auto","background-attachment":"scroll","background-type":"","background-media":"","overlay-type":"","overlay-color":"","overlay-opacity":"","overlay-gradient":""}}},"product_brand":[],"product_cat":[1169,1126,433,1697,414],"product_tag":[],"class_list":{"0":"post-7090","1":"product","2":"type-product","3":"status-publish","4":"has-post-thumbnail","6":"product_cat-solution-dyed-acrylic-fabric","7":"product_cat-fabric-for-awning","8":"product_cat-textile-for-industrial","9":"product_cat-uv-protection-fabric","10":"product_cat-waterproof-fabrics","11":"pa_available_colors-1526-03","12":"pa_available_colors-1526-07","13":"pa_available_colors-1526-39","14":"pa_available_colors-1526-42","15":"pa_available_colors-1526-43","16":"pa_available_colors-1526-48","17":"pa_available_colors-1526-49","18":"pa_available_colors-1526-50","19":"pa_available_colors-1526-51","20":"pa_available_colors-1526-52","21":"desktop-align-left","22":"tablet-align-left","23":"mobile-align-left","24":"ast-product-gallery-layout-vertical-slider","25":"ast-product-tabs-layout-horizontal","27":"first","28":"instock","29":"shipping-taxable","30":"product-type-simple"},"uagb_featured_image_src":{"full":["https:\/\/www.sikortex.com\/wp-content\/uploads\/2024\/09\/O1CN01EkCWtT1HxtfJZfnti_959560825-0-cib.jpg",800,800,false],"thumbnail":["https:\/\/www.sikortex.com\/wp-content\/uploads\/2024\/09\/O1CN01EkCWtT1HxtfJZfnti_959560825-0-cib-150x150.jpg",150,150,true],"medium":["https:\/\/www.sikortex.com\/wp-content\/uploads\/2024\/09\/O1CN01EkCWtT1HxtfJZfnti_959560825-0-cib-300x300.jpg",300,300,true],"medium_large":["https:\/\/www.sikortex.com\/wp-content\/uploads\/2024\/09\/O1CN01EkCWtT1HxtfJZfnti_959560825-0-cib-768x768.jpg",768,768,true],"large":["https:\/\/www.sikortex.com\/wp-content\/uploads\/2024\/09\/O1CN01EkCWtT1HxtfJZfnti_959560825-0-cib.jpg",800,800,false],"1536x1536":["https:\/\/www.sikortex.com\/wp-content\/uploads\/2024\/09\/O1CN01EkCWtT1HxtfJZfnti_959560825-0-cib.jpg",800,800,false],"2048x2048":["https:\/\/www.sikortex.com\/wp-content\/uploads\/2024\/09\/O1CN01EkCWtT1HxtfJZfnti_959560825-0-cib.jpg",800,800,false],"trp-custom-language-flag":["https:\/\/www.sikortex.com\/wp-content\/uploads\/2024\/09\/O1CN01EkCWtT1HxtfJZfnti_959560825-0-cib-12x12.jpg",12,12,true],"woocommerce_thumbnail":["https:\/\/www.sikortex.com\/wp-content\/uploads\/2024\/09\/O1CN01EkCWtT1HxtfJZfnti_959560825-0-cib-300x300.jpg",300,300,true],"woocommerce_single":["https:\/\/www.sikortex.com\/wp-content\/uploads\/2024\/09\/O1CN01EkCWtT1HxtfJZfnti_959560825-0-cib-600x600.jpg",600,600,true],"woocommerce_gallery_thumbnail":["https:\/\/www.sikortex.com\/wp-content\/uploads\/2024\/09\/O1CN01EkCWtT1HxtfJZfnti_959560825-0-cib-100x100.jpg",100,100,true]},"uagb_author_info":{"display_name":"Perry","author_link":"https:\/\/www.sikortex.com\/pl\/author\/"},"uagb_comment_info":0,"uagb_excerpt":"1000 m\uff08MOQ\uff09","_links":{"self":[{"href":"https:\/\/www.sikortex.com\/pl\/wp-json\/wp\/v2\/product\/7090","targetHints":{"allow":["GET"]}}],"collection":[{"href":"https:\/\/www.sikortex.com\/pl\/wp-json\/wp\/v2\/product"}],"about":[{"href":"https:\/\/www.sikortex.com\/pl\/wp-json\/wp\/v2\/types\/product"}],"replies":[{"embeddable":true,"href":"https:\/\/www.sikortex.com\/pl\/wp-json\/wp\/v2\/comments?post=7090"}],"wp:featuredmedia":[{"embeddable":true,"href":"https:\/\/www.sikortex.com\/pl\/wp-json\/wp\/v2\/media\/7071"}],"wp:attachment":[{"href":"https:\/\/www.sikortex.com\/pl\/wp-json\/wp\/v2\/media?parent=7090"}],"wp:term":[{"taxonomy":"product_brand","embeddable":true,"href":"https:\/\/www.sikortex.com\/pl\/wp-json\/wp\/v2\/product_brand?post=7090"},{"taxonomy":"product_cat","embeddable":true,"href":"https:\/\/www.sikortex.com\/pl\/wp-json\/wp\/v2\/product_cat?post=7090"},{"taxonomy":"product_tag","embeddable":true,"href":"https:\/\/www.sikortex.com\/pl\/wp-json\/wp\/v2\/product_tag?post=7090"}],"curies":[{"name":"wp","href":"https:\/\/api.w.org\/{rel}","templated":true}]}}